{"id":9328,"date":"2025-11-11T10:47:11","date_gmt":"2025-11-11T10:47:11","guid":{"rendered":"https:\/\/www.leadingflagind.com\/product\/fg-power-24-air-conditioner\/"},"modified":"2025-11-12T11:50:30","modified_gmt":"2025-11-12T11:50:30","slug":"climatiseur-fg-power-24","status":"publish","type":"product","link":"https:\/\/www.leadingflagind.com\/fr\/product\/climatiseur-fg-power-24\/","title":{"rendered":"Climatiseur FG Power 24"},"content":{"rendered":"","protected":false},"excerpt":{"rendered":"<ul>\n<li>\u00c9CRAN DISSIMUL\u00c9<\/li>\n<li>AILERON DOR\u00c9<\/li>\n<li>BASSE TENSION 178-265 V<\/li>\n<li>Dimensions de l&#8217;emballage (L x P x H) (mm) :<\/li>\n<li>920 x 353 x 268 (int\u00e9rieur)<\/li>\n<li>897 x 375 x 605 (ext\u00e9rieur)<\/li>\n<li>Poitrine brute\/nette (kg)<\/li>\n<li>10,5\/9 (int\u00e9rieur)<\/li>\n<li>32\/31 (ext\u00e9rieur)<\/li>\n<li>Quantit\u00e9 : 240 unit\u00e9s<\/li>\n<\/ul>\n","protected":false},"featured_media":8278,"template":"","meta":[],"product_brand":[],"product_cat":[177,173],"product_tag":[],"class_list":{"0":"post-9328","1":"product","2":"type-product","3":"status-publish","4":"has-post-thumbnail","6":"product_cat-climatiseur-normal-2-pieces","7":"product_cat-climatiseurs","9":"first","10":"instock","11":"shipping-taxable","12":"product-type-simple"},"yoast_head":"<!-- This site is optimized with the Yoast SEO plugin v26.6 - https:\/\/yoast.com\/wordpress\/plugins\/seo\/ -->\n<title>Climatiseur FG Power 24 - LEADING FLAG<\/title>\n<meta name=\"description\" content=\"\u00c9CRAN DISSIMUL\u00c9  AILERON DOR\u00c9  BASSE TENSION 178-265 V  Dimensions de l&#039;emballage (L x P x H) (mm) :  920 x 353 x 268 (int\u00e9rieur)  897 x 375 x 605 (ext\u00e9rieur)  Poitrine brute\/nette (kg)  10,5\/9 (int\u00e9rieur)  32\/31 (ext\u00e9rieur)  Quantit\u00e9 : 240 unit\u00e9s\" \/>\n<meta name=\"robots\" content=\"index, follow, max-snippet:-1, max-image-preview:large, max-video-preview:-1\" \/>\n<link rel=\"canonical\" href=\"https:\/\/www.leadingflagind.com\/fr\/product\/climatiseur-fg-power-24\/\" \/>\n<meta property=\"og:locale\" content=\"fr_FR\" \/>\n<meta property=\"og:type\" content=\"article\" \/>\n<meta property=\"og:title\" content=\"Climatiseur FG Power 24 - LEADING FLAG\" \/>\n<meta property=\"og:description\" content=\"\u00c9CRAN DISSIMUL\u00c9  AILERON DOR\u00c9  BASSE TENSION 178-265 V  Dimensions de l&#039;emballage (L x P x H) (mm) :  920 x 353 x 268 (int\u00e9rieur)  897 x 375 x 605 (ext\u00e9rieur)  Poitrine brute\/nette (kg)  10,5\/9 (int\u00e9rieur)  32\/31 (ext\u00e9rieur)  Quantit\u00e9 : 240 unit\u00e9s\" \/>\n<meta property=\"og:url\" content=\"https:\/\/www.leadingflagind.com\/fr\/product\/climatiseur-fg-power-24\/\" \/>\n<meta property=\"og:site_name\" content=\"LEADING FLAG\" \/>\n<meta property=\"article:modified_time\" content=\"2025-11-12T11:50:30+00:00\" \/>\n<meta property=\"og:image\" content=\"https:\/\/www.leadingflagind.com\/wp-content\/uploads\/2025\/11\/162.jpg\" \/>\n\t<meta property=\"og:image:width\" content=\"800\" \/>\n\t<meta property=\"og:image:height\" content=\"800\" \/>\n\t<meta property=\"og:image:type\" content=\"image\/jpeg\" \/>\n<meta name=\"twitter:card\" content=\"summary_large_image\" \/>\n<script type=\"application\/ld+json\" class=\"yoast-schema-graph\">{\"@context\":\"https:\/\/schema.org\",\"@graph\":[{\"@type\":\"WebPage\",\"@id\":\"https:\/\/www.leadingflagind.com\/fr\/product\/climatiseur-fg-power-24\/\",\"url\":\"https:\/\/www.leadingflagind.com\/fr\/product\/climatiseur-fg-power-24\/\",\"name\":\"Climatiseur FG Power 24 - LEADING FLAG\",\"isPartOf\":{\"@id\":\"https:\/\/www.leadingflagind.com\/#website\"},\"primaryImageOfPage\":{\"@id\":\"https:\/\/www.leadingflagind.com\/fr\/product\/climatiseur-fg-power-24\/#primaryimage\"},\"image\":{\"@id\":\"https:\/\/www.leadingflagind.com\/fr\/product\/climatiseur-fg-power-24\/#primaryimage\"},\"thumbnailUrl\":\"https:\/\/www.leadingflagind.com\/wp-content\/uploads\/2025\/11\/162.jpg\",\"datePublished\":\"2025-11-11T10:47:11+00:00\",\"dateModified\":\"2025-11-12T11:50:30+00:00\",\"description\":\"\u00c9CRAN DISSIMUL\u00c9 AILERON DOR\u00c9 BASSE TENSION 178-265 V Dimensions de l'emballage (L x P x H) (mm) : 920 x 353 x 268 (int\u00e9rieur) 897 x 375 x 605 (ext\u00e9rieur) Poitrine brute\/nette (kg) 10,5\/9 (int\u00e9rieur) 32\/31 (ext\u00e9rieur) Quantit\u00e9 : 240 unit\u00e9s\",\"breadcrumb\":{\"@id\":\"https:\/\/www.leadingflagind.com\/fr\/product\/climatiseur-fg-power-24\/#breadcrumb\"},\"inLanguage\":\"fr-FR\",\"potentialAction\":[{\"@type\":\"ReadAction\",\"target\":[\"https:\/\/www.leadingflagind.com\/fr\/product\/climatiseur-fg-power-24\/\"]}]},{\"@type\":\"ImageObject\",\"inLanguage\":\"fr-FR\",\"@id\":\"https:\/\/www.leadingflagind.com\/fr\/product\/climatiseur-fg-power-24\/#primaryimage\",\"url\":\"https:\/\/www.leadingflagind.com\/wp-content\/uploads\/2025\/11\/162.jpg\",\"contentUrl\":\"https:\/\/www.leadingflagind.com\/wp-content\/uploads\/2025\/11\/162.jpg\",\"width\":800,\"height\":800},{\"@type\":\"BreadcrumbList\",\"@id\":\"https:\/\/www.leadingflagind.com\/fr\/product\/climatiseur-fg-power-24\/#breadcrumb\",\"itemListElement\":[{\"@type\":\"ListItem\",\"position\":1,\"name\":\"Home\",\"item\":\"https:\/\/www.leadingflagind.com\/fr\/\"},{\"@type\":\"ListItem\",\"position\":2,\"name\":\"Products\",\"item\":\"https:\/\/www.leadingflagind.com\/shop\/\"},{\"@type\":\"ListItem\",\"position\":3,\"name\":\"Climatiseur FG Power 24\"}]},{\"@type\":\"WebSite\",\"@id\":\"https:\/\/www.leadingflagind.com\/#website\",\"url\":\"https:\/\/www.leadingflagind.com\/\",\"name\":\"LEADING FLAG - Home Appliance Manufacturing\",\"description\":\"Home Appliance Manufacturing\",\"publisher\":{\"@id\":\"https:\/\/www.leadingflagind.com\/#organization\"},\"potentialAction\":[{\"@type\":\"SearchAction\",\"target\":{\"@type\":\"EntryPoint\",\"urlTemplate\":\"https:\/\/www.leadingflagind.com\/?s={search_term_string}\"},\"query-input\":{\"@type\":\"PropertyValueSpecification\",\"valueRequired\":true,\"valueName\":\"search_term_string\"}}],\"inLanguage\":\"fr-FR\"},{\"@type\":\"Organization\",\"@id\":\"https:\/\/www.leadingflagind.com\/#organization\",\"name\":\"LEADING FLAG INDUSTRIAL & TRADING LIMITED\",\"url\":\"https:\/\/www.leadingflagind.com\/\",\"logo\":{\"@type\":\"ImageObject\",\"inLanguage\":\"fr-FR\",\"@id\":\"https:\/\/www.leadingflagind.com\/#\/schema\/logo\/image\/\",\"url\":\"https:\/\/www.leadingflagind.com\/wp-content\/uploads\/2025\/11\/LOGO-leading-Flag.svg\",\"contentUrl\":\"https:\/\/www.leadingflagind.com\/wp-content\/uploads\/2025\/11\/LOGO-leading-Flag.svg\",\"width\":436,\"height\":76,\"caption\":\"LEADING FLAG INDUSTRIAL & TRADING LIMITED\"},\"image\":{\"@id\":\"https:\/\/www.leadingflagind.com\/#\/schema\/logo\/image\/\"}}]}<\/script>\n<!-- \/ Yoast SEO plugin. -->","yoast_head_json":{"title":"Climatiseur FG Power 24 - LEADING FLAG","description":"\u00c9CRAN DISSIMUL\u00c9  AILERON DOR\u00c9  BASSE TENSION 178-265 V  Dimensions de l'emballage (L x P x H) (mm) :  920 x 353 x 268 (int\u00e9rieur)  897 x 375 x 605 (ext\u00e9rieur)  Poitrine brute\/nette (kg)  10,5\/9 (int\u00e9rieur)  32\/31 (ext\u00e9rieur)  Quantit\u00e9 : 240 unit\u00e9s","robots":{"index":"index","follow":"follow","max-snippet":"max-snippet:-1","max-image-preview":"max-image-preview:large","max-video-preview":"max-video-preview:-1"},"canonical":"https:\/\/www.leadingflagind.com\/fr\/product\/climatiseur-fg-power-24\/","og_locale":"fr_FR","og_type":"article","og_title":"Climatiseur FG Power 24 - LEADING FLAG","og_description":"\u00c9CRAN DISSIMUL\u00c9  AILERON DOR\u00c9  BASSE TENSION 178-265 V  Dimensions de l'emballage (L x P x H) (mm) :  920 x 353 x 268 (int\u00e9rieur)  897 x 375 x 605 (ext\u00e9rieur)  Poitrine brute\/nette (kg)  10,5\/9 (int\u00e9rieur)  32\/31 (ext\u00e9rieur)  Quantit\u00e9 : 240 unit\u00e9s","og_url":"https:\/\/www.leadingflagind.com\/fr\/product\/climatiseur-fg-power-24\/","og_site_name":"LEADING FLAG","article_modified_time":"2025-11-12T11:50:30+00:00","og_image":[{"width":800,"height":800,"url":"https:\/\/www.leadingflagind.com\/wp-content\/uploads\/2025\/11\/162.jpg","type":"image\/jpeg"}],"twitter_card":"summary_large_image","schema":{"@context":"https:\/\/schema.org","@graph":[{"@type":"WebPage","@id":"https:\/\/www.leadingflagind.com\/fr\/product\/climatiseur-fg-power-24\/","url":"https:\/\/www.leadingflagind.com\/fr\/product\/climatiseur-fg-power-24\/","name":"Climatiseur FG Power 24 - LEADING FLAG","isPartOf":{"@id":"https:\/\/www.leadingflagind.com\/#website"},"primaryImageOfPage":{"@id":"https:\/\/www.leadingflagind.com\/fr\/product\/climatiseur-fg-power-24\/#primaryimage"},"image":{"@id":"https:\/\/www.leadingflagind.com\/fr\/product\/climatiseur-fg-power-24\/#primaryimage"},"thumbnailUrl":"https:\/\/www.leadingflagind.com\/wp-content\/uploads\/2025\/11\/162.jpg","datePublished":"2025-11-11T10:47:11+00:00","dateModified":"2025-11-12T11:50:30+00:00","description":"\u00c9CRAN DISSIMUL\u00c9 AILERON DOR\u00c9 BASSE TENSION 178-265 V Dimensions de l'emballage (L x P x H) (mm) : 920 x 353 x 268 (int\u00e9rieur) 897 x 375 x 605 (ext\u00e9rieur) Poitrine brute\/nette (kg) 10,5\/9 (int\u00e9rieur) 32\/31 (ext\u00e9rieur) Quantit\u00e9 : 240 unit\u00e9s","breadcrumb":{"@id":"https:\/\/www.leadingflagind.com\/fr\/product\/climatiseur-fg-power-24\/#breadcrumb"},"inLanguage":"fr-FR","potentialAction":[{"@type":"ReadAction","target":["https:\/\/www.leadingflagind.com\/fr\/product\/climatiseur-fg-power-24\/"]}]},{"@type":"ImageObject","inLanguage":"fr-FR","@id":"https:\/\/www.leadingflagind.com\/fr\/product\/climatiseur-fg-power-24\/#primaryimage","url":"https:\/\/www.leadingflagind.com\/wp-content\/uploads\/2025\/11\/162.jpg","contentUrl":"https:\/\/www.leadingflagind.com\/wp-content\/uploads\/2025\/11\/162.jpg","width":800,"height":800},{"@type":"BreadcrumbList","@id":"https:\/\/www.leadingflagind.com\/fr\/product\/climatiseur-fg-power-24\/#breadcrumb","itemListElement":[{"@type":"ListItem","position":1,"name":"Home","item":"https:\/\/www.leadingflagind.com\/fr\/"},{"@type":"ListItem","position":2,"name":"Products","item":"https:\/\/www.leadingflagind.com\/shop\/"},{"@type":"ListItem","position":3,"name":"Climatiseur FG Power 24"}]},{"@type":"WebSite","@id":"https:\/\/www.leadingflagind.com\/#website","url":"https:\/\/www.leadingflagind.com\/","name":"LEADING FLAG - Home Appliance Manufacturing","description":"Home Appliance Manufacturing","publisher":{"@id":"https:\/\/www.leadingflagind.com\/#organization"},"potentialAction":[{"@type":"SearchAction","target":{"@type":"EntryPoint","urlTemplate":"https:\/\/www.leadingflagind.com\/?s={search_term_string}"},"query-input":{"@type":"PropertyValueSpecification","valueRequired":true,"valueName":"search_term_string"}}],"inLanguage":"fr-FR"},{"@type":"Organization","@id":"https:\/\/www.leadingflagind.com\/#organization","name":"LEADING FLAG INDUSTRIAL & TRADING LIMITED","url":"https:\/\/www.leadingflagind.com\/","logo":{"@type":"ImageObject","inLanguage":"fr-FR","@id":"https:\/\/www.leadingflagind.com\/#\/schema\/logo\/image\/","url":"https:\/\/www.leadingflagind.com\/wp-content\/uploads\/2025\/11\/LOGO-leading-Flag.svg","contentUrl":"https:\/\/www.leadingflagind.com\/wp-content\/uploads\/2025\/11\/LOGO-leading-Flag.svg","width":436,"height":76,"caption":"LEADING FLAG INDUSTRIAL & TRADING LIMITED"},"image":{"@id":"https:\/\/www.leadingflagind.com\/#\/schema\/logo\/image\/"}}]}},"_links":{"self":[{"href":"https:\/\/www.leadingflagind.com\/fr\/wp-json\/wp\/v2\/product\/9328","targetHints":{"allow":["GET"]}}],"collection":[{"href":"https:\/\/www.leadingflagind.com\/fr\/wp-json\/wp\/v2\/product"}],"about":[{"href":"https:\/\/www.leadingflagind.com\/fr\/wp-json\/wp\/v2\/types\/product"}],"wp:featuredmedia":[{"embeddable":true,"href":"https:\/\/www.leadingflagind.com\/fr\/wp-json\/wp\/v2\/media\/8278"}],"wp:attachment":[{"href":"https:\/\/www.leadingflagind.com\/fr\/wp-json\/wp\/v2\/media?parent=9328"}],"wp:term":[{"taxonomy":"product_brand","embeddable":true,"href":"https:\/\/www.leadingflagind.com\/fr\/wp-json\/wp\/v2\/product_brand?post=9328"},{"taxonomy":"product_cat","embeddable":true,"href":"https:\/\/www.leadingflagind.com\/fr\/wp-json\/wp\/v2\/product_cat?post=9328"},{"taxonomy":"product_tag","embeddable":true,"href":"https:\/\/www.leadingflagind.com\/fr\/wp-json\/wp\/v2\/product_tag?post=9328"}],"curies":[{"name":"wp","href":"https:\/\/api.w.org\/{rel}","templated":true}]}}