{"id":9234,"date":"2025-11-11T10:46:40","date_gmt":"2025-11-11T10:46:40","guid":{"rendered":"https:\/\/www.leadingflagind.com\/product\/20k-fg-power-gray-top-loading-washing-machine\/"},"modified":"2025-11-12T11:23:47","modified_gmt":"2025-11-12T11:23:47","slug":"machine-a-laver-a-chargement-par-le-haut-20k-fg-power-grise","status":"publish","type":"product","link":"https:\/\/www.leadingflagind.com\/fr\/product\/machine-a-laver-a-chargement-par-le-haut-20k-fg-power-grise\/","title":{"rendered":"Machine \u00e0 laver \u00e0 chargement par le haut 20k FG Power grise"},"content":{"rendered":"","protected":false},"excerpt":{"rendered":"<ul>\n<li>Affichage LED<\/li>\n<li>Position de l&rsquo;arriv\u00e9e d&rsquo;eau arri\u00e8re<\/li>\n<li>Pieds r\u00e9glables<\/li>\n<li>Capteur \u00e9lectronique de niveau d&rsquo;eau<\/li>\n<li>Mode de commande par touches<\/li>\n<li>Dimensions du produit (L x H x P) (mm)\u00a0: 690 x 710 x 1053<\/li>\n<li>Poids brut\/Poids net (kg)\u00a0: 64\/57<\/li>\n<li>Capacit\u00e9 de chargement\u00a0: 96<\/li>\n<\/ul>\n","protected":false},"featured_media":8630,"template":"","meta":[],"product_brand":[],"product_cat":[200,198],"product_tag":[],"class_list":{"0":"post-9234","1":"product","2":"type-product","3":"status-publish","4":"has-post-thumbnail","6":"product_cat-lave-linge-a-chargement-par-le-haut","7":"product_cat-machines-a-laver","9":"first","10":"instock","11":"shipping-taxable","12":"product-type-simple"},"yoast_head":"<!-- This site is optimized with the Yoast SEO plugin v26.6 - https:\/\/yoast.com\/wordpress\/plugins\/seo\/ -->\n<title>Machine \u00e0 laver \u00e0 chargement par le haut 20k FG Power grise - LEADING FLAG<\/title>\n<meta name=\"description\" content=\"Affichage LED  Position de l&#039;arriv\u00e9e d&#039;eau arri\u00e8re  Pieds r\u00e9glables  Capteur \u00e9lectronique de niveau d&#039;eau  Mode de commande par touches  Dimensions du produit (L x H x P) (mm)\u00a0: 690 x 710 x 1053  Poids brut\/Poids net (kg)\u00a0: 64\/57  Capacit\u00e9 de chargement\u00a0: 96\" \/>\n<meta name=\"robots\" content=\"index, follow, max-snippet:-1, max-image-preview:large, max-video-preview:-1\" \/>\n<link rel=\"canonical\" href=\"https:\/\/www.leadingflagind.com\/fr\/product\/machine-a-laver-a-chargement-par-le-haut-20k-fg-power-grise\/\" \/>\n<meta property=\"og:locale\" content=\"fr_FR\" \/>\n<meta property=\"og:type\" content=\"article\" \/>\n<meta property=\"og:title\" content=\"Machine \u00e0 laver \u00e0 chargement par le haut 20k FG Power grise - LEADING FLAG\" \/>\n<meta property=\"og:description\" content=\"Affichage LED  Position de l&#039;arriv\u00e9e d&#039;eau arri\u00e8re  Pieds r\u00e9glables  Capteur \u00e9lectronique de niveau d&#039;eau  Mode de commande par touches  Dimensions du produit (L x H x P) (mm)\u00a0: 690 x 710 x 1053  Poids brut\/Poids net (kg)\u00a0: 64\/57  Capacit\u00e9 de chargement\u00a0: 96\" \/>\n<meta property=\"og:url\" content=\"https:\/\/www.leadingflagind.com\/fr\/product\/machine-a-laver-a-chargement-par-le-haut-20k-fg-power-grise\/\" \/>\n<meta property=\"og:site_name\" content=\"LEADING FLAG\" \/>\n<meta property=\"article:modified_time\" content=\"2025-11-12T11:23:47+00:00\" \/>\n<meta property=\"og:image\" content=\"https:\/\/www.leadingflagind.com\/wp-content\/uploads\/2025\/11\/20.jpg\" \/>\n\t<meta property=\"og:image:width\" content=\"800\" \/>\n\t<meta property=\"og:image:height\" content=\"800\" \/>\n\t<meta property=\"og:image:type\" content=\"image\/jpeg\" \/>\n<meta name=\"twitter:card\" content=\"summary_large_image\" \/>\n<script type=\"application\/ld+json\" class=\"yoast-schema-graph\">{\"@context\":\"https:\/\/schema.org\",\"@graph\":[{\"@type\":\"WebPage\",\"@id\":\"https:\/\/www.leadingflagind.com\/fr\/product\/machine-a-laver-a-chargement-par-le-haut-20k-fg-power-grise\/\",\"url\":\"https:\/\/www.leadingflagind.com\/fr\/product\/machine-a-laver-a-chargement-par-le-haut-20k-fg-power-grise\/\",\"name\":\"Machine \u00e0 laver \u00e0 chargement par le haut 20k FG Power grise - LEADING FLAG\",\"isPartOf\":{\"@id\":\"https:\/\/www.leadingflagind.com\/#website\"},\"primaryImageOfPage\":{\"@id\":\"https:\/\/www.leadingflagind.com\/fr\/product\/machine-a-laver-a-chargement-par-le-haut-20k-fg-power-grise\/#primaryimage\"},\"image\":{\"@id\":\"https:\/\/www.leadingflagind.com\/fr\/product\/machine-a-laver-a-chargement-par-le-haut-20k-fg-power-grise\/#primaryimage\"},\"thumbnailUrl\":\"https:\/\/www.leadingflagind.com\/wp-content\/uploads\/2025\/11\/20.jpg\",\"datePublished\":\"2025-11-11T10:46:40+00:00\",\"dateModified\":\"2025-11-12T11:23:47+00:00\",\"description\":\"Affichage LED Position de l'arriv\u00e9e d'eau arri\u00e8re Pieds r\u00e9glables Capteur \u00e9lectronique de niveau d'eau Mode de commande par touches Dimensions du produit (L x H x P) (mm)\u00a0: 690 x 710 x 1053 Poids brut\/Poids net (kg)\u00a0: 64\/57 Capacit\u00e9 de chargement\u00a0: 96\",\"breadcrumb\":{\"@id\":\"https:\/\/www.leadingflagind.com\/fr\/product\/machine-a-laver-a-chargement-par-le-haut-20k-fg-power-grise\/#breadcrumb\"},\"inLanguage\":\"fr-FR\",\"potentialAction\":[{\"@type\":\"ReadAction\",\"target\":[\"https:\/\/www.leadingflagind.com\/fr\/product\/machine-a-laver-a-chargement-par-le-haut-20k-fg-power-grise\/\"]}]},{\"@type\":\"ImageObject\",\"inLanguage\":\"fr-FR\",\"@id\":\"https:\/\/www.leadingflagind.com\/fr\/product\/machine-a-laver-a-chargement-par-le-haut-20k-fg-power-grise\/#primaryimage\",\"url\":\"https:\/\/www.leadingflagind.com\/wp-content\/uploads\/2025\/11\/20.jpg\",\"contentUrl\":\"https:\/\/www.leadingflagind.com\/wp-content\/uploads\/2025\/11\/20.jpg\",\"width\":800,\"height\":800},{\"@type\":\"BreadcrumbList\",\"@id\":\"https:\/\/www.leadingflagind.com\/fr\/product\/machine-a-laver-a-chargement-par-le-haut-20k-fg-power-grise\/#breadcrumb\",\"itemListElement\":[{\"@type\":\"ListItem\",\"position\":1,\"name\":\"Home\",\"item\":\"https:\/\/www.leadingflagind.com\/fr\/\"},{\"@type\":\"ListItem\",\"position\":2,\"name\":\"Products\",\"item\":\"https:\/\/www.leadingflagind.com\/shop\/\"},{\"@type\":\"ListItem\",\"position\":3,\"name\":\"Machine \u00e0 laver \u00e0 chargement par le haut 20k FG Power grise\"}]},{\"@type\":\"WebSite\",\"@id\":\"https:\/\/www.leadingflagind.com\/#website\",\"url\":\"https:\/\/www.leadingflagind.com\/\",\"name\":\"LEADING FLAG - Home Appliance Manufacturing\",\"description\":\"Home Appliance Manufacturing\",\"publisher\":{\"@id\":\"https:\/\/www.leadingflagind.com\/#organization\"},\"potentialAction\":[{\"@type\":\"SearchAction\",\"target\":{\"@type\":\"EntryPoint\",\"urlTemplate\":\"https:\/\/www.leadingflagind.com\/?s={search_term_string}\"},\"query-input\":{\"@type\":\"PropertyValueSpecification\",\"valueRequired\":true,\"valueName\":\"search_term_string\"}}],\"inLanguage\":\"fr-FR\"},{\"@type\":\"Organization\",\"@id\":\"https:\/\/www.leadingflagind.com\/#organization\",\"name\":\"LEADING FLAG INDUSTRIAL & TRADING LIMITED\",\"url\":\"https:\/\/www.leadingflagind.com\/\",\"logo\":{\"@type\":\"ImageObject\",\"inLanguage\":\"fr-FR\",\"@id\":\"https:\/\/www.leadingflagind.com\/#\/schema\/logo\/image\/\",\"url\":\"https:\/\/www.leadingflagind.com\/wp-content\/uploads\/2025\/11\/LOGO-leading-Flag.svg\",\"contentUrl\":\"https:\/\/www.leadingflagind.com\/wp-content\/uploads\/2025\/11\/LOGO-leading-Flag.svg\",\"width\":436,\"height\":76,\"caption\":\"LEADING FLAG INDUSTRIAL & TRADING LIMITED\"},\"image\":{\"@id\":\"https:\/\/www.leadingflagind.com\/#\/schema\/logo\/image\/\"}}]}<\/script>\n<!-- \/ Yoast SEO plugin. -->","yoast_head_json":{"title":"Machine \u00e0 laver \u00e0 chargement par le haut 20k FG Power grise - LEADING FLAG","description":"Affichage LED  Position de l'arriv\u00e9e d'eau arri\u00e8re  Pieds r\u00e9glables  Capteur \u00e9lectronique de niveau d'eau  Mode de commande par touches  Dimensions du produit (L x H x P) (mm)\u00a0: 690 x 710 x 1053  Poids brut\/Poids net (kg)\u00a0: 64\/57  Capacit\u00e9 de chargement\u00a0: 96","robots":{"index":"index","follow":"follow","max-snippet":"max-snippet:-1","max-image-preview":"max-image-preview:large","max-video-preview":"max-video-preview:-1"},"canonical":"https:\/\/www.leadingflagind.com\/fr\/product\/machine-a-laver-a-chargement-par-le-haut-20k-fg-power-grise\/","og_locale":"fr_FR","og_type":"article","og_title":"Machine \u00e0 laver \u00e0 chargement par le haut 20k FG Power grise - LEADING FLAG","og_description":"Affichage LED  Position de l'arriv\u00e9e d'eau arri\u00e8re  Pieds r\u00e9glables  Capteur \u00e9lectronique de niveau d'eau  Mode de commande par touches  Dimensions du produit (L x H x P) (mm)\u00a0: 690 x 710 x 1053  Poids brut\/Poids net (kg)\u00a0: 64\/57  Capacit\u00e9 de chargement\u00a0: 96","og_url":"https:\/\/www.leadingflagind.com\/fr\/product\/machine-a-laver-a-chargement-par-le-haut-20k-fg-power-grise\/","og_site_name":"LEADING FLAG","article_modified_time":"2025-11-12T11:23:47+00:00","og_image":[{"width":800,"height":800,"url":"https:\/\/www.leadingflagind.com\/wp-content\/uploads\/2025\/11\/20.jpg","type":"image\/jpeg"}],"twitter_card":"summary_large_image","schema":{"@context":"https:\/\/schema.org","@graph":[{"@type":"WebPage","@id":"https:\/\/www.leadingflagind.com\/fr\/product\/machine-a-laver-a-chargement-par-le-haut-20k-fg-power-grise\/","url":"https:\/\/www.leadingflagind.com\/fr\/product\/machine-a-laver-a-chargement-par-le-haut-20k-fg-power-grise\/","name":"Machine \u00e0 laver \u00e0 chargement par le haut 20k FG Power grise - LEADING FLAG","isPartOf":{"@id":"https:\/\/www.leadingflagind.com\/#website"},"primaryImageOfPage":{"@id":"https:\/\/www.leadingflagind.com\/fr\/product\/machine-a-laver-a-chargement-par-le-haut-20k-fg-power-grise\/#primaryimage"},"image":{"@id":"https:\/\/www.leadingflagind.com\/fr\/product\/machine-a-laver-a-chargement-par-le-haut-20k-fg-power-grise\/#primaryimage"},"thumbnailUrl":"https:\/\/www.leadingflagind.com\/wp-content\/uploads\/2025\/11\/20.jpg","datePublished":"2025-11-11T10:46:40+00:00","dateModified":"2025-11-12T11:23:47+00:00","description":"Affichage LED Position de l'arriv\u00e9e d'eau arri\u00e8re Pieds r\u00e9glables Capteur \u00e9lectronique de niveau d'eau Mode de commande par touches Dimensions du produit (L x H x P) (mm)\u00a0: 690 x 710 x 1053 Poids brut\/Poids net (kg)\u00a0: 64\/57 Capacit\u00e9 de chargement\u00a0: 96","breadcrumb":{"@id":"https:\/\/www.leadingflagind.com\/fr\/product\/machine-a-laver-a-chargement-par-le-haut-20k-fg-power-grise\/#breadcrumb"},"inLanguage":"fr-FR","potentialAction":[{"@type":"ReadAction","target":["https:\/\/www.leadingflagind.com\/fr\/product\/machine-a-laver-a-chargement-par-le-haut-20k-fg-power-grise\/"]}]},{"@type":"ImageObject","inLanguage":"fr-FR","@id":"https:\/\/www.leadingflagind.com\/fr\/product\/machine-a-laver-a-chargement-par-le-haut-20k-fg-power-grise\/#primaryimage","url":"https:\/\/www.leadingflagind.com\/wp-content\/uploads\/2025\/11\/20.jpg","contentUrl":"https:\/\/www.leadingflagind.com\/wp-content\/uploads\/2025\/11\/20.jpg","width":800,"height":800},{"@type":"BreadcrumbList","@id":"https:\/\/www.leadingflagind.com\/fr\/product\/machine-a-laver-a-chargement-par-le-haut-20k-fg-power-grise\/#breadcrumb","itemListElement":[{"@type":"ListItem","position":1,"name":"Home","item":"https:\/\/www.leadingflagind.com\/fr\/"},{"@type":"ListItem","position":2,"name":"Products","item":"https:\/\/www.leadingflagind.com\/shop\/"},{"@type":"ListItem","position":3,"name":"Machine \u00e0 laver \u00e0 chargement par le haut 20k FG Power grise"}]},{"@type":"WebSite","@id":"https:\/\/www.leadingflagind.com\/#website","url":"https:\/\/www.leadingflagind.com\/","name":"LEADING FLAG - Home Appliance Manufacturing","description":"Home Appliance Manufacturing","publisher":{"@id":"https:\/\/www.leadingflagind.com\/#organization"},"potentialAction":[{"@type":"SearchAction","target":{"@type":"EntryPoint","urlTemplate":"https:\/\/www.leadingflagind.com\/?s={search_term_string}"},"query-input":{"@type":"PropertyValueSpecification","valueRequired":true,"valueName":"search_term_string"}}],"inLanguage":"fr-FR"},{"@type":"Organization","@id":"https:\/\/www.leadingflagind.com\/#organization","name":"LEADING FLAG INDUSTRIAL & TRADING LIMITED","url":"https:\/\/www.leadingflagind.com\/","logo":{"@type":"ImageObject","inLanguage":"fr-FR","@id":"https:\/\/www.leadingflagind.com\/#\/schema\/logo\/image\/","url":"https:\/\/www.leadingflagind.com\/wp-content\/uploads\/2025\/11\/LOGO-leading-Flag.svg","contentUrl":"https:\/\/www.leadingflagind.com\/wp-content\/uploads\/2025\/11\/LOGO-leading-Flag.svg","width":436,"height":76,"caption":"LEADING FLAG INDUSTRIAL & TRADING LIMITED"},"image":{"@id":"https:\/\/www.leadingflagind.com\/#\/schema\/logo\/image\/"}}]}},"_links":{"self":[{"href":"https:\/\/www.leadingflagind.com\/fr\/wp-json\/wp\/v2\/product\/9234","targetHints":{"allow":["GET"]}}],"collection":[{"href":"https:\/\/www.leadingflagind.com\/fr\/wp-json\/wp\/v2\/product"}],"about":[{"href":"https:\/\/www.leadingflagind.com\/fr\/wp-json\/wp\/v2\/types\/product"}],"wp:featuredmedia":[{"embeddable":true,"href":"https:\/\/www.leadingflagind.com\/fr\/wp-json\/wp\/v2\/media\/8630"}],"wp:attachment":[{"href":"https:\/\/www.leadingflagind.com\/fr\/wp-json\/wp\/v2\/media?parent=9234"}],"wp:term":[{"taxonomy":"product_brand","embeddable":true,"href":"https:\/\/www.leadingflagind.com\/fr\/wp-json\/wp\/v2\/product_brand?post=9234"},{"taxonomy":"product_cat","embeddable":true,"href":"https:\/\/www.leadingflagind.com\/fr\/wp-json\/wp\/v2\/product_cat?post=9234"},{"taxonomy":"product_tag","embeddable":true,"href":"https:\/\/www.leadingflagind.com\/fr\/wp-json\/wp\/v2\/product_tag?post=9234"}],"curies":[{"name":"wp","href":"https:\/\/api.w.org\/{rel}","templated":true}]}}