{"id":9216,"date":"2025-11-11T10:46:44","date_gmt":"2025-11-11T10:46:44","guid":{"rendered":"https:\/\/www.leadingflagind.com\/product\/washing-machine-10-5-kg-black-steel-6kg-dryer\/"},"modified":"2025-11-12T11:16:44","modified_gmt":"2025-11-12T11:16:44","slug":"lave-linge-105-kg-en-acier-noir-seche-linge-6-kg","status":"publish","type":"product","link":"https:\/\/www.leadingflagind.com\/fr\/product\/lave-linge-105-kg-en-acier-noir-seche-linge-6-kg\/","title":{"rendered":"Lave-linge 10,5 kg en acier noir, s\u00e8che-linge 6 kg"},"content":{"rendered":"","protected":false},"excerpt":{"rendered":"<ul>\n<li>Panneau de commande tactile IMD<\/li>\n<li>Moteur et syst\u00e8me de contr\u00f4le Inverter<\/li>\n<li>Tambour de 53 cm de diam\u00e8tre et grande porte chrom\u00e9e de 52 cm<\/li>\n<li>Programme de lavage en une touche<\/li>\n<li>Lave-linge s\u00e9chant combin\u00e9<\/li>\n<li>\u00c9clairage du tambour<\/li>\n<li>Lavage vapeur<\/li>\n<li>Vitesse maximale\u00a0: 1\u00a0400 tr\/min<\/li>\n<li>Poids net\u00a0: 65 kg<\/li>\n<li>Dimensions nettes (L x P x H)\u00a0: 600 x 577 x 847 mm<\/li>\n<li>Capacit\u00e9 de chargement\u00a0: 168<\/li>\n<li>Certification\u00a0: CE\/CB<\/li>\n<\/ul>\n","protected":false},"featured_media":8632,"template":"","meta":[],"product_brand":[],"product_cat":[201,198],"product_tag":[],"class_list":{"0":"post-9216","1":"product","2":"type-product","3":"status-publish","4":"has-post-thumbnail","6":"product_cat-lave-linge-sechant","7":"product_cat-machines-a-laver","9":"first","10":"instock","11":"shipping-taxable","12":"product-type-simple"},"yoast_head":"<!-- This site is optimized with the Yoast SEO plugin v26.6 - https:\/\/yoast.com\/wordpress\/plugins\/seo\/ -->\n<title>Lave-linge 10,5 kg en acier noir, s\u00e8che-linge 6 kg - LEADING FLAG<\/title>\n<meta name=\"description\" content=\"Panneau de commande tactile IMD  Moteur et syst\u00e8me de contr\u00f4le Inverter  Tambour de 53 cm de diam\u00e8tre et grande porte chrom\u00e9e de 52 cm  Programme de lavage en une touche  Lave-linge s\u00e9chant combin\u00e9  \u00c9clairage du tambour  Lavage vapeur  Vitesse maximale\u00a0: 1\u00a0400 tr\/min  Poids net\u00a0: 65 kg  Dimensions nettes (L x P x H)\u00a0: 600 x 577 x 847 mm  Capacit\u00e9 de chargement\u00a0: 168  Certification\u00a0: CE\/CB\" \/>\n<meta name=\"robots\" content=\"index, follow, max-snippet:-1, max-image-preview:large, max-video-preview:-1\" \/>\n<link rel=\"canonical\" href=\"https:\/\/www.leadingflagind.com\/fr\/product\/lave-linge-105-kg-en-acier-noir-seche-linge-6-kg\/\" \/>\n<meta property=\"og:locale\" content=\"fr_FR\" \/>\n<meta property=\"og:type\" content=\"article\" \/>\n<meta property=\"og:title\" content=\"Lave-linge 10,5 kg en acier noir, s\u00e8che-linge 6 kg - LEADING FLAG\" \/>\n<meta property=\"og:description\" content=\"Panneau de commande tactile IMD  Moteur et syst\u00e8me de contr\u00f4le Inverter  Tambour de 53 cm de diam\u00e8tre et grande porte chrom\u00e9e de 52 cm  Programme de lavage en une touche  Lave-linge s\u00e9chant combin\u00e9  \u00c9clairage du tambour  Lavage vapeur  Vitesse maximale\u00a0: 1\u00a0400 tr\/min  Poids net\u00a0: 65 kg  Dimensions nettes (L x P x H)\u00a0: 600 x 577 x 847 mm  Capacit\u00e9 de chargement\u00a0: 168  Certification\u00a0: CE\/CB\" \/>\n<meta property=\"og:url\" content=\"https:\/\/www.leadingflagind.com\/fr\/product\/lave-linge-105-kg-en-acier-noir-seche-linge-6-kg\/\" \/>\n<meta property=\"og:site_name\" content=\"LEADING FLAG\" \/>\n<meta property=\"article:modified_time\" content=\"2025-11-12T11:16:44+00:00\" \/>\n<meta property=\"og:image\" content=\"https:\/\/www.leadingflagind.com\/wp-content\/uploads\/2025\/11\/110-1.jpg\" \/>\n\t<meta property=\"og:image:width\" content=\"800\" \/>\n\t<meta property=\"og:image:height\" content=\"800\" \/>\n\t<meta property=\"og:image:type\" content=\"image\/jpeg\" \/>\n<meta name=\"twitter:card\" content=\"summary_large_image\" \/>\n<script type=\"application\/ld+json\" class=\"yoast-schema-graph\">{\"@context\":\"https:\/\/schema.org\",\"@graph\":[{\"@type\":\"WebPage\",\"@id\":\"https:\/\/www.leadingflagind.com\/fr\/product\/lave-linge-105-kg-en-acier-noir-seche-linge-6-kg\/\",\"url\":\"https:\/\/www.leadingflagind.com\/fr\/product\/lave-linge-105-kg-en-acier-noir-seche-linge-6-kg\/\",\"name\":\"Lave-linge 10,5 kg en acier noir, s\u00e8che-linge 6 kg - LEADING FLAG\",\"isPartOf\":{\"@id\":\"https:\/\/www.leadingflagind.com\/#website\"},\"primaryImageOfPage\":{\"@id\":\"https:\/\/www.leadingflagind.com\/fr\/product\/lave-linge-105-kg-en-acier-noir-seche-linge-6-kg\/#primaryimage\"},\"image\":{\"@id\":\"https:\/\/www.leadingflagind.com\/fr\/product\/lave-linge-105-kg-en-acier-noir-seche-linge-6-kg\/#primaryimage\"},\"thumbnailUrl\":\"https:\/\/www.leadingflagind.com\/wp-content\/uploads\/2025\/11\/110-1.jpg\",\"datePublished\":\"2025-11-11T10:46:44+00:00\",\"dateModified\":\"2025-11-12T11:16:44+00:00\",\"description\":\"Panneau de commande tactile IMD Moteur et syst\u00e8me de contr\u00f4le Inverter Tambour de 53 cm de diam\u00e8tre et grande porte chrom\u00e9e de 52 cm Programme de lavage en une touche Lave-linge s\u00e9chant combin\u00e9 \u00c9clairage du tambour Lavage vapeur Vitesse maximale\u00a0: 1\u00a0400 tr\/min Poids net\u00a0: 65 kg Dimensions nettes (L x P x H)\u00a0: 600 x 577 x 847 mm Capacit\u00e9 de chargement\u00a0: 168 Certification\u00a0: CE\/CB\",\"breadcrumb\":{\"@id\":\"https:\/\/www.leadingflagind.com\/fr\/product\/lave-linge-105-kg-en-acier-noir-seche-linge-6-kg\/#breadcrumb\"},\"inLanguage\":\"fr-FR\",\"potentialAction\":[{\"@type\":\"ReadAction\",\"target\":[\"https:\/\/www.leadingflagind.com\/fr\/product\/lave-linge-105-kg-en-acier-noir-seche-linge-6-kg\/\"]}]},{\"@type\":\"ImageObject\",\"inLanguage\":\"fr-FR\",\"@id\":\"https:\/\/www.leadingflagind.com\/fr\/product\/lave-linge-105-kg-en-acier-noir-seche-linge-6-kg\/#primaryimage\",\"url\":\"https:\/\/www.leadingflagind.com\/wp-content\/uploads\/2025\/11\/110-1.jpg\",\"contentUrl\":\"https:\/\/www.leadingflagind.com\/wp-content\/uploads\/2025\/11\/110-1.jpg\",\"width\":800,\"height\":800},{\"@type\":\"BreadcrumbList\",\"@id\":\"https:\/\/www.leadingflagind.com\/fr\/product\/lave-linge-105-kg-en-acier-noir-seche-linge-6-kg\/#breadcrumb\",\"itemListElement\":[{\"@type\":\"ListItem\",\"position\":1,\"name\":\"Home\",\"item\":\"https:\/\/www.leadingflagind.com\/fr\/\"},{\"@type\":\"ListItem\",\"position\":2,\"name\":\"Products\",\"item\":\"https:\/\/www.leadingflagind.com\/shop\/\"},{\"@type\":\"ListItem\",\"position\":3,\"name\":\"Lave-linge 10,5 kg en acier noir, s\u00e8che-linge 6 kg\"}]},{\"@type\":\"WebSite\",\"@id\":\"https:\/\/www.leadingflagind.com\/#website\",\"url\":\"https:\/\/www.leadingflagind.com\/\",\"name\":\"LEADING FLAG - Home Appliance Manufacturing\",\"description\":\"Home Appliance Manufacturing\",\"publisher\":{\"@id\":\"https:\/\/www.leadingflagind.com\/#organization\"},\"potentialAction\":[{\"@type\":\"SearchAction\",\"target\":{\"@type\":\"EntryPoint\",\"urlTemplate\":\"https:\/\/www.leadingflagind.com\/?s={search_term_string}\"},\"query-input\":{\"@type\":\"PropertyValueSpecification\",\"valueRequired\":true,\"valueName\":\"search_term_string\"}}],\"inLanguage\":\"fr-FR\"},{\"@type\":\"Organization\",\"@id\":\"https:\/\/www.leadingflagind.com\/#organization\",\"name\":\"LEADING FLAG INDUSTRIAL & TRADING LIMITED\",\"url\":\"https:\/\/www.leadingflagind.com\/\",\"logo\":{\"@type\":\"ImageObject\",\"inLanguage\":\"fr-FR\",\"@id\":\"https:\/\/www.leadingflagind.com\/#\/schema\/logo\/image\/\",\"url\":\"https:\/\/www.leadingflagind.com\/wp-content\/uploads\/2025\/11\/LOGO-leading-Flag.svg\",\"contentUrl\":\"https:\/\/www.leadingflagind.com\/wp-content\/uploads\/2025\/11\/LOGO-leading-Flag.svg\",\"width\":436,\"height\":76,\"caption\":\"LEADING FLAG INDUSTRIAL & TRADING LIMITED\"},\"image\":{\"@id\":\"https:\/\/www.leadingflagind.com\/#\/schema\/logo\/image\/\"}}]}<\/script>\n<!-- \/ Yoast SEO plugin. -->","yoast_head_json":{"title":"Lave-linge 10,5 kg en acier noir, s\u00e8che-linge 6 kg - LEADING FLAG","description":"Panneau de commande tactile IMD  Moteur et syst\u00e8me de contr\u00f4le Inverter  Tambour de 53 cm de diam\u00e8tre et grande porte chrom\u00e9e de 52 cm  Programme de lavage en une touche  Lave-linge s\u00e9chant combin\u00e9  \u00c9clairage du tambour  Lavage vapeur  Vitesse maximale\u00a0: 1\u00a0400 tr\/min  Poids net\u00a0: 65 kg  Dimensions nettes (L x P x H)\u00a0: 600 x 577 x 847 mm  Capacit\u00e9 de chargement\u00a0: 168  Certification\u00a0: CE\/CB","robots":{"index":"index","follow":"follow","max-snippet":"max-snippet:-1","max-image-preview":"max-image-preview:large","max-video-preview":"max-video-preview:-1"},"canonical":"https:\/\/www.leadingflagind.com\/fr\/product\/lave-linge-105-kg-en-acier-noir-seche-linge-6-kg\/","og_locale":"fr_FR","og_type":"article","og_title":"Lave-linge 10,5 kg en acier noir, s\u00e8che-linge 6 kg - LEADING FLAG","og_description":"Panneau de commande tactile IMD  Moteur et syst\u00e8me de contr\u00f4le Inverter  Tambour de 53 cm de diam\u00e8tre et grande porte chrom\u00e9e de 52 cm  Programme de lavage en une touche  Lave-linge s\u00e9chant combin\u00e9  \u00c9clairage du tambour  Lavage vapeur  Vitesse maximale\u00a0: 1\u00a0400 tr\/min  Poids net\u00a0: 65 kg  Dimensions nettes (L x P x H)\u00a0: 600 x 577 x 847 mm  Capacit\u00e9 de chargement\u00a0: 168  Certification\u00a0: CE\/CB","og_url":"https:\/\/www.leadingflagind.com\/fr\/product\/lave-linge-105-kg-en-acier-noir-seche-linge-6-kg\/","og_site_name":"LEADING FLAG","article_modified_time":"2025-11-12T11:16:44+00:00","og_image":[{"width":800,"height":800,"url":"https:\/\/www.leadingflagind.com\/wp-content\/uploads\/2025\/11\/110-1.jpg","type":"image\/jpeg"}],"twitter_card":"summary_large_image","schema":{"@context":"https:\/\/schema.org","@graph":[{"@type":"WebPage","@id":"https:\/\/www.leadingflagind.com\/fr\/product\/lave-linge-105-kg-en-acier-noir-seche-linge-6-kg\/","url":"https:\/\/www.leadingflagind.com\/fr\/product\/lave-linge-105-kg-en-acier-noir-seche-linge-6-kg\/","name":"Lave-linge 10,5 kg en acier noir, s\u00e8che-linge 6 kg - LEADING FLAG","isPartOf":{"@id":"https:\/\/www.leadingflagind.com\/#website"},"primaryImageOfPage":{"@id":"https:\/\/www.leadingflagind.com\/fr\/product\/lave-linge-105-kg-en-acier-noir-seche-linge-6-kg\/#primaryimage"},"image":{"@id":"https:\/\/www.leadingflagind.com\/fr\/product\/lave-linge-105-kg-en-acier-noir-seche-linge-6-kg\/#primaryimage"},"thumbnailUrl":"https:\/\/www.leadingflagind.com\/wp-content\/uploads\/2025\/11\/110-1.jpg","datePublished":"2025-11-11T10:46:44+00:00","dateModified":"2025-11-12T11:16:44+00:00","description":"Panneau de commande tactile IMD Moteur et syst\u00e8me de contr\u00f4le Inverter Tambour de 53 cm de diam\u00e8tre et grande porte chrom\u00e9e de 52 cm Programme de lavage en une touche Lave-linge s\u00e9chant combin\u00e9 \u00c9clairage du tambour Lavage vapeur Vitesse maximale\u00a0: 1\u00a0400 tr\/min Poids net\u00a0: 65 kg Dimensions nettes (L x P x H)\u00a0: 600 x 577 x 847 mm Capacit\u00e9 de chargement\u00a0: 168 Certification\u00a0: CE\/CB","breadcrumb":{"@id":"https:\/\/www.leadingflagind.com\/fr\/product\/lave-linge-105-kg-en-acier-noir-seche-linge-6-kg\/#breadcrumb"},"inLanguage":"fr-FR","potentialAction":[{"@type":"ReadAction","target":["https:\/\/www.leadingflagind.com\/fr\/product\/lave-linge-105-kg-en-acier-noir-seche-linge-6-kg\/"]}]},{"@type":"ImageObject","inLanguage":"fr-FR","@id":"https:\/\/www.leadingflagind.com\/fr\/product\/lave-linge-105-kg-en-acier-noir-seche-linge-6-kg\/#primaryimage","url":"https:\/\/www.leadingflagind.com\/wp-content\/uploads\/2025\/11\/110-1.jpg","contentUrl":"https:\/\/www.leadingflagind.com\/wp-content\/uploads\/2025\/11\/110-1.jpg","width":800,"height":800},{"@type":"BreadcrumbList","@id":"https:\/\/www.leadingflagind.com\/fr\/product\/lave-linge-105-kg-en-acier-noir-seche-linge-6-kg\/#breadcrumb","itemListElement":[{"@type":"ListItem","position":1,"name":"Home","item":"https:\/\/www.leadingflagind.com\/fr\/"},{"@type":"ListItem","position":2,"name":"Products","item":"https:\/\/www.leadingflagind.com\/shop\/"},{"@type":"ListItem","position":3,"name":"Lave-linge 10,5 kg en acier noir, s\u00e8che-linge 6 kg"}]},{"@type":"WebSite","@id":"https:\/\/www.leadingflagind.com\/#website","url":"https:\/\/www.leadingflagind.com\/","name":"LEADING FLAG - Home Appliance Manufacturing","description":"Home Appliance Manufacturing","publisher":{"@id":"https:\/\/www.leadingflagind.com\/#organization"},"potentialAction":[{"@type":"SearchAction","target":{"@type":"EntryPoint","urlTemplate":"https:\/\/www.leadingflagind.com\/?s={search_term_string}"},"query-input":{"@type":"PropertyValueSpecification","valueRequired":true,"valueName":"search_term_string"}}],"inLanguage":"fr-FR"},{"@type":"Organization","@id":"https:\/\/www.leadingflagind.com\/#organization","name":"LEADING FLAG INDUSTRIAL & TRADING LIMITED","url":"https:\/\/www.leadingflagind.com\/","logo":{"@type":"ImageObject","inLanguage":"fr-FR","@id":"https:\/\/www.leadingflagind.com\/#\/schema\/logo\/image\/","url":"https:\/\/www.leadingflagind.com\/wp-content\/uploads\/2025\/11\/LOGO-leading-Flag.svg","contentUrl":"https:\/\/www.leadingflagind.com\/wp-content\/uploads\/2025\/11\/LOGO-leading-Flag.svg","width":436,"height":76,"caption":"LEADING FLAG INDUSTRIAL & TRADING LIMITED"},"image":{"@id":"https:\/\/www.leadingflagind.com\/#\/schema\/logo\/image\/"}}]}},"_links":{"self":[{"href":"https:\/\/www.leadingflagind.com\/fr\/wp-json\/wp\/v2\/product\/9216","targetHints":{"allow":["GET"]}}],"collection":[{"href":"https:\/\/www.leadingflagind.com\/fr\/wp-json\/wp\/v2\/product"}],"about":[{"href":"https:\/\/www.leadingflagind.com\/fr\/wp-json\/wp\/v2\/types\/product"}],"wp:featuredmedia":[{"embeddable":true,"href":"https:\/\/www.leadingflagind.com\/fr\/wp-json\/wp\/v2\/media\/8632"}],"wp:attachment":[{"href":"https:\/\/www.leadingflagind.com\/fr\/wp-json\/wp\/v2\/media?parent=9216"}],"wp:term":[{"taxonomy":"product_brand","embeddable":true,"href":"https:\/\/www.leadingflagind.com\/fr\/wp-json\/wp\/v2\/product_brand?post=9216"},{"taxonomy":"product_cat","embeddable":true,"href":"https:\/\/www.leadingflagind.com\/fr\/wp-json\/wp\/v2\/product_cat?post=9216"},{"taxonomy":"product_tag","embeddable":true,"href":"https:\/\/www.leadingflagind.com\/fr\/wp-json\/wp\/v2\/product_tag?post=9216"}],"curies":[{"name":"wp","href":"https:\/\/api.w.org\/{rel}","templated":true}]}}