{"id":9202,"date":"2025-11-11T10:46:45","date_gmt":"2025-11-11T10:46:45","guid":{"rendered":"https:\/\/www.leadingflagind.com\/product\/display-fridge-233-litres-fg-power\/"},"modified":"2025-11-13T14:26:32","modified_gmt":"2025-11-13T14:26:32","slug":"refrigerateur-vitrine-fg-power-233-litres","status":"publish","type":"product","link":"https:\/\/www.leadingflagind.com\/fr\/product\/refrigerateur-vitrine-fg-power-233-litres\/","title":{"rendered":"R\u00e9frig\u00e9rateur vitrine FG POWER 233 litres"},"content":{"rendered":"","protected":false},"excerpt":{"rendered":"<ul>\n<li>Porte vitr\u00e9e transparente \u00e0 faible \u00e9missivit\u00e9, vue d\u00e9gag\u00e9e<\/li>\n<li>Poign\u00e9e de porte en m\u00e9tal<\/li>\n<li>\u00c9tag\u00e8re grillag\u00e9e<\/li>\n<li>Porte r\u00e9versible<\/li>\n<li>Conception optimis\u00e9e pour la circulation de l&rsquo;air, le cycle de refroidissement et la r\u00e9frig\u00e9ration uniforme<\/li>\n<li>Capacit\u00e9 utile totale (L) : 233<\/li>\n<li>Type de commande : \u00e9lectronique<\/li>\n<li>Dimensions nettes (L x P x H) (mm) : 540 x 520 x 1440<\/li>\n<li>Capacit\u00e9 de chargement : 112<\/li>\n<\/ul>\n","protected":false},"featured_media":8634,"template":"","meta":[],"product_brand":[],"product_cat":[171,193],"product_tag":[],"class_list":{"0":"post-9202","1":"product","2":"type-product","3":"status-publish","4":"has-post-thumbnail","6":"product_cat-refrigerateurs","7":"product_cat-refrigerateurs-dexposition","9":"first","10":"instock","11":"shipping-taxable","12":"product-type-simple"},"yoast_head":"<!-- This site is optimized with the Yoast SEO plugin v26.6 - https:\/\/yoast.com\/wordpress\/plugins\/seo\/ -->\n<title>R\u00e9frig\u00e9rateur vitrine FG POWER 233 litres - LEADING FLAG<\/title>\n<meta name=\"description\" content=\"Porte vitr\u00e9e transparente \u00e0 faible \u00e9missivit\u00e9, vue d\u00e9gag\u00e9e  Poign\u00e9e de porte en m\u00e9tal  \u00c9tag\u00e8re grillag\u00e9e  Porte r\u00e9versible  Conception optimis\u00e9e pour la circulation de l&#039;air, le cycle de refroidissement et la r\u00e9frig\u00e9ration uniforme  Capacit\u00e9 utile totale (L) : 233  Type de commande : \u00e9lectronique  Dimensions nettes (L x P x H) (mm) : 540 x 520 x 1440  Capacit\u00e9 de chargement : 112\" \/>\n<meta name=\"robots\" content=\"index, follow, max-snippet:-1, max-image-preview:large, max-video-preview:-1\" \/>\n<link rel=\"canonical\" href=\"https:\/\/www.leadingflagind.com\/fr\/product\/refrigerateur-vitrine-fg-power-233-litres\/\" \/>\n<meta property=\"og:locale\" content=\"fr_FR\" \/>\n<meta property=\"og:type\" content=\"article\" \/>\n<meta property=\"og:title\" content=\"R\u00e9frig\u00e9rateur vitrine FG POWER 233 litres - LEADING FLAG\" \/>\n<meta property=\"og:description\" content=\"Porte vitr\u00e9e transparente \u00e0 faible \u00e9missivit\u00e9, vue d\u00e9gag\u00e9e  Poign\u00e9e de porte en m\u00e9tal  \u00c9tag\u00e8re grillag\u00e9e  Porte r\u00e9versible  Conception optimis\u00e9e pour la circulation de l&#039;air, le cycle de refroidissement et la r\u00e9frig\u00e9ration uniforme  Capacit\u00e9 utile totale (L) : 233  Type de commande : \u00e9lectronique  Dimensions nettes (L x P x H) (mm) : 540 x 520 x 1440  Capacit\u00e9 de chargement : 112\" \/>\n<meta property=\"og:url\" content=\"https:\/\/www.leadingflagind.com\/fr\/product\/refrigerateur-vitrine-fg-power-233-litres\/\" \/>\n<meta property=\"og:site_name\" content=\"LEADING FLAG\" \/>\n<meta property=\"article:modified_time\" content=\"2025-11-13T14:26:32+00:00\" \/>\n<meta property=\"og:image\" content=\"https:\/\/www.leadingflagind.com\/wp-content\/uploads\/2025\/11\/101-1.jpg\" \/>\n\t<meta property=\"og:image:width\" content=\"800\" \/>\n\t<meta property=\"og:image:height\" content=\"800\" \/>\n\t<meta property=\"og:image:type\" content=\"image\/jpeg\" \/>\n<meta name=\"twitter:card\" content=\"summary_large_image\" \/>\n<script type=\"application\/ld+json\" class=\"yoast-schema-graph\">{\"@context\":\"https:\/\/schema.org\",\"@graph\":[{\"@type\":\"WebPage\",\"@id\":\"https:\/\/www.leadingflagind.com\/fr\/product\/refrigerateur-vitrine-fg-power-233-litres\/\",\"url\":\"https:\/\/www.leadingflagind.com\/fr\/product\/refrigerateur-vitrine-fg-power-233-litres\/\",\"name\":\"R\u00e9frig\u00e9rateur vitrine FG POWER 233 litres - LEADING FLAG\",\"isPartOf\":{\"@id\":\"https:\/\/www.leadingflagind.com\/#website\"},\"primaryImageOfPage\":{\"@id\":\"https:\/\/www.leadingflagind.com\/fr\/product\/refrigerateur-vitrine-fg-power-233-litres\/#primaryimage\"},\"image\":{\"@id\":\"https:\/\/www.leadingflagind.com\/fr\/product\/refrigerateur-vitrine-fg-power-233-litres\/#primaryimage\"},\"thumbnailUrl\":\"https:\/\/www.leadingflagind.com\/wp-content\/uploads\/2025\/11\/101-1.jpg\",\"datePublished\":\"2025-11-11T10:46:45+00:00\",\"dateModified\":\"2025-11-13T14:26:32+00:00\",\"description\":\"Porte vitr\u00e9e transparente \u00e0 faible \u00e9missivit\u00e9, vue d\u00e9gag\u00e9e Poign\u00e9e de porte en m\u00e9tal \u00c9tag\u00e8re grillag\u00e9e Porte r\u00e9versible Conception optimis\u00e9e pour la circulation de l'air, le cycle de refroidissement et la r\u00e9frig\u00e9ration uniforme Capacit\u00e9 utile totale (L) : 233 Type de commande : \u00e9lectronique Dimensions nettes (L x P x H) (mm) : 540 x 520 x 1440 Capacit\u00e9 de chargement : 112\",\"breadcrumb\":{\"@id\":\"https:\/\/www.leadingflagind.com\/fr\/product\/refrigerateur-vitrine-fg-power-233-litres\/#breadcrumb\"},\"inLanguage\":\"fr-FR\",\"potentialAction\":[{\"@type\":\"ReadAction\",\"target\":[\"https:\/\/www.leadingflagind.com\/fr\/product\/refrigerateur-vitrine-fg-power-233-litres\/\"]}]},{\"@type\":\"ImageObject\",\"inLanguage\":\"fr-FR\",\"@id\":\"https:\/\/www.leadingflagind.com\/fr\/product\/refrigerateur-vitrine-fg-power-233-litres\/#primaryimage\",\"url\":\"https:\/\/www.leadingflagind.com\/wp-content\/uploads\/2025\/11\/101-1.jpg\",\"contentUrl\":\"https:\/\/www.leadingflagind.com\/wp-content\/uploads\/2025\/11\/101-1.jpg\",\"width\":800,\"height\":800},{\"@type\":\"BreadcrumbList\",\"@id\":\"https:\/\/www.leadingflagind.com\/fr\/product\/refrigerateur-vitrine-fg-power-233-litres\/#breadcrumb\",\"itemListElement\":[{\"@type\":\"ListItem\",\"position\":1,\"name\":\"Home\",\"item\":\"https:\/\/www.leadingflagind.com\/fr\/\"},{\"@type\":\"ListItem\",\"position\":2,\"name\":\"Products\",\"item\":\"https:\/\/www.leadingflagind.com\/shop\/\"},{\"@type\":\"ListItem\",\"position\":3,\"name\":\"R\u00e9frig\u00e9rateur vitrine FG POWER 233 litres\"}]},{\"@type\":\"WebSite\",\"@id\":\"https:\/\/www.leadingflagind.com\/#website\",\"url\":\"https:\/\/www.leadingflagind.com\/\",\"name\":\"LEADING FLAG - Home Appliance Manufacturing\",\"description\":\"Home Appliance Manufacturing\",\"publisher\":{\"@id\":\"https:\/\/www.leadingflagind.com\/#organization\"},\"potentialAction\":[{\"@type\":\"SearchAction\",\"target\":{\"@type\":\"EntryPoint\",\"urlTemplate\":\"https:\/\/www.leadingflagind.com\/?s={search_term_string}\"},\"query-input\":{\"@type\":\"PropertyValueSpecification\",\"valueRequired\":true,\"valueName\":\"search_term_string\"}}],\"inLanguage\":\"fr-FR\"},{\"@type\":\"Organization\",\"@id\":\"https:\/\/www.leadingflagind.com\/#organization\",\"name\":\"LEADING FLAG INDUSTRIAL & TRADING LIMITED\",\"url\":\"https:\/\/www.leadingflagind.com\/\",\"logo\":{\"@type\":\"ImageObject\",\"inLanguage\":\"fr-FR\",\"@id\":\"https:\/\/www.leadingflagind.com\/#\/schema\/logo\/image\/\",\"url\":\"https:\/\/www.leadingflagind.com\/wp-content\/uploads\/2025\/11\/LOGO-leading-Flag.svg\",\"contentUrl\":\"https:\/\/www.leadingflagind.com\/wp-content\/uploads\/2025\/11\/LOGO-leading-Flag.svg\",\"width\":436,\"height\":76,\"caption\":\"LEADING FLAG INDUSTRIAL & TRADING LIMITED\"},\"image\":{\"@id\":\"https:\/\/www.leadingflagind.com\/#\/schema\/logo\/image\/\"}}]}<\/script>\n<!-- \/ Yoast SEO plugin. -->","yoast_head_json":{"title":"R\u00e9frig\u00e9rateur vitrine FG POWER 233 litres - LEADING FLAG","description":"Porte vitr\u00e9e transparente \u00e0 faible \u00e9missivit\u00e9, vue d\u00e9gag\u00e9e  Poign\u00e9e de porte en m\u00e9tal  \u00c9tag\u00e8re grillag\u00e9e  Porte r\u00e9versible  Conception optimis\u00e9e pour la circulation de l'air, le cycle de refroidissement et la r\u00e9frig\u00e9ration uniforme  Capacit\u00e9 utile totale (L) : 233  Type de commande : \u00e9lectronique  Dimensions nettes (L x P x H) (mm) : 540 x 520 x 1440  Capacit\u00e9 de chargement : 112","robots":{"index":"index","follow":"follow","max-snippet":"max-snippet:-1","max-image-preview":"max-image-preview:large","max-video-preview":"max-video-preview:-1"},"canonical":"https:\/\/www.leadingflagind.com\/fr\/product\/refrigerateur-vitrine-fg-power-233-litres\/","og_locale":"fr_FR","og_type":"article","og_title":"R\u00e9frig\u00e9rateur vitrine FG POWER 233 litres - LEADING FLAG","og_description":"Porte vitr\u00e9e transparente \u00e0 faible \u00e9missivit\u00e9, vue d\u00e9gag\u00e9e  Poign\u00e9e de porte en m\u00e9tal  \u00c9tag\u00e8re grillag\u00e9e  Porte r\u00e9versible  Conception optimis\u00e9e pour la circulation de l'air, le cycle de refroidissement et la r\u00e9frig\u00e9ration uniforme  Capacit\u00e9 utile totale (L) : 233  Type de commande : \u00e9lectronique  Dimensions nettes (L x P x H) (mm) : 540 x 520 x 1440  Capacit\u00e9 de chargement : 112","og_url":"https:\/\/www.leadingflagind.com\/fr\/product\/refrigerateur-vitrine-fg-power-233-litres\/","og_site_name":"LEADING FLAG","article_modified_time":"2025-11-13T14:26:32+00:00","og_image":[{"width":800,"height":800,"url":"https:\/\/www.leadingflagind.com\/wp-content\/uploads\/2025\/11\/101-1.jpg","type":"image\/jpeg"}],"twitter_card":"summary_large_image","schema":{"@context":"https:\/\/schema.org","@graph":[{"@type":"WebPage","@id":"https:\/\/www.leadingflagind.com\/fr\/product\/refrigerateur-vitrine-fg-power-233-litres\/","url":"https:\/\/www.leadingflagind.com\/fr\/product\/refrigerateur-vitrine-fg-power-233-litres\/","name":"R\u00e9frig\u00e9rateur vitrine FG POWER 233 litres - LEADING FLAG","isPartOf":{"@id":"https:\/\/www.leadingflagind.com\/#website"},"primaryImageOfPage":{"@id":"https:\/\/www.leadingflagind.com\/fr\/product\/refrigerateur-vitrine-fg-power-233-litres\/#primaryimage"},"image":{"@id":"https:\/\/www.leadingflagind.com\/fr\/product\/refrigerateur-vitrine-fg-power-233-litres\/#primaryimage"},"thumbnailUrl":"https:\/\/www.leadingflagind.com\/wp-content\/uploads\/2025\/11\/101-1.jpg","datePublished":"2025-11-11T10:46:45+00:00","dateModified":"2025-11-13T14:26:32+00:00","description":"Porte vitr\u00e9e transparente \u00e0 faible \u00e9missivit\u00e9, vue d\u00e9gag\u00e9e Poign\u00e9e de porte en m\u00e9tal \u00c9tag\u00e8re grillag\u00e9e Porte r\u00e9versible Conception optimis\u00e9e pour la circulation de l'air, le cycle de refroidissement et la r\u00e9frig\u00e9ration uniforme Capacit\u00e9 utile totale (L) : 233 Type de commande : \u00e9lectronique Dimensions nettes (L x P x H) (mm) : 540 x 520 x 1440 Capacit\u00e9 de chargement : 112","breadcrumb":{"@id":"https:\/\/www.leadingflagind.com\/fr\/product\/refrigerateur-vitrine-fg-power-233-litres\/#breadcrumb"},"inLanguage":"fr-FR","potentialAction":[{"@type":"ReadAction","target":["https:\/\/www.leadingflagind.com\/fr\/product\/refrigerateur-vitrine-fg-power-233-litres\/"]}]},{"@type":"ImageObject","inLanguage":"fr-FR","@id":"https:\/\/www.leadingflagind.com\/fr\/product\/refrigerateur-vitrine-fg-power-233-litres\/#primaryimage","url":"https:\/\/www.leadingflagind.com\/wp-content\/uploads\/2025\/11\/101-1.jpg","contentUrl":"https:\/\/www.leadingflagind.com\/wp-content\/uploads\/2025\/11\/101-1.jpg","width":800,"height":800},{"@type":"BreadcrumbList","@id":"https:\/\/www.leadingflagind.com\/fr\/product\/refrigerateur-vitrine-fg-power-233-litres\/#breadcrumb","itemListElement":[{"@type":"ListItem","position":1,"name":"Home","item":"https:\/\/www.leadingflagind.com\/fr\/"},{"@type":"ListItem","position":2,"name":"Products","item":"https:\/\/www.leadingflagind.com\/shop\/"},{"@type":"ListItem","position":3,"name":"R\u00e9frig\u00e9rateur vitrine FG POWER 233 litres"}]},{"@type":"WebSite","@id":"https:\/\/www.leadingflagind.com\/#website","url":"https:\/\/www.leadingflagind.com\/","name":"LEADING FLAG - Home Appliance Manufacturing","description":"Home Appliance Manufacturing","publisher":{"@id":"https:\/\/www.leadingflagind.com\/#organization"},"potentialAction":[{"@type":"SearchAction","target":{"@type":"EntryPoint","urlTemplate":"https:\/\/www.leadingflagind.com\/?s={search_term_string}"},"query-input":{"@type":"PropertyValueSpecification","valueRequired":true,"valueName":"search_term_string"}}],"inLanguage":"fr-FR"},{"@type":"Organization","@id":"https:\/\/www.leadingflagind.com\/#organization","name":"LEADING FLAG INDUSTRIAL & TRADING LIMITED","url":"https:\/\/www.leadingflagind.com\/","logo":{"@type":"ImageObject","inLanguage":"fr-FR","@id":"https:\/\/www.leadingflagind.com\/#\/schema\/logo\/image\/","url":"https:\/\/www.leadingflagind.com\/wp-content\/uploads\/2025\/11\/LOGO-leading-Flag.svg","contentUrl":"https:\/\/www.leadingflagind.com\/wp-content\/uploads\/2025\/11\/LOGO-leading-Flag.svg","width":436,"height":76,"caption":"LEADING FLAG INDUSTRIAL & TRADING LIMITED"},"image":{"@id":"https:\/\/www.leadingflagind.com\/#\/schema\/logo\/image\/"}}]}},"_links":{"self":[{"href":"https:\/\/www.leadingflagind.com\/fr\/wp-json\/wp\/v2\/product\/9202","targetHints":{"allow":["GET"]}}],"collection":[{"href":"https:\/\/www.leadingflagind.com\/fr\/wp-json\/wp\/v2\/product"}],"about":[{"href":"https:\/\/www.leadingflagind.com\/fr\/wp-json\/wp\/v2\/types\/product"}],"wp:featuredmedia":[{"embeddable":true,"href":"https:\/\/www.leadingflagind.com\/fr\/wp-json\/wp\/v2\/media\/8634"}],"wp:attachment":[{"href":"https:\/\/www.leadingflagind.com\/fr\/wp-json\/wp\/v2\/media?parent=9202"}],"wp:term":[{"taxonomy":"product_brand","embeddable":true,"href":"https:\/\/www.leadingflagind.com\/fr\/wp-json\/wp\/v2\/product_brand?post=9202"},{"taxonomy":"product_cat","embeddable":true,"href":"https:\/\/www.leadingflagind.com\/fr\/wp-json\/wp\/v2\/product_cat?post=9202"},{"taxonomy":"product_tag","embeddable":true,"href":"https:\/\/www.leadingflagind.com\/fr\/wp-json\/wp\/v2\/product_tag?post=9202"}],"curies":[{"name":"wp","href":"https:\/\/api.w.org\/{rel}","templated":true}]}}