{"id":9194,"date":"2025-11-11T10:46:55","date_gmt":"2025-11-11T10:46:55","guid":{"rendered":"https:\/\/www.leadingflagind.com\/product\/fg-power-mini-fridge-50-litres-white\/"},"modified":"2025-11-12T11:09:15","modified_gmt":"2025-11-12T11:09:15","slug":"mini-refrigerateur-fg-power-50-litres-blanc","status":"publish","type":"product","link":"https:\/\/www.leadingflagind.com\/fr\/product\/mini-refrigerateur-fg-power-50-litres-blanc\/","title":{"rendered":"Mini-r\u00e9frig\u00e9rateur Fg Power 50 litres blanc"},"content":{"rendered":"","protected":false},"excerpt":{"rendered":"<ul>\n<li>Commande m\u00e9canique<\/li>\n<li>Serrure \u00e0 cl\u00e9<\/li>\n<li>Porte r\u00e9versible<\/li>\n<li>Capacit\u00e9 utile totale (l) : 46<\/li>\n<li>Capacit\u00e9 r\u00e9versible (l) : 4,5<\/li>\n<li>Type de commande : m\u00e9canique<\/li>\n<li>Certification : GS\/CE\/CB\/SAA\/CSA<\/li>\n<li>Dimensions nettes (L x P x H) (mm) : 474 x 447 x 496<\/li>\n<li>Capacit\u00e9 de chargement : 599<\/li>\n<\/ul>\n","protected":false},"featured_media":8647,"template":"","meta":[],"product_brand":[],"product_cat":[171,194],"product_tag":[],"class_list":{"0":"post-9194","1":"product","2":"type-product","3":"status-publish","4":"has-post-thumbnail","6":"product_cat-refrigerateurs","7":"product_cat-refrigerateurs-de-bureau","9":"first","10":"instock","11":"shipping-taxable","12":"product-type-simple"},"yoast_head":"<!-- This site is optimized with the Yoast SEO plugin v26.6 - https:\/\/yoast.com\/wordpress\/plugins\/seo\/ -->\n<title>Mini-r\u00e9frig\u00e9rateur Fg Power 50 litres blanc - LEADING FLAG<\/title>\n<meta name=\"description\" content=\"Commande m\u00e9canique  Serrure \u00e0 cl\u00e9  Porte r\u00e9versible  Capacit\u00e9 utile totale (l) : 46  Capacit\u00e9 r\u00e9versible (l) : 4,5  Type de commande : m\u00e9canique  Certification : GS\/CE\/CB\/SAA\/CSA  Dimensions nettes (L x P x H) (mm) : 474 x 447 x 496  Capacit\u00e9 de chargement : 599\" \/>\n<meta name=\"robots\" content=\"index, follow, max-snippet:-1, max-image-preview:large, max-video-preview:-1\" \/>\n<link rel=\"canonical\" href=\"https:\/\/www.leadingflagind.com\/fr\/product\/mini-refrigerateur-fg-power-50-litres-blanc\/\" \/>\n<meta property=\"og:locale\" content=\"fr_FR\" \/>\n<meta property=\"og:type\" content=\"article\" \/>\n<meta property=\"og:title\" content=\"Mini-r\u00e9frig\u00e9rateur Fg Power 50 litres blanc - LEADING FLAG\" \/>\n<meta property=\"og:description\" content=\"Commande m\u00e9canique  Serrure \u00e0 cl\u00e9  Porte r\u00e9versible  Capacit\u00e9 utile totale (l) : 46  Capacit\u00e9 r\u00e9versible (l) : 4,5  Type de commande : m\u00e9canique  Certification : GS\/CE\/CB\/SAA\/CSA  Dimensions nettes (L x P x H) (mm) : 474 x 447 x 496  Capacit\u00e9 de chargement : 599\" \/>\n<meta property=\"og:url\" content=\"https:\/\/www.leadingflagind.com\/fr\/product\/mini-refrigerateur-fg-power-50-litres-blanc\/\" \/>\n<meta property=\"og:site_name\" content=\"LEADING FLAG\" \/>\n<meta property=\"article:modified_time\" content=\"2025-11-12T11:09:15+00:00\" \/>\n<meta property=\"og:image\" content=\"https:\/\/www.leadingflagind.com\/wp-content\/uploads\/2025\/11\/117.jpg\" \/>\n\t<meta property=\"og:image:width\" content=\"800\" \/>\n\t<meta property=\"og:image:height\" content=\"800\" \/>\n\t<meta property=\"og:image:type\" content=\"image\/jpeg\" \/>\n<meta name=\"twitter:card\" content=\"summary_large_image\" \/>\n<script type=\"application\/ld+json\" class=\"yoast-schema-graph\">{\"@context\":\"https:\/\/schema.org\",\"@graph\":[{\"@type\":\"WebPage\",\"@id\":\"https:\/\/www.leadingflagind.com\/fr\/product\/mini-refrigerateur-fg-power-50-litres-blanc\/\",\"url\":\"https:\/\/www.leadingflagind.com\/fr\/product\/mini-refrigerateur-fg-power-50-litres-blanc\/\",\"name\":\"Mini-r\u00e9frig\u00e9rateur Fg Power 50 litres blanc - LEADING FLAG\",\"isPartOf\":{\"@id\":\"https:\/\/www.leadingflagind.com\/#website\"},\"primaryImageOfPage\":{\"@id\":\"https:\/\/www.leadingflagind.com\/fr\/product\/mini-refrigerateur-fg-power-50-litres-blanc\/#primaryimage\"},\"image\":{\"@id\":\"https:\/\/www.leadingflagind.com\/fr\/product\/mini-refrigerateur-fg-power-50-litres-blanc\/#primaryimage\"},\"thumbnailUrl\":\"https:\/\/www.leadingflagind.com\/wp-content\/uploads\/2025\/11\/117.jpg\",\"datePublished\":\"2025-11-11T10:46:55+00:00\",\"dateModified\":\"2025-11-12T11:09:15+00:00\",\"description\":\"Commande m\u00e9canique Serrure \u00e0 cl\u00e9 Porte r\u00e9versible Capacit\u00e9 utile totale (l) : 46 Capacit\u00e9 r\u00e9versible (l) : 4,5 Type de commande : m\u00e9canique Certification : GS\/CE\/CB\/SAA\/CSA Dimensions nettes (L x P x H) (mm) : 474 x 447 x 496 Capacit\u00e9 de chargement : 599\",\"breadcrumb\":{\"@id\":\"https:\/\/www.leadingflagind.com\/fr\/product\/mini-refrigerateur-fg-power-50-litres-blanc\/#breadcrumb\"},\"inLanguage\":\"fr-FR\",\"potentialAction\":[{\"@type\":\"ReadAction\",\"target\":[\"https:\/\/www.leadingflagind.com\/fr\/product\/mini-refrigerateur-fg-power-50-litres-blanc\/\"]}]},{\"@type\":\"ImageObject\",\"inLanguage\":\"fr-FR\",\"@id\":\"https:\/\/www.leadingflagind.com\/fr\/product\/mini-refrigerateur-fg-power-50-litres-blanc\/#primaryimage\",\"url\":\"https:\/\/www.leadingflagind.com\/wp-content\/uploads\/2025\/11\/117.jpg\",\"contentUrl\":\"https:\/\/www.leadingflagind.com\/wp-content\/uploads\/2025\/11\/117.jpg\",\"width\":800,\"height\":800},{\"@type\":\"BreadcrumbList\",\"@id\":\"https:\/\/www.leadingflagind.com\/fr\/product\/mini-refrigerateur-fg-power-50-litres-blanc\/#breadcrumb\",\"itemListElement\":[{\"@type\":\"ListItem\",\"position\":1,\"name\":\"Home\",\"item\":\"https:\/\/www.leadingflagind.com\/fr\/\"},{\"@type\":\"ListItem\",\"position\":2,\"name\":\"Products\",\"item\":\"https:\/\/www.leadingflagind.com\/shop\/\"},{\"@type\":\"ListItem\",\"position\":3,\"name\":\"Mini-r\u00e9frig\u00e9rateur Fg Power 50 litres blanc\"}]},{\"@type\":\"WebSite\",\"@id\":\"https:\/\/www.leadingflagind.com\/#website\",\"url\":\"https:\/\/www.leadingflagind.com\/\",\"name\":\"LEADING FLAG - Home Appliance Manufacturing\",\"description\":\"Home Appliance Manufacturing\",\"publisher\":{\"@id\":\"https:\/\/www.leadingflagind.com\/#organization\"},\"potentialAction\":[{\"@type\":\"SearchAction\",\"target\":{\"@type\":\"EntryPoint\",\"urlTemplate\":\"https:\/\/www.leadingflagind.com\/?s={search_term_string}\"},\"query-input\":{\"@type\":\"PropertyValueSpecification\",\"valueRequired\":true,\"valueName\":\"search_term_string\"}}],\"inLanguage\":\"fr-FR\"},{\"@type\":\"Organization\",\"@id\":\"https:\/\/www.leadingflagind.com\/#organization\",\"name\":\"LEADING FLAG INDUSTRIAL & TRADING LIMITED\",\"url\":\"https:\/\/www.leadingflagind.com\/\",\"logo\":{\"@type\":\"ImageObject\",\"inLanguage\":\"fr-FR\",\"@id\":\"https:\/\/www.leadingflagind.com\/#\/schema\/logo\/image\/\",\"url\":\"https:\/\/www.leadingflagind.com\/wp-content\/uploads\/2025\/11\/LOGO-leading-Flag.svg\",\"contentUrl\":\"https:\/\/www.leadingflagind.com\/wp-content\/uploads\/2025\/11\/LOGO-leading-Flag.svg\",\"width\":436,\"height\":76,\"caption\":\"LEADING FLAG INDUSTRIAL & TRADING LIMITED\"},\"image\":{\"@id\":\"https:\/\/www.leadingflagind.com\/#\/schema\/logo\/image\/\"}}]}<\/script>\n<!-- \/ Yoast SEO plugin. -->","yoast_head_json":{"title":"Mini-r\u00e9frig\u00e9rateur Fg Power 50 litres blanc - LEADING FLAG","description":"Commande m\u00e9canique  Serrure \u00e0 cl\u00e9  Porte r\u00e9versible  Capacit\u00e9 utile totale (l) : 46  Capacit\u00e9 r\u00e9versible (l) : 4,5  Type de commande : m\u00e9canique  Certification : GS\/CE\/CB\/SAA\/CSA  Dimensions nettes (L x P x H) (mm) : 474 x 447 x 496  Capacit\u00e9 de chargement : 599","robots":{"index":"index","follow":"follow","max-snippet":"max-snippet:-1","max-image-preview":"max-image-preview:large","max-video-preview":"max-video-preview:-1"},"canonical":"https:\/\/www.leadingflagind.com\/fr\/product\/mini-refrigerateur-fg-power-50-litres-blanc\/","og_locale":"fr_FR","og_type":"article","og_title":"Mini-r\u00e9frig\u00e9rateur Fg Power 50 litres blanc - LEADING FLAG","og_description":"Commande m\u00e9canique  Serrure \u00e0 cl\u00e9  Porte r\u00e9versible  Capacit\u00e9 utile totale (l) : 46  Capacit\u00e9 r\u00e9versible (l) : 4,5  Type de commande : m\u00e9canique  Certification : GS\/CE\/CB\/SAA\/CSA  Dimensions nettes (L x P x H) (mm) : 474 x 447 x 496  Capacit\u00e9 de chargement : 599","og_url":"https:\/\/www.leadingflagind.com\/fr\/product\/mini-refrigerateur-fg-power-50-litres-blanc\/","og_site_name":"LEADING FLAG","article_modified_time":"2025-11-12T11:09:15+00:00","og_image":[{"width":800,"height":800,"url":"https:\/\/www.leadingflagind.com\/wp-content\/uploads\/2025\/11\/117.jpg","type":"image\/jpeg"}],"twitter_card":"summary_large_image","schema":{"@context":"https:\/\/schema.org","@graph":[{"@type":"WebPage","@id":"https:\/\/www.leadingflagind.com\/fr\/product\/mini-refrigerateur-fg-power-50-litres-blanc\/","url":"https:\/\/www.leadingflagind.com\/fr\/product\/mini-refrigerateur-fg-power-50-litres-blanc\/","name":"Mini-r\u00e9frig\u00e9rateur Fg Power 50 litres blanc - LEADING FLAG","isPartOf":{"@id":"https:\/\/www.leadingflagind.com\/#website"},"primaryImageOfPage":{"@id":"https:\/\/www.leadingflagind.com\/fr\/product\/mini-refrigerateur-fg-power-50-litres-blanc\/#primaryimage"},"image":{"@id":"https:\/\/www.leadingflagind.com\/fr\/product\/mini-refrigerateur-fg-power-50-litres-blanc\/#primaryimage"},"thumbnailUrl":"https:\/\/www.leadingflagind.com\/wp-content\/uploads\/2025\/11\/117.jpg","datePublished":"2025-11-11T10:46:55+00:00","dateModified":"2025-11-12T11:09:15+00:00","description":"Commande m\u00e9canique Serrure \u00e0 cl\u00e9 Porte r\u00e9versible Capacit\u00e9 utile totale (l) : 46 Capacit\u00e9 r\u00e9versible (l) : 4,5 Type de commande : m\u00e9canique Certification : GS\/CE\/CB\/SAA\/CSA Dimensions nettes (L x P x H) (mm) : 474 x 447 x 496 Capacit\u00e9 de chargement : 599","breadcrumb":{"@id":"https:\/\/www.leadingflagind.com\/fr\/product\/mini-refrigerateur-fg-power-50-litres-blanc\/#breadcrumb"},"inLanguage":"fr-FR","potentialAction":[{"@type":"ReadAction","target":["https:\/\/www.leadingflagind.com\/fr\/product\/mini-refrigerateur-fg-power-50-litres-blanc\/"]}]},{"@type":"ImageObject","inLanguage":"fr-FR","@id":"https:\/\/www.leadingflagind.com\/fr\/product\/mini-refrigerateur-fg-power-50-litres-blanc\/#primaryimage","url":"https:\/\/www.leadingflagind.com\/wp-content\/uploads\/2025\/11\/117.jpg","contentUrl":"https:\/\/www.leadingflagind.com\/wp-content\/uploads\/2025\/11\/117.jpg","width":800,"height":800},{"@type":"BreadcrumbList","@id":"https:\/\/www.leadingflagind.com\/fr\/product\/mini-refrigerateur-fg-power-50-litres-blanc\/#breadcrumb","itemListElement":[{"@type":"ListItem","position":1,"name":"Home","item":"https:\/\/www.leadingflagind.com\/fr\/"},{"@type":"ListItem","position":2,"name":"Products","item":"https:\/\/www.leadingflagind.com\/shop\/"},{"@type":"ListItem","position":3,"name":"Mini-r\u00e9frig\u00e9rateur Fg Power 50 litres blanc"}]},{"@type":"WebSite","@id":"https:\/\/www.leadingflagind.com\/#website","url":"https:\/\/www.leadingflagind.com\/","name":"LEADING FLAG - Home Appliance Manufacturing","description":"Home Appliance Manufacturing","publisher":{"@id":"https:\/\/www.leadingflagind.com\/#organization"},"potentialAction":[{"@type":"SearchAction","target":{"@type":"EntryPoint","urlTemplate":"https:\/\/www.leadingflagind.com\/?s={search_term_string}"},"query-input":{"@type":"PropertyValueSpecification","valueRequired":true,"valueName":"search_term_string"}}],"inLanguage":"fr-FR"},{"@type":"Organization","@id":"https:\/\/www.leadingflagind.com\/#organization","name":"LEADING FLAG INDUSTRIAL & TRADING LIMITED","url":"https:\/\/www.leadingflagind.com\/","logo":{"@type":"ImageObject","inLanguage":"fr-FR","@id":"https:\/\/www.leadingflagind.com\/#\/schema\/logo\/image\/","url":"https:\/\/www.leadingflagind.com\/wp-content\/uploads\/2025\/11\/LOGO-leading-Flag.svg","contentUrl":"https:\/\/www.leadingflagind.com\/wp-content\/uploads\/2025\/11\/LOGO-leading-Flag.svg","width":436,"height":76,"caption":"LEADING FLAG INDUSTRIAL & TRADING LIMITED"},"image":{"@id":"https:\/\/www.leadingflagind.com\/#\/schema\/logo\/image\/"}}]}},"_links":{"self":[{"href":"https:\/\/www.leadingflagind.com\/fr\/wp-json\/wp\/v2\/product\/9194","targetHints":{"allow":["GET"]}}],"collection":[{"href":"https:\/\/www.leadingflagind.com\/fr\/wp-json\/wp\/v2\/product"}],"about":[{"href":"https:\/\/www.leadingflagind.com\/fr\/wp-json\/wp\/v2\/types\/product"}],"wp:featuredmedia":[{"embeddable":true,"href":"https:\/\/www.leadingflagind.com\/fr\/wp-json\/wp\/v2\/media\/8647"}],"wp:attachment":[{"href":"https:\/\/www.leadingflagind.com\/fr\/wp-json\/wp\/v2\/media?parent=9194"}],"wp:term":[{"taxonomy":"product_brand","embeddable":true,"href":"https:\/\/www.leadingflagind.com\/fr\/wp-json\/wp\/v2\/product_brand?post=9194"},{"taxonomy":"product_cat","embeddable":true,"href":"https:\/\/www.leadingflagind.com\/fr\/wp-json\/wp\/v2\/product_cat?post=9194"},{"taxonomy":"product_tag","embeddable":true,"href":"https:\/\/www.leadingflagind.com\/fr\/wp-json\/wp\/v2\/product_tag?post=9194"}],"curies":[{"name":"wp","href":"https:\/\/api.w.org\/{rel}","templated":true}]}}