{"id":9135,"date":"2025-11-11T10:47:04","date_gmt":"2025-11-11T10:47:04","guid":{"rendered":"https:\/\/www.leadingflagind.com\/product\/fg-power-20l-vacuum-cleaner-1500w-2-motors\/"},"modified":"2025-11-12T10:52:05","modified_gmt":"2025-11-12T10:52:05","slug":"aspirateur-fg-power-20-l-1500-w-2-moteurs","status":"publish","type":"product","link":"https:\/\/www.leadingflagind.com\/fr\/product\/aspirateur-fg-power-20-l-1500-w-2-moteurs\/","title":{"rendered":"Aspirateur FG Power \u2013 20 L, 1500 W, 2 moteurs"},"content":{"rendered":"","protected":false},"excerpt":{"rendered":"<article class=\"text-token-text-primary w-full focus:outline-none [--shadow-height:45px] has-data-writing-block:pointer-events-none has-data-writing-block:-mt-(--shadow-height) has-data-writing-block:pt-(--shadow-height) [&amp;:has([data-writing-block])&gt;*]:pointer-events-auto [content-visibility:auto] supports-[content-visibility:auto]:[contain-intrinsic-size:auto_100lvh] scroll-mt-[calc(var(--header-height)+min(200px,max(70px,20svh)))]\" dir=\"auto\" tabindex=\"-1\" data-turn-id=\"request-WEB:5e739f11-fe99-4650-bb7a-1073c15a82e7-118\" data-testid=\"conversation-turn-238\" data-scroll-anchor=\"true\" data-turn=\"assistant\">\n<div class=\"text-base my-auto mx-auto pb-10 [--thread-content-margin:--spacing(4)] thread-sm:[--thread-content-margin:--spacing(6)] thread-lg:[--thread-content-margin:--spacing(16)] px-(--thread-content-margin)\">\n<div class=\"[--thread-content-max-width:40rem] thread-lg:[--thread-content-max-width:48rem] mx-auto max-w-(--thread-content-max-width) flex-1 group\/turn-messages focus-visible:outline-hidden relative flex w-full min-w-0 flex-col agent-turn\" tabindex=\"-1\">\n<div class=\"flex max-w-full flex-col grow\">\n<div class=\"min-h-8 text-message relative flex w-full flex-col items-end gap-2 text-start break-words whitespace-normal [.text-message+&amp;]:mt-1\" dir=\"auto\" data-message-author-role=\"assistant\" data-message-id=\"0ad22b61-fcea-43cd-b9c0-a64681c674b4\" data-message-model-slug=\"gpt-5-mini\">\n<div class=\"flex w-full flex-col gap-1 empty:hidden first:pt-[1px]\">\n<div class=\"markdown prose dark:prose-invert w-full break-words light markdown-new-styling\">\n<ul>\n<li data-start=\"63\" data-end=\"95\"><strong data-start=\"63\" data-end=\"93\">Aspirateur FG Power \u2013 20 L<\/strong><\/li>\n<li data-start=\"97\" data-end=\"138\">\n<p data-start=\"99\" data-end=\"138\"><strong data-start=\"99\" data-end=\"111\">Moteur :<\/strong> Double \u00e9tage, 1500 W \u00d7 1<\/p>\n<\/li>\n<li data-start=\"139\" data-end=\"166\">\n<p data-start=\"141\" data-end=\"166\"><strong data-start=\"141\" data-end=\"154\">Tension :<\/strong> 220-240 V<\/p>\n<\/li>\n<li data-start=\"167\" data-end=\"195\">\n<p data-start=\"169\" data-end=\"195\"><strong data-start=\"169\" data-end=\"184\">Fr\u00e9quence :<\/strong> 50-60 Hz<\/p>\n<\/li>\n<li data-start=\"196\" data-end=\"219\">\n<p data-start=\"198\" data-end=\"219\"><strong data-start=\"198\" data-end=\"212\">Capacit\u00e9 :<\/strong> 20 L<\/p>\n<\/li>\n<li data-start=\"220\" data-end=\"243\">\n<p data-start=\"222\" data-end=\"243\"><strong data-start=\"222\" data-end=\"235\">Hauteur :<\/strong> 57 cm<\/p>\n<\/li>\n<li data-start=\"244\" data-end=\"268\">\n<p data-start=\"246\" data-end=\"268\"><strong data-start=\"246\" data-end=\"260\">Diam\u00e8tre :<\/strong> 32 cm<\/p>\n<\/li>\n<li data-start=\"269\" data-end=\"299\">\n<p data-start=\"271\" data-end=\"299\"><strong data-start=\"271\" data-end=\"288\">D\u00e9bit d\u2019air :<\/strong> 53 L\/sec<\/p>\n<\/li>\n<li data-start=\"300\" data-end=\"331\">\n<p data-start=\"302\" data-end=\"331\"><strong data-start=\"302\" data-end=\"318\">Aspiration :<\/strong> 2000 mmH\u2082O<\/p>\n<\/li>\n<li data-start=\"332\" data-end=\"374\">\n<p data-start=\"334\" data-end=\"374\"><strong data-start=\"334\" data-end=\"348\">Fonction :<\/strong> Nettoyage humide et sec<\/p>\n<\/li>\n<li data-start=\"375\" data-end=\"403\">\n<p data-start=\"377\" data-end=\"403\"><strong data-start=\"377\" data-end=\"393\">Poids brut :<\/strong> 10,5 kg<\/p>\n<\/li>\n<li data-start=\"404\" data-end=\"451\">\n<p data-start=\"406\" data-end=\"451\"><strong data-start=\"406\" data-end=\"445\">Longueur du cordon d\u2019alimentation :<\/strong> 5 m<\/p>\n<\/li>\n<li data-start=\"452\" data-end=\"485\">\n<p data-start=\"454\" data-end=\"485\"><strong data-start=\"454\" data-end=\"477\">Longueur du tuyau :<\/strong> 2,5 m<\/p>\n<\/li>\n<li data-start=\"486\" data-end=\"536\" data-is-last-node=\"\">\n<p data-start=\"488\" data-end=\"536\" data-is-last-node=\"\"><strong data-start=\"488\" data-end=\"514\">Dimensions emballage :<\/strong> 0,43 \u00d7 0,43 \u00d7 0,535 m<\/p>\n<\/li>\n<\/ul>\n<\/div>\n<\/div>\n<\/div>\n<\/div>\n<div class=\"z-0 flex min-h-[46px] justify-start\"><\/div>\n<div class=\"mt-3 w-full empty:hidden\">\n<div class=\"text-center\"><\/div>\n<\/div>\n<\/div>\n<\/div>\n<\/article>\n<div class=\"pointer-events-none h-px w-px\" aria-hidden=\"true\" data-edge=\"true\"><\/div>\n","protected":false},"featured_media":8660,"template":"","meta":[],"product_brand":[],"product_cat":[172],"product_tag":[],"class_list":{"0":"post-9135","1":"product","2":"type-product","3":"status-publish","4":"has-post-thumbnail","6":"product_cat-aspirateurs","8":"first","9":"instock","10":"shipping-taxable","11":"product-type-simple"},"yoast_head":"<!-- This site is optimized with the Yoast SEO plugin v26.6 - https:\/\/yoast.com\/wordpress\/plugins\/seo\/ -->\n<title>Aspirateur FG Power \u2013 20 L, 1500 W, 2 moteurs - LEADING FLAG<\/title>\n<meta name=\"description\" content=\"Aspirateur FG Power \u2013 20 L   Moteur : Double \u00e9tage, 1500 W \u00d7 1    Tension : 220-240 V    Fr\u00e9quence : 50-60 Hz    Capacit\u00e9 : 20 L    Hauteur : 57 cm    Diam\u00e8tre : 32 cm    D\u00e9bit d\u2019air : 53 L\/sec    Aspiration : 2000 mmH\u2082O    Fonction : Nettoyage humide et sec    Poids brut : 10,5 kg    Longueur du cordon d\u2019alimentation : 5 m    Longueur du tuyau : 2,5 m    Dimensions emballage : 0,43 \u00d7 0,43 \u00d7 0,535 m\" \/>\n<meta name=\"robots\" content=\"index, follow, max-snippet:-1, max-image-preview:large, max-video-preview:-1\" \/>\n<link rel=\"canonical\" href=\"https:\/\/www.leadingflagind.com\/fr\/product\/aspirateur-fg-power-20-l-1500-w-2-moteurs\/\" \/>\n<meta property=\"og:locale\" content=\"fr_FR\" \/>\n<meta property=\"og:type\" content=\"article\" \/>\n<meta property=\"og:title\" content=\"Aspirateur FG Power \u2013 20 L, 1500 W, 2 moteurs - LEADING FLAG\" \/>\n<meta property=\"og:description\" content=\"Aspirateur FG Power \u2013 20 L   Moteur : Double \u00e9tage, 1500 W \u00d7 1    Tension : 220-240 V    Fr\u00e9quence : 50-60 Hz    Capacit\u00e9 : 20 L    Hauteur : 57 cm    Diam\u00e8tre : 32 cm    D\u00e9bit d\u2019air : 53 L\/sec    Aspiration : 2000 mmH\u2082O    Fonction : Nettoyage humide et sec    Poids brut : 10,5 kg    Longueur du cordon d\u2019alimentation : 5 m    Longueur du tuyau : 2,5 m    Dimensions emballage : 0,43 \u00d7 0,43 \u00d7 0,535 m\" \/>\n<meta property=\"og:url\" content=\"https:\/\/www.leadingflagind.com\/fr\/product\/aspirateur-fg-power-20-l-1500-w-2-moteurs\/\" \/>\n<meta property=\"og:site_name\" content=\"LEADING FLAG\" \/>\n<meta property=\"article:modified_time\" content=\"2025-11-12T10:52:05+00:00\" \/>\n<meta property=\"og:image\" content=\"https:\/\/www.leadingflagind.com\/wp-content\/uploads\/2025\/11\/147.jpg\" \/>\n\t<meta property=\"og:image:width\" content=\"800\" \/>\n\t<meta property=\"og:image:height\" content=\"800\" \/>\n\t<meta property=\"og:image:type\" content=\"image\/jpeg\" \/>\n<meta name=\"twitter:card\" content=\"summary_large_image\" \/>\n<script type=\"application\/ld+json\" class=\"yoast-schema-graph\">{\"@context\":\"https:\/\/schema.org\",\"@graph\":[{\"@type\":\"WebPage\",\"@id\":\"https:\/\/www.leadingflagind.com\/fr\/product\/aspirateur-fg-power-20-l-1500-w-2-moteurs\/\",\"url\":\"https:\/\/www.leadingflagind.com\/fr\/product\/aspirateur-fg-power-20-l-1500-w-2-moteurs\/\",\"name\":\"Aspirateur FG Power \u2013 20 L, 1500 W, 2 moteurs - LEADING FLAG\",\"isPartOf\":{\"@id\":\"https:\/\/www.leadingflagind.com\/#website\"},\"primaryImageOfPage\":{\"@id\":\"https:\/\/www.leadingflagind.com\/fr\/product\/aspirateur-fg-power-20-l-1500-w-2-moteurs\/#primaryimage\"},\"image\":{\"@id\":\"https:\/\/www.leadingflagind.com\/fr\/product\/aspirateur-fg-power-20-l-1500-w-2-moteurs\/#primaryimage\"},\"thumbnailUrl\":\"https:\/\/www.leadingflagind.com\/wp-content\/uploads\/2025\/11\/147.jpg\",\"datePublished\":\"2025-11-11T10:47:04+00:00\",\"dateModified\":\"2025-11-12T10:52:05+00:00\",\"description\":\"Aspirateur FG Power \u2013 20 L Moteur : Double \u00e9tage, 1500 W \u00d7 1 Tension : 220-240 V Fr\u00e9quence : 50-60 Hz Capacit\u00e9 : 20 L Hauteur : 57 cm Diam\u00e8tre : 32 cm D\u00e9bit d\u2019air : 53 L\/sec Aspiration : 2000 mmH\u2082O Fonction : Nettoyage humide et sec Poids brut : 10,5 kg Longueur du cordon d\u2019alimentation : 5 m Longueur du tuyau : 2,5 m Dimensions emballage : 0,43 \u00d7 0,43 \u00d7 0,535 m\",\"breadcrumb\":{\"@id\":\"https:\/\/www.leadingflagind.com\/fr\/product\/aspirateur-fg-power-20-l-1500-w-2-moteurs\/#breadcrumb\"},\"inLanguage\":\"fr-FR\",\"potentialAction\":[{\"@type\":\"ReadAction\",\"target\":[\"https:\/\/www.leadingflagind.com\/fr\/product\/aspirateur-fg-power-20-l-1500-w-2-moteurs\/\"]}]},{\"@type\":\"ImageObject\",\"inLanguage\":\"fr-FR\",\"@id\":\"https:\/\/www.leadingflagind.com\/fr\/product\/aspirateur-fg-power-20-l-1500-w-2-moteurs\/#primaryimage\",\"url\":\"https:\/\/www.leadingflagind.com\/wp-content\/uploads\/2025\/11\/147.jpg\",\"contentUrl\":\"https:\/\/www.leadingflagind.com\/wp-content\/uploads\/2025\/11\/147.jpg\",\"width\":800,\"height\":800},{\"@type\":\"BreadcrumbList\",\"@id\":\"https:\/\/www.leadingflagind.com\/fr\/product\/aspirateur-fg-power-20-l-1500-w-2-moteurs\/#breadcrumb\",\"itemListElement\":[{\"@type\":\"ListItem\",\"position\":1,\"name\":\"Home\",\"item\":\"https:\/\/www.leadingflagind.com\/fr\/\"},{\"@type\":\"ListItem\",\"position\":2,\"name\":\"Products\",\"item\":\"https:\/\/www.leadingflagind.com\/shop\/\"},{\"@type\":\"ListItem\",\"position\":3,\"name\":\"Aspirateur FG Power \u2013 20 L, 1500 W, 2 moteurs\"}]},{\"@type\":\"WebSite\",\"@id\":\"https:\/\/www.leadingflagind.com\/#website\",\"url\":\"https:\/\/www.leadingflagind.com\/\",\"name\":\"LEADING FLAG - Home Appliance Manufacturing\",\"description\":\"Home Appliance Manufacturing\",\"publisher\":{\"@id\":\"https:\/\/www.leadingflagind.com\/#organization\"},\"potentialAction\":[{\"@type\":\"SearchAction\",\"target\":{\"@type\":\"EntryPoint\",\"urlTemplate\":\"https:\/\/www.leadingflagind.com\/?s={search_term_string}\"},\"query-input\":{\"@type\":\"PropertyValueSpecification\",\"valueRequired\":true,\"valueName\":\"search_term_string\"}}],\"inLanguage\":\"fr-FR\"},{\"@type\":\"Organization\",\"@id\":\"https:\/\/www.leadingflagind.com\/#organization\",\"name\":\"LEADING FLAG INDUSTRIAL & TRADING LIMITED\",\"url\":\"https:\/\/www.leadingflagind.com\/\",\"logo\":{\"@type\":\"ImageObject\",\"inLanguage\":\"fr-FR\",\"@id\":\"https:\/\/www.leadingflagind.com\/#\/schema\/logo\/image\/\",\"url\":\"https:\/\/www.leadingflagind.com\/wp-content\/uploads\/2025\/11\/LOGO-leading-Flag.svg\",\"contentUrl\":\"https:\/\/www.leadingflagind.com\/wp-content\/uploads\/2025\/11\/LOGO-leading-Flag.svg\",\"width\":436,\"height\":76,\"caption\":\"LEADING FLAG INDUSTRIAL & TRADING LIMITED\"},\"image\":{\"@id\":\"https:\/\/www.leadingflagind.com\/#\/schema\/logo\/image\/\"}}]}<\/script>\n<!-- \/ Yoast SEO plugin. -->","yoast_head_json":{"title":"Aspirateur FG Power \u2013 20 L, 1500 W, 2 moteurs - LEADING FLAG","description":"Aspirateur FG Power \u2013 20 L   Moteur : Double \u00e9tage, 1500 W \u00d7 1    Tension : 220-240 V    Fr\u00e9quence : 50-60 Hz    Capacit\u00e9 : 20 L    Hauteur : 57 cm    Diam\u00e8tre : 32 cm    D\u00e9bit d\u2019air : 53 L\/sec    Aspiration : 2000 mmH\u2082O    Fonction : Nettoyage humide et sec    Poids brut : 10,5 kg    Longueur du cordon d\u2019alimentation : 5 m    Longueur du tuyau : 2,5 m    Dimensions emballage : 0,43 \u00d7 0,43 \u00d7 0,535 m","robots":{"index":"index","follow":"follow","max-snippet":"max-snippet:-1","max-image-preview":"max-image-preview:large","max-video-preview":"max-video-preview:-1"},"canonical":"https:\/\/www.leadingflagind.com\/fr\/product\/aspirateur-fg-power-20-l-1500-w-2-moteurs\/","og_locale":"fr_FR","og_type":"article","og_title":"Aspirateur FG Power \u2013 20 L, 1500 W, 2 moteurs - LEADING FLAG","og_description":"Aspirateur FG Power \u2013 20 L   Moteur : Double \u00e9tage, 1500 W \u00d7 1    Tension : 220-240 V    Fr\u00e9quence : 50-60 Hz    Capacit\u00e9 : 20 L    Hauteur : 57 cm    Diam\u00e8tre : 32 cm    D\u00e9bit d\u2019air : 53 L\/sec    Aspiration : 2000 mmH\u2082O    Fonction : Nettoyage humide et sec    Poids brut : 10,5 kg    Longueur du cordon d\u2019alimentation : 5 m    Longueur du tuyau : 2,5 m    Dimensions emballage : 0,43 \u00d7 0,43 \u00d7 0,535 m","og_url":"https:\/\/www.leadingflagind.com\/fr\/product\/aspirateur-fg-power-20-l-1500-w-2-moteurs\/","og_site_name":"LEADING FLAG","article_modified_time":"2025-11-12T10:52:05+00:00","og_image":[{"width":800,"height":800,"url":"https:\/\/www.leadingflagind.com\/wp-content\/uploads\/2025\/11\/147.jpg","type":"image\/jpeg"}],"twitter_card":"summary_large_image","schema":{"@context":"https:\/\/schema.org","@graph":[{"@type":"WebPage","@id":"https:\/\/www.leadingflagind.com\/fr\/product\/aspirateur-fg-power-20-l-1500-w-2-moteurs\/","url":"https:\/\/www.leadingflagind.com\/fr\/product\/aspirateur-fg-power-20-l-1500-w-2-moteurs\/","name":"Aspirateur FG Power \u2013 20 L, 1500 W, 2 moteurs - LEADING FLAG","isPartOf":{"@id":"https:\/\/www.leadingflagind.com\/#website"},"primaryImageOfPage":{"@id":"https:\/\/www.leadingflagind.com\/fr\/product\/aspirateur-fg-power-20-l-1500-w-2-moteurs\/#primaryimage"},"image":{"@id":"https:\/\/www.leadingflagind.com\/fr\/product\/aspirateur-fg-power-20-l-1500-w-2-moteurs\/#primaryimage"},"thumbnailUrl":"https:\/\/www.leadingflagind.com\/wp-content\/uploads\/2025\/11\/147.jpg","datePublished":"2025-11-11T10:47:04+00:00","dateModified":"2025-11-12T10:52:05+00:00","description":"Aspirateur FG Power \u2013 20 L Moteur : Double \u00e9tage, 1500 W \u00d7 1 Tension : 220-240 V Fr\u00e9quence : 50-60 Hz Capacit\u00e9 : 20 L Hauteur : 57 cm Diam\u00e8tre : 32 cm D\u00e9bit d\u2019air : 53 L\/sec Aspiration : 2000 mmH\u2082O Fonction : Nettoyage humide et sec Poids brut : 10,5 kg Longueur du cordon d\u2019alimentation : 5 m Longueur du tuyau : 2,5 m Dimensions emballage : 0,43 \u00d7 0,43 \u00d7 0,535 m","breadcrumb":{"@id":"https:\/\/www.leadingflagind.com\/fr\/product\/aspirateur-fg-power-20-l-1500-w-2-moteurs\/#breadcrumb"},"inLanguage":"fr-FR","potentialAction":[{"@type":"ReadAction","target":["https:\/\/www.leadingflagind.com\/fr\/product\/aspirateur-fg-power-20-l-1500-w-2-moteurs\/"]}]},{"@type":"ImageObject","inLanguage":"fr-FR","@id":"https:\/\/www.leadingflagind.com\/fr\/product\/aspirateur-fg-power-20-l-1500-w-2-moteurs\/#primaryimage","url":"https:\/\/www.leadingflagind.com\/wp-content\/uploads\/2025\/11\/147.jpg","contentUrl":"https:\/\/www.leadingflagind.com\/wp-content\/uploads\/2025\/11\/147.jpg","width":800,"height":800},{"@type":"BreadcrumbList","@id":"https:\/\/www.leadingflagind.com\/fr\/product\/aspirateur-fg-power-20-l-1500-w-2-moteurs\/#breadcrumb","itemListElement":[{"@type":"ListItem","position":1,"name":"Home","item":"https:\/\/www.leadingflagind.com\/fr\/"},{"@type":"ListItem","position":2,"name":"Products","item":"https:\/\/www.leadingflagind.com\/shop\/"},{"@type":"ListItem","position":3,"name":"Aspirateur FG Power \u2013 20 L, 1500 W, 2 moteurs"}]},{"@type":"WebSite","@id":"https:\/\/www.leadingflagind.com\/#website","url":"https:\/\/www.leadingflagind.com\/","name":"LEADING FLAG - Home Appliance Manufacturing","description":"Home Appliance Manufacturing","publisher":{"@id":"https:\/\/www.leadingflagind.com\/#organization"},"potentialAction":[{"@type":"SearchAction","target":{"@type":"EntryPoint","urlTemplate":"https:\/\/www.leadingflagind.com\/?s={search_term_string}"},"query-input":{"@type":"PropertyValueSpecification","valueRequired":true,"valueName":"search_term_string"}}],"inLanguage":"fr-FR"},{"@type":"Organization","@id":"https:\/\/www.leadingflagind.com\/#organization","name":"LEADING FLAG INDUSTRIAL & TRADING LIMITED","url":"https:\/\/www.leadingflagind.com\/","logo":{"@type":"ImageObject","inLanguage":"fr-FR","@id":"https:\/\/www.leadingflagind.com\/#\/schema\/logo\/image\/","url":"https:\/\/www.leadingflagind.com\/wp-content\/uploads\/2025\/11\/LOGO-leading-Flag.svg","contentUrl":"https:\/\/www.leadingflagind.com\/wp-content\/uploads\/2025\/11\/LOGO-leading-Flag.svg","width":436,"height":76,"caption":"LEADING FLAG INDUSTRIAL & TRADING LIMITED"},"image":{"@id":"https:\/\/www.leadingflagind.com\/#\/schema\/logo\/image\/"}}]}},"_links":{"self":[{"href":"https:\/\/www.leadingflagind.com\/fr\/wp-json\/wp\/v2\/product\/9135","targetHints":{"allow":["GET"]}}],"collection":[{"href":"https:\/\/www.leadingflagind.com\/fr\/wp-json\/wp\/v2\/product"}],"about":[{"href":"https:\/\/www.leadingflagind.com\/fr\/wp-json\/wp\/v2\/types\/product"}],"wp:featuredmedia":[{"embeddable":true,"href":"https:\/\/www.leadingflagind.com\/fr\/wp-json\/wp\/v2\/media\/8660"}],"wp:attachment":[{"href":"https:\/\/www.leadingflagind.com\/fr\/wp-json\/wp\/v2\/media?parent=9135"}],"wp:term":[{"taxonomy":"product_brand","embeddable":true,"href":"https:\/\/www.leadingflagind.com\/fr\/wp-json\/wp\/v2\/product_brand?post=9135"},{"taxonomy":"product_cat","embeddable":true,"href":"https:\/\/www.leadingflagind.com\/fr\/wp-json\/wp\/v2\/product_cat?post=9135"},{"taxonomy":"product_tag","embeddable":true,"href":"https:\/\/www.leadingflagind.com\/fr\/wp-json\/wp\/v2\/product_tag?post=9135"}],"curies":[{"name":"wp","href":"https:\/\/api.w.org\/{rel}","templated":true}]}}