{"id":9100,"date":"2025-11-11T10:47:10","date_gmt":"2025-11-11T10:47:10","guid":{"rendered":"https:\/\/www.leadingflagind.com\/product\/fg-power-chigo-18k18-air-conditioner\/"},"modified":"2025-11-12T10:39:29","modified_gmt":"2025-11-12T10:39:29","slug":"climatiseur-fg-power-chigo-18-000-btu","status":"publish","type":"product","link":"https:\/\/www.leadingflagind.com\/fr\/product\/climatiseur-fg-power-chigo-18-000-btu\/","title":{"rendered":"Climatiseur FG Power\/Chigo \u2013 18 000 BTU"},"content":{"rendered":"","protected":false},"excerpt":{"rendered":"<ul>\n<li data-start=\"60\" data-end=\"81\"><strong data-start=\"60\" data-end=\"79\">Affichage cach\u00e9<\/strong><\/li>\n<li data-start=\"84\" data-end=\"104\"><strong data-start=\"84\" data-end=\"102\">Finition dor\u00e9e<\/strong><\/li>\n<li data-start=\"107\" data-end=\"139\"><strong data-start=\"107\" data-end=\"127\">Tension faible :<\/strong> 178-265 V<\/li>\n<li data-start=\"142\" data-end=\"185\"><strong data-start=\"142\" data-end=\"183\">Dimensions emballage (L \u00d7 P \u00d7 H) mm :<\/strong><\/li>\n<li data-start=\"190\" data-end=\"219\">Int\u00e9rieur : 820 \u00d7 335 \u00d7 268<\/li>\n<li data-start=\"224\" data-end=\"253\">Ext\u00e9rieur : 847 \u00d7 355 \u00d7 605<\/li>\n<li data-start=\"256\" data-end=\"283\"><strong data-start=\"256\" data-end=\"281\">Poids brut\/net (kg) :<\/strong><\/li>\n<li data-start=\"288\" data-end=\"307\">Int\u00e9rieur : 9 \/ 8<\/li>\n<li data-start=\"312\" data-end=\"333\">Ext\u00e9rieur : 27 \/ 25<\/li>\n<li data-start=\"336\" data-end=\"411\"><strong data-start=\"336\" data-end=\"397\">Quantit\u00e9 de chargement (conteneur 40 ft haute capacit\u00e9) :<\/strong> 285 ensembles<\/li>\n<li><\/li>\n<\/ul>\n","protected":false},"featured_media":8278,"template":"","meta":[],"product_brand":[],"product_cat":[177,173],"product_tag":[],"class_list":{"0":"post-9100","1":"product","2":"type-product","3":"status-publish","4":"has-post-thumbnail","6":"product_cat-climatiseur-normal-2-pieces","7":"product_cat-climatiseurs","9":"first","10":"instock","11":"shipping-taxable","12":"product-type-simple"},"yoast_head":"<!-- This site is optimized with the Yoast SEO plugin v26.6 - https:\/\/yoast.com\/wordpress\/plugins\/seo\/ -->\n<title>Climatiseur FG Power\/Chigo \u2013 18 000 BTU - LEADING FLAG<\/title>\n<meta name=\"description\" content=\"Affichage cach\u00e9  Finition dor\u00e9e  Tension faible : 178-265 V  Dimensions emballage (L \u00d7 P \u00d7 H) mm :  Int\u00e9rieur : 820 \u00d7 335 \u00d7 268  Ext\u00e9rieur : 847 \u00d7 355 \u00d7 605  Poids brut\/net (kg) :  Int\u00e9rieur : 9 \/ 8  Ext\u00e9rieur : 27 \/ 25  Quantit\u00e9 de chargement (conteneur 40 ft haute capacit\u00e9) : 285 ensembles\" \/>\n<meta name=\"robots\" content=\"index, follow, max-snippet:-1, max-image-preview:large, max-video-preview:-1\" \/>\n<link rel=\"canonical\" href=\"https:\/\/www.leadingflagind.com\/fr\/product\/climatiseur-fg-power-chigo-18-000-btu\/\" \/>\n<meta property=\"og:locale\" content=\"fr_FR\" \/>\n<meta property=\"og:type\" content=\"article\" \/>\n<meta property=\"og:title\" content=\"Climatiseur FG Power\/Chigo \u2013 18 000 BTU - LEADING FLAG\" \/>\n<meta property=\"og:description\" content=\"Affichage cach\u00e9  Finition dor\u00e9e  Tension faible : 178-265 V  Dimensions emballage (L \u00d7 P \u00d7 H) mm :  Int\u00e9rieur : 820 \u00d7 335 \u00d7 268  Ext\u00e9rieur : 847 \u00d7 355 \u00d7 605  Poids brut\/net (kg) :  Int\u00e9rieur : 9 \/ 8  Ext\u00e9rieur : 27 \/ 25  Quantit\u00e9 de chargement (conteneur 40 ft haute capacit\u00e9) : 285 ensembles\" \/>\n<meta property=\"og:url\" content=\"https:\/\/www.leadingflagind.com\/fr\/product\/climatiseur-fg-power-chigo-18-000-btu\/\" \/>\n<meta property=\"og:site_name\" content=\"LEADING FLAG\" \/>\n<meta property=\"article:modified_time\" content=\"2025-11-12T10:39:29+00:00\" \/>\n<meta property=\"og:image\" content=\"https:\/\/www.leadingflagind.com\/wp-content\/uploads\/2025\/11\/162.jpg\" \/>\n\t<meta property=\"og:image:width\" content=\"800\" \/>\n\t<meta property=\"og:image:height\" content=\"800\" \/>\n\t<meta property=\"og:image:type\" content=\"image\/jpeg\" \/>\n<meta name=\"twitter:card\" content=\"summary_large_image\" \/>\n<script type=\"application\/ld+json\" class=\"yoast-schema-graph\">{\"@context\":\"https:\/\/schema.org\",\"@graph\":[{\"@type\":\"WebPage\",\"@id\":\"https:\/\/www.leadingflagind.com\/fr\/product\/climatiseur-fg-power-chigo-18-000-btu\/\",\"url\":\"https:\/\/www.leadingflagind.com\/fr\/product\/climatiseur-fg-power-chigo-18-000-btu\/\",\"name\":\"Climatiseur FG Power\/Chigo \u2013 18 000 BTU - LEADING FLAG\",\"isPartOf\":{\"@id\":\"https:\/\/www.leadingflagind.com\/#website\"},\"primaryImageOfPage\":{\"@id\":\"https:\/\/www.leadingflagind.com\/fr\/product\/climatiseur-fg-power-chigo-18-000-btu\/#primaryimage\"},\"image\":{\"@id\":\"https:\/\/www.leadingflagind.com\/fr\/product\/climatiseur-fg-power-chigo-18-000-btu\/#primaryimage\"},\"thumbnailUrl\":\"https:\/\/www.leadingflagind.com\/wp-content\/uploads\/2025\/11\/162.jpg\",\"datePublished\":\"2025-11-11T10:47:10+00:00\",\"dateModified\":\"2025-11-12T10:39:29+00:00\",\"description\":\"Affichage cach\u00e9 Finition dor\u00e9e Tension faible : 178-265 V Dimensions emballage (L \u00d7 P \u00d7 H) mm : Int\u00e9rieur : 820 \u00d7 335 \u00d7 268 Ext\u00e9rieur : 847 \u00d7 355 \u00d7 605 Poids brut\/net (kg) : Int\u00e9rieur : 9 \/ 8 Ext\u00e9rieur : 27 \/ 25 Quantit\u00e9 de chargement (conteneur 40 ft haute capacit\u00e9) : 285 ensembles\",\"breadcrumb\":{\"@id\":\"https:\/\/www.leadingflagind.com\/fr\/product\/climatiseur-fg-power-chigo-18-000-btu\/#breadcrumb\"},\"inLanguage\":\"fr-FR\",\"potentialAction\":[{\"@type\":\"ReadAction\",\"target\":[\"https:\/\/www.leadingflagind.com\/fr\/product\/climatiseur-fg-power-chigo-18-000-btu\/\"]}]},{\"@type\":\"ImageObject\",\"inLanguage\":\"fr-FR\",\"@id\":\"https:\/\/www.leadingflagind.com\/fr\/product\/climatiseur-fg-power-chigo-18-000-btu\/#primaryimage\",\"url\":\"https:\/\/www.leadingflagind.com\/wp-content\/uploads\/2025\/11\/162.jpg\",\"contentUrl\":\"https:\/\/www.leadingflagind.com\/wp-content\/uploads\/2025\/11\/162.jpg\",\"width\":800,\"height\":800},{\"@type\":\"BreadcrumbList\",\"@id\":\"https:\/\/www.leadingflagind.com\/fr\/product\/climatiseur-fg-power-chigo-18-000-btu\/#breadcrumb\",\"itemListElement\":[{\"@type\":\"ListItem\",\"position\":1,\"name\":\"Home\",\"item\":\"https:\/\/www.leadingflagind.com\/fr\/\"},{\"@type\":\"ListItem\",\"position\":2,\"name\":\"Products\",\"item\":\"https:\/\/www.leadingflagind.com\/shop\/\"},{\"@type\":\"ListItem\",\"position\":3,\"name\":\"Climatiseur FG Power\/Chigo \u2013 18 000 BTU\"}]},{\"@type\":\"WebSite\",\"@id\":\"https:\/\/www.leadingflagind.com\/#website\",\"url\":\"https:\/\/www.leadingflagind.com\/\",\"name\":\"LEADING FLAG - Home Appliance Manufacturing\",\"description\":\"Home Appliance Manufacturing\",\"publisher\":{\"@id\":\"https:\/\/www.leadingflagind.com\/#organization\"},\"potentialAction\":[{\"@type\":\"SearchAction\",\"target\":{\"@type\":\"EntryPoint\",\"urlTemplate\":\"https:\/\/www.leadingflagind.com\/?s={search_term_string}\"},\"query-input\":{\"@type\":\"PropertyValueSpecification\",\"valueRequired\":true,\"valueName\":\"search_term_string\"}}],\"inLanguage\":\"fr-FR\"},{\"@type\":\"Organization\",\"@id\":\"https:\/\/www.leadingflagind.com\/#organization\",\"name\":\"LEADING FLAG INDUSTRIAL & TRADING LIMITED\",\"url\":\"https:\/\/www.leadingflagind.com\/\",\"logo\":{\"@type\":\"ImageObject\",\"inLanguage\":\"fr-FR\",\"@id\":\"https:\/\/www.leadingflagind.com\/#\/schema\/logo\/image\/\",\"url\":\"https:\/\/www.leadingflagind.com\/wp-content\/uploads\/2025\/11\/LOGO-leading-Flag.svg\",\"contentUrl\":\"https:\/\/www.leadingflagind.com\/wp-content\/uploads\/2025\/11\/LOGO-leading-Flag.svg\",\"width\":436,\"height\":76,\"caption\":\"LEADING FLAG INDUSTRIAL & TRADING LIMITED\"},\"image\":{\"@id\":\"https:\/\/www.leadingflagind.com\/#\/schema\/logo\/image\/\"}}]}<\/script>\n<!-- \/ Yoast SEO plugin. -->","yoast_head_json":{"title":"Climatiseur FG Power\/Chigo \u2013 18 000 BTU - LEADING FLAG","description":"Affichage cach\u00e9  Finition dor\u00e9e  Tension faible : 178-265 V  Dimensions emballage (L \u00d7 P \u00d7 H) mm :  Int\u00e9rieur : 820 \u00d7 335 \u00d7 268  Ext\u00e9rieur : 847 \u00d7 355 \u00d7 605  Poids brut\/net (kg) :  Int\u00e9rieur : 9 \/ 8  Ext\u00e9rieur : 27 \/ 25  Quantit\u00e9 de chargement (conteneur 40 ft haute capacit\u00e9) : 285 ensembles","robots":{"index":"index","follow":"follow","max-snippet":"max-snippet:-1","max-image-preview":"max-image-preview:large","max-video-preview":"max-video-preview:-1"},"canonical":"https:\/\/www.leadingflagind.com\/fr\/product\/climatiseur-fg-power-chigo-18-000-btu\/","og_locale":"fr_FR","og_type":"article","og_title":"Climatiseur FG Power\/Chigo \u2013 18 000 BTU - LEADING FLAG","og_description":"Affichage cach\u00e9  Finition dor\u00e9e  Tension faible : 178-265 V  Dimensions emballage (L \u00d7 P \u00d7 H) mm :  Int\u00e9rieur : 820 \u00d7 335 \u00d7 268  Ext\u00e9rieur : 847 \u00d7 355 \u00d7 605  Poids brut\/net (kg) :  Int\u00e9rieur : 9 \/ 8  Ext\u00e9rieur : 27 \/ 25  Quantit\u00e9 de chargement (conteneur 40 ft haute capacit\u00e9) : 285 ensembles","og_url":"https:\/\/www.leadingflagind.com\/fr\/product\/climatiseur-fg-power-chigo-18-000-btu\/","og_site_name":"LEADING FLAG","article_modified_time":"2025-11-12T10:39:29+00:00","og_image":[{"width":800,"height":800,"url":"https:\/\/www.leadingflagind.com\/wp-content\/uploads\/2025\/11\/162.jpg","type":"image\/jpeg"}],"twitter_card":"summary_large_image","schema":{"@context":"https:\/\/schema.org","@graph":[{"@type":"WebPage","@id":"https:\/\/www.leadingflagind.com\/fr\/product\/climatiseur-fg-power-chigo-18-000-btu\/","url":"https:\/\/www.leadingflagind.com\/fr\/product\/climatiseur-fg-power-chigo-18-000-btu\/","name":"Climatiseur FG Power\/Chigo \u2013 18 000 BTU - LEADING FLAG","isPartOf":{"@id":"https:\/\/www.leadingflagind.com\/#website"},"primaryImageOfPage":{"@id":"https:\/\/www.leadingflagind.com\/fr\/product\/climatiseur-fg-power-chigo-18-000-btu\/#primaryimage"},"image":{"@id":"https:\/\/www.leadingflagind.com\/fr\/product\/climatiseur-fg-power-chigo-18-000-btu\/#primaryimage"},"thumbnailUrl":"https:\/\/www.leadingflagind.com\/wp-content\/uploads\/2025\/11\/162.jpg","datePublished":"2025-11-11T10:47:10+00:00","dateModified":"2025-11-12T10:39:29+00:00","description":"Affichage cach\u00e9 Finition dor\u00e9e Tension faible : 178-265 V Dimensions emballage (L \u00d7 P \u00d7 H) mm : Int\u00e9rieur : 820 \u00d7 335 \u00d7 268 Ext\u00e9rieur : 847 \u00d7 355 \u00d7 605 Poids brut\/net (kg) : Int\u00e9rieur : 9 \/ 8 Ext\u00e9rieur : 27 \/ 25 Quantit\u00e9 de chargement (conteneur 40 ft haute capacit\u00e9) : 285 ensembles","breadcrumb":{"@id":"https:\/\/www.leadingflagind.com\/fr\/product\/climatiseur-fg-power-chigo-18-000-btu\/#breadcrumb"},"inLanguage":"fr-FR","potentialAction":[{"@type":"ReadAction","target":["https:\/\/www.leadingflagind.com\/fr\/product\/climatiseur-fg-power-chigo-18-000-btu\/"]}]},{"@type":"ImageObject","inLanguage":"fr-FR","@id":"https:\/\/www.leadingflagind.com\/fr\/product\/climatiseur-fg-power-chigo-18-000-btu\/#primaryimage","url":"https:\/\/www.leadingflagind.com\/wp-content\/uploads\/2025\/11\/162.jpg","contentUrl":"https:\/\/www.leadingflagind.com\/wp-content\/uploads\/2025\/11\/162.jpg","width":800,"height":800},{"@type":"BreadcrumbList","@id":"https:\/\/www.leadingflagind.com\/fr\/product\/climatiseur-fg-power-chigo-18-000-btu\/#breadcrumb","itemListElement":[{"@type":"ListItem","position":1,"name":"Home","item":"https:\/\/www.leadingflagind.com\/fr\/"},{"@type":"ListItem","position":2,"name":"Products","item":"https:\/\/www.leadingflagind.com\/shop\/"},{"@type":"ListItem","position":3,"name":"Climatiseur FG Power\/Chigo \u2013 18 000 BTU"}]},{"@type":"WebSite","@id":"https:\/\/www.leadingflagind.com\/#website","url":"https:\/\/www.leadingflagind.com\/","name":"LEADING FLAG - Home Appliance Manufacturing","description":"Home Appliance Manufacturing","publisher":{"@id":"https:\/\/www.leadingflagind.com\/#organization"},"potentialAction":[{"@type":"SearchAction","target":{"@type":"EntryPoint","urlTemplate":"https:\/\/www.leadingflagind.com\/?s={search_term_string}"},"query-input":{"@type":"PropertyValueSpecification","valueRequired":true,"valueName":"search_term_string"}}],"inLanguage":"fr-FR"},{"@type":"Organization","@id":"https:\/\/www.leadingflagind.com\/#organization","name":"LEADING FLAG INDUSTRIAL & TRADING LIMITED","url":"https:\/\/www.leadingflagind.com\/","logo":{"@type":"ImageObject","inLanguage":"fr-FR","@id":"https:\/\/www.leadingflagind.com\/#\/schema\/logo\/image\/","url":"https:\/\/www.leadingflagind.com\/wp-content\/uploads\/2025\/11\/LOGO-leading-Flag.svg","contentUrl":"https:\/\/www.leadingflagind.com\/wp-content\/uploads\/2025\/11\/LOGO-leading-Flag.svg","width":436,"height":76,"caption":"LEADING FLAG INDUSTRIAL & TRADING LIMITED"},"image":{"@id":"https:\/\/www.leadingflagind.com\/#\/schema\/logo\/image\/"}}]}},"_links":{"self":[{"href":"https:\/\/www.leadingflagind.com\/fr\/wp-json\/wp\/v2\/product\/9100","targetHints":{"allow":["GET"]}}],"collection":[{"href":"https:\/\/www.leadingflagind.com\/fr\/wp-json\/wp\/v2\/product"}],"about":[{"href":"https:\/\/www.leadingflagind.com\/fr\/wp-json\/wp\/v2\/types\/product"}],"wp:featuredmedia":[{"embeddable":true,"href":"https:\/\/www.leadingflagind.com\/fr\/wp-json\/wp\/v2\/media\/8278"}],"wp:attachment":[{"href":"https:\/\/www.leadingflagind.com\/fr\/wp-json\/wp\/v2\/media?parent=9100"}],"wp:term":[{"taxonomy":"product_brand","embeddable":true,"href":"https:\/\/www.leadingflagind.com\/fr\/wp-json\/wp\/v2\/product_brand?post=9100"},{"taxonomy":"product_cat","embeddable":true,"href":"https:\/\/www.leadingflagind.com\/fr\/wp-json\/wp\/v2\/product_cat?post=9100"},{"taxonomy":"product_tag","embeddable":true,"href":"https:\/\/www.leadingflagind.com\/fr\/wp-json\/wp\/v2\/product_tag?post=9100"}],"curies":[{"name":"wp","href":"https:\/\/api.w.org\/{rel}","templated":true}]}}