{"id":9069,"date":"2025-11-11T10:47:11","date_gmt":"2025-11-11T10:47:11","guid":{"rendered":"https:\/\/www.leadingflagind.com\/product\/fg-power-chigo-12k-air-conditioner\/"},"modified":"2025-11-12T10:34:22","modified_gmt":"2025-11-12T10:34:22","slug":"climatiseur-fg-power-chigo-12-000-btu","status":"publish","type":"product","link":"https:\/\/www.leadingflagind.com\/fr\/product\/climatiseur-fg-power-chigo-12-000-btu\/","title":{"rendered":"Climatiseur FG Power\/Chigo \u2013 12 000 BTU"},"content":{"rendered":"","protected":false},"excerpt":{"rendered":"<article class=\"text-token-text-primary w-full focus:outline-none [--shadow-height:45px] has-data-writing-block:pointer-events-none has-data-writing-block:-mt-(--shadow-height) has-data-writing-block:pt-(--shadow-height) [&amp;:has([data-writing-block])&gt;*]:pointer-events-auto [content-visibility:auto] supports-[content-visibility:auto]:[contain-intrinsic-size:auto_100lvh] scroll-mt-[calc(var(--header-height)+min(200px,max(70px,20svh)))]\" dir=\"auto\" tabindex=\"-1\" data-turn-id=\"request-WEB:5e739f11-fe99-4650-bb7a-1073c15a82e7-99\" data-testid=\"conversation-turn-200\" data-scroll-anchor=\"true\" data-turn=\"assistant\">\n<div class=\"text-base my-auto mx-auto pb-10 [--thread-content-margin:--spacing(4)] thread-sm:[--thread-content-margin:--spacing(6)] thread-lg:[--thread-content-margin:--spacing(16)] px-(--thread-content-margin)\">\n<div class=\"[--thread-content-max-width:40rem] thread-lg:[--thread-content-max-width:48rem] mx-auto max-w-(--thread-content-max-width) flex-1 group\/turn-messages focus-visible:outline-hidden relative flex w-full min-w-0 flex-col agent-turn\" tabindex=\"-1\">\n<div class=\"flex max-w-full flex-col grow\">\n<div class=\"min-h-8 text-message relative flex w-full flex-col items-end gap-2 text-start break-words whitespace-normal [.text-message+&amp;]:mt-1\" dir=\"auto\" data-message-author-role=\"assistant\" data-message-id=\"cb83ff9b-a1d3-4253-b101-52fa7bf39d74\" data-message-model-slug=\"gpt-5-mini\">\n<div class=\"flex w-full flex-col gap-1 empty:hidden first:pt-[1px]\">\n<div class=\"markdown prose dark:prose-invert w-full break-words light markdown-new-styling\">\n<ul data-start=\"58\" data-end=\"412\" data-is-last-node=\"\" data-is-only-node=\"\">\n<li data-start=\"58\" data-end=\"88\">\n<p data-start=\"60\" data-end=\"88\"><strong data-start=\"60\" data-end=\"86\">Refroidissement rapide \/<\/strong><strong data-start=\"91\" data-end=\"118\">Red\u00e9marrage automatique\/<\/strong><strong data-start=\"123\" data-end=\"139\">Faible bruit\/<\/strong><strong data-start=\"144\" data-end=\"156\">Mode ECO\/<\/strong><strong data-start=\"161\" data-end=\"193\">Compresseur de haute qualit\u00e9\/<\/strong><strong data-start=\"198\" data-end=\"218\">R\u00e9glage LED doux<\/strong><\/p>\n<\/li>\n<li data-start=\"221\" data-end=\"277\">\n<p data-start=\"223\" data-end=\"277\"><strong data-start=\"223\" data-end=\"256\">Dimensions unit\u00e9 int\u00e9rieure :<\/strong> 850 \u00d7 276 \u00d7 202 mm\/<strong data-start=\"280\" data-end=\"313\">Dimensions unit\u00e9 ext\u00e9rieure :<\/strong> 835 \u00d7 322 \u00d7 546 mm<\/p>\n<\/li>\n<li data-start=\"335\" data-end=\"412\" data-is-last-node=\"\">\n<p data-start=\"337\" data-end=\"412\" data-is-last-node=\"\"><strong data-start=\"337\" data-end=\"398\">Quantit\u00e9 de chargement (conteneur 40 ft haute capacit\u00e9) :<\/strong> 235 ensembles<\/p>\n<\/li>\n<\/ul>\n<\/div>\n<\/div>\n<\/div>\n<\/div>\n<div class=\"z-0 flex min-h-[46px] justify-start\"><\/div>\n<div class=\"mt-3 w-full empty:hidden\">\n<div class=\"text-center\"><\/div>\n<\/div>\n<\/div>\n<\/div>\n<\/article>\n<div class=\"pointer-events-none h-px w-px\" aria-hidden=\"true\" data-edge=\"true\"><\/div>\n","protected":false},"featured_media":8278,"template":"","meta":[],"product_brand":[],"product_cat":[177,173],"product_tag":[],"class_list":{"0":"post-9069","1":"product","2":"type-product","3":"status-publish","4":"has-post-thumbnail","6":"product_cat-climatiseur-normal-2-pieces","7":"product_cat-climatiseurs","9":"first","10":"instock","11":"shipping-taxable","12":"product-type-simple"},"yoast_head":"<!-- This site is optimized with the Yoast SEO plugin v26.6 - https:\/\/yoast.com\/wordpress\/plugins\/seo\/ -->\n<title>Climatiseur FG Power\/Chigo \u2013 12 000 BTU - LEADING FLAG<\/title>\n<meta name=\"description\" content=\"Refroidissement rapide \/Red\u00e9marrage automatique\/Faible bruit\/Mode ECO\/Compresseur de haute qualit\u00e9\/R\u00e9glage LED doux    Dimensions unit\u00e9 int\u00e9rieure : 850 \u00d7 276 \u00d7 202 mm\/Dimensions unit\u00e9 ext\u00e9rieure : 835 \u00d7 322 \u00d7 546 mm    Quantit\u00e9 de chargement (conteneur 40 ft haute capacit\u00e9) : 235 ensembles\" \/>\n<meta name=\"robots\" content=\"index, follow, max-snippet:-1, max-image-preview:large, max-video-preview:-1\" \/>\n<link rel=\"canonical\" href=\"https:\/\/www.leadingflagind.com\/fr\/product\/climatiseur-fg-power-chigo-12-000-btu\/\" \/>\n<meta property=\"og:locale\" content=\"fr_FR\" \/>\n<meta property=\"og:type\" content=\"article\" \/>\n<meta property=\"og:title\" content=\"Climatiseur FG Power\/Chigo \u2013 12 000 BTU - LEADING FLAG\" \/>\n<meta property=\"og:description\" content=\"Refroidissement rapide \/Red\u00e9marrage automatique\/Faible bruit\/Mode ECO\/Compresseur de haute qualit\u00e9\/R\u00e9glage LED doux    Dimensions unit\u00e9 int\u00e9rieure : 850 \u00d7 276 \u00d7 202 mm\/Dimensions unit\u00e9 ext\u00e9rieure : 835 \u00d7 322 \u00d7 546 mm    Quantit\u00e9 de chargement (conteneur 40 ft haute capacit\u00e9) : 235 ensembles\" \/>\n<meta property=\"og:url\" content=\"https:\/\/www.leadingflagind.com\/fr\/product\/climatiseur-fg-power-chigo-12-000-btu\/\" \/>\n<meta property=\"og:site_name\" content=\"LEADING FLAG\" \/>\n<meta property=\"article:modified_time\" content=\"2025-11-12T10:34:22+00:00\" \/>\n<meta property=\"og:image\" content=\"https:\/\/www.leadingflagind.com\/wp-content\/uploads\/2025\/11\/162.jpg\" \/>\n\t<meta property=\"og:image:width\" content=\"800\" \/>\n\t<meta property=\"og:image:height\" content=\"800\" \/>\n\t<meta property=\"og:image:type\" content=\"image\/jpeg\" \/>\n<meta name=\"twitter:card\" content=\"summary_large_image\" \/>\n<script type=\"application\/ld+json\" class=\"yoast-schema-graph\">{\"@context\":\"https:\/\/schema.org\",\"@graph\":[{\"@type\":\"WebPage\",\"@id\":\"https:\/\/www.leadingflagind.com\/fr\/product\/climatiseur-fg-power-chigo-12-000-btu\/\",\"url\":\"https:\/\/www.leadingflagind.com\/fr\/product\/climatiseur-fg-power-chigo-12-000-btu\/\",\"name\":\"Climatiseur FG Power\/Chigo \u2013 12 000 BTU - LEADING FLAG\",\"isPartOf\":{\"@id\":\"https:\/\/www.leadingflagind.com\/#website\"},\"primaryImageOfPage\":{\"@id\":\"https:\/\/www.leadingflagind.com\/fr\/product\/climatiseur-fg-power-chigo-12-000-btu\/#primaryimage\"},\"image\":{\"@id\":\"https:\/\/www.leadingflagind.com\/fr\/product\/climatiseur-fg-power-chigo-12-000-btu\/#primaryimage\"},\"thumbnailUrl\":\"https:\/\/www.leadingflagind.com\/wp-content\/uploads\/2025\/11\/162.jpg\",\"datePublished\":\"2025-11-11T10:47:11+00:00\",\"dateModified\":\"2025-11-12T10:34:22+00:00\",\"description\":\"Refroidissement rapide \/Red\u00e9marrage automatique\/Faible bruit\/Mode ECO\/Compresseur de haute qualit\u00e9\/R\u00e9glage LED doux Dimensions unit\u00e9 int\u00e9rieure : 850 \u00d7 276 \u00d7 202 mm\/Dimensions unit\u00e9 ext\u00e9rieure : 835 \u00d7 322 \u00d7 546 mm Quantit\u00e9 de chargement (conteneur 40 ft haute capacit\u00e9) : 235 ensembles\",\"breadcrumb\":{\"@id\":\"https:\/\/www.leadingflagind.com\/fr\/product\/climatiseur-fg-power-chigo-12-000-btu\/#breadcrumb\"},\"inLanguage\":\"fr-FR\",\"potentialAction\":[{\"@type\":\"ReadAction\",\"target\":[\"https:\/\/www.leadingflagind.com\/fr\/product\/climatiseur-fg-power-chigo-12-000-btu\/\"]}]},{\"@type\":\"ImageObject\",\"inLanguage\":\"fr-FR\",\"@id\":\"https:\/\/www.leadingflagind.com\/fr\/product\/climatiseur-fg-power-chigo-12-000-btu\/#primaryimage\",\"url\":\"https:\/\/www.leadingflagind.com\/wp-content\/uploads\/2025\/11\/162.jpg\",\"contentUrl\":\"https:\/\/www.leadingflagind.com\/wp-content\/uploads\/2025\/11\/162.jpg\",\"width\":800,\"height\":800},{\"@type\":\"BreadcrumbList\",\"@id\":\"https:\/\/www.leadingflagind.com\/fr\/product\/climatiseur-fg-power-chigo-12-000-btu\/#breadcrumb\",\"itemListElement\":[{\"@type\":\"ListItem\",\"position\":1,\"name\":\"Home\",\"item\":\"https:\/\/www.leadingflagind.com\/fr\/\"},{\"@type\":\"ListItem\",\"position\":2,\"name\":\"Products\",\"item\":\"https:\/\/www.leadingflagind.com\/shop\/\"},{\"@type\":\"ListItem\",\"position\":3,\"name\":\"Climatiseur FG Power\/Chigo \u2013 12 000 BTU\"}]},{\"@type\":\"WebSite\",\"@id\":\"https:\/\/www.leadingflagind.com\/#website\",\"url\":\"https:\/\/www.leadingflagind.com\/\",\"name\":\"LEADING FLAG - Home Appliance Manufacturing\",\"description\":\"Home Appliance Manufacturing\",\"publisher\":{\"@id\":\"https:\/\/www.leadingflagind.com\/#organization\"},\"potentialAction\":[{\"@type\":\"SearchAction\",\"target\":{\"@type\":\"EntryPoint\",\"urlTemplate\":\"https:\/\/www.leadingflagind.com\/?s={search_term_string}\"},\"query-input\":{\"@type\":\"PropertyValueSpecification\",\"valueRequired\":true,\"valueName\":\"search_term_string\"}}],\"inLanguage\":\"fr-FR\"},{\"@type\":\"Organization\",\"@id\":\"https:\/\/www.leadingflagind.com\/#organization\",\"name\":\"LEADING FLAG INDUSTRIAL & TRADING LIMITED\",\"url\":\"https:\/\/www.leadingflagind.com\/\",\"logo\":{\"@type\":\"ImageObject\",\"inLanguage\":\"fr-FR\",\"@id\":\"https:\/\/www.leadingflagind.com\/#\/schema\/logo\/image\/\",\"url\":\"https:\/\/www.leadingflagind.com\/wp-content\/uploads\/2025\/11\/LOGO-leading-Flag.svg\",\"contentUrl\":\"https:\/\/www.leadingflagind.com\/wp-content\/uploads\/2025\/11\/LOGO-leading-Flag.svg\",\"width\":436,\"height\":76,\"caption\":\"LEADING FLAG INDUSTRIAL & TRADING LIMITED\"},\"image\":{\"@id\":\"https:\/\/www.leadingflagind.com\/#\/schema\/logo\/image\/\"}}]}<\/script>\n<!-- \/ Yoast SEO plugin. -->","yoast_head_json":{"title":"Climatiseur FG Power\/Chigo \u2013 12 000 BTU - LEADING FLAG","description":"Refroidissement rapide \/Red\u00e9marrage automatique\/Faible bruit\/Mode ECO\/Compresseur de haute qualit\u00e9\/R\u00e9glage LED doux    Dimensions unit\u00e9 int\u00e9rieure : 850 \u00d7 276 \u00d7 202 mm\/Dimensions unit\u00e9 ext\u00e9rieure : 835 \u00d7 322 \u00d7 546 mm    Quantit\u00e9 de chargement (conteneur 40 ft haute capacit\u00e9) : 235 ensembles","robots":{"index":"index","follow":"follow","max-snippet":"max-snippet:-1","max-image-preview":"max-image-preview:large","max-video-preview":"max-video-preview:-1"},"canonical":"https:\/\/www.leadingflagind.com\/fr\/product\/climatiseur-fg-power-chigo-12-000-btu\/","og_locale":"fr_FR","og_type":"article","og_title":"Climatiseur FG Power\/Chigo \u2013 12 000 BTU - LEADING FLAG","og_description":"Refroidissement rapide \/Red\u00e9marrage automatique\/Faible bruit\/Mode ECO\/Compresseur de haute qualit\u00e9\/R\u00e9glage LED doux    Dimensions unit\u00e9 int\u00e9rieure : 850 \u00d7 276 \u00d7 202 mm\/Dimensions unit\u00e9 ext\u00e9rieure : 835 \u00d7 322 \u00d7 546 mm    Quantit\u00e9 de chargement (conteneur 40 ft haute capacit\u00e9) : 235 ensembles","og_url":"https:\/\/www.leadingflagind.com\/fr\/product\/climatiseur-fg-power-chigo-12-000-btu\/","og_site_name":"LEADING FLAG","article_modified_time":"2025-11-12T10:34:22+00:00","og_image":[{"width":800,"height":800,"url":"https:\/\/www.leadingflagind.com\/wp-content\/uploads\/2025\/11\/162.jpg","type":"image\/jpeg"}],"twitter_card":"summary_large_image","schema":{"@context":"https:\/\/schema.org","@graph":[{"@type":"WebPage","@id":"https:\/\/www.leadingflagind.com\/fr\/product\/climatiseur-fg-power-chigo-12-000-btu\/","url":"https:\/\/www.leadingflagind.com\/fr\/product\/climatiseur-fg-power-chigo-12-000-btu\/","name":"Climatiseur FG Power\/Chigo \u2013 12 000 BTU - LEADING FLAG","isPartOf":{"@id":"https:\/\/www.leadingflagind.com\/#website"},"primaryImageOfPage":{"@id":"https:\/\/www.leadingflagind.com\/fr\/product\/climatiseur-fg-power-chigo-12-000-btu\/#primaryimage"},"image":{"@id":"https:\/\/www.leadingflagind.com\/fr\/product\/climatiseur-fg-power-chigo-12-000-btu\/#primaryimage"},"thumbnailUrl":"https:\/\/www.leadingflagind.com\/wp-content\/uploads\/2025\/11\/162.jpg","datePublished":"2025-11-11T10:47:11+00:00","dateModified":"2025-11-12T10:34:22+00:00","description":"Refroidissement rapide \/Red\u00e9marrage automatique\/Faible bruit\/Mode ECO\/Compresseur de haute qualit\u00e9\/R\u00e9glage LED doux Dimensions unit\u00e9 int\u00e9rieure : 850 \u00d7 276 \u00d7 202 mm\/Dimensions unit\u00e9 ext\u00e9rieure : 835 \u00d7 322 \u00d7 546 mm Quantit\u00e9 de chargement (conteneur 40 ft haute capacit\u00e9) : 235 ensembles","breadcrumb":{"@id":"https:\/\/www.leadingflagind.com\/fr\/product\/climatiseur-fg-power-chigo-12-000-btu\/#breadcrumb"},"inLanguage":"fr-FR","potentialAction":[{"@type":"ReadAction","target":["https:\/\/www.leadingflagind.com\/fr\/product\/climatiseur-fg-power-chigo-12-000-btu\/"]}]},{"@type":"ImageObject","inLanguage":"fr-FR","@id":"https:\/\/www.leadingflagind.com\/fr\/product\/climatiseur-fg-power-chigo-12-000-btu\/#primaryimage","url":"https:\/\/www.leadingflagind.com\/wp-content\/uploads\/2025\/11\/162.jpg","contentUrl":"https:\/\/www.leadingflagind.com\/wp-content\/uploads\/2025\/11\/162.jpg","width":800,"height":800},{"@type":"BreadcrumbList","@id":"https:\/\/www.leadingflagind.com\/fr\/product\/climatiseur-fg-power-chigo-12-000-btu\/#breadcrumb","itemListElement":[{"@type":"ListItem","position":1,"name":"Home","item":"https:\/\/www.leadingflagind.com\/fr\/"},{"@type":"ListItem","position":2,"name":"Products","item":"https:\/\/www.leadingflagind.com\/shop\/"},{"@type":"ListItem","position":3,"name":"Climatiseur FG Power\/Chigo \u2013 12 000 BTU"}]},{"@type":"WebSite","@id":"https:\/\/www.leadingflagind.com\/#website","url":"https:\/\/www.leadingflagind.com\/","name":"LEADING FLAG - Home Appliance Manufacturing","description":"Home Appliance Manufacturing","publisher":{"@id":"https:\/\/www.leadingflagind.com\/#organization"},"potentialAction":[{"@type":"SearchAction","target":{"@type":"EntryPoint","urlTemplate":"https:\/\/www.leadingflagind.com\/?s={search_term_string}"},"query-input":{"@type":"PropertyValueSpecification","valueRequired":true,"valueName":"search_term_string"}}],"inLanguage":"fr-FR"},{"@type":"Organization","@id":"https:\/\/www.leadingflagind.com\/#organization","name":"LEADING FLAG INDUSTRIAL & TRADING LIMITED","url":"https:\/\/www.leadingflagind.com\/","logo":{"@type":"ImageObject","inLanguage":"fr-FR","@id":"https:\/\/www.leadingflagind.com\/#\/schema\/logo\/image\/","url":"https:\/\/www.leadingflagind.com\/wp-content\/uploads\/2025\/11\/LOGO-leading-Flag.svg","contentUrl":"https:\/\/www.leadingflagind.com\/wp-content\/uploads\/2025\/11\/LOGO-leading-Flag.svg","width":436,"height":76,"caption":"LEADING FLAG INDUSTRIAL & TRADING LIMITED"},"image":{"@id":"https:\/\/www.leadingflagind.com\/#\/schema\/logo\/image\/"}}]}},"_links":{"self":[{"href":"https:\/\/www.leadingflagind.com\/fr\/wp-json\/wp\/v2\/product\/9069","targetHints":{"allow":["GET"]}}],"collection":[{"href":"https:\/\/www.leadingflagind.com\/fr\/wp-json\/wp\/v2\/product"}],"about":[{"href":"https:\/\/www.leadingflagind.com\/fr\/wp-json\/wp\/v2\/types\/product"}],"wp:featuredmedia":[{"embeddable":true,"href":"https:\/\/www.leadingflagind.com\/fr\/wp-json\/wp\/v2\/media\/8278"}],"wp:attachment":[{"href":"https:\/\/www.leadingflagind.com\/fr\/wp-json\/wp\/v2\/media?parent=9069"}],"wp:term":[{"taxonomy":"product_brand","embeddable":true,"href":"https:\/\/www.leadingflagind.com\/fr\/wp-json\/wp\/v2\/product_brand?post=9069"},{"taxonomy":"product_cat","embeddable":true,"href":"https:\/\/www.leadingflagind.com\/fr\/wp-json\/wp\/v2\/product_cat?post=9069"},{"taxonomy":"product_tag","embeddable":true,"href":"https:\/\/www.leadingflagind.com\/fr\/wp-json\/wp\/v2\/product_tag?post=9069"}],"curies":[{"name":"wp","href":"https:\/\/api.w.org\/{rel}","templated":true}]}}