{"id":9062,"date":"2025-11-11T10:47:12","date_gmt":"2025-11-11T10:47:12","guid":{"rendered":"https:\/\/www.leadingflagind.com\/product\/refregerator-380-litres-3-drawers\/"},"modified":"2025-11-12T10:27:11","modified_gmt":"2025-11-12T10:27:11","slug":"refrigerateur-fg-power-380-litres-3-tiroirs","status":"publish","type":"product","link":"https:\/\/www.leadingflagind.com\/fr\/product\/refrigerateur-fg-power-380-litres-3-tiroirs\/","title":{"rendered":"R\u00e9frig\u00e9rateur FG POWER 380 litres \u2013 3 tiroirs"},"content":{"rendered":"","protected":false},"excerpt":{"rendered":"<article class=\"text-token-text-primary w-full focus:outline-none [--shadow-height:45px] has-data-writing-block:pointer-events-none has-data-writing-block:-mt-(--shadow-height) has-data-writing-block:pt-(--shadow-height) [&amp;:has([data-writing-block])&gt;*]:pointer-events-auto [content-visibility:auto] supports-[content-visibility:auto]:[contain-intrinsic-size:auto_100lvh] scroll-mt-[calc(var(--header-height)+min(200px,max(70px,20svh)))]\" dir=\"auto\" tabindex=\"-1\" data-turn-id=\"request-WEB:5e739f11-fe99-4650-bb7a-1073c15a82e7-91\" data-testid=\"conversation-turn-184\" data-scroll-anchor=\"true\" data-turn=\"assistant\">\n<div class=\"text-base my-auto mx-auto pb-10 [--thread-content-margin:--spacing(4)] thread-sm:[--thread-content-margin:--spacing(6)] thread-lg:[--thread-content-margin:--spacing(16)] px-(--thread-content-margin)\">\n<div class=\"[--thread-content-max-width:40rem] thread-lg:[--thread-content-max-width:48rem] mx-auto max-w-(--thread-content-max-width) flex-1 group\/turn-messages focus-visible:outline-hidden relative flex w-full min-w-0 flex-col agent-turn\" tabindex=\"-1\">\n<div class=\"flex max-w-full flex-col grow\">\n<div class=\"min-h-8 text-message relative flex w-full flex-col items-end gap-2 text-start break-words whitespace-normal [.text-message+&amp;]:mt-1\" dir=\"auto\" data-message-author-role=\"assistant\" data-message-id=\"e6d59eee-fbcc-4144-bf6c-0b20a466fc6f\" data-message-model-slug=\"gpt-5-mini\">\n<div class=\"flex w-full flex-col gap-1 empty:hidden first:pt-[1px]\">\n<div class=\"markdown prose dark:prose-invert w-full break-words light markdown-new-styling\">\n<ul>\n<li data-start=\"63\" data-end=\"114\"><strong data-start=\"63\" data-end=\"112\">R\u00e9frig\u00e9rateur FG POWER 380 litres \u2013 3 tiroirs<\/strong><\/li>\n<li data-start=\"116\" data-end=\"146\">\n<p data-start=\"118\" data-end=\"146\"><strong data-start=\"118\" data-end=\"135\">Technologie :<\/strong> Inverter<\/p>\n<\/li>\n<li data-start=\"147\" data-end=\"196\">\n<p data-start=\"149\" data-end=\"196\"><strong data-start=\"149\" data-end=\"170\">Mode commutable :<\/strong> Fra\u00eecheur \/ Cong\u00e9lation<\/p>\n<\/li>\n<li data-start=\"197\" data-end=\"228\">\n<p data-start=\"199\" data-end=\"228\"><strong data-start=\"199\" data-end=\"211\">Design :<\/strong> Total No Frost<\/p>\n<\/li>\n<li data-start=\"229\" data-end=\"279\">\n<p data-start=\"231\" data-end=\"279\"><strong data-start=\"231\" data-end=\"263\">Syst\u00e8me de refroidissement :<\/strong> Multi Airflow<\/p>\n<\/li>\n<li data-start=\"280\" data-end=\"324\">\n<p data-start=\"282\" data-end=\"324\"><strong data-start=\"282\" data-end=\"297\">Affichage :<\/strong> LED tactile \u00e9lectronique<\/p>\n<\/li>\n<li data-start=\"325\" data-end=\"358\">\n<p data-start=\"327\" data-end=\"358\"><strong data-start=\"327\" data-end=\"352\">\u00c9clairage int\u00e9rieur :<\/strong> LED<\/p>\n<\/li>\n<li data-start=\"359\" data-end=\"387\">\n<p data-start=\"361\" data-end=\"387\"><strong data-start=\"361\" data-end=\"385\">Poign\u00e9e d\u2019assistance<\/strong><\/p>\n<\/li>\n<li data-start=\"388\" data-end=\"412\">\n<p data-start=\"390\" data-end=\"412\"><strong data-start=\"390\" data-end=\"410\">Porte r\u00e9versible<\/strong><\/p>\n<\/li>\n<li data-start=\"413\" data-end=\"454\">\n<p data-start=\"415\" data-end=\"454\"><strong data-start=\"415\" data-end=\"446\">Capacit\u00e9 totale effective :<\/strong> 380 L<\/p>\n<\/li>\n<li data-start=\"455\" data-end=\"507\">\n<p data-start=\"457\" data-end=\"507\"><strong data-start=\"457\" data-end=\"497\">Capacit\u00e9 R\u00e9frig\u00e9rateur\/Cong\u00e9lateur :<\/strong> 0\/380 L<\/p>\n<\/li>\n<li data-start=\"508\" data-end=\"547\">\n<p data-start=\"510\" data-end=\"547\"><strong data-start=\"510\" data-end=\"532\">Type de contr\u00f4le :<\/strong> \u00c9lectronique<\/p>\n<\/li>\n<li data-start=\"548\" data-end=\"589\">\n<p data-start=\"550\" data-end=\"589\"><strong data-start=\"550\" data-end=\"570\">Certifications :<\/strong> CE\/CB\/SAA\/CSA\/UL<\/p>\n<\/li>\n<li data-start=\"590\" data-end=\"649\">\n<p data-start=\"592\" data-end=\"649\"><strong data-start=\"592\" data-end=\"630\">Dimensions nettes (L \u00d7 P \u00d7 H) mm :<\/strong> 710 \u00d7 705 \u00d7 1855<\/p>\n<\/li>\n<li data-start=\"650\" data-end=\"723\" data-is-last-node=\"\">\n<p data-start=\"652\" data-end=\"723\" data-is-last-node=\"\"><strong data-start=\"652\" data-end=\"713\">Quantit\u00e9 de chargement (conteneur 40 ft haute capacit\u00e9) :<\/strong> 66 unit\u00e9s<\/p>\n<\/li>\n<\/ul>\n<\/div>\n<\/div>\n<\/div>\n<\/div>\n<div class=\"z-0 flex min-h-[46px] justify-start\"><\/div>\n<div class=\"mt-3 w-full empty:hidden\">\n<div class=\"text-center\"><\/div>\n<\/div>\n<\/div>\n<\/div>\n<\/article>\n<div class=\"pointer-events-none h-px w-px\" aria-hidden=\"true\" data-edge=\"true\"><\/div>\n","protected":false},"featured_media":8663,"template":"","meta":[],"product_brand":[],"product_cat":[171,195],"product_tag":[],"class_list":{"0":"post-9062","1":"product","2":"type-product","3":"status-publish","4":"has-post-thumbnail","6":"product_cat-refrigerateurs","7":"product_cat-refrigerateurs-standard","9":"first","10":"instock","11":"shipping-taxable","12":"product-type-simple"},"yoast_head":"<!-- This site is optimized with the Yoast SEO plugin v26.6 - https:\/\/yoast.com\/wordpress\/plugins\/seo\/ -->\n<title>R\u00e9frig\u00e9rateur FG POWER 380 litres \u2013 3 tiroirs - LEADING FLAG<\/title>\n<meta name=\"description\" content=\"R\u00e9frig\u00e9rateur FG POWER 380 litres \u2013 3 tiroirs   Technologie : Inverter    Mode commutable : Fra\u00eecheur \/ Cong\u00e9lation    Design : Total No Frost    Syst\u00e8me de refroidissement : Multi Airflow    Affichage : LED tactile \u00e9lectronique    \u00c9clairage int\u00e9rieur : LED    Poign\u00e9e d\u2019assistance    Porte r\u00e9versible    Capacit\u00e9 totale effective : 380 L    Capacit\u00e9 R\u00e9frig\u00e9rateur\/Cong\u00e9lateur : 0\/380 L    Type de contr\u00f4le : \u00c9lectronique    Certifications : CE\/CB\/SAA\/CSA\/UL    Dimensions nettes (L \u00d7 P \u00d7 H) mm : 710 \u00d7 705 \u00d7 1855    Quantit\u00e9 de chargement (conteneur 40 ft haute capacit\u00e9) : 66 unit\u00e9s\" \/>\n<meta name=\"robots\" content=\"index, follow, max-snippet:-1, max-image-preview:large, max-video-preview:-1\" \/>\n<link rel=\"canonical\" href=\"https:\/\/www.leadingflagind.com\/fr\/product\/refrigerateur-fg-power-380-litres-3-tiroirs\/\" \/>\n<meta property=\"og:locale\" content=\"fr_FR\" \/>\n<meta property=\"og:type\" content=\"article\" \/>\n<meta property=\"og:title\" content=\"R\u00e9frig\u00e9rateur FG POWER 380 litres \u2013 3 tiroirs - LEADING FLAG\" \/>\n<meta property=\"og:description\" content=\"R\u00e9frig\u00e9rateur FG POWER 380 litres \u2013 3 tiroirs   Technologie : Inverter    Mode commutable : Fra\u00eecheur \/ Cong\u00e9lation    Design : Total No Frost    Syst\u00e8me de refroidissement : Multi Airflow    Affichage : LED tactile \u00e9lectronique    \u00c9clairage int\u00e9rieur : LED    Poign\u00e9e d\u2019assistance    Porte r\u00e9versible    Capacit\u00e9 totale effective : 380 L    Capacit\u00e9 R\u00e9frig\u00e9rateur\/Cong\u00e9lateur : 0\/380 L    Type de contr\u00f4le : \u00c9lectronique    Certifications : CE\/CB\/SAA\/CSA\/UL    Dimensions nettes (L \u00d7 P \u00d7 H) mm : 710 \u00d7 705 \u00d7 1855    Quantit\u00e9 de chargement (conteneur 40 ft haute capacit\u00e9) : 66 unit\u00e9s\" \/>\n<meta property=\"og:url\" content=\"https:\/\/www.leadingflagind.com\/fr\/product\/refrigerateur-fg-power-380-litres-3-tiroirs\/\" \/>\n<meta property=\"og:site_name\" content=\"LEADING FLAG\" \/>\n<meta property=\"article:modified_time\" content=\"2025-11-12T10:27:11+00:00\" \/>\n<meta property=\"og:image\" content=\"https:\/\/www.leadingflagind.com\/wp-content\/uploads\/2025\/11\/95.jpg\" \/>\n\t<meta property=\"og:image:width\" content=\"800\" \/>\n\t<meta property=\"og:image:height\" content=\"800\" \/>\n\t<meta property=\"og:image:type\" content=\"image\/jpeg\" \/>\n<meta name=\"twitter:card\" content=\"summary_large_image\" \/>\n<script type=\"application\/ld+json\" class=\"yoast-schema-graph\">{\"@context\":\"https:\/\/schema.org\",\"@graph\":[{\"@type\":\"WebPage\",\"@id\":\"https:\/\/www.leadingflagind.com\/fr\/product\/refrigerateur-fg-power-380-litres-3-tiroirs\/\",\"url\":\"https:\/\/www.leadingflagind.com\/fr\/product\/refrigerateur-fg-power-380-litres-3-tiroirs\/\",\"name\":\"R\u00e9frig\u00e9rateur FG POWER 380 litres \u2013 3 tiroirs - LEADING FLAG\",\"isPartOf\":{\"@id\":\"https:\/\/www.leadingflagind.com\/#website\"},\"primaryImageOfPage\":{\"@id\":\"https:\/\/www.leadingflagind.com\/fr\/product\/refrigerateur-fg-power-380-litres-3-tiroirs\/#primaryimage\"},\"image\":{\"@id\":\"https:\/\/www.leadingflagind.com\/fr\/product\/refrigerateur-fg-power-380-litres-3-tiroirs\/#primaryimage\"},\"thumbnailUrl\":\"https:\/\/www.leadingflagind.com\/wp-content\/uploads\/2025\/11\/95.jpg\",\"datePublished\":\"2025-11-11T10:47:12+00:00\",\"dateModified\":\"2025-11-12T10:27:11+00:00\",\"description\":\"R\u00e9frig\u00e9rateur FG POWER 380 litres \u2013 3 tiroirs Technologie : Inverter Mode commutable : Fra\u00eecheur \/ Cong\u00e9lation Design : Total No Frost Syst\u00e8me de refroidissement : Multi Airflow Affichage : LED tactile \u00e9lectronique \u00c9clairage int\u00e9rieur : LED Poign\u00e9e d\u2019assistance Porte r\u00e9versible Capacit\u00e9 totale effective : 380 L Capacit\u00e9 R\u00e9frig\u00e9rateur\/Cong\u00e9lateur : 0\/380 L Type de contr\u00f4le : \u00c9lectronique Certifications : CE\/CB\/SAA\/CSA\/UL Dimensions nettes (L \u00d7 P \u00d7 H) mm : 710 \u00d7 705 \u00d7 1855 Quantit\u00e9 de chargement (conteneur 40 ft haute capacit\u00e9) : 66 unit\u00e9s\",\"breadcrumb\":{\"@id\":\"https:\/\/www.leadingflagind.com\/fr\/product\/refrigerateur-fg-power-380-litres-3-tiroirs\/#breadcrumb\"},\"inLanguage\":\"fr-FR\",\"potentialAction\":[{\"@type\":\"ReadAction\",\"target\":[\"https:\/\/www.leadingflagind.com\/fr\/product\/refrigerateur-fg-power-380-litres-3-tiroirs\/\"]}]},{\"@type\":\"ImageObject\",\"inLanguage\":\"fr-FR\",\"@id\":\"https:\/\/www.leadingflagind.com\/fr\/product\/refrigerateur-fg-power-380-litres-3-tiroirs\/#primaryimage\",\"url\":\"https:\/\/www.leadingflagind.com\/wp-content\/uploads\/2025\/11\/95.jpg\",\"contentUrl\":\"https:\/\/www.leadingflagind.com\/wp-content\/uploads\/2025\/11\/95.jpg\",\"width\":800,\"height\":800},{\"@type\":\"BreadcrumbList\",\"@id\":\"https:\/\/www.leadingflagind.com\/fr\/product\/refrigerateur-fg-power-380-litres-3-tiroirs\/#breadcrumb\",\"itemListElement\":[{\"@type\":\"ListItem\",\"position\":1,\"name\":\"Home\",\"item\":\"https:\/\/www.leadingflagind.com\/fr\/\"},{\"@type\":\"ListItem\",\"position\":2,\"name\":\"Products\",\"item\":\"https:\/\/www.leadingflagind.com\/shop\/\"},{\"@type\":\"ListItem\",\"position\":3,\"name\":\"R\u00e9frig\u00e9rateur FG POWER 380 litres \u2013 3 tiroirs\"}]},{\"@type\":\"WebSite\",\"@id\":\"https:\/\/www.leadingflagind.com\/#website\",\"url\":\"https:\/\/www.leadingflagind.com\/\",\"name\":\"LEADING FLAG - Home Appliance Manufacturing\",\"description\":\"Home Appliance Manufacturing\",\"publisher\":{\"@id\":\"https:\/\/www.leadingflagind.com\/#organization\"},\"potentialAction\":[{\"@type\":\"SearchAction\",\"target\":{\"@type\":\"EntryPoint\",\"urlTemplate\":\"https:\/\/www.leadingflagind.com\/?s={search_term_string}\"},\"query-input\":{\"@type\":\"PropertyValueSpecification\",\"valueRequired\":true,\"valueName\":\"search_term_string\"}}],\"inLanguage\":\"fr-FR\"},{\"@type\":\"Organization\",\"@id\":\"https:\/\/www.leadingflagind.com\/#organization\",\"name\":\"LEADING FLAG INDUSTRIAL & TRADING LIMITED\",\"url\":\"https:\/\/www.leadingflagind.com\/\",\"logo\":{\"@type\":\"ImageObject\",\"inLanguage\":\"fr-FR\",\"@id\":\"https:\/\/www.leadingflagind.com\/#\/schema\/logo\/image\/\",\"url\":\"https:\/\/www.leadingflagind.com\/wp-content\/uploads\/2025\/11\/LOGO-leading-Flag.svg\",\"contentUrl\":\"https:\/\/www.leadingflagind.com\/wp-content\/uploads\/2025\/11\/LOGO-leading-Flag.svg\",\"width\":436,\"height\":76,\"caption\":\"LEADING FLAG INDUSTRIAL & TRADING LIMITED\"},\"image\":{\"@id\":\"https:\/\/www.leadingflagind.com\/#\/schema\/logo\/image\/\"}}]}<\/script>\n<!-- \/ Yoast SEO plugin. -->","yoast_head_json":{"title":"R\u00e9frig\u00e9rateur FG POWER 380 litres \u2013 3 tiroirs - LEADING FLAG","description":"R\u00e9frig\u00e9rateur FG POWER 380 litres \u2013 3 tiroirs   Technologie : Inverter    Mode commutable : Fra\u00eecheur \/ Cong\u00e9lation    Design : Total No Frost    Syst\u00e8me de refroidissement : Multi Airflow    Affichage : LED tactile \u00e9lectronique    \u00c9clairage int\u00e9rieur : LED    Poign\u00e9e d\u2019assistance    Porte r\u00e9versible    Capacit\u00e9 totale effective : 380 L    Capacit\u00e9 R\u00e9frig\u00e9rateur\/Cong\u00e9lateur : 0\/380 L    Type de contr\u00f4le : \u00c9lectronique    Certifications : CE\/CB\/SAA\/CSA\/UL    Dimensions nettes (L \u00d7 P \u00d7 H) mm : 710 \u00d7 705 \u00d7 1855    Quantit\u00e9 de chargement (conteneur 40 ft haute capacit\u00e9) : 66 unit\u00e9s","robots":{"index":"index","follow":"follow","max-snippet":"max-snippet:-1","max-image-preview":"max-image-preview:large","max-video-preview":"max-video-preview:-1"},"canonical":"https:\/\/www.leadingflagind.com\/fr\/product\/refrigerateur-fg-power-380-litres-3-tiroirs\/","og_locale":"fr_FR","og_type":"article","og_title":"R\u00e9frig\u00e9rateur FG POWER 380 litres \u2013 3 tiroirs - LEADING FLAG","og_description":"R\u00e9frig\u00e9rateur FG POWER 380 litres \u2013 3 tiroirs   Technologie : Inverter    Mode commutable : Fra\u00eecheur \/ Cong\u00e9lation    Design : Total No Frost    Syst\u00e8me de refroidissement : Multi Airflow    Affichage : LED tactile \u00e9lectronique    \u00c9clairage int\u00e9rieur : LED    Poign\u00e9e d\u2019assistance    Porte r\u00e9versible    Capacit\u00e9 totale effective : 380 L    Capacit\u00e9 R\u00e9frig\u00e9rateur\/Cong\u00e9lateur : 0\/380 L    Type de contr\u00f4le : \u00c9lectronique    Certifications : CE\/CB\/SAA\/CSA\/UL    Dimensions nettes (L \u00d7 P \u00d7 H) mm : 710 \u00d7 705 \u00d7 1855    Quantit\u00e9 de chargement (conteneur 40 ft haute capacit\u00e9) : 66 unit\u00e9s","og_url":"https:\/\/www.leadingflagind.com\/fr\/product\/refrigerateur-fg-power-380-litres-3-tiroirs\/","og_site_name":"LEADING FLAG","article_modified_time":"2025-11-12T10:27:11+00:00","og_image":[{"width":800,"height":800,"url":"https:\/\/www.leadingflagind.com\/wp-content\/uploads\/2025\/11\/95.jpg","type":"image\/jpeg"}],"twitter_card":"summary_large_image","schema":{"@context":"https:\/\/schema.org","@graph":[{"@type":"WebPage","@id":"https:\/\/www.leadingflagind.com\/fr\/product\/refrigerateur-fg-power-380-litres-3-tiroirs\/","url":"https:\/\/www.leadingflagind.com\/fr\/product\/refrigerateur-fg-power-380-litres-3-tiroirs\/","name":"R\u00e9frig\u00e9rateur FG POWER 380 litres \u2013 3 tiroirs - LEADING FLAG","isPartOf":{"@id":"https:\/\/www.leadingflagind.com\/#website"},"primaryImageOfPage":{"@id":"https:\/\/www.leadingflagind.com\/fr\/product\/refrigerateur-fg-power-380-litres-3-tiroirs\/#primaryimage"},"image":{"@id":"https:\/\/www.leadingflagind.com\/fr\/product\/refrigerateur-fg-power-380-litres-3-tiroirs\/#primaryimage"},"thumbnailUrl":"https:\/\/www.leadingflagind.com\/wp-content\/uploads\/2025\/11\/95.jpg","datePublished":"2025-11-11T10:47:12+00:00","dateModified":"2025-11-12T10:27:11+00:00","description":"R\u00e9frig\u00e9rateur FG POWER 380 litres \u2013 3 tiroirs Technologie : Inverter Mode commutable : Fra\u00eecheur \/ Cong\u00e9lation Design : Total No Frost Syst\u00e8me de refroidissement : Multi Airflow Affichage : LED tactile \u00e9lectronique \u00c9clairage int\u00e9rieur : LED Poign\u00e9e d\u2019assistance Porte r\u00e9versible Capacit\u00e9 totale effective : 380 L Capacit\u00e9 R\u00e9frig\u00e9rateur\/Cong\u00e9lateur : 0\/380 L Type de contr\u00f4le : \u00c9lectronique Certifications : CE\/CB\/SAA\/CSA\/UL Dimensions nettes (L \u00d7 P \u00d7 H) mm : 710 \u00d7 705 \u00d7 1855 Quantit\u00e9 de chargement (conteneur 40 ft haute capacit\u00e9) : 66 unit\u00e9s","breadcrumb":{"@id":"https:\/\/www.leadingflagind.com\/fr\/product\/refrigerateur-fg-power-380-litres-3-tiroirs\/#breadcrumb"},"inLanguage":"fr-FR","potentialAction":[{"@type":"ReadAction","target":["https:\/\/www.leadingflagind.com\/fr\/product\/refrigerateur-fg-power-380-litres-3-tiroirs\/"]}]},{"@type":"ImageObject","inLanguage":"fr-FR","@id":"https:\/\/www.leadingflagind.com\/fr\/product\/refrigerateur-fg-power-380-litres-3-tiroirs\/#primaryimage","url":"https:\/\/www.leadingflagind.com\/wp-content\/uploads\/2025\/11\/95.jpg","contentUrl":"https:\/\/www.leadingflagind.com\/wp-content\/uploads\/2025\/11\/95.jpg","width":800,"height":800},{"@type":"BreadcrumbList","@id":"https:\/\/www.leadingflagind.com\/fr\/product\/refrigerateur-fg-power-380-litres-3-tiroirs\/#breadcrumb","itemListElement":[{"@type":"ListItem","position":1,"name":"Home","item":"https:\/\/www.leadingflagind.com\/fr\/"},{"@type":"ListItem","position":2,"name":"Products","item":"https:\/\/www.leadingflagind.com\/shop\/"},{"@type":"ListItem","position":3,"name":"R\u00e9frig\u00e9rateur FG POWER 380 litres \u2013 3 tiroirs"}]},{"@type":"WebSite","@id":"https:\/\/www.leadingflagind.com\/#website","url":"https:\/\/www.leadingflagind.com\/","name":"LEADING FLAG - Home Appliance Manufacturing","description":"Home Appliance Manufacturing","publisher":{"@id":"https:\/\/www.leadingflagind.com\/#organization"},"potentialAction":[{"@type":"SearchAction","target":{"@type":"EntryPoint","urlTemplate":"https:\/\/www.leadingflagind.com\/?s={search_term_string}"},"query-input":{"@type":"PropertyValueSpecification","valueRequired":true,"valueName":"search_term_string"}}],"inLanguage":"fr-FR"},{"@type":"Organization","@id":"https:\/\/www.leadingflagind.com\/#organization","name":"LEADING FLAG INDUSTRIAL & TRADING LIMITED","url":"https:\/\/www.leadingflagind.com\/","logo":{"@type":"ImageObject","inLanguage":"fr-FR","@id":"https:\/\/www.leadingflagind.com\/#\/schema\/logo\/image\/","url":"https:\/\/www.leadingflagind.com\/wp-content\/uploads\/2025\/11\/LOGO-leading-Flag.svg","contentUrl":"https:\/\/www.leadingflagind.com\/wp-content\/uploads\/2025\/11\/LOGO-leading-Flag.svg","width":436,"height":76,"caption":"LEADING FLAG INDUSTRIAL & TRADING LIMITED"},"image":{"@id":"https:\/\/www.leadingflagind.com\/#\/schema\/logo\/image\/"}}]}},"_links":{"self":[{"href":"https:\/\/www.leadingflagind.com\/fr\/wp-json\/wp\/v2\/product\/9062","targetHints":{"allow":["GET"]}}],"collection":[{"href":"https:\/\/www.leadingflagind.com\/fr\/wp-json\/wp\/v2\/product"}],"about":[{"href":"https:\/\/www.leadingflagind.com\/fr\/wp-json\/wp\/v2\/types\/product"}],"wp:featuredmedia":[{"embeddable":true,"href":"https:\/\/www.leadingflagind.com\/fr\/wp-json\/wp\/v2\/media\/8663"}],"wp:attachment":[{"href":"https:\/\/www.leadingflagind.com\/fr\/wp-json\/wp\/v2\/media?parent=9062"}],"wp:term":[{"taxonomy":"product_brand","embeddable":true,"href":"https:\/\/www.leadingflagind.com\/fr\/wp-json\/wp\/v2\/product_brand?post=9062"},{"taxonomy":"product_cat","embeddable":true,"href":"https:\/\/www.leadingflagind.com\/fr\/wp-json\/wp\/v2\/product_cat?post=9062"},{"taxonomy":"product_tag","embeddable":true,"href":"https:\/\/www.leadingflagind.com\/fr\/wp-json\/wp\/v2\/product_tag?post=9062"}],"curies":[{"name":"wp","href":"https:\/\/api.w.org\/{rel}","templated":true}]}}