{"id":9061,"date":"2025-11-11T10:47:14","date_gmt":"2025-11-11T10:47:14","guid":{"rendered":"https:\/\/www.leadingflagind.com\/product\/refregerator-380-litres-7-drawers-steel\/"},"modified":"2025-11-12T10:25:44","modified_gmt":"2025-11-12T10:25:44","slug":"refrigerateur-fg-power-380-litres-7-tiroirs-acier","status":"publish","type":"product","link":"https:\/\/www.leadingflagind.com\/fr\/product\/refrigerateur-fg-power-380-litres-7-tiroirs-acier\/","title":{"rendered":"R\u00e9frig\u00e9rateur FG POWER 380 litres \u2013 7 tiroirs \u2013 Acier"},"content":{"rendered":"","protected":false},"excerpt":{"rendered":"<ul>\n<li data-start=\"63\" data-end=\"112\"><strong data-start=\"63\" data-end=\"75\">Mod\u00e8le :<\/strong> MF-415W FGP-380SS 4698 SSL \u2013 Acier<\/li>\n<li data-start=\"114\" data-end=\"144\">\n<p data-start=\"116\" data-end=\"144\"><strong data-start=\"116\" data-end=\"133\">Technologie :<\/strong> Inverter<\/p>\n<\/li>\n<li data-start=\"145\" data-end=\"194\">\n<p data-start=\"147\" data-end=\"194\"><strong data-start=\"147\" data-end=\"168\">Mode commutable :<\/strong> Fra\u00eecheur \/ Cong\u00e9lation<\/p>\n<\/li>\n<li data-start=\"195\" data-end=\"226\">\n<p data-start=\"197\" data-end=\"226\"><strong data-start=\"197\" data-end=\"209\">Design :<\/strong> Total No Frost<\/p>\n<\/li>\n<li data-start=\"227\" data-end=\"277\">\n<p data-start=\"229\" data-end=\"277\"><strong data-start=\"229\" data-end=\"261\">Syst\u00e8me de refroidissement :<\/strong> Multi Airflow<\/p>\n<\/li>\n<li data-start=\"278\" data-end=\"322\">\n<p data-start=\"280\" data-end=\"322\"><strong data-start=\"280\" data-end=\"295\">Affichage :<\/strong> LED tactile \u00e9lectronique<\/p>\n<\/li>\n<li data-start=\"323\" data-end=\"356\">\n<p data-start=\"325\" data-end=\"356\"><strong data-start=\"325\" data-end=\"350\">\u00c9clairage int\u00e9rieur :<\/strong> LED<\/p>\n<\/li>\n<li data-start=\"357\" data-end=\"385\">\n<p data-start=\"359\" data-end=\"385\"><strong data-start=\"359\" data-end=\"383\">Poign\u00e9e d\u2019assistance<\/strong><\/p>\n<\/li>\n<li data-start=\"386\" data-end=\"410\">\n<p data-start=\"388\" data-end=\"410\"><strong data-start=\"388\" data-end=\"408\">Porte r\u00e9versible<\/strong><\/p>\n<\/li>\n<li data-start=\"411\" data-end=\"452\">\n<p data-start=\"413\" data-end=\"452\"><strong data-start=\"413\" data-end=\"444\">Capacit\u00e9 totale effective :<\/strong> 380 L<\/p>\n<\/li>\n<li data-start=\"453\" data-end=\"505\">\n<p data-start=\"455\" data-end=\"505\"><strong data-start=\"455\" data-end=\"495\">Capacit\u00e9 R\u00e9frig\u00e9rateur\/Cong\u00e9lateur :<\/strong> 0\/380 L<\/p>\n<\/li>\n<li data-start=\"506\" data-end=\"545\">\n<p data-start=\"508\" data-end=\"545\"><strong data-start=\"508\" data-end=\"530\">Type de contr\u00f4le :<\/strong> \u00c9lectronique<\/p>\n<\/li>\n<li data-start=\"546\" data-end=\"587\">\n<p data-start=\"548\" data-end=\"587\"><strong data-start=\"548\" data-end=\"568\">Certifications :<\/strong> CE\/CB\/SAA\/CSA\/UL<\/p>\n<\/li>\n<li data-start=\"588\" data-end=\"647\">\n<p data-start=\"590\" data-end=\"647\"><strong data-start=\"590\" data-end=\"628\">Dimensions nettes (L \u00d7 P \u00d7 H) mm :<\/strong> 710 \u00d7 705 \u00d7 1855<\/p>\n<\/li>\n<li data-start=\"648\" data-end=\"721\" data-is-last-node=\"\">\n<p data-start=\"650\" data-end=\"721\" data-is-last-node=\"\"><strong data-start=\"650\" data-end=\"711\">Quantit\u00e9 de chargement (conteneur 40 ft haute capacit\u00e9) :<\/strong> 66 unit\u00e9s<\/p>\n<\/li>\n<\/ul>\n","protected":false},"featured_media":8664,"template":"","meta":[],"product_brand":[],"product_cat":[171,195],"product_tag":[],"class_list":{"0":"post-9061","1":"product","2":"type-product","3":"status-publish","4":"has-post-thumbnail","6":"product_cat-refrigerateurs","7":"product_cat-refrigerateurs-standard","9":"first","10":"instock","11":"shipping-taxable","12":"product-type-simple"},"yoast_head":"<!-- This site is optimized with the Yoast SEO plugin v26.6 - https:\/\/yoast.com\/wordpress\/plugins\/seo\/ -->\n<title>R\u00e9frig\u00e9rateur FG POWER 380 litres \u2013 7 tiroirs \u2013 Acier - LEADING FLAG<\/title>\n<meta name=\"description\" content=\"Mod\u00e8le : MF-415W FGP-380SS 4698 SSL \u2013 Acier   Technologie : Inverter    Mode commutable : Fra\u00eecheur \/ Cong\u00e9lation    Design : Total No Frost    Syst\u00e8me de refroidissement : Multi Airflow    Affichage : LED tactile \u00e9lectronique    \u00c9clairage int\u00e9rieur : LED    Poign\u00e9e d\u2019assistance    Porte r\u00e9versible    Capacit\u00e9 totale effective : 380 L    Capacit\u00e9 R\u00e9frig\u00e9rateur\/Cong\u00e9lateur : 0\/380 L    Type de contr\u00f4le : \u00c9lectronique    Certifications : CE\/CB\/SAA\/CSA\/UL    Dimensions nettes (L \u00d7 P \u00d7 H) mm : 710 \u00d7 705 \u00d7 1855    Quantit\u00e9 de chargement (conteneur 40 ft haute capacit\u00e9) : 66 unit\u00e9s\" \/>\n<meta name=\"robots\" content=\"index, follow, max-snippet:-1, max-image-preview:large, max-video-preview:-1\" \/>\n<link rel=\"canonical\" href=\"https:\/\/www.leadingflagind.com\/fr\/product\/refrigerateur-fg-power-380-litres-7-tiroirs-acier\/\" \/>\n<meta property=\"og:locale\" content=\"fr_FR\" \/>\n<meta property=\"og:type\" content=\"article\" \/>\n<meta property=\"og:title\" content=\"R\u00e9frig\u00e9rateur FG POWER 380 litres \u2013 7 tiroirs \u2013 Acier - LEADING FLAG\" \/>\n<meta property=\"og:description\" content=\"Mod\u00e8le : MF-415W FGP-380SS 4698 SSL \u2013 Acier   Technologie : Inverter    Mode commutable : Fra\u00eecheur \/ Cong\u00e9lation    Design : Total No Frost    Syst\u00e8me de refroidissement : Multi Airflow    Affichage : LED tactile \u00e9lectronique    \u00c9clairage int\u00e9rieur : LED    Poign\u00e9e d\u2019assistance    Porte r\u00e9versible    Capacit\u00e9 totale effective : 380 L    Capacit\u00e9 R\u00e9frig\u00e9rateur\/Cong\u00e9lateur : 0\/380 L    Type de contr\u00f4le : \u00c9lectronique    Certifications : CE\/CB\/SAA\/CSA\/UL    Dimensions nettes (L \u00d7 P \u00d7 H) mm : 710 \u00d7 705 \u00d7 1855    Quantit\u00e9 de chargement (conteneur 40 ft haute capacit\u00e9) : 66 unit\u00e9s\" \/>\n<meta property=\"og:url\" content=\"https:\/\/www.leadingflagind.com\/fr\/product\/refrigerateur-fg-power-380-litres-7-tiroirs-acier\/\" \/>\n<meta property=\"og:site_name\" content=\"LEADING FLAG\" \/>\n<meta property=\"article:modified_time\" content=\"2025-11-12T10:25:44+00:00\" \/>\n<meta property=\"og:image\" content=\"https:\/\/www.leadingflagind.com\/wp-content\/uploads\/2025\/11\/91.jpg\" \/>\n\t<meta property=\"og:image:width\" content=\"800\" \/>\n\t<meta property=\"og:image:height\" content=\"800\" \/>\n\t<meta property=\"og:image:type\" content=\"image\/jpeg\" \/>\n<meta name=\"twitter:card\" content=\"summary_large_image\" \/>\n<script type=\"application\/ld+json\" class=\"yoast-schema-graph\">{\"@context\":\"https:\/\/schema.org\",\"@graph\":[{\"@type\":\"WebPage\",\"@id\":\"https:\/\/www.leadingflagind.com\/fr\/product\/refrigerateur-fg-power-380-litres-7-tiroirs-acier\/\",\"url\":\"https:\/\/www.leadingflagind.com\/fr\/product\/refrigerateur-fg-power-380-litres-7-tiroirs-acier\/\",\"name\":\"R\u00e9frig\u00e9rateur FG POWER 380 litres \u2013 7 tiroirs \u2013 Acier - LEADING FLAG\",\"isPartOf\":{\"@id\":\"https:\/\/www.leadingflagind.com\/#website\"},\"primaryImageOfPage\":{\"@id\":\"https:\/\/www.leadingflagind.com\/fr\/product\/refrigerateur-fg-power-380-litres-7-tiroirs-acier\/#primaryimage\"},\"image\":{\"@id\":\"https:\/\/www.leadingflagind.com\/fr\/product\/refrigerateur-fg-power-380-litres-7-tiroirs-acier\/#primaryimage\"},\"thumbnailUrl\":\"https:\/\/www.leadingflagind.com\/wp-content\/uploads\/2025\/11\/91.jpg\",\"datePublished\":\"2025-11-11T10:47:14+00:00\",\"dateModified\":\"2025-11-12T10:25:44+00:00\",\"description\":\"Mod\u00e8le : MF-415W FGP-380SS 4698 SSL \u2013 Acier Technologie : Inverter Mode commutable : Fra\u00eecheur \/ Cong\u00e9lation Design : Total No Frost Syst\u00e8me de refroidissement : Multi Airflow Affichage : LED tactile \u00e9lectronique \u00c9clairage int\u00e9rieur : LED Poign\u00e9e d\u2019assistance Porte r\u00e9versible Capacit\u00e9 totale effective : 380 L Capacit\u00e9 R\u00e9frig\u00e9rateur\/Cong\u00e9lateur : 0\/380 L Type de contr\u00f4le : \u00c9lectronique Certifications : CE\/CB\/SAA\/CSA\/UL Dimensions nettes (L \u00d7 P \u00d7 H) mm : 710 \u00d7 705 \u00d7 1855 Quantit\u00e9 de chargement (conteneur 40 ft haute capacit\u00e9) : 66 unit\u00e9s\",\"breadcrumb\":{\"@id\":\"https:\/\/www.leadingflagind.com\/fr\/product\/refrigerateur-fg-power-380-litres-7-tiroirs-acier\/#breadcrumb\"},\"inLanguage\":\"fr-FR\",\"potentialAction\":[{\"@type\":\"ReadAction\",\"target\":[\"https:\/\/www.leadingflagind.com\/fr\/product\/refrigerateur-fg-power-380-litres-7-tiroirs-acier\/\"]}]},{\"@type\":\"ImageObject\",\"inLanguage\":\"fr-FR\",\"@id\":\"https:\/\/www.leadingflagind.com\/fr\/product\/refrigerateur-fg-power-380-litres-7-tiroirs-acier\/#primaryimage\",\"url\":\"https:\/\/www.leadingflagind.com\/wp-content\/uploads\/2025\/11\/91.jpg\",\"contentUrl\":\"https:\/\/www.leadingflagind.com\/wp-content\/uploads\/2025\/11\/91.jpg\",\"width\":800,\"height\":800},{\"@type\":\"BreadcrumbList\",\"@id\":\"https:\/\/www.leadingflagind.com\/fr\/product\/refrigerateur-fg-power-380-litres-7-tiroirs-acier\/#breadcrumb\",\"itemListElement\":[{\"@type\":\"ListItem\",\"position\":1,\"name\":\"Home\",\"item\":\"https:\/\/www.leadingflagind.com\/fr\/\"},{\"@type\":\"ListItem\",\"position\":2,\"name\":\"Products\",\"item\":\"https:\/\/www.leadingflagind.com\/shop\/\"},{\"@type\":\"ListItem\",\"position\":3,\"name\":\"R\u00e9frig\u00e9rateur FG POWER 380 litres \u2013 7 tiroirs \u2013 Acier\"}]},{\"@type\":\"WebSite\",\"@id\":\"https:\/\/www.leadingflagind.com\/#website\",\"url\":\"https:\/\/www.leadingflagind.com\/\",\"name\":\"LEADING FLAG - Home Appliance Manufacturing\",\"description\":\"Home Appliance Manufacturing\",\"publisher\":{\"@id\":\"https:\/\/www.leadingflagind.com\/#organization\"},\"potentialAction\":[{\"@type\":\"SearchAction\",\"target\":{\"@type\":\"EntryPoint\",\"urlTemplate\":\"https:\/\/www.leadingflagind.com\/?s={search_term_string}\"},\"query-input\":{\"@type\":\"PropertyValueSpecification\",\"valueRequired\":true,\"valueName\":\"search_term_string\"}}],\"inLanguage\":\"fr-FR\"},{\"@type\":\"Organization\",\"@id\":\"https:\/\/www.leadingflagind.com\/#organization\",\"name\":\"LEADING FLAG INDUSTRIAL & TRADING LIMITED\",\"url\":\"https:\/\/www.leadingflagind.com\/\",\"logo\":{\"@type\":\"ImageObject\",\"inLanguage\":\"fr-FR\",\"@id\":\"https:\/\/www.leadingflagind.com\/#\/schema\/logo\/image\/\",\"url\":\"https:\/\/www.leadingflagind.com\/wp-content\/uploads\/2025\/11\/LOGO-leading-Flag.svg\",\"contentUrl\":\"https:\/\/www.leadingflagind.com\/wp-content\/uploads\/2025\/11\/LOGO-leading-Flag.svg\",\"width\":436,\"height\":76,\"caption\":\"LEADING FLAG INDUSTRIAL & TRADING LIMITED\"},\"image\":{\"@id\":\"https:\/\/www.leadingflagind.com\/#\/schema\/logo\/image\/\"}}]}<\/script>\n<!-- \/ Yoast SEO plugin. -->","yoast_head_json":{"title":"R\u00e9frig\u00e9rateur FG POWER 380 litres \u2013 7 tiroirs \u2013 Acier - LEADING FLAG","description":"Mod\u00e8le : MF-415W FGP-380SS 4698 SSL \u2013 Acier   Technologie : Inverter    Mode commutable : Fra\u00eecheur \/ Cong\u00e9lation    Design : Total No Frost    Syst\u00e8me de refroidissement : Multi Airflow    Affichage : LED tactile \u00e9lectronique    \u00c9clairage int\u00e9rieur : LED    Poign\u00e9e d\u2019assistance    Porte r\u00e9versible    Capacit\u00e9 totale effective : 380 L    Capacit\u00e9 R\u00e9frig\u00e9rateur\/Cong\u00e9lateur : 0\/380 L    Type de contr\u00f4le : \u00c9lectronique    Certifications : CE\/CB\/SAA\/CSA\/UL    Dimensions nettes (L \u00d7 P \u00d7 H) mm : 710 \u00d7 705 \u00d7 1855    Quantit\u00e9 de chargement (conteneur 40 ft haute capacit\u00e9) : 66 unit\u00e9s","robots":{"index":"index","follow":"follow","max-snippet":"max-snippet:-1","max-image-preview":"max-image-preview:large","max-video-preview":"max-video-preview:-1"},"canonical":"https:\/\/www.leadingflagind.com\/fr\/product\/refrigerateur-fg-power-380-litres-7-tiroirs-acier\/","og_locale":"fr_FR","og_type":"article","og_title":"R\u00e9frig\u00e9rateur FG POWER 380 litres \u2013 7 tiroirs \u2013 Acier - LEADING FLAG","og_description":"Mod\u00e8le : MF-415W FGP-380SS 4698 SSL \u2013 Acier   Technologie : Inverter    Mode commutable : Fra\u00eecheur \/ Cong\u00e9lation    Design : Total No Frost    Syst\u00e8me de refroidissement : Multi Airflow    Affichage : LED tactile \u00e9lectronique    \u00c9clairage int\u00e9rieur : LED    Poign\u00e9e d\u2019assistance    Porte r\u00e9versible    Capacit\u00e9 totale effective : 380 L    Capacit\u00e9 R\u00e9frig\u00e9rateur\/Cong\u00e9lateur : 0\/380 L    Type de contr\u00f4le : \u00c9lectronique    Certifications : CE\/CB\/SAA\/CSA\/UL    Dimensions nettes (L \u00d7 P \u00d7 H) mm : 710 \u00d7 705 \u00d7 1855    Quantit\u00e9 de chargement (conteneur 40 ft haute capacit\u00e9) : 66 unit\u00e9s","og_url":"https:\/\/www.leadingflagind.com\/fr\/product\/refrigerateur-fg-power-380-litres-7-tiroirs-acier\/","og_site_name":"LEADING FLAG","article_modified_time":"2025-11-12T10:25:44+00:00","og_image":[{"width":800,"height":800,"url":"https:\/\/www.leadingflagind.com\/wp-content\/uploads\/2025\/11\/91.jpg","type":"image\/jpeg"}],"twitter_card":"summary_large_image","schema":{"@context":"https:\/\/schema.org","@graph":[{"@type":"WebPage","@id":"https:\/\/www.leadingflagind.com\/fr\/product\/refrigerateur-fg-power-380-litres-7-tiroirs-acier\/","url":"https:\/\/www.leadingflagind.com\/fr\/product\/refrigerateur-fg-power-380-litres-7-tiroirs-acier\/","name":"R\u00e9frig\u00e9rateur FG POWER 380 litres \u2013 7 tiroirs \u2013 Acier - LEADING FLAG","isPartOf":{"@id":"https:\/\/www.leadingflagind.com\/#website"},"primaryImageOfPage":{"@id":"https:\/\/www.leadingflagind.com\/fr\/product\/refrigerateur-fg-power-380-litres-7-tiroirs-acier\/#primaryimage"},"image":{"@id":"https:\/\/www.leadingflagind.com\/fr\/product\/refrigerateur-fg-power-380-litres-7-tiroirs-acier\/#primaryimage"},"thumbnailUrl":"https:\/\/www.leadingflagind.com\/wp-content\/uploads\/2025\/11\/91.jpg","datePublished":"2025-11-11T10:47:14+00:00","dateModified":"2025-11-12T10:25:44+00:00","description":"Mod\u00e8le : MF-415W FGP-380SS 4698 SSL \u2013 Acier Technologie : Inverter Mode commutable : Fra\u00eecheur \/ Cong\u00e9lation Design : Total No Frost Syst\u00e8me de refroidissement : Multi Airflow Affichage : LED tactile \u00e9lectronique \u00c9clairage int\u00e9rieur : LED Poign\u00e9e d\u2019assistance Porte r\u00e9versible Capacit\u00e9 totale effective : 380 L Capacit\u00e9 R\u00e9frig\u00e9rateur\/Cong\u00e9lateur : 0\/380 L Type de contr\u00f4le : \u00c9lectronique Certifications : CE\/CB\/SAA\/CSA\/UL Dimensions nettes (L \u00d7 P \u00d7 H) mm : 710 \u00d7 705 \u00d7 1855 Quantit\u00e9 de chargement (conteneur 40 ft haute capacit\u00e9) : 66 unit\u00e9s","breadcrumb":{"@id":"https:\/\/www.leadingflagind.com\/fr\/product\/refrigerateur-fg-power-380-litres-7-tiroirs-acier\/#breadcrumb"},"inLanguage":"fr-FR","potentialAction":[{"@type":"ReadAction","target":["https:\/\/www.leadingflagind.com\/fr\/product\/refrigerateur-fg-power-380-litres-7-tiroirs-acier\/"]}]},{"@type":"ImageObject","inLanguage":"fr-FR","@id":"https:\/\/www.leadingflagind.com\/fr\/product\/refrigerateur-fg-power-380-litres-7-tiroirs-acier\/#primaryimage","url":"https:\/\/www.leadingflagind.com\/wp-content\/uploads\/2025\/11\/91.jpg","contentUrl":"https:\/\/www.leadingflagind.com\/wp-content\/uploads\/2025\/11\/91.jpg","width":800,"height":800},{"@type":"BreadcrumbList","@id":"https:\/\/www.leadingflagind.com\/fr\/product\/refrigerateur-fg-power-380-litres-7-tiroirs-acier\/#breadcrumb","itemListElement":[{"@type":"ListItem","position":1,"name":"Home","item":"https:\/\/www.leadingflagind.com\/fr\/"},{"@type":"ListItem","position":2,"name":"Products","item":"https:\/\/www.leadingflagind.com\/shop\/"},{"@type":"ListItem","position":3,"name":"R\u00e9frig\u00e9rateur FG POWER 380 litres \u2013 7 tiroirs \u2013 Acier"}]},{"@type":"WebSite","@id":"https:\/\/www.leadingflagind.com\/#website","url":"https:\/\/www.leadingflagind.com\/","name":"LEADING FLAG - Home Appliance Manufacturing","description":"Home Appliance Manufacturing","publisher":{"@id":"https:\/\/www.leadingflagind.com\/#organization"},"potentialAction":[{"@type":"SearchAction","target":{"@type":"EntryPoint","urlTemplate":"https:\/\/www.leadingflagind.com\/?s={search_term_string}"},"query-input":{"@type":"PropertyValueSpecification","valueRequired":true,"valueName":"search_term_string"}}],"inLanguage":"fr-FR"},{"@type":"Organization","@id":"https:\/\/www.leadingflagind.com\/#organization","name":"LEADING FLAG INDUSTRIAL & TRADING LIMITED","url":"https:\/\/www.leadingflagind.com\/","logo":{"@type":"ImageObject","inLanguage":"fr-FR","@id":"https:\/\/www.leadingflagind.com\/#\/schema\/logo\/image\/","url":"https:\/\/www.leadingflagind.com\/wp-content\/uploads\/2025\/11\/LOGO-leading-Flag.svg","contentUrl":"https:\/\/www.leadingflagind.com\/wp-content\/uploads\/2025\/11\/LOGO-leading-Flag.svg","width":436,"height":76,"caption":"LEADING FLAG INDUSTRIAL & TRADING LIMITED"},"image":{"@id":"https:\/\/www.leadingflagind.com\/#\/schema\/logo\/image\/"}}]}},"_links":{"self":[{"href":"https:\/\/www.leadingflagind.com\/fr\/wp-json\/wp\/v2\/product\/9061","targetHints":{"allow":["GET"]}}],"collection":[{"href":"https:\/\/www.leadingflagind.com\/fr\/wp-json\/wp\/v2\/product"}],"about":[{"href":"https:\/\/www.leadingflagind.com\/fr\/wp-json\/wp\/v2\/types\/product"}],"wp:featuredmedia":[{"embeddable":true,"href":"https:\/\/www.leadingflagind.com\/fr\/wp-json\/wp\/v2\/media\/8664"}],"wp:attachment":[{"href":"https:\/\/www.leadingflagind.com\/fr\/wp-json\/wp\/v2\/media?parent=9061"}],"wp:term":[{"taxonomy":"product_brand","embeddable":true,"href":"https:\/\/www.leadingflagind.com\/fr\/wp-json\/wp\/v2\/product_brand?post=9061"},{"taxonomy":"product_cat","embeddable":true,"href":"https:\/\/www.leadingflagind.com\/fr\/wp-json\/wp\/v2\/product_cat?post=9061"},{"taxonomy":"product_tag","embeddable":true,"href":"https:\/\/www.leadingflagind.com\/fr\/wp-json\/wp\/v2\/product_tag?post=9061"}],"curies":[{"name":"wp","href":"https:\/\/api.w.org\/{rel}","templated":true}]}}