{"id":9037,"date":"2025-11-11T10:47:14","date_gmt":"2025-11-11T10:47:14","guid":{"rendered":"https:\/\/www.leadingflagind.com\/product\/refregerator-fg-power-380-litres-steel\/"},"modified":"2025-11-12T10:24:10","modified_gmt":"2025-11-12T10:24:10","slug":"refrigerateur-fg-power-380-litres-acier","status":"publish","type":"product","link":"https:\/\/www.leadingflagind.com\/fr\/product\/refrigerateur-fg-power-380-litres-acier\/","title":{"rendered":"R\u00e9frig\u00e9rateur FG POWER 380 litres \u2013 Acier"},"content":{"rendered":"","protected":false},"excerpt":{"rendered":"<div class=\"relative basis-auto flex-col -mb-(--composer-overlap-px) [--composer-overlap-px:28px] grow flex overflow-hidden\">\n<div class=\"relative h-full\">\n<div class=\"flex h-full flex-col overflow-y-auto thread-xl:pt-(--header-height) [scrollbar-gutter:stable_both-edges]\">\n<div class=\"flex flex-col text-sm thread-xl:pt-header-height pb-25\">\n<article class=\"text-token-text-primary w-full focus:outline-none [--shadow-height:45px] has-data-writing-block:pointer-events-none has-data-writing-block:-mt-(--shadow-height) has-data-writing-block:pt-(--shadow-height) [&amp;:has([data-writing-block])&gt;*]:pointer-events-auto [content-visibility:auto] supports-[content-visibility:auto]:[contain-intrinsic-size:auto_100lvh] scroll-mt-[calc(var(--header-height)+min(200px,max(70px,20svh)))]\" dir=\"auto\" tabindex=\"-1\" data-turn-id=\"request-WEB:5e739f11-fe99-4650-bb7a-1073c15a82e7-87\" data-testid=\"conversation-turn-176\" data-scroll-anchor=\"true\" data-turn=\"assistant\">\n<div class=\"text-base my-auto mx-auto pb-10 [--thread-content-margin:--spacing(4)] thread-sm:[--thread-content-margin:--spacing(6)] thread-lg:[--thread-content-margin:--spacing(16)] px-(--thread-content-margin)\">\n<div class=\"[--thread-content-max-width:40rem] thread-lg:[--thread-content-max-width:48rem] mx-auto max-w-(--thread-content-max-width) flex-1 group\/turn-messages focus-visible:outline-hidden relative flex w-full min-w-0 flex-col agent-turn\" tabindex=\"-1\">\n<div class=\"flex max-w-full flex-col grow\">\n<div class=\"min-h-8 text-message relative flex w-full flex-col items-end gap-2 text-start break-words whitespace-normal [.text-message+&amp;]:mt-1\" dir=\"auto\" data-message-author-role=\"assistant\" data-message-id=\"c4bf95e6-b4f7-4a31-bbe2-e9b124c30ee6\" data-message-model-slug=\"gpt-5-mini\">\n<div class=\"flex w-full flex-col gap-1 empty:hidden first:pt-[1px]\">\n<div class=\"markdown prose dark:prose-invert w-full break-words light markdown-new-styling\">\n<ul>\n<li data-start=\"63\" data-end=\"110\"><strong data-start=\"63\" data-end=\"108\">R\u00e9frig\u00e9rateur FG POWER 380 litres \u2013 Acier<\/strong><\/li>\n<li data-start=\"112\" data-end=\"142\">\n<p data-start=\"114\" data-end=\"142\"><strong data-start=\"114\" data-end=\"131\">Technologie :<\/strong> Inverter<\/p>\n<\/li>\n<li data-start=\"143\" data-end=\"192\">\n<p data-start=\"145\" data-end=\"192\"><strong data-start=\"145\" data-end=\"166\">Mode commutable :<\/strong> Fra\u00eecheur \/ Cong\u00e9lation<\/p>\n<\/li>\n<li data-start=\"193\" data-end=\"224\">\n<p data-start=\"195\" data-end=\"224\"><strong data-start=\"195\" data-end=\"207\">Design :<\/strong> Total No Frost<\/p>\n<\/li>\n<li data-start=\"225\" data-end=\"275\">\n<p data-start=\"227\" data-end=\"275\"><strong data-start=\"227\" data-end=\"259\">Syst\u00e8me de refroidissement :<\/strong> Multi Airflow<\/p>\n<\/li>\n<li data-start=\"276\" data-end=\"320\">\n<p data-start=\"278\" data-end=\"320\"><strong data-start=\"278\" data-end=\"293\">Affichage :<\/strong> LED tactile \u00e9lectronique<\/p>\n<\/li>\n<li data-start=\"321\" data-end=\"354\">\n<p data-start=\"323\" data-end=\"354\"><strong data-start=\"323\" data-end=\"348\">\u00c9clairage int\u00e9rieur :<\/strong> LED<\/p>\n<\/li>\n<li data-start=\"355\" data-end=\"383\">\n<p data-start=\"357\" data-end=\"383\"><strong data-start=\"357\" data-end=\"381\">Poign\u00e9e d\u2019assistance<\/strong><\/p>\n<\/li>\n<li data-start=\"384\" data-end=\"408\">\n<p data-start=\"386\" data-end=\"408\"><strong data-start=\"386\" data-end=\"406\">Porte r\u00e9versible<\/strong><\/p>\n<\/li>\n<li data-start=\"409\" data-end=\"450\">\n<p data-start=\"411\" data-end=\"450\"><strong data-start=\"411\" data-end=\"442\">Capacit\u00e9 totale effective :<\/strong> 380 L<\/p>\n<\/li>\n<li data-start=\"451\" data-end=\"503\">\n<p data-start=\"453\" data-end=\"503\"><strong data-start=\"453\" data-end=\"493\">Capacit\u00e9 R\u00e9frig\u00e9rateur\/Cong\u00e9lateur :<\/strong> 0\/380 L<\/p>\n<\/li>\n<li data-start=\"504\" data-end=\"543\">\n<p data-start=\"506\" data-end=\"543\"><strong data-start=\"506\" data-end=\"528\">Type de contr\u00f4le :<\/strong> \u00c9lectronique<\/p>\n<\/li>\n<li data-start=\"544\" data-end=\"585\">\n<p data-start=\"546\" data-end=\"585\"><strong data-start=\"546\" data-end=\"566\">Certifications :<\/strong> CE\/CB\/SAA\/CSA\/UL<\/p>\n<\/li>\n<li data-start=\"586\" data-end=\"645\">\n<p data-start=\"588\" data-end=\"645\"><strong data-start=\"588\" data-end=\"626\">Dimensions nettes (L \u00d7 P \u00d7 H) mm :<\/strong> 710 \u00d7 705 \u00d7 1855<\/p>\n<\/li>\n<li data-start=\"646\" data-end=\"719\" data-is-last-node=\"\">\n<p data-start=\"648\" data-end=\"719\" data-is-last-node=\"\"><strong data-start=\"648\" data-end=\"709\">Quantit\u00e9 de chargement (conteneur 40 ft haute capacit\u00e9) :<\/strong> 66 unit\u00e9s<\/p>\n<\/li>\n<\/ul>\n<\/div>\n<\/div>\n<\/div>\n<\/div>\n<\/div>\n<\/div>\n<\/article>\n<\/div>\n<\/div>\n<\/div>\n<\/div>\n","protected":false},"featured_media":8665,"template":"","meta":[],"product_brand":[],"product_cat":[171,195],"product_tag":[],"class_list":{"0":"post-9037","1":"product","2":"type-product","3":"status-publish","4":"has-post-thumbnail","6":"product_cat-refrigerateurs","7":"product_cat-refrigerateurs-standard","9":"first","10":"instock","11":"shipping-taxable","12":"product-type-simple"},"yoast_head":"<!-- This site is optimized with the Yoast SEO plugin v26.6 - https:\/\/yoast.com\/wordpress\/plugins\/seo\/ -->\n<title>R\u00e9frig\u00e9rateur FG POWER 380 litres \u2013 Acier - LEADING FLAG<\/title>\n<meta name=\"description\" content=\"R\u00e9frig\u00e9rateur FG POWER 380 litres \u2013 Acier   Technologie : Inverter    Mode commutable : Fra\u00eecheur \/ Cong\u00e9lation    Design : Total No Frost    Syst\u00e8me de refroidissement : Multi Airflow    Affichage : LED tactile \u00e9lectronique    \u00c9clairage int\u00e9rieur : LED    Poign\u00e9e d\u2019assistance    Porte r\u00e9versible    Capacit\u00e9 totale effective : 380 L    Capacit\u00e9 R\u00e9frig\u00e9rateur\/Cong\u00e9lateur : 0\/380 L    Type de contr\u00f4le : \u00c9lectronique    Certifications : CE\/CB\/SAA\/CSA\/UL    Dimensions nettes (L \u00d7 P \u00d7 H) mm : 710 \u00d7 705 \u00d7 1855    Quantit\u00e9 de chargement (conteneur 40 ft haute capacit\u00e9) : 66 unit\u00e9s\" \/>\n<meta name=\"robots\" content=\"index, follow, max-snippet:-1, max-image-preview:large, max-video-preview:-1\" \/>\n<link rel=\"canonical\" href=\"https:\/\/www.leadingflagind.com\/fr\/product\/refrigerateur-fg-power-380-litres-acier\/\" \/>\n<meta property=\"og:locale\" content=\"fr_FR\" \/>\n<meta property=\"og:type\" content=\"article\" \/>\n<meta property=\"og:title\" content=\"R\u00e9frig\u00e9rateur FG POWER 380 litres \u2013 Acier - LEADING FLAG\" \/>\n<meta property=\"og:description\" content=\"R\u00e9frig\u00e9rateur FG POWER 380 litres \u2013 Acier   Technologie : Inverter    Mode commutable : Fra\u00eecheur \/ Cong\u00e9lation    Design : Total No Frost    Syst\u00e8me de refroidissement : Multi Airflow    Affichage : LED tactile \u00e9lectronique    \u00c9clairage int\u00e9rieur : LED    Poign\u00e9e d\u2019assistance    Porte r\u00e9versible    Capacit\u00e9 totale effective : 380 L    Capacit\u00e9 R\u00e9frig\u00e9rateur\/Cong\u00e9lateur : 0\/380 L    Type de contr\u00f4le : \u00c9lectronique    Certifications : CE\/CB\/SAA\/CSA\/UL    Dimensions nettes (L \u00d7 P \u00d7 H) mm : 710 \u00d7 705 \u00d7 1855    Quantit\u00e9 de chargement (conteneur 40 ft haute capacit\u00e9) : 66 unit\u00e9s\" \/>\n<meta property=\"og:url\" content=\"https:\/\/www.leadingflagind.com\/fr\/product\/refrigerateur-fg-power-380-litres-acier\/\" \/>\n<meta property=\"og:site_name\" content=\"LEADING FLAG\" \/>\n<meta property=\"article:modified_time\" content=\"2025-11-12T10:24:10+00:00\" \/>\n<meta property=\"og:image\" content=\"https:\/\/www.leadingflagind.com\/wp-content\/uploads\/2025\/11\/96.jpg\" \/>\n\t<meta property=\"og:image:width\" content=\"800\" \/>\n\t<meta property=\"og:image:height\" content=\"800\" \/>\n\t<meta property=\"og:image:type\" content=\"image\/jpeg\" \/>\n<meta name=\"twitter:card\" content=\"summary_large_image\" \/>\n<script type=\"application\/ld+json\" class=\"yoast-schema-graph\">{\"@context\":\"https:\/\/schema.org\",\"@graph\":[{\"@type\":\"WebPage\",\"@id\":\"https:\/\/www.leadingflagind.com\/fr\/product\/refrigerateur-fg-power-380-litres-acier\/\",\"url\":\"https:\/\/www.leadingflagind.com\/fr\/product\/refrigerateur-fg-power-380-litres-acier\/\",\"name\":\"R\u00e9frig\u00e9rateur FG POWER 380 litres \u2013 Acier - LEADING FLAG\",\"isPartOf\":{\"@id\":\"https:\/\/www.leadingflagind.com\/#website\"},\"primaryImageOfPage\":{\"@id\":\"https:\/\/www.leadingflagind.com\/fr\/product\/refrigerateur-fg-power-380-litres-acier\/#primaryimage\"},\"image\":{\"@id\":\"https:\/\/www.leadingflagind.com\/fr\/product\/refrigerateur-fg-power-380-litres-acier\/#primaryimage\"},\"thumbnailUrl\":\"https:\/\/www.leadingflagind.com\/wp-content\/uploads\/2025\/11\/96.jpg\",\"datePublished\":\"2025-11-11T10:47:14+00:00\",\"dateModified\":\"2025-11-12T10:24:10+00:00\",\"description\":\"R\u00e9frig\u00e9rateur FG POWER 380 litres \u2013 Acier Technologie : Inverter Mode commutable : Fra\u00eecheur \/ Cong\u00e9lation Design : Total No Frost Syst\u00e8me de refroidissement : Multi Airflow Affichage : LED tactile \u00e9lectronique \u00c9clairage int\u00e9rieur : LED Poign\u00e9e d\u2019assistance Porte r\u00e9versible Capacit\u00e9 totale effective : 380 L Capacit\u00e9 R\u00e9frig\u00e9rateur\/Cong\u00e9lateur : 0\/380 L Type de contr\u00f4le : \u00c9lectronique Certifications : CE\/CB\/SAA\/CSA\/UL Dimensions nettes (L \u00d7 P \u00d7 H) mm : 710 \u00d7 705 \u00d7 1855 Quantit\u00e9 de chargement (conteneur 40 ft haute capacit\u00e9) : 66 unit\u00e9s\",\"breadcrumb\":{\"@id\":\"https:\/\/www.leadingflagind.com\/fr\/product\/refrigerateur-fg-power-380-litres-acier\/#breadcrumb\"},\"inLanguage\":\"fr-FR\",\"potentialAction\":[{\"@type\":\"ReadAction\",\"target\":[\"https:\/\/www.leadingflagind.com\/fr\/product\/refrigerateur-fg-power-380-litres-acier\/\"]}]},{\"@type\":\"ImageObject\",\"inLanguage\":\"fr-FR\",\"@id\":\"https:\/\/www.leadingflagind.com\/fr\/product\/refrigerateur-fg-power-380-litres-acier\/#primaryimage\",\"url\":\"https:\/\/www.leadingflagind.com\/wp-content\/uploads\/2025\/11\/96.jpg\",\"contentUrl\":\"https:\/\/www.leadingflagind.com\/wp-content\/uploads\/2025\/11\/96.jpg\",\"width\":800,\"height\":800},{\"@type\":\"BreadcrumbList\",\"@id\":\"https:\/\/www.leadingflagind.com\/fr\/product\/refrigerateur-fg-power-380-litres-acier\/#breadcrumb\",\"itemListElement\":[{\"@type\":\"ListItem\",\"position\":1,\"name\":\"Home\",\"item\":\"https:\/\/www.leadingflagind.com\/fr\/\"},{\"@type\":\"ListItem\",\"position\":2,\"name\":\"Products\",\"item\":\"https:\/\/www.leadingflagind.com\/shop\/\"},{\"@type\":\"ListItem\",\"position\":3,\"name\":\"R\u00e9frig\u00e9rateur FG POWER 380 litres \u2013 Acier\"}]},{\"@type\":\"WebSite\",\"@id\":\"https:\/\/www.leadingflagind.com\/#website\",\"url\":\"https:\/\/www.leadingflagind.com\/\",\"name\":\"LEADING FLAG - Home Appliance Manufacturing\",\"description\":\"Home Appliance Manufacturing\",\"publisher\":{\"@id\":\"https:\/\/www.leadingflagind.com\/#organization\"},\"potentialAction\":[{\"@type\":\"SearchAction\",\"target\":{\"@type\":\"EntryPoint\",\"urlTemplate\":\"https:\/\/www.leadingflagind.com\/?s={search_term_string}\"},\"query-input\":{\"@type\":\"PropertyValueSpecification\",\"valueRequired\":true,\"valueName\":\"search_term_string\"}}],\"inLanguage\":\"fr-FR\"},{\"@type\":\"Organization\",\"@id\":\"https:\/\/www.leadingflagind.com\/#organization\",\"name\":\"LEADING FLAG INDUSTRIAL & TRADING LIMITED\",\"url\":\"https:\/\/www.leadingflagind.com\/\",\"logo\":{\"@type\":\"ImageObject\",\"inLanguage\":\"fr-FR\",\"@id\":\"https:\/\/www.leadingflagind.com\/#\/schema\/logo\/image\/\",\"url\":\"https:\/\/www.leadingflagind.com\/wp-content\/uploads\/2025\/11\/LOGO-leading-Flag.svg\",\"contentUrl\":\"https:\/\/www.leadingflagind.com\/wp-content\/uploads\/2025\/11\/LOGO-leading-Flag.svg\",\"width\":436,\"height\":76,\"caption\":\"LEADING FLAG INDUSTRIAL & TRADING LIMITED\"},\"image\":{\"@id\":\"https:\/\/www.leadingflagind.com\/#\/schema\/logo\/image\/\"}}]}<\/script>\n<!-- \/ Yoast SEO plugin. -->","yoast_head_json":{"title":"R\u00e9frig\u00e9rateur FG POWER 380 litres \u2013 Acier - LEADING FLAG","description":"R\u00e9frig\u00e9rateur FG POWER 380 litres \u2013 Acier   Technologie : Inverter    Mode commutable : Fra\u00eecheur \/ Cong\u00e9lation    Design : Total No Frost    Syst\u00e8me de refroidissement : Multi Airflow    Affichage : LED tactile \u00e9lectronique    \u00c9clairage int\u00e9rieur : LED    Poign\u00e9e d\u2019assistance    Porte r\u00e9versible    Capacit\u00e9 totale effective : 380 L    Capacit\u00e9 R\u00e9frig\u00e9rateur\/Cong\u00e9lateur : 0\/380 L    Type de contr\u00f4le : \u00c9lectronique    Certifications : CE\/CB\/SAA\/CSA\/UL    Dimensions nettes (L \u00d7 P \u00d7 H) mm : 710 \u00d7 705 \u00d7 1855    Quantit\u00e9 de chargement (conteneur 40 ft haute capacit\u00e9) : 66 unit\u00e9s","robots":{"index":"index","follow":"follow","max-snippet":"max-snippet:-1","max-image-preview":"max-image-preview:large","max-video-preview":"max-video-preview:-1"},"canonical":"https:\/\/www.leadingflagind.com\/fr\/product\/refrigerateur-fg-power-380-litres-acier\/","og_locale":"fr_FR","og_type":"article","og_title":"R\u00e9frig\u00e9rateur FG POWER 380 litres \u2013 Acier - LEADING FLAG","og_description":"R\u00e9frig\u00e9rateur FG POWER 380 litres \u2013 Acier   Technologie : Inverter    Mode commutable : Fra\u00eecheur \/ Cong\u00e9lation    Design : Total No Frost    Syst\u00e8me de refroidissement : Multi Airflow    Affichage : LED tactile \u00e9lectronique    \u00c9clairage int\u00e9rieur : LED    Poign\u00e9e d\u2019assistance    Porte r\u00e9versible    Capacit\u00e9 totale effective : 380 L    Capacit\u00e9 R\u00e9frig\u00e9rateur\/Cong\u00e9lateur : 0\/380 L    Type de contr\u00f4le : \u00c9lectronique    Certifications : CE\/CB\/SAA\/CSA\/UL    Dimensions nettes (L \u00d7 P \u00d7 H) mm : 710 \u00d7 705 \u00d7 1855    Quantit\u00e9 de chargement (conteneur 40 ft haute capacit\u00e9) : 66 unit\u00e9s","og_url":"https:\/\/www.leadingflagind.com\/fr\/product\/refrigerateur-fg-power-380-litres-acier\/","og_site_name":"LEADING FLAG","article_modified_time":"2025-11-12T10:24:10+00:00","og_image":[{"width":800,"height":800,"url":"https:\/\/www.leadingflagind.com\/wp-content\/uploads\/2025\/11\/96.jpg","type":"image\/jpeg"}],"twitter_card":"summary_large_image","schema":{"@context":"https:\/\/schema.org","@graph":[{"@type":"WebPage","@id":"https:\/\/www.leadingflagind.com\/fr\/product\/refrigerateur-fg-power-380-litres-acier\/","url":"https:\/\/www.leadingflagind.com\/fr\/product\/refrigerateur-fg-power-380-litres-acier\/","name":"R\u00e9frig\u00e9rateur FG POWER 380 litres \u2013 Acier - LEADING FLAG","isPartOf":{"@id":"https:\/\/www.leadingflagind.com\/#website"},"primaryImageOfPage":{"@id":"https:\/\/www.leadingflagind.com\/fr\/product\/refrigerateur-fg-power-380-litres-acier\/#primaryimage"},"image":{"@id":"https:\/\/www.leadingflagind.com\/fr\/product\/refrigerateur-fg-power-380-litres-acier\/#primaryimage"},"thumbnailUrl":"https:\/\/www.leadingflagind.com\/wp-content\/uploads\/2025\/11\/96.jpg","datePublished":"2025-11-11T10:47:14+00:00","dateModified":"2025-11-12T10:24:10+00:00","description":"R\u00e9frig\u00e9rateur FG POWER 380 litres \u2013 Acier Technologie : Inverter Mode commutable : Fra\u00eecheur \/ Cong\u00e9lation Design : Total No Frost Syst\u00e8me de refroidissement : Multi Airflow Affichage : LED tactile \u00e9lectronique \u00c9clairage int\u00e9rieur : LED Poign\u00e9e d\u2019assistance Porte r\u00e9versible Capacit\u00e9 totale effective : 380 L Capacit\u00e9 R\u00e9frig\u00e9rateur\/Cong\u00e9lateur : 0\/380 L Type de contr\u00f4le : \u00c9lectronique Certifications : CE\/CB\/SAA\/CSA\/UL Dimensions nettes (L \u00d7 P \u00d7 H) mm : 710 \u00d7 705 \u00d7 1855 Quantit\u00e9 de chargement (conteneur 40 ft haute capacit\u00e9) : 66 unit\u00e9s","breadcrumb":{"@id":"https:\/\/www.leadingflagind.com\/fr\/product\/refrigerateur-fg-power-380-litres-acier\/#breadcrumb"},"inLanguage":"fr-FR","potentialAction":[{"@type":"ReadAction","target":["https:\/\/www.leadingflagind.com\/fr\/product\/refrigerateur-fg-power-380-litres-acier\/"]}]},{"@type":"ImageObject","inLanguage":"fr-FR","@id":"https:\/\/www.leadingflagind.com\/fr\/product\/refrigerateur-fg-power-380-litres-acier\/#primaryimage","url":"https:\/\/www.leadingflagind.com\/wp-content\/uploads\/2025\/11\/96.jpg","contentUrl":"https:\/\/www.leadingflagind.com\/wp-content\/uploads\/2025\/11\/96.jpg","width":800,"height":800},{"@type":"BreadcrumbList","@id":"https:\/\/www.leadingflagind.com\/fr\/product\/refrigerateur-fg-power-380-litres-acier\/#breadcrumb","itemListElement":[{"@type":"ListItem","position":1,"name":"Home","item":"https:\/\/www.leadingflagind.com\/fr\/"},{"@type":"ListItem","position":2,"name":"Products","item":"https:\/\/www.leadingflagind.com\/shop\/"},{"@type":"ListItem","position":3,"name":"R\u00e9frig\u00e9rateur FG POWER 380 litres \u2013 Acier"}]},{"@type":"WebSite","@id":"https:\/\/www.leadingflagind.com\/#website","url":"https:\/\/www.leadingflagind.com\/","name":"LEADING FLAG - Home Appliance Manufacturing","description":"Home Appliance Manufacturing","publisher":{"@id":"https:\/\/www.leadingflagind.com\/#organization"},"potentialAction":[{"@type":"SearchAction","target":{"@type":"EntryPoint","urlTemplate":"https:\/\/www.leadingflagind.com\/?s={search_term_string}"},"query-input":{"@type":"PropertyValueSpecification","valueRequired":true,"valueName":"search_term_string"}}],"inLanguage":"fr-FR"},{"@type":"Organization","@id":"https:\/\/www.leadingflagind.com\/#organization","name":"LEADING FLAG INDUSTRIAL & TRADING LIMITED","url":"https:\/\/www.leadingflagind.com\/","logo":{"@type":"ImageObject","inLanguage":"fr-FR","@id":"https:\/\/www.leadingflagind.com\/#\/schema\/logo\/image\/","url":"https:\/\/www.leadingflagind.com\/wp-content\/uploads\/2025\/11\/LOGO-leading-Flag.svg","contentUrl":"https:\/\/www.leadingflagind.com\/wp-content\/uploads\/2025\/11\/LOGO-leading-Flag.svg","width":436,"height":76,"caption":"LEADING FLAG INDUSTRIAL & TRADING LIMITED"},"image":{"@id":"https:\/\/www.leadingflagind.com\/#\/schema\/logo\/image\/"}}]}},"_links":{"self":[{"href":"https:\/\/www.leadingflagind.com\/fr\/wp-json\/wp\/v2\/product\/9037","targetHints":{"allow":["GET"]}}],"collection":[{"href":"https:\/\/www.leadingflagind.com\/fr\/wp-json\/wp\/v2\/product"}],"about":[{"href":"https:\/\/www.leadingflagind.com\/fr\/wp-json\/wp\/v2\/types\/product"}],"wp:featuredmedia":[{"embeddable":true,"href":"https:\/\/www.leadingflagind.com\/fr\/wp-json\/wp\/v2\/media\/8665"}],"wp:attachment":[{"href":"https:\/\/www.leadingflagind.com\/fr\/wp-json\/wp\/v2\/media?parent=9037"}],"wp:term":[{"taxonomy":"product_brand","embeddable":true,"href":"https:\/\/www.leadingflagind.com\/fr\/wp-json\/wp\/v2\/product_brand?post=9037"},{"taxonomy":"product_cat","embeddable":true,"href":"https:\/\/www.leadingflagind.com\/fr\/wp-json\/wp\/v2\/product_cat?post=9037"},{"taxonomy":"product_tag","embeddable":true,"href":"https:\/\/www.leadingflagind.com\/fr\/wp-json\/wp\/v2\/product_tag?post=9037"}],"curies":[{"name":"wp","href":"https:\/\/api.w.org\/{rel}","templated":true}]}}