{"id":9036,"date":"2025-11-11T10:47:15","date_gmt":"2025-11-11T10:47:15","guid":{"rendered":"https:\/\/www.leadingflagind.com\/product\/freezer-upright-166-litres-black-steel-frost-free\/"},"modified":"2025-11-13T14:19:04","modified_gmt":"2025-11-13T14:19:04","slug":"congelateur-fg-power-vertical-166-litres-acier-noir-total-no-frost","status":"publish","type":"product","link":"https:\/\/www.leadingflagind.com\/fr\/product\/congelateur-fg-power-vertical-166-litres-acier-noir-total-no-frost\/","title":{"rendered":"Cong\u00e9lateur FG POWER vertical 166 litres \u2013 Acier noir \u2013 Total No Frost"},"content":{"rendered":"","protected":false},"excerpt":{"rendered":"<article class=\"text-token-text-primary w-full focus:outline-none [--shadow-height:45px] has-data-writing-block:pointer-events-none has-data-writing-block:-mt-(--shadow-height) has-data-writing-block:pt-(--shadow-height) [&amp;:has([data-writing-block])&gt;*]:pointer-events-auto [content-visibility:auto] supports-[content-visibility:auto]:[contain-intrinsic-size:auto_100lvh] scroll-mt-[calc(var(--header-height)+min(200px,max(70px,20svh)))]\" dir=\"auto\" tabindex=\"-1\" data-turn-id=\"request-WEB:5e739f11-fe99-4650-bb7a-1073c15a82e7-85\" data-testid=\"conversation-turn-172\" data-scroll-anchor=\"true\" data-turn=\"assistant\">\n<div class=\"text-base my-auto mx-auto pb-10 [--thread-content-margin:--spacing(4)] thread-sm:[--thread-content-margin:--spacing(6)] thread-lg:[--thread-content-margin:--spacing(16)] px-(--thread-content-margin)\">\n<div class=\"[--thread-content-max-width:40rem] thread-lg:[--thread-content-max-width:48rem] mx-auto max-w-(--thread-content-max-width) flex-1 group\/turn-messages focus-visible:outline-hidden relative flex w-full min-w-0 flex-col agent-turn\" tabindex=\"-1\">\n<div class=\"flex max-w-full flex-col grow\">\n<div class=\"min-h-8 text-message relative flex w-full flex-col items-end gap-2 text-start break-words whitespace-normal [.text-message+&amp;]:mt-1\" dir=\"auto\" data-message-author-role=\"assistant\" data-message-id=\"ab56c1d8-57b7-4e39-91fb-50fefa76d6ae\" data-message-model-slug=\"gpt-5-mini\">\n<div class=\"flex w-full flex-col gap-1 empty:hidden first:pt-[1px]\">\n<div class=\"markdown prose dark:prose-invert w-full break-words light markdown-new-styling\">\n<ul>\n<li data-start=\"63\" data-end=\"117\"><strong data-start=\"63\" data-end=\"75\">Mod\u00e8le :<\/strong> MF-181W FGP-166SS 4696 SSL \u2013 Acier noir<\/li>\n<li data-start=\"119\" data-end=\"199\">\n<p data-start=\"121\" data-end=\"199\"><strong data-start=\"121\" data-end=\"142\">Mode commutable :<\/strong> Fra\u00eecheur \/ Cong\u00e9lation (affichage externe uniquement)<\/p>\n<\/li>\n<li data-start=\"200\" data-end=\"242\">\n<p data-start=\"202\" data-end=\"242\"><strong data-start=\"202\" data-end=\"240\">Affichage LED tactile \u00e9lectronique<\/strong><\/p>\n<\/li>\n<li data-start=\"243\" data-end=\"270\">\n<p data-start=\"245\" data-end=\"270\"><strong data-start=\"245\" data-end=\"257\">Design :<\/strong> Sans cadre<\/p>\n<\/li>\n<li data-start=\"271\" data-end=\"295\">\n<p data-start=\"273\" data-end=\"295\"><strong data-start=\"273\" data-end=\"293\">Porte r\u00e9versible<\/strong><\/p>\n<\/li>\n<li data-start=\"296\" data-end=\"324\">\n<p data-start=\"298\" data-end=\"324\"><strong data-start=\"298\" data-end=\"322\">Poign\u00e9e d\u2019assistance<\/strong><\/p>\n<\/li>\n<li data-start=\"325\" data-end=\"366\">\n<p data-start=\"327\" data-end=\"366\"><strong data-start=\"327\" data-end=\"358\">Capacit\u00e9 totale effective :<\/strong> 166 L<\/p>\n<\/li>\n<li data-start=\"367\" data-end=\"419\">\n<p data-start=\"369\" data-end=\"419\"><strong data-start=\"369\" data-end=\"409\">Capacit\u00e9 R\u00e9frig\u00e9rateur\/Cong\u00e9lateur :<\/strong> 0\/166 L<\/p>\n<\/li>\n<li data-start=\"420\" data-end=\"459\">\n<p data-start=\"422\" data-end=\"459\"><strong data-start=\"422\" data-end=\"444\">Type de contr\u00f4le :<\/strong> \u00c9lectronique<\/p>\n<\/li>\n<li data-start=\"460\" data-end=\"497\">\n<p data-start=\"462\" data-end=\"497\"><strong data-start=\"462\" data-end=\"481\">Certification :<\/strong> CE\/CB\/SAA\/EMC<\/p>\n<\/li>\n<li data-start=\"498\" data-end=\"557\">\n<p data-start=\"500\" data-end=\"557\"><strong data-start=\"500\" data-end=\"538\">Dimensions nettes (L \u00d7 P \u00d7 H) mm :<\/strong> 540 \u00d7 590 \u00d7 1443<\/p>\n<\/li>\n<li data-start=\"558\" data-end=\"632\" data-is-last-node=\"\">\n<p data-start=\"560\" data-end=\"632\" data-is-last-node=\"\"><strong data-start=\"560\" data-end=\"621\">Quantit\u00e9 de chargement (conteneur 40 ft haute capacit\u00e9) :<\/strong> 128 unit\u00e9s<\/p>\n<\/li>\n<\/ul>\n<\/div>\n<\/div>\n<\/div>\n<\/div>\n<div class=\"z-0 flex min-h-[46px] justify-start\"><\/div>\n<div class=\"mt-3 w-full empty:hidden\">\n<div class=\"text-center\"><\/div>\n<\/div>\n<\/div>\n<\/div>\n<\/article>\n<div class=\"pointer-events-none h-px w-px\" aria-hidden=\"true\" data-edge=\"true\"><\/div>\n","protected":false},"featured_media":8666,"template":"","meta":[],"product_brand":[],"product_cat":[196,171],"product_tag":[],"class_list":{"0":"post-9036","1":"product","2":"type-product","3":"status-publish","4":"has-post-thumbnail","6":"product_cat-congelateurs-verticaux","7":"product_cat-refrigerateurs","9":"first","10":"instock","11":"shipping-taxable","12":"product-type-simple"},"yoast_head":"<!-- This site is optimized with the Yoast SEO plugin v26.6 - https:\/\/yoast.com\/wordpress\/plugins\/seo\/ -->\n<title>Cong\u00e9lateur FG POWER vertical 166 litres \u2013 Acier noir \u2013 Total No Frost - LEADING FLAG<\/title>\n<meta name=\"description\" content=\"Mod\u00e8le : MF-181W FGP-166SS 4696 SSL \u2013 Acier noir   Mode commutable : Fra\u00eecheur \/ Cong\u00e9lation (affichage externe uniquement)    Affichage LED tactile \u00e9lectronique    Design : Sans cadre    Porte r\u00e9versible    Poign\u00e9e d\u2019assistance    Capacit\u00e9 totale effective : 166 L    Capacit\u00e9 R\u00e9frig\u00e9rateur\/Cong\u00e9lateur : 0\/166 L    Type de contr\u00f4le : \u00c9lectronique    Certification : CE\/CB\/SAA\/EMC    Dimensions nettes (L \u00d7 P \u00d7 H) mm : 540 \u00d7 590 \u00d7 1443    Quantit\u00e9 de chargement (conteneur 40 ft haute capacit\u00e9) : 128 unit\u00e9s\" \/>\n<meta name=\"robots\" content=\"index, follow, max-snippet:-1, max-image-preview:large, max-video-preview:-1\" \/>\n<link rel=\"canonical\" href=\"https:\/\/www.leadingflagind.com\/fr\/product\/congelateur-fg-power-vertical-166-litres-acier-noir-total-no-frost\/\" \/>\n<meta property=\"og:locale\" content=\"fr_FR\" \/>\n<meta property=\"og:type\" content=\"article\" \/>\n<meta property=\"og:title\" content=\"Cong\u00e9lateur FG POWER vertical 166 litres \u2013 Acier noir \u2013 Total No Frost - LEADING FLAG\" \/>\n<meta property=\"og:description\" content=\"Mod\u00e8le : MF-181W FGP-166SS 4696 SSL \u2013 Acier noir   Mode commutable : Fra\u00eecheur \/ Cong\u00e9lation (affichage externe uniquement)    Affichage LED tactile \u00e9lectronique    Design : Sans cadre    Porte r\u00e9versible    Poign\u00e9e d\u2019assistance    Capacit\u00e9 totale effective : 166 L    Capacit\u00e9 R\u00e9frig\u00e9rateur\/Cong\u00e9lateur : 0\/166 L    Type de contr\u00f4le : \u00c9lectronique    Certification : CE\/CB\/SAA\/EMC    Dimensions nettes (L \u00d7 P \u00d7 H) mm : 540 \u00d7 590 \u00d7 1443    Quantit\u00e9 de chargement (conteneur 40 ft haute capacit\u00e9) : 128 unit\u00e9s\" \/>\n<meta property=\"og:url\" content=\"https:\/\/www.leadingflagind.com\/fr\/product\/congelateur-fg-power-vertical-166-litres-acier-noir-total-no-frost\/\" \/>\n<meta property=\"og:site_name\" content=\"LEADING FLAG\" \/>\n<meta property=\"article:modified_time\" content=\"2025-11-13T14:19:04+00:00\" \/>\n<meta property=\"og:image\" content=\"https:\/\/www.leadingflagind.com\/wp-content\/uploads\/2025\/11\/78.jpg\" \/>\n\t<meta property=\"og:image:width\" content=\"800\" \/>\n\t<meta property=\"og:image:height\" content=\"800\" \/>\n\t<meta property=\"og:image:type\" content=\"image\/jpeg\" \/>\n<meta name=\"twitter:card\" content=\"summary_large_image\" \/>\n<script type=\"application\/ld+json\" class=\"yoast-schema-graph\">{\"@context\":\"https:\/\/schema.org\",\"@graph\":[{\"@type\":\"WebPage\",\"@id\":\"https:\/\/www.leadingflagind.com\/fr\/product\/congelateur-fg-power-vertical-166-litres-acier-noir-total-no-frost\/\",\"url\":\"https:\/\/www.leadingflagind.com\/fr\/product\/congelateur-fg-power-vertical-166-litres-acier-noir-total-no-frost\/\",\"name\":\"Cong\u00e9lateur FG POWER vertical 166 litres \u2013 Acier noir \u2013 Total No Frost - LEADING FLAG\",\"isPartOf\":{\"@id\":\"https:\/\/www.leadingflagind.com\/#website\"},\"primaryImageOfPage\":{\"@id\":\"https:\/\/www.leadingflagind.com\/fr\/product\/congelateur-fg-power-vertical-166-litres-acier-noir-total-no-frost\/#primaryimage\"},\"image\":{\"@id\":\"https:\/\/www.leadingflagind.com\/fr\/product\/congelateur-fg-power-vertical-166-litres-acier-noir-total-no-frost\/#primaryimage\"},\"thumbnailUrl\":\"https:\/\/www.leadingflagind.com\/wp-content\/uploads\/2025\/11\/78.jpg\",\"datePublished\":\"2025-11-11T10:47:15+00:00\",\"dateModified\":\"2025-11-13T14:19:04+00:00\",\"description\":\"Mod\u00e8le : MF-181W FGP-166SS 4696 SSL \u2013 Acier noir Mode commutable : Fra\u00eecheur \/ Cong\u00e9lation (affichage externe uniquement) Affichage LED tactile \u00e9lectronique Design : Sans cadre Porte r\u00e9versible Poign\u00e9e d\u2019assistance Capacit\u00e9 totale effective : 166 L Capacit\u00e9 R\u00e9frig\u00e9rateur\/Cong\u00e9lateur : 0\/166 L Type de contr\u00f4le : \u00c9lectronique Certification : CE\/CB\/SAA\/EMC Dimensions nettes (L \u00d7 P \u00d7 H) mm : 540 \u00d7 590 \u00d7 1443 Quantit\u00e9 de chargement (conteneur 40 ft haute capacit\u00e9) : 128 unit\u00e9s\",\"breadcrumb\":{\"@id\":\"https:\/\/www.leadingflagind.com\/fr\/product\/congelateur-fg-power-vertical-166-litres-acier-noir-total-no-frost\/#breadcrumb\"},\"inLanguage\":\"fr-FR\",\"potentialAction\":[{\"@type\":\"ReadAction\",\"target\":[\"https:\/\/www.leadingflagind.com\/fr\/product\/congelateur-fg-power-vertical-166-litres-acier-noir-total-no-frost\/\"]}]},{\"@type\":\"ImageObject\",\"inLanguage\":\"fr-FR\",\"@id\":\"https:\/\/www.leadingflagind.com\/fr\/product\/congelateur-fg-power-vertical-166-litres-acier-noir-total-no-frost\/#primaryimage\",\"url\":\"https:\/\/www.leadingflagind.com\/wp-content\/uploads\/2025\/11\/78.jpg\",\"contentUrl\":\"https:\/\/www.leadingflagind.com\/wp-content\/uploads\/2025\/11\/78.jpg\",\"width\":800,\"height\":800},{\"@type\":\"BreadcrumbList\",\"@id\":\"https:\/\/www.leadingflagind.com\/fr\/product\/congelateur-fg-power-vertical-166-litres-acier-noir-total-no-frost\/#breadcrumb\",\"itemListElement\":[{\"@type\":\"ListItem\",\"position\":1,\"name\":\"Home\",\"item\":\"https:\/\/www.leadingflagind.com\/fr\/\"},{\"@type\":\"ListItem\",\"position\":2,\"name\":\"Products\",\"item\":\"https:\/\/www.leadingflagind.com\/shop\/\"},{\"@type\":\"ListItem\",\"position\":3,\"name\":\"Cong\u00e9lateur FG POWER vertical 166 litres \u2013 Acier noir \u2013 Total No Frost\"}]},{\"@type\":\"WebSite\",\"@id\":\"https:\/\/www.leadingflagind.com\/#website\",\"url\":\"https:\/\/www.leadingflagind.com\/\",\"name\":\"LEADING FLAG - Home Appliance Manufacturing\",\"description\":\"Home Appliance Manufacturing\",\"publisher\":{\"@id\":\"https:\/\/www.leadingflagind.com\/#organization\"},\"potentialAction\":[{\"@type\":\"SearchAction\",\"target\":{\"@type\":\"EntryPoint\",\"urlTemplate\":\"https:\/\/www.leadingflagind.com\/?s={search_term_string}\"},\"query-input\":{\"@type\":\"PropertyValueSpecification\",\"valueRequired\":true,\"valueName\":\"search_term_string\"}}],\"inLanguage\":\"fr-FR\"},{\"@type\":\"Organization\",\"@id\":\"https:\/\/www.leadingflagind.com\/#organization\",\"name\":\"LEADING FLAG INDUSTRIAL & TRADING LIMITED\",\"url\":\"https:\/\/www.leadingflagind.com\/\",\"logo\":{\"@type\":\"ImageObject\",\"inLanguage\":\"fr-FR\",\"@id\":\"https:\/\/www.leadingflagind.com\/#\/schema\/logo\/image\/\",\"url\":\"https:\/\/www.leadingflagind.com\/wp-content\/uploads\/2025\/11\/LOGO-leading-Flag.svg\",\"contentUrl\":\"https:\/\/www.leadingflagind.com\/wp-content\/uploads\/2025\/11\/LOGO-leading-Flag.svg\",\"width\":436,\"height\":76,\"caption\":\"LEADING FLAG INDUSTRIAL & TRADING LIMITED\"},\"image\":{\"@id\":\"https:\/\/www.leadingflagind.com\/#\/schema\/logo\/image\/\"}}]}<\/script>\n<!-- \/ Yoast SEO plugin. -->","yoast_head_json":{"title":"Cong\u00e9lateur FG POWER vertical 166 litres \u2013 Acier noir \u2013 Total No Frost - LEADING FLAG","description":"Mod\u00e8le : MF-181W FGP-166SS 4696 SSL \u2013 Acier noir   Mode commutable : Fra\u00eecheur \/ Cong\u00e9lation (affichage externe uniquement)    Affichage LED tactile \u00e9lectronique    Design : Sans cadre    Porte r\u00e9versible    Poign\u00e9e d\u2019assistance    Capacit\u00e9 totale effective : 166 L    Capacit\u00e9 R\u00e9frig\u00e9rateur\/Cong\u00e9lateur : 0\/166 L    Type de contr\u00f4le : \u00c9lectronique    Certification : CE\/CB\/SAA\/EMC    Dimensions nettes (L \u00d7 P \u00d7 H) mm : 540 \u00d7 590 \u00d7 1443    Quantit\u00e9 de chargement (conteneur 40 ft haute capacit\u00e9) : 128 unit\u00e9s","robots":{"index":"index","follow":"follow","max-snippet":"max-snippet:-1","max-image-preview":"max-image-preview:large","max-video-preview":"max-video-preview:-1"},"canonical":"https:\/\/www.leadingflagind.com\/fr\/product\/congelateur-fg-power-vertical-166-litres-acier-noir-total-no-frost\/","og_locale":"fr_FR","og_type":"article","og_title":"Cong\u00e9lateur FG POWER vertical 166 litres \u2013 Acier noir \u2013 Total No Frost - LEADING FLAG","og_description":"Mod\u00e8le : MF-181W FGP-166SS 4696 SSL \u2013 Acier noir   Mode commutable : Fra\u00eecheur \/ Cong\u00e9lation (affichage externe uniquement)    Affichage LED tactile \u00e9lectronique    Design : Sans cadre    Porte r\u00e9versible    Poign\u00e9e d\u2019assistance    Capacit\u00e9 totale effective : 166 L    Capacit\u00e9 R\u00e9frig\u00e9rateur\/Cong\u00e9lateur : 0\/166 L    Type de contr\u00f4le : \u00c9lectronique    Certification : CE\/CB\/SAA\/EMC    Dimensions nettes (L \u00d7 P \u00d7 H) mm : 540 \u00d7 590 \u00d7 1443    Quantit\u00e9 de chargement (conteneur 40 ft haute capacit\u00e9) : 128 unit\u00e9s","og_url":"https:\/\/www.leadingflagind.com\/fr\/product\/congelateur-fg-power-vertical-166-litres-acier-noir-total-no-frost\/","og_site_name":"LEADING FLAG","article_modified_time":"2025-11-13T14:19:04+00:00","og_image":[{"width":800,"height":800,"url":"https:\/\/www.leadingflagind.com\/wp-content\/uploads\/2025\/11\/78.jpg","type":"image\/jpeg"}],"twitter_card":"summary_large_image","schema":{"@context":"https:\/\/schema.org","@graph":[{"@type":"WebPage","@id":"https:\/\/www.leadingflagind.com\/fr\/product\/congelateur-fg-power-vertical-166-litres-acier-noir-total-no-frost\/","url":"https:\/\/www.leadingflagind.com\/fr\/product\/congelateur-fg-power-vertical-166-litres-acier-noir-total-no-frost\/","name":"Cong\u00e9lateur FG POWER vertical 166 litres \u2013 Acier noir \u2013 Total No Frost - LEADING FLAG","isPartOf":{"@id":"https:\/\/www.leadingflagind.com\/#website"},"primaryImageOfPage":{"@id":"https:\/\/www.leadingflagind.com\/fr\/product\/congelateur-fg-power-vertical-166-litres-acier-noir-total-no-frost\/#primaryimage"},"image":{"@id":"https:\/\/www.leadingflagind.com\/fr\/product\/congelateur-fg-power-vertical-166-litres-acier-noir-total-no-frost\/#primaryimage"},"thumbnailUrl":"https:\/\/www.leadingflagind.com\/wp-content\/uploads\/2025\/11\/78.jpg","datePublished":"2025-11-11T10:47:15+00:00","dateModified":"2025-11-13T14:19:04+00:00","description":"Mod\u00e8le : MF-181W FGP-166SS 4696 SSL \u2013 Acier noir Mode commutable : Fra\u00eecheur \/ Cong\u00e9lation (affichage externe uniquement) Affichage LED tactile \u00e9lectronique Design : Sans cadre Porte r\u00e9versible Poign\u00e9e d\u2019assistance Capacit\u00e9 totale effective : 166 L Capacit\u00e9 R\u00e9frig\u00e9rateur\/Cong\u00e9lateur : 0\/166 L Type de contr\u00f4le : \u00c9lectronique Certification : CE\/CB\/SAA\/EMC Dimensions nettes (L \u00d7 P \u00d7 H) mm : 540 \u00d7 590 \u00d7 1443 Quantit\u00e9 de chargement (conteneur 40 ft haute capacit\u00e9) : 128 unit\u00e9s","breadcrumb":{"@id":"https:\/\/www.leadingflagind.com\/fr\/product\/congelateur-fg-power-vertical-166-litres-acier-noir-total-no-frost\/#breadcrumb"},"inLanguage":"fr-FR","potentialAction":[{"@type":"ReadAction","target":["https:\/\/www.leadingflagind.com\/fr\/product\/congelateur-fg-power-vertical-166-litres-acier-noir-total-no-frost\/"]}]},{"@type":"ImageObject","inLanguage":"fr-FR","@id":"https:\/\/www.leadingflagind.com\/fr\/product\/congelateur-fg-power-vertical-166-litres-acier-noir-total-no-frost\/#primaryimage","url":"https:\/\/www.leadingflagind.com\/wp-content\/uploads\/2025\/11\/78.jpg","contentUrl":"https:\/\/www.leadingflagind.com\/wp-content\/uploads\/2025\/11\/78.jpg","width":800,"height":800},{"@type":"BreadcrumbList","@id":"https:\/\/www.leadingflagind.com\/fr\/product\/congelateur-fg-power-vertical-166-litres-acier-noir-total-no-frost\/#breadcrumb","itemListElement":[{"@type":"ListItem","position":1,"name":"Home","item":"https:\/\/www.leadingflagind.com\/fr\/"},{"@type":"ListItem","position":2,"name":"Products","item":"https:\/\/www.leadingflagind.com\/shop\/"},{"@type":"ListItem","position":3,"name":"Cong\u00e9lateur FG POWER vertical 166 litres \u2013 Acier noir \u2013 Total No Frost"}]},{"@type":"WebSite","@id":"https:\/\/www.leadingflagind.com\/#website","url":"https:\/\/www.leadingflagind.com\/","name":"LEADING FLAG - Home Appliance Manufacturing","description":"Home Appliance Manufacturing","publisher":{"@id":"https:\/\/www.leadingflagind.com\/#organization"},"potentialAction":[{"@type":"SearchAction","target":{"@type":"EntryPoint","urlTemplate":"https:\/\/www.leadingflagind.com\/?s={search_term_string}"},"query-input":{"@type":"PropertyValueSpecification","valueRequired":true,"valueName":"search_term_string"}}],"inLanguage":"fr-FR"},{"@type":"Organization","@id":"https:\/\/www.leadingflagind.com\/#organization","name":"LEADING FLAG INDUSTRIAL & TRADING LIMITED","url":"https:\/\/www.leadingflagind.com\/","logo":{"@type":"ImageObject","inLanguage":"fr-FR","@id":"https:\/\/www.leadingflagind.com\/#\/schema\/logo\/image\/","url":"https:\/\/www.leadingflagind.com\/wp-content\/uploads\/2025\/11\/LOGO-leading-Flag.svg","contentUrl":"https:\/\/www.leadingflagind.com\/wp-content\/uploads\/2025\/11\/LOGO-leading-Flag.svg","width":436,"height":76,"caption":"LEADING FLAG INDUSTRIAL & TRADING LIMITED"},"image":{"@id":"https:\/\/www.leadingflagind.com\/#\/schema\/logo\/image\/"}}]}},"_links":{"self":[{"href":"https:\/\/www.leadingflagind.com\/fr\/wp-json\/wp\/v2\/product\/9036","targetHints":{"allow":["GET"]}}],"collection":[{"href":"https:\/\/www.leadingflagind.com\/fr\/wp-json\/wp\/v2\/product"}],"about":[{"href":"https:\/\/www.leadingflagind.com\/fr\/wp-json\/wp\/v2\/types\/product"}],"wp:featuredmedia":[{"embeddable":true,"href":"https:\/\/www.leadingflagind.com\/fr\/wp-json\/wp\/v2\/media\/8666"}],"wp:attachment":[{"href":"https:\/\/www.leadingflagind.com\/fr\/wp-json\/wp\/v2\/media?parent=9036"}],"wp:term":[{"taxonomy":"product_brand","embeddable":true,"href":"https:\/\/www.leadingflagind.com\/fr\/wp-json\/wp\/v2\/product_brand?post=9036"},{"taxonomy":"product_cat","embeddable":true,"href":"https:\/\/www.leadingflagind.com\/fr\/wp-json\/wp\/v2\/product_cat?post=9036"},{"taxonomy":"product_tag","embeddable":true,"href":"https:\/\/www.leadingflagind.com\/fr\/wp-json\/wp\/v2\/product_tag?post=9036"}],"curies":[{"name":"wp","href":"https:\/\/api.w.org\/{rel}","templated":true}]}}