{"id":9035,"date":"2025-11-11T10:47:15","date_gmt":"2025-11-11T10:47:15","guid":{"rendered":"https:\/\/www.leadingflagind.com\/product\/upright-freezer-168-litres-silver-defrost\/"},"modified":"2025-11-13T14:18:51","modified_gmt":"2025-11-13T14:18:51","slug":"congelateur-fg-power-vertical-168-litres-argente-avec-degivrage","status":"publish","type":"product","link":"https:\/\/www.leadingflagind.com\/fr\/product\/congelateur-fg-power-vertical-168-litres-argente-avec-degivrage\/","title":{"rendered":"Cong\u00e9lateur FG POWER vertical 168 litres \u2013 Argent\u00e9 \u2013 Avec d\u00e9givrage"},"content":{"rendered":"","protected":false},"excerpt":{"rendered":"<p data-start=\"63\" data-end=\"108\"><strong data-start=\"63\" data-end=\"75\">Mod\u00e8le :<\/strong> MF-208 FGP-183S 4695 \u2013 Argent\u00e9<\/p>\n<ul data-start=\"110\" data-end=\"565\" data-is-last-node=\"\" data-is-only-node=\"\">\n<li data-start=\"110\" data-end=\"136\">\n<p data-start=\"112\" data-end=\"136\"><strong data-start=\"112\" data-end=\"122\">Type :<\/strong> Cong\u00e9lateur<\/p>\n<\/li>\n<li data-start=\"137\" data-end=\"165\">\n<p data-start=\"139\" data-end=\"165\"><strong data-start=\"139\" data-end=\"153\">Contr\u00f4le :<\/strong> M\u00e9canique<\/p>\n<\/li>\n<li data-start=\"166\" data-end=\"210\">\n<p data-start=\"168\" data-end=\"210\"><strong data-start=\"168\" data-end=\"198\">Compartiment cong\u00e9lateur :<\/strong> 4 \u00e9toiles<\/p>\n<\/li>\n<li data-start=\"211\" data-end=\"238\">\n<p data-start=\"213\" data-end=\"238\"><strong data-start=\"213\" data-end=\"225\">Design :<\/strong> Sans cadre<\/p>\n<\/li>\n<li data-start=\"239\" data-end=\"263\">\n<p data-start=\"241\" data-end=\"263\"><strong data-start=\"241\" data-end=\"261\">Porte r\u00e9versible<\/strong><\/p>\n<\/li>\n<li data-start=\"264\" data-end=\"314\">\n<p data-start=\"266\" data-end=\"314\"><strong data-start=\"266\" data-end=\"312\">Poign\u00e9e lat\u00e9rale extractible (optionnelle)<\/strong><\/p>\n<\/li>\n<li data-start=\"315\" data-end=\"356\">\n<p data-start=\"317\" data-end=\"356\"><strong data-start=\"317\" data-end=\"348\">Capacit\u00e9 totale effective :<\/strong> 168 L<\/p>\n<\/li>\n<li data-start=\"357\" data-end=\"393\">\n<p data-start=\"359\" data-end=\"393\"><strong data-start=\"359\" data-end=\"381\">Type de contr\u00f4le :<\/strong> M\u00e9canique<\/p>\n<\/li>\n<li data-start=\"394\" data-end=\"430\">\n<p data-start=\"396\" data-end=\"430\"><strong data-start=\"396\" data-end=\"415\">Certification :<\/strong> GS\/CE\/CB\/SAA<\/p>\n<\/li>\n<li data-start=\"431\" data-end=\"490\">\n<p data-start=\"433\" data-end=\"490\"><strong data-start=\"433\" data-end=\"471\">Dimensions nettes (L \u00d7 P \u00d7 H) mm :<\/strong> 540 \u00d7 550 \u00d7 1440<\/p>\n<\/li>\n<li data-start=\"491\" data-end=\"565\" data-is-last-node=\"\">\n<p data-start=\"493\" data-end=\"565\" data-is-last-node=\"\"><strong data-start=\"493\" data-end=\"554\">Quantit\u00e9 de chargement (conteneur 40 ft haute capacit\u00e9) :<\/strong> 141 unit\u00e9s<\/p>\n<\/li>\n<\/ul>\n","protected":false},"featured_media":8667,"template":"","meta":[],"product_brand":[],"product_cat":[196,171],"product_tag":[],"class_list":{"0":"post-9035","1":"product","2":"type-product","3":"status-publish","4":"has-post-thumbnail","6":"product_cat-congelateurs-verticaux","7":"product_cat-refrigerateurs","9":"first","10":"instock","11":"shipping-taxable","12":"product-type-simple"},"yoast_head":"<!-- This site is optimized with the Yoast SEO plugin v26.6 - https:\/\/yoast.com\/wordpress\/plugins\/seo\/ -->\n<title>Cong\u00e9lateur FG POWER vertical 168 litres \u2013 Argent\u00e9 \u2013 Avec d\u00e9givrage - LEADING FLAG<\/title>\n<meta name=\"description\" content=\"Mod\u00e8le : MF-208 FGP-183S 4695 \u2013 Argent\u00e9     Type : Cong\u00e9lateur    Contr\u00f4le : M\u00e9canique    Compartiment cong\u00e9lateur : 4 \u00e9toiles    Design : Sans cadre    Porte r\u00e9versible    Poign\u00e9e lat\u00e9rale extractible (optionnelle)    Capacit\u00e9 totale effective : 168 L    Type de contr\u00f4le : M\u00e9canique    Certification : GS\/CE\/CB\/SAA    Dimensions nettes (L \u00d7 P \u00d7 H) mm : 540 \u00d7 550 \u00d7 1440    Quantit\u00e9 de chargement (conteneur 40 ft haute capacit\u00e9) : 141 unit\u00e9s\" \/>\n<meta name=\"robots\" content=\"index, follow, max-snippet:-1, max-image-preview:large, max-video-preview:-1\" \/>\n<link rel=\"canonical\" href=\"https:\/\/www.leadingflagind.com\/fr\/product\/congelateur-fg-power-vertical-168-litres-argente-avec-degivrage\/\" \/>\n<meta property=\"og:locale\" content=\"fr_FR\" \/>\n<meta property=\"og:type\" content=\"article\" \/>\n<meta property=\"og:title\" content=\"Cong\u00e9lateur FG POWER vertical 168 litres \u2013 Argent\u00e9 \u2013 Avec d\u00e9givrage - LEADING FLAG\" \/>\n<meta property=\"og:description\" content=\"Mod\u00e8le : MF-208 FGP-183S 4695 \u2013 Argent\u00e9     Type : Cong\u00e9lateur    Contr\u00f4le : M\u00e9canique    Compartiment cong\u00e9lateur : 4 \u00e9toiles    Design : Sans cadre    Porte r\u00e9versible    Poign\u00e9e lat\u00e9rale extractible (optionnelle)    Capacit\u00e9 totale effective : 168 L    Type de contr\u00f4le : M\u00e9canique    Certification : GS\/CE\/CB\/SAA    Dimensions nettes (L \u00d7 P \u00d7 H) mm : 540 \u00d7 550 \u00d7 1440    Quantit\u00e9 de chargement (conteneur 40 ft haute capacit\u00e9) : 141 unit\u00e9s\" \/>\n<meta property=\"og:url\" content=\"https:\/\/www.leadingflagind.com\/fr\/product\/congelateur-fg-power-vertical-168-litres-argente-avec-degivrage\/\" \/>\n<meta property=\"og:site_name\" content=\"LEADING FLAG\" \/>\n<meta property=\"article:modified_time\" content=\"2025-11-13T14:18:51+00:00\" \/>\n<meta property=\"og:image\" content=\"https:\/\/www.leadingflagind.com\/wp-content\/uploads\/2025\/11\/115.jpg\" \/>\n\t<meta property=\"og:image:width\" content=\"800\" \/>\n\t<meta property=\"og:image:height\" content=\"800\" \/>\n\t<meta property=\"og:image:type\" content=\"image\/jpeg\" \/>\n<meta name=\"twitter:card\" content=\"summary_large_image\" \/>\n<script type=\"application\/ld+json\" class=\"yoast-schema-graph\">{\"@context\":\"https:\/\/schema.org\",\"@graph\":[{\"@type\":\"WebPage\",\"@id\":\"https:\/\/www.leadingflagind.com\/fr\/product\/congelateur-fg-power-vertical-168-litres-argente-avec-degivrage\/\",\"url\":\"https:\/\/www.leadingflagind.com\/fr\/product\/congelateur-fg-power-vertical-168-litres-argente-avec-degivrage\/\",\"name\":\"Cong\u00e9lateur FG POWER vertical 168 litres \u2013 Argent\u00e9 \u2013 Avec d\u00e9givrage - LEADING FLAG\",\"isPartOf\":{\"@id\":\"https:\/\/www.leadingflagind.com\/#website\"},\"primaryImageOfPage\":{\"@id\":\"https:\/\/www.leadingflagind.com\/fr\/product\/congelateur-fg-power-vertical-168-litres-argente-avec-degivrage\/#primaryimage\"},\"image\":{\"@id\":\"https:\/\/www.leadingflagind.com\/fr\/product\/congelateur-fg-power-vertical-168-litres-argente-avec-degivrage\/#primaryimage\"},\"thumbnailUrl\":\"https:\/\/www.leadingflagind.com\/wp-content\/uploads\/2025\/11\/115.jpg\",\"datePublished\":\"2025-11-11T10:47:15+00:00\",\"dateModified\":\"2025-11-13T14:18:51+00:00\",\"description\":\"Mod\u00e8le : MF-208 FGP-183S 4695 \u2013 Argent\u00e9 Type : Cong\u00e9lateur Contr\u00f4le : M\u00e9canique Compartiment cong\u00e9lateur : 4 \u00e9toiles Design : Sans cadre Porte r\u00e9versible Poign\u00e9e lat\u00e9rale extractible (optionnelle) Capacit\u00e9 totale effective : 168 L Type de contr\u00f4le : M\u00e9canique Certification : GS\/CE\/CB\/SAA Dimensions nettes (L \u00d7 P \u00d7 H) mm : 540 \u00d7 550 \u00d7 1440 Quantit\u00e9 de chargement (conteneur 40 ft haute capacit\u00e9) : 141 unit\u00e9s\",\"breadcrumb\":{\"@id\":\"https:\/\/www.leadingflagind.com\/fr\/product\/congelateur-fg-power-vertical-168-litres-argente-avec-degivrage\/#breadcrumb\"},\"inLanguage\":\"fr-FR\",\"potentialAction\":[{\"@type\":\"ReadAction\",\"target\":[\"https:\/\/www.leadingflagind.com\/fr\/product\/congelateur-fg-power-vertical-168-litres-argente-avec-degivrage\/\"]}]},{\"@type\":\"ImageObject\",\"inLanguage\":\"fr-FR\",\"@id\":\"https:\/\/www.leadingflagind.com\/fr\/product\/congelateur-fg-power-vertical-168-litres-argente-avec-degivrage\/#primaryimage\",\"url\":\"https:\/\/www.leadingflagind.com\/wp-content\/uploads\/2025\/11\/115.jpg\",\"contentUrl\":\"https:\/\/www.leadingflagind.com\/wp-content\/uploads\/2025\/11\/115.jpg\",\"width\":800,\"height\":800},{\"@type\":\"BreadcrumbList\",\"@id\":\"https:\/\/www.leadingflagind.com\/fr\/product\/congelateur-fg-power-vertical-168-litres-argente-avec-degivrage\/#breadcrumb\",\"itemListElement\":[{\"@type\":\"ListItem\",\"position\":1,\"name\":\"Home\",\"item\":\"https:\/\/www.leadingflagind.com\/fr\/\"},{\"@type\":\"ListItem\",\"position\":2,\"name\":\"Products\",\"item\":\"https:\/\/www.leadingflagind.com\/shop\/\"},{\"@type\":\"ListItem\",\"position\":3,\"name\":\"Cong\u00e9lateur FG POWER vertical 168 litres \u2013 Argent\u00e9 \u2013 Avec d\u00e9givrage\"}]},{\"@type\":\"WebSite\",\"@id\":\"https:\/\/www.leadingflagind.com\/#website\",\"url\":\"https:\/\/www.leadingflagind.com\/\",\"name\":\"LEADING FLAG - Home Appliance Manufacturing\",\"description\":\"Home Appliance Manufacturing\",\"publisher\":{\"@id\":\"https:\/\/www.leadingflagind.com\/#organization\"},\"potentialAction\":[{\"@type\":\"SearchAction\",\"target\":{\"@type\":\"EntryPoint\",\"urlTemplate\":\"https:\/\/www.leadingflagind.com\/?s={search_term_string}\"},\"query-input\":{\"@type\":\"PropertyValueSpecification\",\"valueRequired\":true,\"valueName\":\"search_term_string\"}}],\"inLanguage\":\"fr-FR\"},{\"@type\":\"Organization\",\"@id\":\"https:\/\/www.leadingflagind.com\/#organization\",\"name\":\"LEADING FLAG INDUSTRIAL & TRADING LIMITED\",\"url\":\"https:\/\/www.leadingflagind.com\/\",\"logo\":{\"@type\":\"ImageObject\",\"inLanguage\":\"fr-FR\",\"@id\":\"https:\/\/www.leadingflagind.com\/#\/schema\/logo\/image\/\",\"url\":\"https:\/\/www.leadingflagind.com\/wp-content\/uploads\/2025\/11\/LOGO-leading-Flag.svg\",\"contentUrl\":\"https:\/\/www.leadingflagind.com\/wp-content\/uploads\/2025\/11\/LOGO-leading-Flag.svg\",\"width\":436,\"height\":76,\"caption\":\"LEADING FLAG INDUSTRIAL & TRADING LIMITED\"},\"image\":{\"@id\":\"https:\/\/www.leadingflagind.com\/#\/schema\/logo\/image\/\"}}]}<\/script>\n<!-- \/ Yoast SEO plugin. -->","yoast_head_json":{"title":"Cong\u00e9lateur FG POWER vertical 168 litres \u2013 Argent\u00e9 \u2013 Avec d\u00e9givrage - LEADING FLAG","description":"Mod\u00e8le : MF-208 FGP-183S 4695 \u2013 Argent\u00e9     Type : Cong\u00e9lateur    Contr\u00f4le : M\u00e9canique    Compartiment cong\u00e9lateur : 4 \u00e9toiles    Design : Sans cadre    Porte r\u00e9versible    Poign\u00e9e lat\u00e9rale extractible (optionnelle)    Capacit\u00e9 totale effective : 168 L    Type de contr\u00f4le : M\u00e9canique    Certification : GS\/CE\/CB\/SAA    Dimensions nettes (L \u00d7 P \u00d7 H) mm : 540 \u00d7 550 \u00d7 1440    Quantit\u00e9 de chargement (conteneur 40 ft haute capacit\u00e9) : 141 unit\u00e9s","robots":{"index":"index","follow":"follow","max-snippet":"max-snippet:-1","max-image-preview":"max-image-preview:large","max-video-preview":"max-video-preview:-1"},"canonical":"https:\/\/www.leadingflagind.com\/fr\/product\/congelateur-fg-power-vertical-168-litres-argente-avec-degivrage\/","og_locale":"fr_FR","og_type":"article","og_title":"Cong\u00e9lateur FG POWER vertical 168 litres \u2013 Argent\u00e9 \u2013 Avec d\u00e9givrage - LEADING FLAG","og_description":"Mod\u00e8le : MF-208 FGP-183S 4695 \u2013 Argent\u00e9     Type : Cong\u00e9lateur    Contr\u00f4le : M\u00e9canique    Compartiment cong\u00e9lateur : 4 \u00e9toiles    Design : Sans cadre    Porte r\u00e9versible    Poign\u00e9e lat\u00e9rale extractible (optionnelle)    Capacit\u00e9 totale effective : 168 L    Type de contr\u00f4le : M\u00e9canique    Certification : GS\/CE\/CB\/SAA    Dimensions nettes (L \u00d7 P \u00d7 H) mm : 540 \u00d7 550 \u00d7 1440    Quantit\u00e9 de chargement (conteneur 40 ft haute capacit\u00e9) : 141 unit\u00e9s","og_url":"https:\/\/www.leadingflagind.com\/fr\/product\/congelateur-fg-power-vertical-168-litres-argente-avec-degivrage\/","og_site_name":"LEADING FLAG","article_modified_time":"2025-11-13T14:18:51+00:00","og_image":[{"width":800,"height":800,"url":"https:\/\/www.leadingflagind.com\/wp-content\/uploads\/2025\/11\/115.jpg","type":"image\/jpeg"}],"twitter_card":"summary_large_image","schema":{"@context":"https:\/\/schema.org","@graph":[{"@type":"WebPage","@id":"https:\/\/www.leadingflagind.com\/fr\/product\/congelateur-fg-power-vertical-168-litres-argente-avec-degivrage\/","url":"https:\/\/www.leadingflagind.com\/fr\/product\/congelateur-fg-power-vertical-168-litres-argente-avec-degivrage\/","name":"Cong\u00e9lateur FG POWER vertical 168 litres \u2013 Argent\u00e9 \u2013 Avec d\u00e9givrage - LEADING FLAG","isPartOf":{"@id":"https:\/\/www.leadingflagind.com\/#website"},"primaryImageOfPage":{"@id":"https:\/\/www.leadingflagind.com\/fr\/product\/congelateur-fg-power-vertical-168-litres-argente-avec-degivrage\/#primaryimage"},"image":{"@id":"https:\/\/www.leadingflagind.com\/fr\/product\/congelateur-fg-power-vertical-168-litres-argente-avec-degivrage\/#primaryimage"},"thumbnailUrl":"https:\/\/www.leadingflagind.com\/wp-content\/uploads\/2025\/11\/115.jpg","datePublished":"2025-11-11T10:47:15+00:00","dateModified":"2025-11-13T14:18:51+00:00","description":"Mod\u00e8le : MF-208 FGP-183S 4695 \u2013 Argent\u00e9 Type : Cong\u00e9lateur Contr\u00f4le : M\u00e9canique Compartiment cong\u00e9lateur : 4 \u00e9toiles Design : Sans cadre Porte r\u00e9versible Poign\u00e9e lat\u00e9rale extractible (optionnelle) Capacit\u00e9 totale effective : 168 L Type de contr\u00f4le : M\u00e9canique Certification : GS\/CE\/CB\/SAA Dimensions nettes (L \u00d7 P \u00d7 H) mm : 540 \u00d7 550 \u00d7 1440 Quantit\u00e9 de chargement (conteneur 40 ft haute capacit\u00e9) : 141 unit\u00e9s","breadcrumb":{"@id":"https:\/\/www.leadingflagind.com\/fr\/product\/congelateur-fg-power-vertical-168-litres-argente-avec-degivrage\/#breadcrumb"},"inLanguage":"fr-FR","potentialAction":[{"@type":"ReadAction","target":["https:\/\/www.leadingflagind.com\/fr\/product\/congelateur-fg-power-vertical-168-litres-argente-avec-degivrage\/"]}]},{"@type":"ImageObject","inLanguage":"fr-FR","@id":"https:\/\/www.leadingflagind.com\/fr\/product\/congelateur-fg-power-vertical-168-litres-argente-avec-degivrage\/#primaryimage","url":"https:\/\/www.leadingflagind.com\/wp-content\/uploads\/2025\/11\/115.jpg","contentUrl":"https:\/\/www.leadingflagind.com\/wp-content\/uploads\/2025\/11\/115.jpg","width":800,"height":800},{"@type":"BreadcrumbList","@id":"https:\/\/www.leadingflagind.com\/fr\/product\/congelateur-fg-power-vertical-168-litres-argente-avec-degivrage\/#breadcrumb","itemListElement":[{"@type":"ListItem","position":1,"name":"Home","item":"https:\/\/www.leadingflagind.com\/fr\/"},{"@type":"ListItem","position":2,"name":"Products","item":"https:\/\/www.leadingflagind.com\/shop\/"},{"@type":"ListItem","position":3,"name":"Cong\u00e9lateur FG POWER vertical 168 litres \u2013 Argent\u00e9 \u2013 Avec d\u00e9givrage"}]},{"@type":"WebSite","@id":"https:\/\/www.leadingflagind.com\/#website","url":"https:\/\/www.leadingflagind.com\/","name":"LEADING FLAG - Home Appliance Manufacturing","description":"Home Appliance Manufacturing","publisher":{"@id":"https:\/\/www.leadingflagind.com\/#organization"},"potentialAction":[{"@type":"SearchAction","target":{"@type":"EntryPoint","urlTemplate":"https:\/\/www.leadingflagind.com\/?s={search_term_string}"},"query-input":{"@type":"PropertyValueSpecification","valueRequired":true,"valueName":"search_term_string"}}],"inLanguage":"fr-FR"},{"@type":"Organization","@id":"https:\/\/www.leadingflagind.com\/#organization","name":"LEADING FLAG INDUSTRIAL & TRADING LIMITED","url":"https:\/\/www.leadingflagind.com\/","logo":{"@type":"ImageObject","inLanguage":"fr-FR","@id":"https:\/\/www.leadingflagind.com\/#\/schema\/logo\/image\/","url":"https:\/\/www.leadingflagind.com\/wp-content\/uploads\/2025\/11\/LOGO-leading-Flag.svg","contentUrl":"https:\/\/www.leadingflagind.com\/wp-content\/uploads\/2025\/11\/LOGO-leading-Flag.svg","width":436,"height":76,"caption":"LEADING FLAG INDUSTRIAL & TRADING LIMITED"},"image":{"@id":"https:\/\/www.leadingflagind.com\/#\/schema\/logo\/image\/"}}]}},"_links":{"self":[{"href":"https:\/\/www.leadingflagind.com\/fr\/wp-json\/wp\/v2\/product\/9035","targetHints":{"allow":["GET"]}}],"collection":[{"href":"https:\/\/www.leadingflagind.com\/fr\/wp-json\/wp\/v2\/product"}],"about":[{"href":"https:\/\/www.leadingflagind.com\/fr\/wp-json\/wp\/v2\/types\/product"}],"wp:featuredmedia":[{"embeddable":true,"href":"https:\/\/www.leadingflagind.com\/fr\/wp-json\/wp\/v2\/media\/8667"}],"wp:attachment":[{"href":"https:\/\/www.leadingflagind.com\/fr\/wp-json\/wp\/v2\/media?parent=9035"}],"wp:term":[{"taxonomy":"product_brand","embeddable":true,"href":"https:\/\/www.leadingflagind.com\/fr\/wp-json\/wp\/v2\/product_brand?post=9035"},{"taxonomy":"product_cat","embeddable":true,"href":"https:\/\/www.leadingflagind.com\/fr\/wp-json\/wp\/v2\/product_cat?post=9035"},{"taxonomy":"product_tag","embeddable":true,"href":"https:\/\/www.leadingflagind.com\/fr\/wp-json\/wp\/v2\/product_tag?post=9035"}],"curies":[{"name":"wp","href":"https:\/\/api.w.org\/{rel}","templated":true}]}}