{"id":9034,"date":"2025-11-11T10:47:16","date_gmt":"2025-11-11T10:47:16","guid":{"rendered":"https:\/\/www.leadingflagind.com\/product\/freezer-1-06-mter-254-litres-silver\/"},"modified":"2025-11-12T10:21:46","modified_gmt":"2025-11-12T10:21:46","slug":"congelateur-fg-power-106-m-254-litres-argente","status":"publish","type":"product","link":"https:\/\/www.leadingflagind.com\/fr\/product\/congelateur-fg-power-106-m-254-litres-argente\/","title":{"rendered":"Cong\u00e9lateur FG POWER 1,06 m \u2013 254 litres \u2013 Argent\u00e9"},"content":{"rendered":"","protected":false},"excerpt":{"rendered":"<article class=\"text-token-text-primary w-full focus:outline-none [--shadow-height:45px] has-data-writing-block:pointer-events-none has-data-writing-block:-mt-(--shadow-height) has-data-writing-block:pt-(--shadow-height) [&amp;:has([data-writing-block])&gt;*]:pointer-events-auto [content-visibility:auto] supports-[content-visibility:auto]:[contain-intrinsic-size:auto_100lvh] scroll-mt-[calc(var(--header-height)+min(200px,max(70px,20svh)))]\" dir=\"auto\" tabindex=\"-1\" data-turn-id=\"request-WEB:5e739f11-fe99-4650-bb7a-1073c15a82e7-81\" data-testid=\"conversation-turn-164\" data-scroll-anchor=\"true\" data-turn=\"assistant\">\n<div class=\"text-base my-auto mx-auto pb-10 [--thread-content-margin:--spacing(4)] thread-sm:[--thread-content-margin:--spacing(6)] thread-lg:[--thread-content-margin:--spacing(16)] px-(--thread-content-margin)\">\n<div class=\"[--thread-content-max-width:40rem] thread-lg:[--thread-content-max-width:48rem] mx-auto max-w-(--thread-content-max-width) flex-1 group\/turn-messages focus-visible:outline-hidden relative flex w-full min-w-0 flex-col agent-turn\" tabindex=\"-1\">\n<div class=\"flex max-w-full flex-col grow\">\n<div class=\"min-h-8 text-message relative flex w-full flex-col items-end gap-2 text-start break-words whitespace-normal [.text-message+&amp;]:mt-1\" dir=\"auto\" data-message-author-role=\"assistant\" data-message-id=\"6bb959f8-d2a0-434a-873e-9bcb9a8ef602\" data-message-model-slug=\"gpt-5-mini\">\n<div class=\"flex w-full flex-col gap-1 empty:hidden first:pt-[1px]\">\n<div class=\"markdown prose dark:prose-invert w-full break-words light markdown-new-styling\">\n<ul>\n<li data-start=\"63\" data-end=\"108\"><strong data-start=\"63\" data-end=\"75\">Mod\u00e8le :<\/strong> MF-256 FGP-256S 4692 \u2013 Argent\u00e9<\/li>\n<li data-start=\"110\" data-end=\"158\">\n<p data-start=\"112\" data-end=\"158\"><strong data-start=\"112\" data-end=\"145\">R\u00e9frig\u00e9rateur &amp; Cong\u00e9lateur :<\/strong> Commutable<\/p>\n<\/li>\n<li data-start=\"159\" data-end=\"186\">\n<p data-start=\"161\" data-end=\"186\"><strong data-start=\"161\" data-end=\"184\">Panier de rangement<\/strong><\/p>\n<\/li>\n<li data-start=\"187\" data-end=\"225\">\n<p data-start=\"189\" data-end=\"225\"><strong data-start=\"189\" data-end=\"223\">Design de charni\u00e8re \u00e9quilibr\u00e9e<\/strong><\/p>\n<\/li>\n<li data-start=\"226\" data-end=\"259\">\n<p data-start=\"228\" data-end=\"259\"><strong data-start=\"228\" data-end=\"253\">\u00c9clairage int\u00e9rieur :<\/strong> LED<\/p>\n<\/li>\n<li data-start=\"260\" data-end=\"283\">\n<p data-start=\"262\" data-end=\"283\"><strong data-start=\"262\" data-end=\"281\">Verrou avec cl\u00e9<\/strong><\/p>\n<\/li>\n<li data-start=\"284\" data-end=\"325\">\n<p data-start=\"286\" data-end=\"325\"><strong data-start=\"286\" data-end=\"317\">Capacit\u00e9 totale effective :<\/strong> 254 L<\/p>\n<\/li>\n<li data-start=\"326\" data-end=\"373\">\n<p data-start=\"328\" data-end=\"373\"><strong data-start=\"328\" data-end=\"350\">Type de contr\u00f4le :<\/strong> \u00c9lectrique\/M\u00e9canique<\/p>\n<\/li>\n<li data-start=\"374\" data-end=\"407\">\n<p data-start=\"376\" data-end=\"407\"><strong data-start=\"376\" data-end=\"395\">Certification :<\/strong> CE\/CB\/SAA<\/p>\n<\/li>\n<li data-start=\"408\" data-end=\"467\">\n<p data-start=\"410\" data-end=\"467\"><strong data-start=\"410\" data-end=\"448\">Dimensions nettes (L \u00d7 P \u00d7 H) mm :<\/strong> 1040 \u00d7 566 \u00d7 835<\/p>\n<\/li>\n<li data-start=\"468\" data-end=\"542\" data-is-last-node=\"\">\n<p data-start=\"470\" data-end=\"542\" data-is-last-node=\"\"><strong data-start=\"470\" data-end=\"531\">Quantit\u00e9 de chargement (conteneur 40 ft haute capacit\u00e9) :<\/strong> 132 unit\u00e9s<\/p>\n<\/li>\n<\/ul>\n<\/div>\n<\/div>\n<\/div>\n<\/div>\n<div class=\"z-0 flex min-h-[46px] justify-start\"><\/div>\n<div class=\"mt-3 w-full empty:hidden\">\n<div class=\"text-center\"><\/div>\n<\/div>\n<\/div>\n<\/div>\n<\/article>\n<div class=\"pointer-events-none h-px w-px\" aria-hidden=\"true\" data-edge=\"true\"><\/div>\n","protected":false},"featured_media":8668,"template":"","meta":[],"product_brand":[],"product_cat":[192,171],"product_tag":[],"class_list":{"0":"post-9034","1":"product","2":"type-product","3":"status-publish","4":"has-post-thumbnail","6":"product_cat-congelateurs-coffres","7":"product_cat-refrigerateurs","9":"first","10":"instock","11":"shipping-taxable","12":"product-type-simple"},"yoast_head":"<!-- This site is optimized with the Yoast SEO plugin v26.6 - https:\/\/yoast.com\/wordpress\/plugins\/seo\/ -->\n<title>Cong\u00e9lateur FG POWER 1,06 m \u2013 254 litres \u2013 Argent\u00e9 - LEADING FLAG<\/title>\n<meta name=\"description\" content=\"Mod\u00e8le : MF-256 FGP-256S 4692 \u2013 Argent\u00e9   R\u00e9frig\u00e9rateur &amp; Cong\u00e9lateur : Commutable    Panier de rangement    Design de charni\u00e8re \u00e9quilibr\u00e9e    \u00c9clairage int\u00e9rieur : LED    Verrou avec cl\u00e9    Capacit\u00e9 totale effective : 254 L    Type de contr\u00f4le : \u00c9lectrique\/M\u00e9canique    Certification : CE\/CB\/SAA    Dimensions nettes (L \u00d7 P \u00d7 H) mm : 1040 \u00d7 566 \u00d7 835    Quantit\u00e9 de chargement (conteneur 40 ft haute capacit\u00e9) : 132 unit\u00e9s\" \/>\n<meta name=\"robots\" content=\"index, follow, max-snippet:-1, max-image-preview:large, max-video-preview:-1\" \/>\n<link rel=\"canonical\" href=\"https:\/\/www.leadingflagind.com\/fr\/product\/congelateur-fg-power-106-m-254-litres-argente\/\" \/>\n<meta property=\"og:locale\" content=\"fr_FR\" \/>\n<meta property=\"og:type\" content=\"article\" \/>\n<meta property=\"og:title\" content=\"Cong\u00e9lateur FG POWER 1,06 m \u2013 254 litres \u2013 Argent\u00e9 - LEADING FLAG\" \/>\n<meta property=\"og:description\" content=\"Mod\u00e8le : MF-256 FGP-256S 4692 \u2013 Argent\u00e9   R\u00e9frig\u00e9rateur &amp; Cong\u00e9lateur : Commutable    Panier de rangement    Design de charni\u00e8re \u00e9quilibr\u00e9e    \u00c9clairage int\u00e9rieur : LED    Verrou avec cl\u00e9    Capacit\u00e9 totale effective : 254 L    Type de contr\u00f4le : \u00c9lectrique\/M\u00e9canique    Certification : CE\/CB\/SAA    Dimensions nettes (L \u00d7 P \u00d7 H) mm : 1040 \u00d7 566 \u00d7 835    Quantit\u00e9 de chargement (conteneur 40 ft haute capacit\u00e9) : 132 unit\u00e9s\" \/>\n<meta property=\"og:url\" content=\"https:\/\/www.leadingflagind.com\/fr\/product\/congelateur-fg-power-106-m-254-litres-argente\/\" \/>\n<meta property=\"og:site_name\" content=\"LEADING FLAG\" \/>\n<meta property=\"article:modified_time\" content=\"2025-11-12T10:21:46+00:00\" \/>\n<meta property=\"og:image\" content=\"https:\/\/www.leadingflagind.com\/wp-content\/uploads\/2025\/11\/101.jpg\" \/>\n\t<meta property=\"og:image:width\" content=\"800\" \/>\n\t<meta property=\"og:image:height\" content=\"800\" \/>\n\t<meta property=\"og:image:type\" content=\"image\/jpeg\" \/>\n<meta name=\"twitter:card\" content=\"summary_large_image\" \/>\n<script type=\"application\/ld+json\" class=\"yoast-schema-graph\">{\"@context\":\"https:\/\/schema.org\",\"@graph\":[{\"@type\":\"WebPage\",\"@id\":\"https:\/\/www.leadingflagind.com\/fr\/product\/congelateur-fg-power-106-m-254-litres-argente\/\",\"url\":\"https:\/\/www.leadingflagind.com\/fr\/product\/congelateur-fg-power-106-m-254-litres-argente\/\",\"name\":\"Cong\u00e9lateur FG POWER 1,06 m \u2013 254 litres \u2013 Argent\u00e9 - LEADING FLAG\",\"isPartOf\":{\"@id\":\"https:\/\/www.leadingflagind.com\/#website\"},\"primaryImageOfPage\":{\"@id\":\"https:\/\/www.leadingflagind.com\/fr\/product\/congelateur-fg-power-106-m-254-litres-argente\/#primaryimage\"},\"image\":{\"@id\":\"https:\/\/www.leadingflagind.com\/fr\/product\/congelateur-fg-power-106-m-254-litres-argente\/#primaryimage\"},\"thumbnailUrl\":\"https:\/\/www.leadingflagind.com\/wp-content\/uploads\/2025\/11\/101.jpg\",\"datePublished\":\"2025-11-11T10:47:16+00:00\",\"dateModified\":\"2025-11-12T10:21:46+00:00\",\"description\":\"Mod\u00e8le : MF-256 FGP-256S 4692 \u2013 Argent\u00e9 R\u00e9frig\u00e9rateur &amp; Cong\u00e9lateur : Commutable Panier de rangement Design de charni\u00e8re \u00e9quilibr\u00e9e \u00c9clairage int\u00e9rieur : LED Verrou avec cl\u00e9 Capacit\u00e9 totale effective : 254 L Type de contr\u00f4le : \u00c9lectrique\/M\u00e9canique Certification : CE\/CB\/SAA Dimensions nettes (L \u00d7 P \u00d7 H) mm : 1040 \u00d7 566 \u00d7 835 Quantit\u00e9 de chargement (conteneur 40 ft haute capacit\u00e9) : 132 unit\u00e9s\",\"breadcrumb\":{\"@id\":\"https:\/\/www.leadingflagind.com\/fr\/product\/congelateur-fg-power-106-m-254-litres-argente\/#breadcrumb\"},\"inLanguage\":\"fr-FR\",\"potentialAction\":[{\"@type\":\"ReadAction\",\"target\":[\"https:\/\/www.leadingflagind.com\/fr\/product\/congelateur-fg-power-106-m-254-litres-argente\/\"]}]},{\"@type\":\"ImageObject\",\"inLanguage\":\"fr-FR\",\"@id\":\"https:\/\/www.leadingflagind.com\/fr\/product\/congelateur-fg-power-106-m-254-litres-argente\/#primaryimage\",\"url\":\"https:\/\/www.leadingflagind.com\/wp-content\/uploads\/2025\/11\/101.jpg\",\"contentUrl\":\"https:\/\/www.leadingflagind.com\/wp-content\/uploads\/2025\/11\/101.jpg\",\"width\":800,\"height\":800},{\"@type\":\"BreadcrumbList\",\"@id\":\"https:\/\/www.leadingflagind.com\/fr\/product\/congelateur-fg-power-106-m-254-litres-argente\/#breadcrumb\",\"itemListElement\":[{\"@type\":\"ListItem\",\"position\":1,\"name\":\"Home\",\"item\":\"https:\/\/www.leadingflagind.com\/fr\/\"},{\"@type\":\"ListItem\",\"position\":2,\"name\":\"Products\",\"item\":\"https:\/\/www.leadingflagind.com\/shop\/\"},{\"@type\":\"ListItem\",\"position\":3,\"name\":\"Cong\u00e9lateur FG POWER 1,06 m \u2013 254 litres \u2013 Argent\u00e9\"}]},{\"@type\":\"WebSite\",\"@id\":\"https:\/\/www.leadingflagind.com\/#website\",\"url\":\"https:\/\/www.leadingflagind.com\/\",\"name\":\"LEADING FLAG - Home Appliance Manufacturing\",\"description\":\"Home Appliance Manufacturing\",\"publisher\":{\"@id\":\"https:\/\/www.leadingflagind.com\/#organization\"},\"potentialAction\":[{\"@type\":\"SearchAction\",\"target\":{\"@type\":\"EntryPoint\",\"urlTemplate\":\"https:\/\/www.leadingflagind.com\/?s={search_term_string}\"},\"query-input\":{\"@type\":\"PropertyValueSpecification\",\"valueRequired\":true,\"valueName\":\"search_term_string\"}}],\"inLanguage\":\"fr-FR\"},{\"@type\":\"Organization\",\"@id\":\"https:\/\/www.leadingflagind.com\/#organization\",\"name\":\"LEADING FLAG INDUSTRIAL & TRADING LIMITED\",\"url\":\"https:\/\/www.leadingflagind.com\/\",\"logo\":{\"@type\":\"ImageObject\",\"inLanguage\":\"fr-FR\",\"@id\":\"https:\/\/www.leadingflagind.com\/#\/schema\/logo\/image\/\",\"url\":\"https:\/\/www.leadingflagind.com\/wp-content\/uploads\/2025\/11\/LOGO-leading-Flag.svg\",\"contentUrl\":\"https:\/\/www.leadingflagind.com\/wp-content\/uploads\/2025\/11\/LOGO-leading-Flag.svg\",\"width\":436,\"height\":76,\"caption\":\"LEADING FLAG INDUSTRIAL & TRADING LIMITED\"},\"image\":{\"@id\":\"https:\/\/www.leadingflagind.com\/#\/schema\/logo\/image\/\"}}]}<\/script>\n<!-- \/ Yoast SEO plugin. -->","yoast_head_json":{"title":"Cong\u00e9lateur FG POWER 1,06 m \u2013 254 litres \u2013 Argent\u00e9 - LEADING FLAG","description":"Mod\u00e8le : MF-256 FGP-256S 4692 \u2013 Argent\u00e9   R\u00e9frig\u00e9rateur &amp; Cong\u00e9lateur : Commutable    Panier de rangement    Design de charni\u00e8re \u00e9quilibr\u00e9e    \u00c9clairage int\u00e9rieur : LED    Verrou avec cl\u00e9    Capacit\u00e9 totale effective : 254 L    Type de contr\u00f4le : \u00c9lectrique\/M\u00e9canique    Certification : CE\/CB\/SAA    Dimensions nettes (L \u00d7 P \u00d7 H) mm : 1040 \u00d7 566 \u00d7 835    Quantit\u00e9 de chargement (conteneur 40 ft haute capacit\u00e9) : 132 unit\u00e9s","robots":{"index":"index","follow":"follow","max-snippet":"max-snippet:-1","max-image-preview":"max-image-preview:large","max-video-preview":"max-video-preview:-1"},"canonical":"https:\/\/www.leadingflagind.com\/fr\/product\/congelateur-fg-power-106-m-254-litres-argente\/","og_locale":"fr_FR","og_type":"article","og_title":"Cong\u00e9lateur FG POWER 1,06 m \u2013 254 litres \u2013 Argent\u00e9 - LEADING FLAG","og_description":"Mod\u00e8le : MF-256 FGP-256S 4692 \u2013 Argent\u00e9   R\u00e9frig\u00e9rateur &amp; Cong\u00e9lateur : Commutable    Panier de rangement    Design de charni\u00e8re \u00e9quilibr\u00e9e    \u00c9clairage int\u00e9rieur : LED    Verrou avec cl\u00e9    Capacit\u00e9 totale effective : 254 L    Type de contr\u00f4le : \u00c9lectrique\/M\u00e9canique    Certification : CE\/CB\/SAA    Dimensions nettes (L \u00d7 P \u00d7 H) mm : 1040 \u00d7 566 \u00d7 835    Quantit\u00e9 de chargement (conteneur 40 ft haute capacit\u00e9) : 132 unit\u00e9s","og_url":"https:\/\/www.leadingflagind.com\/fr\/product\/congelateur-fg-power-106-m-254-litres-argente\/","og_site_name":"LEADING FLAG","article_modified_time":"2025-11-12T10:21:46+00:00","og_image":[{"width":800,"height":800,"url":"https:\/\/www.leadingflagind.com\/wp-content\/uploads\/2025\/11\/101.jpg","type":"image\/jpeg"}],"twitter_card":"summary_large_image","schema":{"@context":"https:\/\/schema.org","@graph":[{"@type":"WebPage","@id":"https:\/\/www.leadingflagind.com\/fr\/product\/congelateur-fg-power-106-m-254-litres-argente\/","url":"https:\/\/www.leadingflagind.com\/fr\/product\/congelateur-fg-power-106-m-254-litres-argente\/","name":"Cong\u00e9lateur FG POWER 1,06 m \u2013 254 litres \u2013 Argent\u00e9 - LEADING FLAG","isPartOf":{"@id":"https:\/\/www.leadingflagind.com\/#website"},"primaryImageOfPage":{"@id":"https:\/\/www.leadingflagind.com\/fr\/product\/congelateur-fg-power-106-m-254-litres-argente\/#primaryimage"},"image":{"@id":"https:\/\/www.leadingflagind.com\/fr\/product\/congelateur-fg-power-106-m-254-litres-argente\/#primaryimage"},"thumbnailUrl":"https:\/\/www.leadingflagind.com\/wp-content\/uploads\/2025\/11\/101.jpg","datePublished":"2025-11-11T10:47:16+00:00","dateModified":"2025-11-12T10:21:46+00:00","description":"Mod\u00e8le : MF-256 FGP-256S 4692 \u2013 Argent\u00e9 R\u00e9frig\u00e9rateur &amp; Cong\u00e9lateur : Commutable Panier de rangement Design de charni\u00e8re \u00e9quilibr\u00e9e \u00c9clairage int\u00e9rieur : LED Verrou avec cl\u00e9 Capacit\u00e9 totale effective : 254 L Type de contr\u00f4le : \u00c9lectrique\/M\u00e9canique Certification : CE\/CB\/SAA Dimensions nettes (L \u00d7 P \u00d7 H) mm : 1040 \u00d7 566 \u00d7 835 Quantit\u00e9 de chargement (conteneur 40 ft haute capacit\u00e9) : 132 unit\u00e9s","breadcrumb":{"@id":"https:\/\/www.leadingflagind.com\/fr\/product\/congelateur-fg-power-106-m-254-litres-argente\/#breadcrumb"},"inLanguage":"fr-FR","potentialAction":[{"@type":"ReadAction","target":["https:\/\/www.leadingflagind.com\/fr\/product\/congelateur-fg-power-106-m-254-litres-argente\/"]}]},{"@type":"ImageObject","inLanguage":"fr-FR","@id":"https:\/\/www.leadingflagind.com\/fr\/product\/congelateur-fg-power-106-m-254-litres-argente\/#primaryimage","url":"https:\/\/www.leadingflagind.com\/wp-content\/uploads\/2025\/11\/101.jpg","contentUrl":"https:\/\/www.leadingflagind.com\/wp-content\/uploads\/2025\/11\/101.jpg","width":800,"height":800},{"@type":"BreadcrumbList","@id":"https:\/\/www.leadingflagind.com\/fr\/product\/congelateur-fg-power-106-m-254-litres-argente\/#breadcrumb","itemListElement":[{"@type":"ListItem","position":1,"name":"Home","item":"https:\/\/www.leadingflagind.com\/fr\/"},{"@type":"ListItem","position":2,"name":"Products","item":"https:\/\/www.leadingflagind.com\/shop\/"},{"@type":"ListItem","position":3,"name":"Cong\u00e9lateur FG POWER 1,06 m \u2013 254 litres \u2013 Argent\u00e9"}]},{"@type":"WebSite","@id":"https:\/\/www.leadingflagind.com\/#website","url":"https:\/\/www.leadingflagind.com\/","name":"LEADING FLAG - Home Appliance Manufacturing","description":"Home Appliance Manufacturing","publisher":{"@id":"https:\/\/www.leadingflagind.com\/#organization"},"potentialAction":[{"@type":"SearchAction","target":{"@type":"EntryPoint","urlTemplate":"https:\/\/www.leadingflagind.com\/?s={search_term_string}"},"query-input":{"@type":"PropertyValueSpecification","valueRequired":true,"valueName":"search_term_string"}}],"inLanguage":"fr-FR"},{"@type":"Organization","@id":"https:\/\/www.leadingflagind.com\/#organization","name":"LEADING FLAG INDUSTRIAL & TRADING LIMITED","url":"https:\/\/www.leadingflagind.com\/","logo":{"@type":"ImageObject","inLanguage":"fr-FR","@id":"https:\/\/www.leadingflagind.com\/#\/schema\/logo\/image\/","url":"https:\/\/www.leadingflagind.com\/wp-content\/uploads\/2025\/11\/LOGO-leading-Flag.svg","contentUrl":"https:\/\/www.leadingflagind.com\/wp-content\/uploads\/2025\/11\/LOGO-leading-Flag.svg","width":436,"height":76,"caption":"LEADING FLAG INDUSTRIAL & TRADING LIMITED"},"image":{"@id":"https:\/\/www.leadingflagind.com\/#\/schema\/logo\/image\/"}}]}},"_links":{"self":[{"href":"https:\/\/www.leadingflagind.com\/fr\/wp-json\/wp\/v2\/product\/9034","targetHints":{"allow":["GET"]}}],"collection":[{"href":"https:\/\/www.leadingflagind.com\/fr\/wp-json\/wp\/v2\/product"}],"about":[{"href":"https:\/\/www.leadingflagind.com\/fr\/wp-json\/wp\/v2\/types\/product"}],"wp:featuredmedia":[{"embeddable":true,"href":"https:\/\/www.leadingflagind.com\/fr\/wp-json\/wp\/v2\/media\/8668"}],"wp:attachment":[{"href":"https:\/\/www.leadingflagind.com\/fr\/wp-json\/wp\/v2\/media?parent=9034"}],"wp:term":[{"taxonomy":"product_brand","embeddable":true,"href":"https:\/\/www.leadingflagind.com\/fr\/wp-json\/wp\/v2\/product_brand?post=9034"},{"taxonomy":"product_cat","embeddable":true,"href":"https:\/\/www.leadingflagind.com\/fr\/wp-json\/wp\/v2\/product_cat?post=9034"},{"taxonomy":"product_tag","embeddable":true,"href":"https:\/\/www.leadingflagind.com\/fr\/wp-json\/wp\/v2\/product_tag?post=9034"}],"curies":[{"name":"wp","href":"https:\/\/api.w.org\/{rel}","templated":true}]}}