{"id":9033,"date":"2025-11-11T10:47:16","date_gmt":"2025-11-11T10:47:16","guid":{"rendered":"https:\/\/www.leadingflagind.com\/product\/fg-power-mini-fridge-90-litres-silver\/"},"modified":"2025-11-12T10:21:08","modified_gmt":"2025-11-12T10:21:08","slug":"mini-refrigerateur-fg-power-90-litres-argente","status":"publish","type":"product","link":"https:\/\/www.leadingflagind.com\/fr\/product\/mini-refrigerateur-fg-power-90-litres-argente\/","title":{"rendered":"Mini-r\u00e9frig\u00e9rateur FG POWER 90 litres \u2013 Argent\u00e9"},"content":{"rendered":"","protected":false},"excerpt":{"rendered":"<ul>\n<li data-start=\"63\" data-end=\"107\"><strong data-start=\"63\" data-end=\"75\">Mod\u00e8le :<\/strong> MR-101 FGP-90S 4691 \u2013 Argent\u00e9<\/li>\n<li data-start=\"109\" data-end=\"142\">\n<p data-start=\"111\" data-end=\"142\"><strong data-start=\"111\" data-end=\"136\">\u00c9clairage int\u00e9rieur :<\/strong> LED<\/p>\n<\/li>\n<li data-start=\"143\" data-end=\"171\">\n<p data-start=\"145\" data-end=\"171\"><strong data-start=\"145\" data-end=\"159\">Contr\u00f4le :<\/strong> M\u00e9canique<\/p>\n<\/li>\n<li data-start=\"172\" data-end=\"195\">\n<p data-start=\"174\" data-end=\"195\"><strong data-start=\"174\" data-end=\"193\">Verrou avec cl\u00e9<\/strong><\/p>\n<\/li>\n<li data-start=\"196\" data-end=\"220\">\n<p data-start=\"198\" data-end=\"220\"><strong data-start=\"198\" data-end=\"218\">Porte r\u00e9versible<\/strong><\/p>\n<\/li>\n<li data-start=\"221\" data-end=\"261\">\n<p data-start=\"223\" data-end=\"261\"><strong data-start=\"223\" data-end=\"254\">Capacit\u00e9 totale effective :<\/strong> 90 L<\/p>\n<\/li>\n<li data-start=\"262\" data-end=\"313\">\n<p data-start=\"264\" data-end=\"313\"><strong data-start=\"264\" data-end=\"304\">Capacit\u00e9 R\u00e9frig\u00e9rateur\/Cong\u00e9lateur :<\/strong> 82\/8 L<\/p>\n<\/li>\n<li data-start=\"314\" data-end=\"350\">\n<p data-start=\"316\" data-end=\"350\"><strong data-start=\"316\" data-end=\"338\">Type de contr\u00f4le :<\/strong> M\u00e9canique<\/p>\n<\/li>\n<li data-start=\"351\" data-end=\"391\">\n<p data-start=\"353\" data-end=\"391\"><strong data-start=\"353\" data-end=\"372\">Certification :<\/strong> GS\/CE\/CB\/SAA\/CSA<\/p>\n<\/li>\n<li data-start=\"392\" data-end=\"450\">\n<p data-start=\"394\" data-end=\"450\"><strong data-start=\"394\" data-end=\"432\">Dimensions nettes (L \u00d7 P \u00d7 H) mm :<\/strong> 474 \u00d7 447 \u00d7 831<\/p>\n<\/li>\n<li data-start=\"451\" data-end=\"529\" data-is-last-node=\"\">\n<p data-start=\"453\" data-end=\"529\" data-is-last-node=\"\"><strong data-start=\"453\" data-end=\"514\">Quantit\u00e9 de chargement (conteneur 40 ft haute capacit\u00e9) :<\/strong> 363\/288 unit\u00e9s<\/p>\n<\/li>\n<\/ul>\n","protected":false},"featured_media":8669,"template":"","meta":[],"product_brand":[],"product_cat":[171,194],"product_tag":[],"class_list":{"0":"post-9033","1":"product","2":"type-product","3":"status-publish","4":"has-post-thumbnail","6":"product_cat-refrigerateurs","7":"product_cat-refrigerateurs-de-bureau","9":"first","10":"instock","11":"shipping-taxable","12":"product-type-simple"},"yoast_head":"<!-- This site is optimized with the Yoast SEO plugin v26.6 - https:\/\/yoast.com\/wordpress\/plugins\/seo\/ -->\n<title>Mini-r\u00e9frig\u00e9rateur FG POWER 90 litres \u2013 Argent\u00e9 - LEADING FLAG<\/title>\n<meta name=\"description\" content=\"Mod\u00e8le : MR-101 FGP-90S 4691 \u2013 Argent\u00e9   \u00c9clairage int\u00e9rieur : LED    Contr\u00f4le : M\u00e9canique    Verrou avec cl\u00e9    Porte r\u00e9versible    Capacit\u00e9 totale effective : 90 L    Capacit\u00e9 R\u00e9frig\u00e9rateur\/Cong\u00e9lateur : 82\/8 L    Type de contr\u00f4le : M\u00e9canique    Certification : GS\/CE\/CB\/SAA\/CSA    Dimensions nettes (L \u00d7 P \u00d7 H) mm : 474 \u00d7 447 \u00d7 831    Quantit\u00e9 de chargement (conteneur 40 ft haute capacit\u00e9) : 363\/288 unit\u00e9s\" \/>\n<meta name=\"robots\" content=\"index, follow, max-snippet:-1, max-image-preview:large, max-video-preview:-1\" \/>\n<link rel=\"canonical\" href=\"https:\/\/www.leadingflagind.com\/fr\/product\/mini-refrigerateur-fg-power-90-litres-argente\/\" \/>\n<meta property=\"og:locale\" content=\"fr_FR\" \/>\n<meta property=\"og:type\" content=\"article\" \/>\n<meta property=\"og:title\" content=\"Mini-r\u00e9frig\u00e9rateur FG POWER 90 litres \u2013 Argent\u00e9 - LEADING FLAG\" \/>\n<meta property=\"og:description\" content=\"Mod\u00e8le : MR-101 FGP-90S 4691 \u2013 Argent\u00e9   \u00c9clairage int\u00e9rieur : LED    Contr\u00f4le : M\u00e9canique    Verrou avec cl\u00e9    Porte r\u00e9versible    Capacit\u00e9 totale effective : 90 L    Capacit\u00e9 R\u00e9frig\u00e9rateur\/Cong\u00e9lateur : 82\/8 L    Type de contr\u00f4le : M\u00e9canique    Certification : GS\/CE\/CB\/SAA\/CSA    Dimensions nettes (L \u00d7 P \u00d7 H) mm : 474 \u00d7 447 \u00d7 831    Quantit\u00e9 de chargement (conteneur 40 ft haute capacit\u00e9) : 363\/288 unit\u00e9s\" \/>\n<meta property=\"og:url\" content=\"https:\/\/www.leadingflagind.com\/fr\/product\/mini-refrigerateur-fg-power-90-litres-argente\/\" \/>\n<meta property=\"og:site_name\" content=\"LEADING FLAG\" \/>\n<meta property=\"article:modified_time\" content=\"2025-11-12T10:21:08+00:00\" \/>\n<meta property=\"og:image\" content=\"https:\/\/www.leadingflagind.com\/wp-content\/uploads\/2025\/11\/116.jpg\" \/>\n\t<meta property=\"og:image:width\" content=\"800\" \/>\n\t<meta property=\"og:image:height\" content=\"800\" \/>\n\t<meta property=\"og:image:type\" content=\"image\/jpeg\" \/>\n<meta name=\"twitter:card\" content=\"summary_large_image\" \/>\n<script type=\"application\/ld+json\" class=\"yoast-schema-graph\">{\"@context\":\"https:\/\/schema.org\",\"@graph\":[{\"@type\":\"WebPage\",\"@id\":\"https:\/\/www.leadingflagind.com\/fr\/product\/mini-refrigerateur-fg-power-90-litres-argente\/\",\"url\":\"https:\/\/www.leadingflagind.com\/fr\/product\/mini-refrigerateur-fg-power-90-litres-argente\/\",\"name\":\"Mini-r\u00e9frig\u00e9rateur FG POWER 90 litres \u2013 Argent\u00e9 - LEADING FLAG\",\"isPartOf\":{\"@id\":\"https:\/\/www.leadingflagind.com\/#website\"},\"primaryImageOfPage\":{\"@id\":\"https:\/\/www.leadingflagind.com\/fr\/product\/mini-refrigerateur-fg-power-90-litres-argente\/#primaryimage\"},\"image\":{\"@id\":\"https:\/\/www.leadingflagind.com\/fr\/product\/mini-refrigerateur-fg-power-90-litres-argente\/#primaryimage\"},\"thumbnailUrl\":\"https:\/\/www.leadingflagind.com\/wp-content\/uploads\/2025\/11\/116.jpg\",\"datePublished\":\"2025-11-11T10:47:16+00:00\",\"dateModified\":\"2025-11-12T10:21:08+00:00\",\"description\":\"Mod\u00e8le : MR-101 FGP-90S 4691 \u2013 Argent\u00e9 \u00c9clairage int\u00e9rieur : LED Contr\u00f4le : M\u00e9canique Verrou avec cl\u00e9 Porte r\u00e9versible Capacit\u00e9 totale effective : 90 L Capacit\u00e9 R\u00e9frig\u00e9rateur\/Cong\u00e9lateur : 82\/8 L Type de contr\u00f4le : M\u00e9canique Certification : GS\/CE\/CB\/SAA\/CSA Dimensions nettes (L \u00d7 P \u00d7 H) mm : 474 \u00d7 447 \u00d7 831 Quantit\u00e9 de chargement (conteneur 40 ft haute capacit\u00e9) : 363\/288 unit\u00e9s\",\"breadcrumb\":{\"@id\":\"https:\/\/www.leadingflagind.com\/fr\/product\/mini-refrigerateur-fg-power-90-litres-argente\/#breadcrumb\"},\"inLanguage\":\"fr-FR\",\"potentialAction\":[{\"@type\":\"ReadAction\",\"target\":[\"https:\/\/www.leadingflagind.com\/fr\/product\/mini-refrigerateur-fg-power-90-litres-argente\/\"]}]},{\"@type\":\"ImageObject\",\"inLanguage\":\"fr-FR\",\"@id\":\"https:\/\/www.leadingflagind.com\/fr\/product\/mini-refrigerateur-fg-power-90-litres-argente\/#primaryimage\",\"url\":\"https:\/\/www.leadingflagind.com\/wp-content\/uploads\/2025\/11\/116.jpg\",\"contentUrl\":\"https:\/\/www.leadingflagind.com\/wp-content\/uploads\/2025\/11\/116.jpg\",\"width\":800,\"height\":800},{\"@type\":\"BreadcrumbList\",\"@id\":\"https:\/\/www.leadingflagind.com\/fr\/product\/mini-refrigerateur-fg-power-90-litres-argente\/#breadcrumb\",\"itemListElement\":[{\"@type\":\"ListItem\",\"position\":1,\"name\":\"Home\",\"item\":\"https:\/\/www.leadingflagind.com\/fr\/\"},{\"@type\":\"ListItem\",\"position\":2,\"name\":\"Products\",\"item\":\"https:\/\/www.leadingflagind.com\/shop\/\"},{\"@type\":\"ListItem\",\"position\":3,\"name\":\"Mini-r\u00e9frig\u00e9rateur FG POWER 90 litres \u2013 Argent\u00e9\"}]},{\"@type\":\"WebSite\",\"@id\":\"https:\/\/www.leadingflagind.com\/#website\",\"url\":\"https:\/\/www.leadingflagind.com\/\",\"name\":\"LEADING FLAG - Home Appliance Manufacturing\",\"description\":\"Home Appliance Manufacturing\",\"publisher\":{\"@id\":\"https:\/\/www.leadingflagind.com\/#organization\"},\"potentialAction\":[{\"@type\":\"SearchAction\",\"target\":{\"@type\":\"EntryPoint\",\"urlTemplate\":\"https:\/\/www.leadingflagind.com\/?s={search_term_string}\"},\"query-input\":{\"@type\":\"PropertyValueSpecification\",\"valueRequired\":true,\"valueName\":\"search_term_string\"}}],\"inLanguage\":\"fr-FR\"},{\"@type\":\"Organization\",\"@id\":\"https:\/\/www.leadingflagind.com\/#organization\",\"name\":\"LEADING FLAG INDUSTRIAL & TRADING LIMITED\",\"url\":\"https:\/\/www.leadingflagind.com\/\",\"logo\":{\"@type\":\"ImageObject\",\"inLanguage\":\"fr-FR\",\"@id\":\"https:\/\/www.leadingflagind.com\/#\/schema\/logo\/image\/\",\"url\":\"https:\/\/www.leadingflagind.com\/wp-content\/uploads\/2025\/11\/LOGO-leading-Flag.svg\",\"contentUrl\":\"https:\/\/www.leadingflagind.com\/wp-content\/uploads\/2025\/11\/LOGO-leading-Flag.svg\",\"width\":436,\"height\":76,\"caption\":\"LEADING FLAG INDUSTRIAL & TRADING LIMITED\"},\"image\":{\"@id\":\"https:\/\/www.leadingflagind.com\/#\/schema\/logo\/image\/\"}}]}<\/script>\n<!-- \/ Yoast SEO plugin. -->","yoast_head_json":{"title":"Mini-r\u00e9frig\u00e9rateur FG POWER 90 litres \u2013 Argent\u00e9 - LEADING FLAG","description":"Mod\u00e8le : MR-101 FGP-90S 4691 \u2013 Argent\u00e9   \u00c9clairage int\u00e9rieur : LED    Contr\u00f4le : M\u00e9canique    Verrou avec cl\u00e9    Porte r\u00e9versible    Capacit\u00e9 totale effective : 90 L    Capacit\u00e9 R\u00e9frig\u00e9rateur\/Cong\u00e9lateur : 82\/8 L    Type de contr\u00f4le : M\u00e9canique    Certification : GS\/CE\/CB\/SAA\/CSA    Dimensions nettes (L \u00d7 P \u00d7 H) mm : 474 \u00d7 447 \u00d7 831    Quantit\u00e9 de chargement (conteneur 40 ft haute capacit\u00e9) : 363\/288 unit\u00e9s","robots":{"index":"index","follow":"follow","max-snippet":"max-snippet:-1","max-image-preview":"max-image-preview:large","max-video-preview":"max-video-preview:-1"},"canonical":"https:\/\/www.leadingflagind.com\/fr\/product\/mini-refrigerateur-fg-power-90-litres-argente\/","og_locale":"fr_FR","og_type":"article","og_title":"Mini-r\u00e9frig\u00e9rateur FG POWER 90 litres \u2013 Argent\u00e9 - LEADING FLAG","og_description":"Mod\u00e8le : MR-101 FGP-90S 4691 \u2013 Argent\u00e9   \u00c9clairage int\u00e9rieur : LED    Contr\u00f4le : M\u00e9canique    Verrou avec cl\u00e9    Porte r\u00e9versible    Capacit\u00e9 totale effective : 90 L    Capacit\u00e9 R\u00e9frig\u00e9rateur\/Cong\u00e9lateur : 82\/8 L    Type de contr\u00f4le : M\u00e9canique    Certification : GS\/CE\/CB\/SAA\/CSA    Dimensions nettes (L \u00d7 P \u00d7 H) mm : 474 \u00d7 447 \u00d7 831    Quantit\u00e9 de chargement (conteneur 40 ft haute capacit\u00e9) : 363\/288 unit\u00e9s","og_url":"https:\/\/www.leadingflagind.com\/fr\/product\/mini-refrigerateur-fg-power-90-litres-argente\/","og_site_name":"LEADING FLAG","article_modified_time":"2025-11-12T10:21:08+00:00","og_image":[{"width":800,"height":800,"url":"https:\/\/www.leadingflagind.com\/wp-content\/uploads\/2025\/11\/116.jpg","type":"image\/jpeg"}],"twitter_card":"summary_large_image","schema":{"@context":"https:\/\/schema.org","@graph":[{"@type":"WebPage","@id":"https:\/\/www.leadingflagind.com\/fr\/product\/mini-refrigerateur-fg-power-90-litres-argente\/","url":"https:\/\/www.leadingflagind.com\/fr\/product\/mini-refrigerateur-fg-power-90-litres-argente\/","name":"Mini-r\u00e9frig\u00e9rateur FG POWER 90 litres \u2013 Argent\u00e9 - LEADING FLAG","isPartOf":{"@id":"https:\/\/www.leadingflagind.com\/#website"},"primaryImageOfPage":{"@id":"https:\/\/www.leadingflagind.com\/fr\/product\/mini-refrigerateur-fg-power-90-litres-argente\/#primaryimage"},"image":{"@id":"https:\/\/www.leadingflagind.com\/fr\/product\/mini-refrigerateur-fg-power-90-litres-argente\/#primaryimage"},"thumbnailUrl":"https:\/\/www.leadingflagind.com\/wp-content\/uploads\/2025\/11\/116.jpg","datePublished":"2025-11-11T10:47:16+00:00","dateModified":"2025-11-12T10:21:08+00:00","description":"Mod\u00e8le : MR-101 FGP-90S 4691 \u2013 Argent\u00e9 \u00c9clairage int\u00e9rieur : LED Contr\u00f4le : M\u00e9canique Verrou avec cl\u00e9 Porte r\u00e9versible Capacit\u00e9 totale effective : 90 L Capacit\u00e9 R\u00e9frig\u00e9rateur\/Cong\u00e9lateur : 82\/8 L Type de contr\u00f4le : M\u00e9canique Certification : GS\/CE\/CB\/SAA\/CSA Dimensions nettes (L \u00d7 P \u00d7 H) mm : 474 \u00d7 447 \u00d7 831 Quantit\u00e9 de chargement (conteneur 40 ft haute capacit\u00e9) : 363\/288 unit\u00e9s","breadcrumb":{"@id":"https:\/\/www.leadingflagind.com\/fr\/product\/mini-refrigerateur-fg-power-90-litres-argente\/#breadcrumb"},"inLanguage":"fr-FR","potentialAction":[{"@type":"ReadAction","target":["https:\/\/www.leadingflagind.com\/fr\/product\/mini-refrigerateur-fg-power-90-litres-argente\/"]}]},{"@type":"ImageObject","inLanguage":"fr-FR","@id":"https:\/\/www.leadingflagind.com\/fr\/product\/mini-refrigerateur-fg-power-90-litres-argente\/#primaryimage","url":"https:\/\/www.leadingflagind.com\/wp-content\/uploads\/2025\/11\/116.jpg","contentUrl":"https:\/\/www.leadingflagind.com\/wp-content\/uploads\/2025\/11\/116.jpg","width":800,"height":800},{"@type":"BreadcrumbList","@id":"https:\/\/www.leadingflagind.com\/fr\/product\/mini-refrigerateur-fg-power-90-litres-argente\/#breadcrumb","itemListElement":[{"@type":"ListItem","position":1,"name":"Home","item":"https:\/\/www.leadingflagind.com\/fr\/"},{"@type":"ListItem","position":2,"name":"Products","item":"https:\/\/www.leadingflagind.com\/shop\/"},{"@type":"ListItem","position":3,"name":"Mini-r\u00e9frig\u00e9rateur FG POWER 90 litres \u2013 Argent\u00e9"}]},{"@type":"WebSite","@id":"https:\/\/www.leadingflagind.com\/#website","url":"https:\/\/www.leadingflagind.com\/","name":"LEADING FLAG - Home Appliance Manufacturing","description":"Home Appliance Manufacturing","publisher":{"@id":"https:\/\/www.leadingflagind.com\/#organization"},"potentialAction":[{"@type":"SearchAction","target":{"@type":"EntryPoint","urlTemplate":"https:\/\/www.leadingflagind.com\/?s={search_term_string}"},"query-input":{"@type":"PropertyValueSpecification","valueRequired":true,"valueName":"search_term_string"}}],"inLanguage":"fr-FR"},{"@type":"Organization","@id":"https:\/\/www.leadingflagind.com\/#organization","name":"LEADING FLAG INDUSTRIAL & TRADING LIMITED","url":"https:\/\/www.leadingflagind.com\/","logo":{"@type":"ImageObject","inLanguage":"fr-FR","@id":"https:\/\/www.leadingflagind.com\/#\/schema\/logo\/image\/","url":"https:\/\/www.leadingflagind.com\/wp-content\/uploads\/2025\/11\/LOGO-leading-Flag.svg","contentUrl":"https:\/\/www.leadingflagind.com\/wp-content\/uploads\/2025\/11\/LOGO-leading-Flag.svg","width":436,"height":76,"caption":"LEADING FLAG INDUSTRIAL & TRADING LIMITED"},"image":{"@id":"https:\/\/www.leadingflagind.com\/#\/schema\/logo\/image\/"}}]}},"_links":{"self":[{"href":"https:\/\/www.leadingflagind.com\/fr\/wp-json\/wp\/v2\/product\/9033","targetHints":{"allow":["GET"]}}],"collection":[{"href":"https:\/\/www.leadingflagind.com\/fr\/wp-json\/wp\/v2\/product"}],"about":[{"href":"https:\/\/www.leadingflagind.com\/fr\/wp-json\/wp\/v2\/types\/product"}],"wp:featuredmedia":[{"embeddable":true,"href":"https:\/\/www.leadingflagind.com\/fr\/wp-json\/wp\/v2\/media\/8669"}],"wp:attachment":[{"href":"https:\/\/www.leadingflagind.com\/fr\/wp-json\/wp\/v2\/media?parent=9033"}],"wp:term":[{"taxonomy":"product_brand","embeddable":true,"href":"https:\/\/www.leadingflagind.com\/fr\/wp-json\/wp\/v2\/product_brand?post=9033"},{"taxonomy":"product_cat","embeddable":true,"href":"https:\/\/www.leadingflagind.com\/fr\/wp-json\/wp\/v2\/product_cat?post=9033"},{"taxonomy":"product_tag","embeddable":true,"href":"https:\/\/www.leadingflagind.com\/fr\/wp-json\/wp\/v2\/product_tag?post=9033"}],"curies":[{"name":"wp","href":"https:\/\/api.w.org\/{rel}","templated":true}]}}