{"id":9030,"date":"2025-11-11T10:47:18","date_gmt":"2025-11-11T10:47:18","guid":{"rendered":"https:\/\/www.leadingflagind.com\/product\/freezer-fg-power-1-69-meter-500-litres-white\/"},"modified":"2025-11-12T10:18:56","modified_gmt":"2025-11-12T10:18:56","slug":"congelateur-fg-power-169-m-500-litres-blanc","status":"publish","type":"product","link":"https:\/\/www.leadingflagind.com\/fr\/product\/congelateur-fg-power-169-m-500-litres-blanc\/","title":{"rendered":"Cong\u00e9lateur FG POWER 1,69 m \u2013 500 litres \u2013 Blanc"},"content":{"rendered":"","protected":false},"excerpt":{"rendered":"<article class=\"text-token-text-primary w-full focus:outline-none [--shadow-height:45px] has-data-writing-block:pointer-events-none has-data-writing-block:-mt-(--shadow-height) has-data-writing-block:pt-(--shadow-height) [&amp;:has([data-writing-block])&gt;*]:pointer-events-auto [content-visibility:auto] supports-[content-visibility:auto]:[contain-intrinsic-size:auto_100lvh] scroll-mt-[calc(var(--header-height)+min(200px,max(70px,20svh)))]\" dir=\"auto\" tabindex=\"-1\" data-turn-id=\"request-WEB:5e739f11-fe99-4650-bb7a-1073c15a82e7-73\" data-testid=\"conversation-turn-148\" data-scroll-anchor=\"true\" data-turn=\"assistant\">\n<div class=\"text-base my-auto mx-auto pb-10 [--thread-content-margin:--spacing(4)] thread-sm:[--thread-content-margin:--spacing(6)] thread-lg:[--thread-content-margin:--spacing(16)] px-(--thread-content-margin)\">\n<div class=\"[--thread-content-max-width:40rem] thread-lg:[--thread-content-max-width:48rem] mx-auto max-w-(--thread-content-max-width) flex-1 group\/turn-messages focus-visible:outline-hidden relative flex w-full min-w-0 flex-col agent-turn\" tabindex=\"-1\">\n<div class=\"flex max-w-full flex-col grow\">\n<div class=\"min-h-8 text-message relative flex w-full flex-col items-end gap-2 text-start break-words whitespace-normal [.text-message+&amp;]:mt-1\" dir=\"auto\" data-message-author-role=\"assistant\" data-message-id=\"adf25c13-11ba-444c-92ba-df0500ae389d\" data-message-model-slug=\"gpt-5-mini\">\n<div class=\"flex w-full flex-col gap-1 empty:hidden first:pt-[1px]\">\n<div class=\"markdown prose dark:prose-invert w-full break-words light markdown-new-styling\">\n<ul>\n<li data-start=\"63\" data-end=\"105\"><strong data-start=\"63\" data-end=\"75\">Mod\u00e8le :<\/strong> MF-500 FGP-500 4408 \u2013 Blanc<\/li>\n<li data-start=\"107\" data-end=\"134\">\n<p data-start=\"109\" data-end=\"134\"><strong data-start=\"109\" data-end=\"132\">Panier de rangement<\/strong><\/p>\n<\/li>\n<li data-start=\"135\" data-end=\"173\">\n<p data-start=\"137\" data-end=\"173\"><strong data-start=\"137\" data-end=\"171\">Design de charni\u00e8re \u00e9quilibr\u00e9e<\/strong><\/p>\n<\/li>\n<li data-start=\"174\" data-end=\"214\">\n<p data-start=\"176\" data-end=\"214\"><strong data-start=\"176\" data-end=\"212\">Roues pour un d\u00e9placement facile<\/strong><\/p>\n<\/li>\n<li data-start=\"215\" data-end=\"255\">\n<p data-start=\"217\" data-end=\"255\"><strong data-start=\"217\" data-end=\"253\">Poign\u00e9e ext\u00e9rieure (optionnelle)<\/strong><\/p>\n<\/li>\n<li data-start=\"256\" data-end=\"289\">\n<p data-start=\"258\" data-end=\"289\"><strong data-start=\"258\" data-end=\"283\">\u00c9clairage int\u00e9rieur :<\/strong> LED<\/p>\n<\/li>\n<li data-start=\"290\" data-end=\"313\">\n<p data-start=\"292\" data-end=\"313\"><strong data-start=\"292\" data-end=\"311\">Verrou avec cl\u00e9<\/strong><\/p>\n<\/li>\n<li data-start=\"314\" data-end=\"355\">\n<p data-start=\"316\" data-end=\"355\"><strong data-start=\"316\" data-end=\"347\">Capacit\u00e9 totale effective :<\/strong> 500 L<\/p>\n<\/li>\n<li data-start=\"356\" data-end=\"403\">\n<p data-start=\"358\" data-end=\"403\"><strong data-start=\"358\" data-end=\"380\">Type de contr\u00f4le :<\/strong> \u00c9lectrique\/M\u00e9canique<\/p>\n<\/li>\n<li data-start=\"404\" data-end=\"435\">\n<p data-start=\"406\" data-end=\"435\"><strong data-start=\"406\" data-end=\"425\">Certification :<\/strong> CSA\/SAA<\/p>\n<\/li>\n<li data-start=\"436\" data-end=\"495\">\n<p data-start=\"438\" data-end=\"495\"><strong data-start=\"438\" data-end=\"476\">Dimensions nettes (L \u00d7 P \u00d7 H) mm :<\/strong> 1650 \u00d7 735 \u00d7 835<\/p>\n<\/li>\n<li data-start=\"496\" data-end=\"569\" data-is-last-node=\"\">\n<p data-start=\"498\" data-end=\"569\" data-is-last-node=\"\"><strong data-start=\"498\" data-end=\"559\">Quantit\u00e9 de chargement (conteneur 40 ft haute capacit\u00e9) :<\/strong> 62 unit\u00e9s<\/p>\n<\/li>\n<\/ul>\n<\/div>\n<\/div>\n<\/div>\n<\/div>\n<div class=\"z-0 flex min-h-[46px] justify-start\"><\/div>\n<div class=\"mt-3 w-full empty:hidden\">\n<div class=\"text-center\"><\/div>\n<\/div>\n<\/div>\n<\/div>\n<\/article>\n<div class=\"pointer-events-none h-px w-px\" aria-hidden=\"true\" data-edge=\"true\"><\/div>\n","protected":false},"featured_media":8673,"template":"","meta":[],"product_brand":[],"product_cat":[192,171],"product_tag":[],"class_list":{"0":"post-9030","1":"product","2":"type-product","3":"status-publish","4":"has-post-thumbnail","6":"product_cat-congelateurs-coffres","7":"product_cat-refrigerateurs","9":"first","10":"instock","11":"shipping-taxable","12":"product-type-simple"},"yoast_head":"<!-- This site is optimized with the Yoast SEO plugin v26.6 - https:\/\/yoast.com\/wordpress\/plugins\/seo\/ -->\n<title>Cong\u00e9lateur FG POWER 1,69 m \u2013 500 litres \u2013 Blanc - LEADING FLAG<\/title>\n<meta name=\"description\" content=\"Mod\u00e8le : MF-500 FGP-500 4408 \u2013 Blanc   Panier de rangement    Design de charni\u00e8re \u00e9quilibr\u00e9e    Roues pour un d\u00e9placement facile    Poign\u00e9e ext\u00e9rieure (optionnelle)    \u00c9clairage int\u00e9rieur : LED    Verrou avec cl\u00e9    Capacit\u00e9 totale effective : 500 L    Type de contr\u00f4le : \u00c9lectrique\/M\u00e9canique    Certification : CSA\/SAA    Dimensions nettes (L \u00d7 P \u00d7 H) mm : 1650 \u00d7 735 \u00d7 835    Quantit\u00e9 de chargement (conteneur 40 ft haute capacit\u00e9) : 62 unit\u00e9s\" \/>\n<meta name=\"robots\" content=\"index, follow, max-snippet:-1, max-image-preview:large, max-video-preview:-1\" \/>\n<link rel=\"canonical\" href=\"https:\/\/www.leadingflagind.com\/fr\/product\/congelateur-fg-power-169-m-500-litres-blanc\/\" \/>\n<meta property=\"og:locale\" content=\"fr_FR\" \/>\n<meta property=\"og:type\" content=\"article\" \/>\n<meta property=\"og:title\" content=\"Cong\u00e9lateur FG POWER 1,69 m \u2013 500 litres \u2013 Blanc - LEADING FLAG\" \/>\n<meta property=\"og:description\" content=\"Mod\u00e8le : MF-500 FGP-500 4408 \u2013 Blanc   Panier de rangement    Design de charni\u00e8re \u00e9quilibr\u00e9e    Roues pour un d\u00e9placement facile    Poign\u00e9e ext\u00e9rieure (optionnelle)    \u00c9clairage int\u00e9rieur : LED    Verrou avec cl\u00e9    Capacit\u00e9 totale effective : 500 L    Type de contr\u00f4le : \u00c9lectrique\/M\u00e9canique    Certification : CSA\/SAA    Dimensions nettes (L \u00d7 P \u00d7 H) mm : 1650 \u00d7 735 \u00d7 835    Quantit\u00e9 de chargement (conteneur 40 ft haute capacit\u00e9) : 62 unit\u00e9s\" \/>\n<meta property=\"og:url\" content=\"https:\/\/www.leadingflagind.com\/fr\/product\/congelateur-fg-power-169-m-500-litres-blanc\/\" \/>\n<meta property=\"og:site_name\" content=\"LEADING FLAG\" \/>\n<meta property=\"article:modified_time\" content=\"2025-11-12T10:18:56+00:00\" \/>\n<meta property=\"og:image\" content=\"https:\/\/www.leadingflagind.com\/wp-content\/uploads\/2025\/11\/87.jpg\" \/>\n\t<meta property=\"og:image:width\" content=\"800\" \/>\n\t<meta property=\"og:image:height\" content=\"800\" \/>\n\t<meta property=\"og:image:type\" content=\"image\/jpeg\" \/>\n<meta name=\"twitter:card\" content=\"summary_large_image\" \/>\n<script type=\"application\/ld+json\" class=\"yoast-schema-graph\">{\"@context\":\"https:\/\/schema.org\",\"@graph\":[{\"@type\":\"WebPage\",\"@id\":\"https:\/\/www.leadingflagind.com\/fr\/product\/congelateur-fg-power-169-m-500-litres-blanc\/\",\"url\":\"https:\/\/www.leadingflagind.com\/fr\/product\/congelateur-fg-power-169-m-500-litres-blanc\/\",\"name\":\"Cong\u00e9lateur FG POWER 1,69 m \u2013 500 litres \u2013 Blanc - LEADING FLAG\",\"isPartOf\":{\"@id\":\"https:\/\/www.leadingflagind.com\/#website\"},\"primaryImageOfPage\":{\"@id\":\"https:\/\/www.leadingflagind.com\/fr\/product\/congelateur-fg-power-169-m-500-litres-blanc\/#primaryimage\"},\"image\":{\"@id\":\"https:\/\/www.leadingflagind.com\/fr\/product\/congelateur-fg-power-169-m-500-litres-blanc\/#primaryimage\"},\"thumbnailUrl\":\"https:\/\/www.leadingflagind.com\/wp-content\/uploads\/2025\/11\/87.jpg\",\"datePublished\":\"2025-11-11T10:47:18+00:00\",\"dateModified\":\"2025-11-12T10:18:56+00:00\",\"description\":\"Mod\u00e8le : MF-500 FGP-500 4408 \u2013 Blanc Panier de rangement Design de charni\u00e8re \u00e9quilibr\u00e9e Roues pour un d\u00e9placement facile Poign\u00e9e ext\u00e9rieure (optionnelle) \u00c9clairage int\u00e9rieur : LED Verrou avec cl\u00e9 Capacit\u00e9 totale effective : 500 L Type de contr\u00f4le : \u00c9lectrique\/M\u00e9canique Certification : CSA\/SAA Dimensions nettes (L \u00d7 P \u00d7 H) mm : 1650 \u00d7 735 \u00d7 835 Quantit\u00e9 de chargement (conteneur 40 ft haute capacit\u00e9) : 62 unit\u00e9s\",\"breadcrumb\":{\"@id\":\"https:\/\/www.leadingflagind.com\/fr\/product\/congelateur-fg-power-169-m-500-litres-blanc\/#breadcrumb\"},\"inLanguage\":\"fr-FR\",\"potentialAction\":[{\"@type\":\"ReadAction\",\"target\":[\"https:\/\/www.leadingflagind.com\/fr\/product\/congelateur-fg-power-169-m-500-litres-blanc\/\"]}]},{\"@type\":\"ImageObject\",\"inLanguage\":\"fr-FR\",\"@id\":\"https:\/\/www.leadingflagind.com\/fr\/product\/congelateur-fg-power-169-m-500-litres-blanc\/#primaryimage\",\"url\":\"https:\/\/www.leadingflagind.com\/wp-content\/uploads\/2025\/11\/87.jpg\",\"contentUrl\":\"https:\/\/www.leadingflagind.com\/wp-content\/uploads\/2025\/11\/87.jpg\",\"width\":800,\"height\":800},{\"@type\":\"BreadcrumbList\",\"@id\":\"https:\/\/www.leadingflagind.com\/fr\/product\/congelateur-fg-power-169-m-500-litres-blanc\/#breadcrumb\",\"itemListElement\":[{\"@type\":\"ListItem\",\"position\":1,\"name\":\"Home\",\"item\":\"https:\/\/www.leadingflagind.com\/fr\/\"},{\"@type\":\"ListItem\",\"position\":2,\"name\":\"Products\",\"item\":\"https:\/\/www.leadingflagind.com\/shop\/\"},{\"@type\":\"ListItem\",\"position\":3,\"name\":\"Cong\u00e9lateur FG POWER 1,69 m \u2013 500 litres \u2013 Blanc\"}]},{\"@type\":\"WebSite\",\"@id\":\"https:\/\/www.leadingflagind.com\/#website\",\"url\":\"https:\/\/www.leadingflagind.com\/\",\"name\":\"LEADING FLAG - Home Appliance Manufacturing\",\"description\":\"Home Appliance Manufacturing\",\"publisher\":{\"@id\":\"https:\/\/www.leadingflagind.com\/#organization\"},\"potentialAction\":[{\"@type\":\"SearchAction\",\"target\":{\"@type\":\"EntryPoint\",\"urlTemplate\":\"https:\/\/www.leadingflagind.com\/?s={search_term_string}\"},\"query-input\":{\"@type\":\"PropertyValueSpecification\",\"valueRequired\":true,\"valueName\":\"search_term_string\"}}],\"inLanguage\":\"fr-FR\"},{\"@type\":\"Organization\",\"@id\":\"https:\/\/www.leadingflagind.com\/#organization\",\"name\":\"LEADING FLAG INDUSTRIAL & TRADING LIMITED\",\"url\":\"https:\/\/www.leadingflagind.com\/\",\"logo\":{\"@type\":\"ImageObject\",\"inLanguage\":\"fr-FR\",\"@id\":\"https:\/\/www.leadingflagind.com\/#\/schema\/logo\/image\/\",\"url\":\"https:\/\/www.leadingflagind.com\/wp-content\/uploads\/2025\/11\/LOGO-leading-Flag.svg\",\"contentUrl\":\"https:\/\/www.leadingflagind.com\/wp-content\/uploads\/2025\/11\/LOGO-leading-Flag.svg\",\"width\":436,\"height\":76,\"caption\":\"LEADING FLAG INDUSTRIAL & TRADING LIMITED\"},\"image\":{\"@id\":\"https:\/\/www.leadingflagind.com\/#\/schema\/logo\/image\/\"}}]}<\/script>\n<!-- \/ Yoast SEO plugin. -->","yoast_head_json":{"title":"Cong\u00e9lateur FG POWER 1,69 m \u2013 500 litres \u2013 Blanc - LEADING FLAG","description":"Mod\u00e8le : MF-500 FGP-500 4408 \u2013 Blanc   Panier de rangement    Design de charni\u00e8re \u00e9quilibr\u00e9e    Roues pour un d\u00e9placement facile    Poign\u00e9e ext\u00e9rieure (optionnelle)    \u00c9clairage int\u00e9rieur : LED    Verrou avec cl\u00e9    Capacit\u00e9 totale effective : 500 L    Type de contr\u00f4le : \u00c9lectrique\/M\u00e9canique    Certification : CSA\/SAA    Dimensions nettes (L \u00d7 P \u00d7 H) mm : 1650 \u00d7 735 \u00d7 835    Quantit\u00e9 de chargement (conteneur 40 ft haute capacit\u00e9) : 62 unit\u00e9s","robots":{"index":"index","follow":"follow","max-snippet":"max-snippet:-1","max-image-preview":"max-image-preview:large","max-video-preview":"max-video-preview:-1"},"canonical":"https:\/\/www.leadingflagind.com\/fr\/product\/congelateur-fg-power-169-m-500-litres-blanc\/","og_locale":"fr_FR","og_type":"article","og_title":"Cong\u00e9lateur FG POWER 1,69 m \u2013 500 litres \u2013 Blanc - LEADING FLAG","og_description":"Mod\u00e8le : MF-500 FGP-500 4408 \u2013 Blanc   Panier de rangement    Design de charni\u00e8re \u00e9quilibr\u00e9e    Roues pour un d\u00e9placement facile    Poign\u00e9e ext\u00e9rieure (optionnelle)    \u00c9clairage int\u00e9rieur : LED    Verrou avec cl\u00e9    Capacit\u00e9 totale effective : 500 L    Type de contr\u00f4le : \u00c9lectrique\/M\u00e9canique    Certification : CSA\/SAA    Dimensions nettes (L \u00d7 P \u00d7 H) mm : 1650 \u00d7 735 \u00d7 835    Quantit\u00e9 de chargement (conteneur 40 ft haute capacit\u00e9) : 62 unit\u00e9s","og_url":"https:\/\/www.leadingflagind.com\/fr\/product\/congelateur-fg-power-169-m-500-litres-blanc\/","og_site_name":"LEADING FLAG","article_modified_time":"2025-11-12T10:18:56+00:00","og_image":[{"width":800,"height":800,"url":"https:\/\/www.leadingflagind.com\/wp-content\/uploads\/2025\/11\/87.jpg","type":"image\/jpeg"}],"twitter_card":"summary_large_image","schema":{"@context":"https:\/\/schema.org","@graph":[{"@type":"WebPage","@id":"https:\/\/www.leadingflagind.com\/fr\/product\/congelateur-fg-power-169-m-500-litres-blanc\/","url":"https:\/\/www.leadingflagind.com\/fr\/product\/congelateur-fg-power-169-m-500-litres-blanc\/","name":"Cong\u00e9lateur FG POWER 1,69 m \u2013 500 litres \u2013 Blanc - LEADING FLAG","isPartOf":{"@id":"https:\/\/www.leadingflagind.com\/#website"},"primaryImageOfPage":{"@id":"https:\/\/www.leadingflagind.com\/fr\/product\/congelateur-fg-power-169-m-500-litres-blanc\/#primaryimage"},"image":{"@id":"https:\/\/www.leadingflagind.com\/fr\/product\/congelateur-fg-power-169-m-500-litres-blanc\/#primaryimage"},"thumbnailUrl":"https:\/\/www.leadingflagind.com\/wp-content\/uploads\/2025\/11\/87.jpg","datePublished":"2025-11-11T10:47:18+00:00","dateModified":"2025-11-12T10:18:56+00:00","description":"Mod\u00e8le : MF-500 FGP-500 4408 \u2013 Blanc Panier de rangement Design de charni\u00e8re \u00e9quilibr\u00e9e Roues pour un d\u00e9placement facile Poign\u00e9e ext\u00e9rieure (optionnelle) \u00c9clairage int\u00e9rieur : LED Verrou avec cl\u00e9 Capacit\u00e9 totale effective : 500 L Type de contr\u00f4le : \u00c9lectrique\/M\u00e9canique Certification : CSA\/SAA Dimensions nettes (L \u00d7 P \u00d7 H) mm : 1650 \u00d7 735 \u00d7 835 Quantit\u00e9 de chargement (conteneur 40 ft haute capacit\u00e9) : 62 unit\u00e9s","breadcrumb":{"@id":"https:\/\/www.leadingflagind.com\/fr\/product\/congelateur-fg-power-169-m-500-litres-blanc\/#breadcrumb"},"inLanguage":"fr-FR","potentialAction":[{"@type":"ReadAction","target":["https:\/\/www.leadingflagind.com\/fr\/product\/congelateur-fg-power-169-m-500-litres-blanc\/"]}]},{"@type":"ImageObject","inLanguage":"fr-FR","@id":"https:\/\/www.leadingflagind.com\/fr\/product\/congelateur-fg-power-169-m-500-litres-blanc\/#primaryimage","url":"https:\/\/www.leadingflagind.com\/wp-content\/uploads\/2025\/11\/87.jpg","contentUrl":"https:\/\/www.leadingflagind.com\/wp-content\/uploads\/2025\/11\/87.jpg","width":800,"height":800},{"@type":"BreadcrumbList","@id":"https:\/\/www.leadingflagind.com\/fr\/product\/congelateur-fg-power-169-m-500-litres-blanc\/#breadcrumb","itemListElement":[{"@type":"ListItem","position":1,"name":"Home","item":"https:\/\/www.leadingflagind.com\/fr\/"},{"@type":"ListItem","position":2,"name":"Products","item":"https:\/\/www.leadingflagind.com\/shop\/"},{"@type":"ListItem","position":3,"name":"Cong\u00e9lateur FG POWER 1,69 m \u2013 500 litres \u2013 Blanc"}]},{"@type":"WebSite","@id":"https:\/\/www.leadingflagind.com\/#website","url":"https:\/\/www.leadingflagind.com\/","name":"LEADING FLAG - Home Appliance Manufacturing","description":"Home Appliance Manufacturing","publisher":{"@id":"https:\/\/www.leadingflagind.com\/#organization"},"potentialAction":[{"@type":"SearchAction","target":{"@type":"EntryPoint","urlTemplate":"https:\/\/www.leadingflagind.com\/?s={search_term_string}"},"query-input":{"@type":"PropertyValueSpecification","valueRequired":true,"valueName":"search_term_string"}}],"inLanguage":"fr-FR"},{"@type":"Organization","@id":"https:\/\/www.leadingflagind.com\/#organization","name":"LEADING FLAG INDUSTRIAL & TRADING LIMITED","url":"https:\/\/www.leadingflagind.com\/","logo":{"@type":"ImageObject","inLanguage":"fr-FR","@id":"https:\/\/www.leadingflagind.com\/#\/schema\/logo\/image\/","url":"https:\/\/www.leadingflagind.com\/wp-content\/uploads\/2025\/11\/LOGO-leading-Flag.svg","contentUrl":"https:\/\/www.leadingflagind.com\/wp-content\/uploads\/2025\/11\/LOGO-leading-Flag.svg","width":436,"height":76,"caption":"LEADING FLAG INDUSTRIAL & TRADING LIMITED"},"image":{"@id":"https:\/\/www.leadingflagind.com\/#\/schema\/logo\/image\/"}}]}},"_links":{"self":[{"href":"https:\/\/www.leadingflagind.com\/fr\/wp-json\/wp\/v2\/product\/9030","targetHints":{"allow":["GET"]}}],"collection":[{"href":"https:\/\/www.leadingflagind.com\/fr\/wp-json\/wp\/v2\/product"}],"about":[{"href":"https:\/\/www.leadingflagind.com\/fr\/wp-json\/wp\/v2\/types\/product"}],"wp:featuredmedia":[{"embeddable":true,"href":"https:\/\/www.leadingflagind.com\/fr\/wp-json\/wp\/v2\/media\/8673"}],"wp:attachment":[{"href":"https:\/\/www.leadingflagind.com\/fr\/wp-json\/wp\/v2\/media?parent=9030"}],"wp:term":[{"taxonomy":"product_brand","embeddable":true,"href":"https:\/\/www.leadingflagind.com\/fr\/wp-json\/wp\/v2\/product_brand?post=9030"},{"taxonomy":"product_cat","embeddable":true,"href":"https:\/\/www.leadingflagind.com\/fr\/wp-json\/wp\/v2\/product_cat?post=9030"},{"taxonomy":"product_tag","embeddable":true,"href":"https:\/\/www.leadingflagind.com\/fr\/wp-json\/wp\/v2\/product_tag?post=9030"}],"curies":[{"name":"wp","href":"https:\/\/api.w.org\/{rel}","templated":true}]}}