{"id":9029,"date":"2025-11-11T10:47:18","date_gmt":"2025-11-11T10:47:18","guid":{"rendered":"https:\/\/www.leadingflagind.com\/product\/freezer-fg-power-1-39-meter-400-litres-silver\/"},"modified":"2025-11-12T10:18:05","modified_gmt":"2025-11-12T10:18:05","slug":"congelateur-fg-power-139-m-400-litres-argente","status":"publish","type":"product","link":"https:\/\/www.leadingflagind.com\/fr\/product\/congelateur-fg-power-139-m-400-litres-argente\/","title":{"rendered":"Cong\u00e9lateur FG POWER 1,39 m \u2013 400 litres \u2013 Argent\u00e9"},"content":{"rendered":"","protected":false},"excerpt":{"rendered":"<ul>\n<li data-start=\"63\" data-end=\"108\"><strong data-start=\"63\" data-end=\"75\">Mod\u00e8le :<\/strong> MF-400 FGP-400S 4693 \u2013 Argent\u00e9<\/li>\n<li data-start=\"110\" data-end=\"137\">\n<p data-start=\"112\" data-end=\"137\"><strong data-start=\"112\" data-end=\"135\">Panier de rangement<\/strong><\/p>\n<\/li>\n<li data-start=\"138\" data-end=\"176\">\n<p data-start=\"140\" data-end=\"176\"><strong data-start=\"140\" data-end=\"174\">Design de charni\u00e8re \u00e9quilibr\u00e9e<\/strong><\/p>\n<\/li>\n<li data-start=\"177\" data-end=\"217\">\n<p data-start=\"179\" data-end=\"217\"><strong data-start=\"179\" data-end=\"215\">Roues pour un d\u00e9placement facile<\/strong><\/p>\n<\/li>\n<li data-start=\"218\" data-end=\"258\">\n<p data-start=\"220\" data-end=\"258\"><strong data-start=\"220\" data-end=\"256\">Poign\u00e9e ext\u00e9rieure (optionnelle)<\/strong><\/p>\n<\/li>\n<li data-start=\"259\" data-end=\"292\">\n<p data-start=\"261\" data-end=\"292\"><strong data-start=\"261\" data-end=\"286\">\u00c9clairage int\u00e9rieur :<\/strong> LED<\/p>\n<\/li>\n<li data-start=\"293\" data-end=\"316\">\n<p data-start=\"295\" data-end=\"316\"><strong data-start=\"295\" data-end=\"314\">Verrou avec cl\u00e9<\/strong><\/p>\n<\/li>\n<li data-start=\"317\" data-end=\"358\">\n<p data-start=\"319\" data-end=\"358\"><strong data-start=\"319\" data-end=\"350\">Capacit\u00e9 totale effective :<\/strong> 400 L<\/p>\n<\/li>\n<li data-start=\"359\" data-end=\"406\">\n<p data-start=\"361\" data-end=\"406\"><strong data-start=\"361\" data-end=\"383\">Type de contr\u00f4le :<\/strong> \u00c9lectrique\/M\u00e9canique<\/p>\n<\/li>\n<li data-start=\"407\" data-end=\"439\">\n<p data-start=\"409\" data-end=\"439\"><strong data-start=\"409\" data-end=\"428\">Certification :<\/strong> CE\/CB\/UL<\/p>\n<\/li>\n<li data-start=\"440\" data-end=\"499\">\n<p data-start=\"442\" data-end=\"499\"><strong data-start=\"442\" data-end=\"480\">Dimensions nettes (L \u00d7 P \u00d7 H) mm :<\/strong> 1365 \u00d7 735 \u00d7 835<\/p>\n<\/li>\n<li data-start=\"500\" data-end=\"573\" data-is-last-node=\"\">\n<p data-start=\"502\" data-end=\"573\" data-is-last-node=\"\"><strong data-start=\"502\" data-end=\"563\">Quantit\u00e9 de chargement (conteneur 40 ft haute capacit\u00e9) :<\/strong> 74 unit\u00e9s<\/p>\n<\/li>\n<\/ul>\n","protected":false},"featured_media":8674,"template":"","meta":[],"product_brand":[],"product_cat":[192,171],"product_tag":[],"class_list":{"0":"post-9029","1":"product","2":"type-product","3":"status-publish","4":"has-post-thumbnail","6":"product_cat-congelateurs-coffres","7":"product_cat-refrigerateurs","9":"first","10":"instock","11":"shipping-taxable","12":"product-type-simple"},"yoast_head":"<!-- This site is optimized with the Yoast SEO plugin v26.6 - https:\/\/yoast.com\/wordpress\/plugins\/seo\/ -->\n<title>Cong\u00e9lateur FG POWER 1,39 m \u2013 400 litres \u2013 Argent\u00e9 - LEADING FLAG<\/title>\n<meta name=\"description\" content=\"Mod\u00e8le : MF-400 FGP-400S 4693 \u2013 Argent\u00e9   Panier de rangement    Design de charni\u00e8re \u00e9quilibr\u00e9e    Roues pour un d\u00e9placement facile    Poign\u00e9e ext\u00e9rieure (optionnelle)    \u00c9clairage int\u00e9rieur : LED    Verrou avec cl\u00e9    Capacit\u00e9 totale effective : 400 L    Type de contr\u00f4le : \u00c9lectrique\/M\u00e9canique    Certification : CE\/CB\/UL    Dimensions nettes (L \u00d7 P \u00d7 H) mm : 1365 \u00d7 735 \u00d7 835    Quantit\u00e9 de chargement (conteneur 40 ft haute capacit\u00e9) : 74 unit\u00e9s\" \/>\n<meta name=\"robots\" content=\"index, follow, max-snippet:-1, max-image-preview:large, max-video-preview:-1\" \/>\n<link rel=\"canonical\" href=\"https:\/\/www.leadingflagind.com\/fr\/product\/congelateur-fg-power-139-m-400-litres-argente\/\" \/>\n<meta property=\"og:locale\" content=\"fr_FR\" \/>\n<meta property=\"og:type\" content=\"article\" \/>\n<meta property=\"og:title\" content=\"Cong\u00e9lateur FG POWER 1,39 m \u2013 400 litres \u2013 Argent\u00e9 - LEADING FLAG\" \/>\n<meta property=\"og:description\" content=\"Mod\u00e8le : MF-400 FGP-400S 4693 \u2013 Argent\u00e9   Panier de rangement    Design de charni\u00e8re \u00e9quilibr\u00e9e    Roues pour un d\u00e9placement facile    Poign\u00e9e ext\u00e9rieure (optionnelle)    \u00c9clairage int\u00e9rieur : LED    Verrou avec cl\u00e9    Capacit\u00e9 totale effective : 400 L    Type de contr\u00f4le : \u00c9lectrique\/M\u00e9canique    Certification : CE\/CB\/UL    Dimensions nettes (L \u00d7 P \u00d7 H) mm : 1365 \u00d7 735 \u00d7 835    Quantit\u00e9 de chargement (conteneur 40 ft haute capacit\u00e9) : 74 unit\u00e9s\" \/>\n<meta property=\"og:url\" content=\"https:\/\/www.leadingflagind.com\/fr\/product\/congelateur-fg-power-139-m-400-litres-argente\/\" \/>\n<meta property=\"og:site_name\" content=\"LEADING FLAG\" \/>\n<meta property=\"article:modified_time\" content=\"2025-11-12T10:18:05+00:00\" \/>\n<meta property=\"og:image\" content=\"https:\/\/www.leadingflagind.com\/wp-content\/uploads\/2025\/11\/93.jpg\" \/>\n\t<meta property=\"og:image:width\" content=\"800\" \/>\n\t<meta property=\"og:image:height\" content=\"800\" \/>\n\t<meta property=\"og:image:type\" content=\"image\/jpeg\" \/>\n<meta name=\"twitter:card\" content=\"summary_large_image\" \/>\n<script type=\"application\/ld+json\" class=\"yoast-schema-graph\">{\"@context\":\"https:\/\/schema.org\",\"@graph\":[{\"@type\":\"WebPage\",\"@id\":\"https:\/\/www.leadingflagind.com\/fr\/product\/congelateur-fg-power-139-m-400-litres-argente\/\",\"url\":\"https:\/\/www.leadingflagind.com\/fr\/product\/congelateur-fg-power-139-m-400-litres-argente\/\",\"name\":\"Cong\u00e9lateur FG POWER 1,39 m \u2013 400 litres \u2013 Argent\u00e9 - LEADING FLAG\",\"isPartOf\":{\"@id\":\"https:\/\/www.leadingflagind.com\/#website\"},\"primaryImageOfPage\":{\"@id\":\"https:\/\/www.leadingflagind.com\/fr\/product\/congelateur-fg-power-139-m-400-litres-argente\/#primaryimage\"},\"image\":{\"@id\":\"https:\/\/www.leadingflagind.com\/fr\/product\/congelateur-fg-power-139-m-400-litres-argente\/#primaryimage\"},\"thumbnailUrl\":\"https:\/\/www.leadingflagind.com\/wp-content\/uploads\/2025\/11\/93.jpg\",\"datePublished\":\"2025-11-11T10:47:18+00:00\",\"dateModified\":\"2025-11-12T10:18:05+00:00\",\"description\":\"Mod\u00e8le : MF-400 FGP-400S 4693 \u2013 Argent\u00e9 Panier de rangement Design de charni\u00e8re \u00e9quilibr\u00e9e Roues pour un d\u00e9placement facile Poign\u00e9e ext\u00e9rieure (optionnelle) \u00c9clairage int\u00e9rieur : LED Verrou avec cl\u00e9 Capacit\u00e9 totale effective : 400 L Type de contr\u00f4le : \u00c9lectrique\/M\u00e9canique Certification : CE\/CB\/UL Dimensions nettes (L \u00d7 P \u00d7 H) mm : 1365 \u00d7 735 \u00d7 835 Quantit\u00e9 de chargement (conteneur 40 ft haute capacit\u00e9) : 74 unit\u00e9s\",\"breadcrumb\":{\"@id\":\"https:\/\/www.leadingflagind.com\/fr\/product\/congelateur-fg-power-139-m-400-litres-argente\/#breadcrumb\"},\"inLanguage\":\"fr-FR\",\"potentialAction\":[{\"@type\":\"ReadAction\",\"target\":[\"https:\/\/www.leadingflagind.com\/fr\/product\/congelateur-fg-power-139-m-400-litres-argente\/\"]}]},{\"@type\":\"ImageObject\",\"inLanguage\":\"fr-FR\",\"@id\":\"https:\/\/www.leadingflagind.com\/fr\/product\/congelateur-fg-power-139-m-400-litres-argente\/#primaryimage\",\"url\":\"https:\/\/www.leadingflagind.com\/wp-content\/uploads\/2025\/11\/93.jpg\",\"contentUrl\":\"https:\/\/www.leadingflagind.com\/wp-content\/uploads\/2025\/11\/93.jpg\",\"width\":800,\"height\":800},{\"@type\":\"BreadcrumbList\",\"@id\":\"https:\/\/www.leadingflagind.com\/fr\/product\/congelateur-fg-power-139-m-400-litres-argente\/#breadcrumb\",\"itemListElement\":[{\"@type\":\"ListItem\",\"position\":1,\"name\":\"Home\",\"item\":\"https:\/\/www.leadingflagind.com\/fr\/\"},{\"@type\":\"ListItem\",\"position\":2,\"name\":\"Products\",\"item\":\"https:\/\/www.leadingflagind.com\/shop\/\"},{\"@type\":\"ListItem\",\"position\":3,\"name\":\"Cong\u00e9lateur FG POWER 1,39 m \u2013 400 litres \u2013 Argent\u00e9\"}]},{\"@type\":\"WebSite\",\"@id\":\"https:\/\/www.leadingflagind.com\/#website\",\"url\":\"https:\/\/www.leadingflagind.com\/\",\"name\":\"LEADING FLAG - Home Appliance Manufacturing\",\"description\":\"Home Appliance Manufacturing\",\"publisher\":{\"@id\":\"https:\/\/www.leadingflagind.com\/#organization\"},\"potentialAction\":[{\"@type\":\"SearchAction\",\"target\":{\"@type\":\"EntryPoint\",\"urlTemplate\":\"https:\/\/www.leadingflagind.com\/?s={search_term_string}\"},\"query-input\":{\"@type\":\"PropertyValueSpecification\",\"valueRequired\":true,\"valueName\":\"search_term_string\"}}],\"inLanguage\":\"fr-FR\"},{\"@type\":\"Organization\",\"@id\":\"https:\/\/www.leadingflagind.com\/#organization\",\"name\":\"LEADING FLAG INDUSTRIAL & TRADING LIMITED\",\"url\":\"https:\/\/www.leadingflagind.com\/\",\"logo\":{\"@type\":\"ImageObject\",\"inLanguage\":\"fr-FR\",\"@id\":\"https:\/\/www.leadingflagind.com\/#\/schema\/logo\/image\/\",\"url\":\"https:\/\/www.leadingflagind.com\/wp-content\/uploads\/2025\/11\/LOGO-leading-Flag.svg\",\"contentUrl\":\"https:\/\/www.leadingflagind.com\/wp-content\/uploads\/2025\/11\/LOGO-leading-Flag.svg\",\"width\":436,\"height\":76,\"caption\":\"LEADING FLAG INDUSTRIAL & TRADING LIMITED\"},\"image\":{\"@id\":\"https:\/\/www.leadingflagind.com\/#\/schema\/logo\/image\/\"}}]}<\/script>\n<!-- \/ Yoast SEO plugin. -->","yoast_head_json":{"title":"Cong\u00e9lateur FG POWER 1,39 m \u2013 400 litres \u2013 Argent\u00e9 - LEADING FLAG","description":"Mod\u00e8le : MF-400 FGP-400S 4693 \u2013 Argent\u00e9   Panier de rangement    Design de charni\u00e8re \u00e9quilibr\u00e9e    Roues pour un d\u00e9placement facile    Poign\u00e9e ext\u00e9rieure (optionnelle)    \u00c9clairage int\u00e9rieur : LED    Verrou avec cl\u00e9    Capacit\u00e9 totale effective : 400 L    Type de contr\u00f4le : \u00c9lectrique\/M\u00e9canique    Certification : CE\/CB\/UL    Dimensions nettes (L \u00d7 P \u00d7 H) mm : 1365 \u00d7 735 \u00d7 835    Quantit\u00e9 de chargement (conteneur 40 ft haute capacit\u00e9) : 74 unit\u00e9s","robots":{"index":"index","follow":"follow","max-snippet":"max-snippet:-1","max-image-preview":"max-image-preview:large","max-video-preview":"max-video-preview:-1"},"canonical":"https:\/\/www.leadingflagind.com\/fr\/product\/congelateur-fg-power-139-m-400-litres-argente\/","og_locale":"fr_FR","og_type":"article","og_title":"Cong\u00e9lateur FG POWER 1,39 m \u2013 400 litres \u2013 Argent\u00e9 - LEADING FLAG","og_description":"Mod\u00e8le : MF-400 FGP-400S 4693 \u2013 Argent\u00e9   Panier de rangement    Design de charni\u00e8re \u00e9quilibr\u00e9e    Roues pour un d\u00e9placement facile    Poign\u00e9e ext\u00e9rieure (optionnelle)    \u00c9clairage int\u00e9rieur : LED    Verrou avec cl\u00e9    Capacit\u00e9 totale effective : 400 L    Type de contr\u00f4le : \u00c9lectrique\/M\u00e9canique    Certification : CE\/CB\/UL    Dimensions nettes (L \u00d7 P \u00d7 H) mm : 1365 \u00d7 735 \u00d7 835    Quantit\u00e9 de chargement (conteneur 40 ft haute capacit\u00e9) : 74 unit\u00e9s","og_url":"https:\/\/www.leadingflagind.com\/fr\/product\/congelateur-fg-power-139-m-400-litres-argente\/","og_site_name":"LEADING FLAG","article_modified_time":"2025-11-12T10:18:05+00:00","og_image":[{"width":800,"height":800,"url":"https:\/\/www.leadingflagind.com\/wp-content\/uploads\/2025\/11\/93.jpg","type":"image\/jpeg"}],"twitter_card":"summary_large_image","schema":{"@context":"https:\/\/schema.org","@graph":[{"@type":"WebPage","@id":"https:\/\/www.leadingflagind.com\/fr\/product\/congelateur-fg-power-139-m-400-litres-argente\/","url":"https:\/\/www.leadingflagind.com\/fr\/product\/congelateur-fg-power-139-m-400-litres-argente\/","name":"Cong\u00e9lateur FG POWER 1,39 m \u2013 400 litres \u2013 Argent\u00e9 - LEADING FLAG","isPartOf":{"@id":"https:\/\/www.leadingflagind.com\/#website"},"primaryImageOfPage":{"@id":"https:\/\/www.leadingflagind.com\/fr\/product\/congelateur-fg-power-139-m-400-litres-argente\/#primaryimage"},"image":{"@id":"https:\/\/www.leadingflagind.com\/fr\/product\/congelateur-fg-power-139-m-400-litres-argente\/#primaryimage"},"thumbnailUrl":"https:\/\/www.leadingflagind.com\/wp-content\/uploads\/2025\/11\/93.jpg","datePublished":"2025-11-11T10:47:18+00:00","dateModified":"2025-11-12T10:18:05+00:00","description":"Mod\u00e8le : MF-400 FGP-400S 4693 \u2013 Argent\u00e9 Panier de rangement Design de charni\u00e8re \u00e9quilibr\u00e9e Roues pour un d\u00e9placement facile Poign\u00e9e ext\u00e9rieure (optionnelle) \u00c9clairage int\u00e9rieur : LED Verrou avec cl\u00e9 Capacit\u00e9 totale effective : 400 L Type de contr\u00f4le : \u00c9lectrique\/M\u00e9canique Certification : CE\/CB\/UL Dimensions nettes (L \u00d7 P \u00d7 H) mm : 1365 \u00d7 735 \u00d7 835 Quantit\u00e9 de chargement (conteneur 40 ft haute capacit\u00e9) : 74 unit\u00e9s","breadcrumb":{"@id":"https:\/\/www.leadingflagind.com\/fr\/product\/congelateur-fg-power-139-m-400-litres-argente\/#breadcrumb"},"inLanguage":"fr-FR","potentialAction":[{"@type":"ReadAction","target":["https:\/\/www.leadingflagind.com\/fr\/product\/congelateur-fg-power-139-m-400-litres-argente\/"]}]},{"@type":"ImageObject","inLanguage":"fr-FR","@id":"https:\/\/www.leadingflagind.com\/fr\/product\/congelateur-fg-power-139-m-400-litres-argente\/#primaryimage","url":"https:\/\/www.leadingflagind.com\/wp-content\/uploads\/2025\/11\/93.jpg","contentUrl":"https:\/\/www.leadingflagind.com\/wp-content\/uploads\/2025\/11\/93.jpg","width":800,"height":800},{"@type":"BreadcrumbList","@id":"https:\/\/www.leadingflagind.com\/fr\/product\/congelateur-fg-power-139-m-400-litres-argente\/#breadcrumb","itemListElement":[{"@type":"ListItem","position":1,"name":"Home","item":"https:\/\/www.leadingflagind.com\/fr\/"},{"@type":"ListItem","position":2,"name":"Products","item":"https:\/\/www.leadingflagind.com\/shop\/"},{"@type":"ListItem","position":3,"name":"Cong\u00e9lateur FG POWER 1,39 m \u2013 400 litres \u2013 Argent\u00e9"}]},{"@type":"WebSite","@id":"https:\/\/www.leadingflagind.com\/#website","url":"https:\/\/www.leadingflagind.com\/","name":"LEADING FLAG - Home Appliance Manufacturing","description":"Home Appliance Manufacturing","publisher":{"@id":"https:\/\/www.leadingflagind.com\/#organization"},"potentialAction":[{"@type":"SearchAction","target":{"@type":"EntryPoint","urlTemplate":"https:\/\/www.leadingflagind.com\/?s={search_term_string}"},"query-input":{"@type":"PropertyValueSpecification","valueRequired":true,"valueName":"search_term_string"}}],"inLanguage":"fr-FR"},{"@type":"Organization","@id":"https:\/\/www.leadingflagind.com\/#organization","name":"LEADING FLAG INDUSTRIAL & TRADING LIMITED","url":"https:\/\/www.leadingflagind.com\/","logo":{"@type":"ImageObject","inLanguage":"fr-FR","@id":"https:\/\/www.leadingflagind.com\/#\/schema\/logo\/image\/","url":"https:\/\/www.leadingflagind.com\/wp-content\/uploads\/2025\/11\/LOGO-leading-Flag.svg","contentUrl":"https:\/\/www.leadingflagind.com\/wp-content\/uploads\/2025\/11\/LOGO-leading-Flag.svg","width":436,"height":76,"caption":"LEADING FLAG INDUSTRIAL & TRADING LIMITED"},"image":{"@id":"https:\/\/www.leadingflagind.com\/#\/schema\/logo\/image\/"}}]}},"_links":{"self":[{"href":"https:\/\/www.leadingflagind.com\/fr\/wp-json\/wp\/v2\/product\/9029","targetHints":{"allow":["GET"]}}],"collection":[{"href":"https:\/\/www.leadingflagind.com\/fr\/wp-json\/wp\/v2\/product"}],"about":[{"href":"https:\/\/www.leadingflagind.com\/fr\/wp-json\/wp\/v2\/types\/product"}],"wp:featuredmedia":[{"embeddable":true,"href":"https:\/\/www.leadingflagind.com\/fr\/wp-json\/wp\/v2\/media\/8674"}],"wp:attachment":[{"href":"https:\/\/www.leadingflagind.com\/fr\/wp-json\/wp\/v2\/media?parent=9029"}],"wp:term":[{"taxonomy":"product_brand","embeddable":true,"href":"https:\/\/www.leadingflagind.com\/fr\/wp-json\/wp\/v2\/product_brand?post=9029"},{"taxonomy":"product_cat","embeddable":true,"href":"https:\/\/www.leadingflagind.com\/fr\/wp-json\/wp\/v2\/product_cat?post=9029"},{"taxonomy":"product_tag","embeddable":true,"href":"https:\/\/www.leadingflagind.com\/fr\/wp-json\/wp\/v2\/product_tag?post=9029"}],"curies":[{"name":"wp","href":"https:\/\/api.w.org\/{rel}","templated":true}]}}