{"id":9027,"date":"2025-11-11T10:47:21","date_gmt":"2025-11-11T10:47:21","guid":{"rendered":"https:\/\/www.leadingflagind.com\/product\/freezer-fg-power-254-litres-1-06-mters-white\/"},"modified":"2025-11-12T10:16:36","modified_gmt":"2025-11-12T10:16:36","slug":"congelateur-fg-power-254-litres-106-m-blanc","status":"publish","type":"product","link":"https:\/\/www.leadingflagind.com\/fr\/product\/congelateur-fg-power-254-litres-106-m-blanc\/","title":{"rendered":"Cong\u00e9lateur FG POWER 254 litres \u2013 1,06 m \u2013 Blanc"},"content":{"rendered":"","protected":false},"excerpt":{"rendered":"<ul>\n<li data-start=\"63\" data-end=\"105\"><strong data-start=\"63\" data-end=\"75\">Mod\u00e8le :<\/strong> MF-256 FGP-256 4406 \u2013 Blanc<\/li>\n<li data-start=\"107\" data-end=\"155\">\n<p data-start=\"109\" data-end=\"155\"><strong data-start=\"109\" data-end=\"142\">R\u00e9frig\u00e9rateur &amp; Cong\u00e9lateur :<\/strong> Commutable<\/p>\n<\/li>\n<li data-start=\"156\" data-end=\"183\">\n<p data-start=\"158\" data-end=\"183\"><strong data-start=\"158\" data-end=\"181\">Panier de rangement<\/strong><\/p>\n<\/li>\n<li data-start=\"184\" data-end=\"222\">\n<p data-start=\"186\" data-end=\"222\"><strong data-start=\"186\" data-end=\"220\">Design de charni\u00e8re \u00e9quilibr\u00e9e<\/strong><\/p>\n<\/li>\n<li data-start=\"223\" data-end=\"256\">\n<p data-start=\"225\" data-end=\"256\"><strong data-start=\"225\" data-end=\"250\">\u00c9clairage int\u00e9rieur :<\/strong> LED<\/p>\n<\/li>\n<li data-start=\"257\" data-end=\"280\">\n<p data-start=\"259\" data-end=\"280\"><strong data-start=\"259\" data-end=\"278\">Verrou avec cl\u00e9<\/strong><\/p>\n<\/li>\n<li data-start=\"281\" data-end=\"322\">\n<p data-start=\"283\" data-end=\"322\"><strong data-start=\"283\" data-end=\"314\">Capacit\u00e9 totale effective :<\/strong> 254 L<\/p>\n<\/li>\n<li data-start=\"323\" data-end=\"370\">\n<p data-start=\"325\" data-end=\"370\"><strong data-start=\"325\" data-end=\"347\">Type de contr\u00f4le :<\/strong> \u00c9lectrique\/M\u00e9canique<\/p>\n<\/li>\n<li data-start=\"371\" data-end=\"404\">\n<p data-start=\"373\" data-end=\"404\"><strong data-start=\"373\" data-end=\"392\">Certification :<\/strong> CE\/CB\/SAA<\/p>\n<\/li>\n<li data-start=\"405\" data-end=\"464\">\n<p data-start=\"407\" data-end=\"464\"><strong data-start=\"407\" data-end=\"445\">Dimensions nettes (L \u00d7 P \u00d7 H) mm :<\/strong> 1040 \u00d7 566 \u00d7 835<\/p>\n<\/li>\n<li data-start=\"465\" data-end=\"539\" data-is-last-node=\"\">\n<p data-start=\"467\" data-end=\"539\" data-is-last-node=\"\"><strong data-start=\"467\" data-end=\"528\">Quantit\u00e9 de chargement (conteneur 40 ft haute capacit\u00e9) :<\/strong> 132 unit\u00e9s<\/p>\n<\/li>\n<\/ul>\n","protected":false},"featured_media":8677,"template":"","meta":[],"product_brand":[],"product_cat":[192,171],"product_tag":[],"class_list":{"0":"post-9027","1":"product","2":"type-product","3":"status-publish","4":"has-post-thumbnail","6":"product_cat-congelateurs-coffres","7":"product_cat-refrigerateurs","9":"first","10":"instock","11":"shipping-taxable","12":"product-type-simple"},"yoast_head":"<!-- This site is optimized with the Yoast SEO plugin v26.6 - https:\/\/yoast.com\/wordpress\/plugins\/seo\/ -->\n<title>Cong\u00e9lateur FG POWER 254 litres \u2013 1,06 m \u2013 Blanc - LEADING FLAG<\/title>\n<meta name=\"description\" content=\"Mod\u00e8le : MF-256 FGP-256 4406 \u2013 Blanc   R\u00e9frig\u00e9rateur &amp; Cong\u00e9lateur : Commutable    Panier de rangement    Design de charni\u00e8re \u00e9quilibr\u00e9e    \u00c9clairage int\u00e9rieur : LED    Verrou avec cl\u00e9    Capacit\u00e9 totale effective : 254 L    Type de contr\u00f4le : \u00c9lectrique\/M\u00e9canique    Certification : CE\/CB\/SAA    Dimensions nettes (L \u00d7 P \u00d7 H) mm : 1040 \u00d7 566 \u00d7 835    Quantit\u00e9 de chargement (conteneur 40 ft haute capacit\u00e9) : 132 unit\u00e9s\" \/>\n<meta name=\"robots\" content=\"index, follow, max-snippet:-1, max-image-preview:large, max-video-preview:-1\" \/>\n<link rel=\"canonical\" href=\"https:\/\/www.leadingflagind.com\/fr\/product\/congelateur-fg-power-254-litres-106-m-blanc\/\" \/>\n<meta property=\"og:locale\" content=\"fr_FR\" \/>\n<meta property=\"og:type\" content=\"article\" \/>\n<meta property=\"og:title\" content=\"Cong\u00e9lateur FG POWER 254 litres \u2013 1,06 m \u2013 Blanc - LEADING FLAG\" \/>\n<meta property=\"og:description\" content=\"Mod\u00e8le : MF-256 FGP-256 4406 \u2013 Blanc   R\u00e9frig\u00e9rateur &amp; Cong\u00e9lateur : Commutable    Panier de rangement    Design de charni\u00e8re \u00e9quilibr\u00e9e    \u00c9clairage int\u00e9rieur : LED    Verrou avec cl\u00e9    Capacit\u00e9 totale effective : 254 L    Type de contr\u00f4le : \u00c9lectrique\/M\u00e9canique    Certification : CE\/CB\/SAA    Dimensions nettes (L \u00d7 P \u00d7 H) mm : 1040 \u00d7 566 \u00d7 835    Quantit\u00e9 de chargement (conteneur 40 ft haute capacit\u00e9) : 132 unit\u00e9s\" \/>\n<meta property=\"og:url\" content=\"https:\/\/www.leadingflagind.com\/fr\/product\/congelateur-fg-power-254-litres-106-m-blanc\/\" \/>\n<meta property=\"og:site_name\" content=\"LEADING FLAG\" \/>\n<meta property=\"article:modified_time\" content=\"2025-11-12T10:16:36+00:00\" \/>\n<meta property=\"og:image\" content=\"https:\/\/www.leadingflagind.com\/wp-content\/uploads\/2025\/11\/84.jpg\" \/>\n\t<meta property=\"og:image:width\" content=\"800\" \/>\n\t<meta property=\"og:image:height\" content=\"800\" \/>\n\t<meta property=\"og:image:type\" content=\"image\/jpeg\" \/>\n<meta name=\"twitter:card\" content=\"summary_large_image\" \/>\n<script type=\"application\/ld+json\" class=\"yoast-schema-graph\">{\"@context\":\"https:\/\/schema.org\",\"@graph\":[{\"@type\":\"WebPage\",\"@id\":\"https:\/\/www.leadingflagind.com\/fr\/product\/congelateur-fg-power-254-litres-106-m-blanc\/\",\"url\":\"https:\/\/www.leadingflagind.com\/fr\/product\/congelateur-fg-power-254-litres-106-m-blanc\/\",\"name\":\"Cong\u00e9lateur FG POWER 254 litres \u2013 1,06 m \u2013 Blanc - LEADING FLAG\",\"isPartOf\":{\"@id\":\"https:\/\/www.leadingflagind.com\/#website\"},\"primaryImageOfPage\":{\"@id\":\"https:\/\/www.leadingflagind.com\/fr\/product\/congelateur-fg-power-254-litres-106-m-blanc\/#primaryimage\"},\"image\":{\"@id\":\"https:\/\/www.leadingflagind.com\/fr\/product\/congelateur-fg-power-254-litres-106-m-blanc\/#primaryimage\"},\"thumbnailUrl\":\"https:\/\/www.leadingflagind.com\/wp-content\/uploads\/2025\/11\/84.jpg\",\"datePublished\":\"2025-11-11T10:47:21+00:00\",\"dateModified\":\"2025-11-12T10:16:36+00:00\",\"description\":\"Mod\u00e8le : MF-256 FGP-256 4406 \u2013 Blanc R\u00e9frig\u00e9rateur &amp; Cong\u00e9lateur : Commutable Panier de rangement Design de charni\u00e8re \u00e9quilibr\u00e9e \u00c9clairage int\u00e9rieur : LED Verrou avec cl\u00e9 Capacit\u00e9 totale effective : 254 L Type de contr\u00f4le : \u00c9lectrique\/M\u00e9canique Certification : CE\/CB\/SAA Dimensions nettes (L \u00d7 P \u00d7 H) mm : 1040 \u00d7 566 \u00d7 835 Quantit\u00e9 de chargement (conteneur 40 ft haute capacit\u00e9) : 132 unit\u00e9s\",\"breadcrumb\":{\"@id\":\"https:\/\/www.leadingflagind.com\/fr\/product\/congelateur-fg-power-254-litres-106-m-blanc\/#breadcrumb\"},\"inLanguage\":\"fr-FR\",\"potentialAction\":[{\"@type\":\"ReadAction\",\"target\":[\"https:\/\/www.leadingflagind.com\/fr\/product\/congelateur-fg-power-254-litres-106-m-blanc\/\"]}]},{\"@type\":\"ImageObject\",\"inLanguage\":\"fr-FR\",\"@id\":\"https:\/\/www.leadingflagind.com\/fr\/product\/congelateur-fg-power-254-litres-106-m-blanc\/#primaryimage\",\"url\":\"https:\/\/www.leadingflagind.com\/wp-content\/uploads\/2025\/11\/84.jpg\",\"contentUrl\":\"https:\/\/www.leadingflagind.com\/wp-content\/uploads\/2025\/11\/84.jpg\",\"width\":800,\"height\":800},{\"@type\":\"BreadcrumbList\",\"@id\":\"https:\/\/www.leadingflagind.com\/fr\/product\/congelateur-fg-power-254-litres-106-m-blanc\/#breadcrumb\",\"itemListElement\":[{\"@type\":\"ListItem\",\"position\":1,\"name\":\"Home\",\"item\":\"https:\/\/www.leadingflagind.com\/fr\/\"},{\"@type\":\"ListItem\",\"position\":2,\"name\":\"Products\",\"item\":\"https:\/\/www.leadingflagind.com\/shop\/\"},{\"@type\":\"ListItem\",\"position\":3,\"name\":\"Cong\u00e9lateur FG POWER 254 litres \u2013 1,06 m \u2013 Blanc\"}]},{\"@type\":\"WebSite\",\"@id\":\"https:\/\/www.leadingflagind.com\/#website\",\"url\":\"https:\/\/www.leadingflagind.com\/\",\"name\":\"LEADING FLAG - Home Appliance Manufacturing\",\"description\":\"Home Appliance Manufacturing\",\"publisher\":{\"@id\":\"https:\/\/www.leadingflagind.com\/#organization\"},\"potentialAction\":[{\"@type\":\"SearchAction\",\"target\":{\"@type\":\"EntryPoint\",\"urlTemplate\":\"https:\/\/www.leadingflagind.com\/?s={search_term_string}\"},\"query-input\":{\"@type\":\"PropertyValueSpecification\",\"valueRequired\":true,\"valueName\":\"search_term_string\"}}],\"inLanguage\":\"fr-FR\"},{\"@type\":\"Organization\",\"@id\":\"https:\/\/www.leadingflagind.com\/#organization\",\"name\":\"LEADING FLAG INDUSTRIAL & TRADING LIMITED\",\"url\":\"https:\/\/www.leadingflagind.com\/\",\"logo\":{\"@type\":\"ImageObject\",\"inLanguage\":\"fr-FR\",\"@id\":\"https:\/\/www.leadingflagind.com\/#\/schema\/logo\/image\/\",\"url\":\"https:\/\/www.leadingflagind.com\/wp-content\/uploads\/2025\/11\/LOGO-leading-Flag.svg\",\"contentUrl\":\"https:\/\/www.leadingflagind.com\/wp-content\/uploads\/2025\/11\/LOGO-leading-Flag.svg\",\"width\":436,\"height\":76,\"caption\":\"LEADING FLAG INDUSTRIAL & TRADING LIMITED\"},\"image\":{\"@id\":\"https:\/\/www.leadingflagind.com\/#\/schema\/logo\/image\/\"}}]}<\/script>\n<!-- \/ Yoast SEO plugin. -->","yoast_head_json":{"title":"Cong\u00e9lateur FG POWER 254 litres \u2013 1,06 m \u2013 Blanc - LEADING FLAG","description":"Mod\u00e8le : MF-256 FGP-256 4406 \u2013 Blanc   R\u00e9frig\u00e9rateur &amp; Cong\u00e9lateur : Commutable    Panier de rangement    Design de charni\u00e8re \u00e9quilibr\u00e9e    \u00c9clairage int\u00e9rieur : LED    Verrou avec cl\u00e9    Capacit\u00e9 totale effective : 254 L    Type de contr\u00f4le : \u00c9lectrique\/M\u00e9canique    Certification : CE\/CB\/SAA    Dimensions nettes (L \u00d7 P \u00d7 H) mm : 1040 \u00d7 566 \u00d7 835    Quantit\u00e9 de chargement (conteneur 40 ft haute capacit\u00e9) : 132 unit\u00e9s","robots":{"index":"index","follow":"follow","max-snippet":"max-snippet:-1","max-image-preview":"max-image-preview:large","max-video-preview":"max-video-preview:-1"},"canonical":"https:\/\/www.leadingflagind.com\/fr\/product\/congelateur-fg-power-254-litres-106-m-blanc\/","og_locale":"fr_FR","og_type":"article","og_title":"Cong\u00e9lateur FG POWER 254 litres \u2013 1,06 m \u2013 Blanc - LEADING FLAG","og_description":"Mod\u00e8le : MF-256 FGP-256 4406 \u2013 Blanc   R\u00e9frig\u00e9rateur &amp; Cong\u00e9lateur : Commutable    Panier de rangement    Design de charni\u00e8re \u00e9quilibr\u00e9e    \u00c9clairage int\u00e9rieur : LED    Verrou avec cl\u00e9    Capacit\u00e9 totale effective : 254 L    Type de contr\u00f4le : \u00c9lectrique\/M\u00e9canique    Certification : CE\/CB\/SAA    Dimensions nettes (L \u00d7 P \u00d7 H) mm : 1040 \u00d7 566 \u00d7 835    Quantit\u00e9 de chargement (conteneur 40 ft haute capacit\u00e9) : 132 unit\u00e9s","og_url":"https:\/\/www.leadingflagind.com\/fr\/product\/congelateur-fg-power-254-litres-106-m-blanc\/","og_site_name":"LEADING FLAG","article_modified_time":"2025-11-12T10:16:36+00:00","og_image":[{"width":800,"height":800,"url":"https:\/\/www.leadingflagind.com\/wp-content\/uploads\/2025\/11\/84.jpg","type":"image\/jpeg"}],"twitter_card":"summary_large_image","schema":{"@context":"https:\/\/schema.org","@graph":[{"@type":"WebPage","@id":"https:\/\/www.leadingflagind.com\/fr\/product\/congelateur-fg-power-254-litres-106-m-blanc\/","url":"https:\/\/www.leadingflagind.com\/fr\/product\/congelateur-fg-power-254-litres-106-m-blanc\/","name":"Cong\u00e9lateur FG POWER 254 litres \u2013 1,06 m \u2013 Blanc - LEADING FLAG","isPartOf":{"@id":"https:\/\/www.leadingflagind.com\/#website"},"primaryImageOfPage":{"@id":"https:\/\/www.leadingflagind.com\/fr\/product\/congelateur-fg-power-254-litres-106-m-blanc\/#primaryimage"},"image":{"@id":"https:\/\/www.leadingflagind.com\/fr\/product\/congelateur-fg-power-254-litres-106-m-blanc\/#primaryimage"},"thumbnailUrl":"https:\/\/www.leadingflagind.com\/wp-content\/uploads\/2025\/11\/84.jpg","datePublished":"2025-11-11T10:47:21+00:00","dateModified":"2025-11-12T10:16:36+00:00","description":"Mod\u00e8le : MF-256 FGP-256 4406 \u2013 Blanc R\u00e9frig\u00e9rateur &amp; Cong\u00e9lateur : Commutable Panier de rangement Design de charni\u00e8re \u00e9quilibr\u00e9e \u00c9clairage int\u00e9rieur : LED Verrou avec cl\u00e9 Capacit\u00e9 totale effective : 254 L Type de contr\u00f4le : \u00c9lectrique\/M\u00e9canique Certification : CE\/CB\/SAA Dimensions nettes (L \u00d7 P \u00d7 H) mm : 1040 \u00d7 566 \u00d7 835 Quantit\u00e9 de chargement (conteneur 40 ft haute capacit\u00e9) : 132 unit\u00e9s","breadcrumb":{"@id":"https:\/\/www.leadingflagind.com\/fr\/product\/congelateur-fg-power-254-litres-106-m-blanc\/#breadcrumb"},"inLanguage":"fr-FR","potentialAction":[{"@type":"ReadAction","target":["https:\/\/www.leadingflagind.com\/fr\/product\/congelateur-fg-power-254-litres-106-m-blanc\/"]}]},{"@type":"ImageObject","inLanguage":"fr-FR","@id":"https:\/\/www.leadingflagind.com\/fr\/product\/congelateur-fg-power-254-litres-106-m-blanc\/#primaryimage","url":"https:\/\/www.leadingflagind.com\/wp-content\/uploads\/2025\/11\/84.jpg","contentUrl":"https:\/\/www.leadingflagind.com\/wp-content\/uploads\/2025\/11\/84.jpg","width":800,"height":800},{"@type":"BreadcrumbList","@id":"https:\/\/www.leadingflagind.com\/fr\/product\/congelateur-fg-power-254-litres-106-m-blanc\/#breadcrumb","itemListElement":[{"@type":"ListItem","position":1,"name":"Home","item":"https:\/\/www.leadingflagind.com\/fr\/"},{"@type":"ListItem","position":2,"name":"Products","item":"https:\/\/www.leadingflagind.com\/shop\/"},{"@type":"ListItem","position":3,"name":"Cong\u00e9lateur FG POWER 254 litres \u2013 1,06 m \u2013 Blanc"}]},{"@type":"WebSite","@id":"https:\/\/www.leadingflagind.com\/#website","url":"https:\/\/www.leadingflagind.com\/","name":"LEADING FLAG - Home Appliance Manufacturing","description":"Home Appliance Manufacturing","publisher":{"@id":"https:\/\/www.leadingflagind.com\/#organization"},"potentialAction":[{"@type":"SearchAction","target":{"@type":"EntryPoint","urlTemplate":"https:\/\/www.leadingflagind.com\/?s={search_term_string}"},"query-input":{"@type":"PropertyValueSpecification","valueRequired":true,"valueName":"search_term_string"}}],"inLanguage":"fr-FR"},{"@type":"Organization","@id":"https:\/\/www.leadingflagind.com\/#organization","name":"LEADING FLAG INDUSTRIAL & TRADING LIMITED","url":"https:\/\/www.leadingflagind.com\/","logo":{"@type":"ImageObject","inLanguage":"fr-FR","@id":"https:\/\/www.leadingflagind.com\/#\/schema\/logo\/image\/","url":"https:\/\/www.leadingflagind.com\/wp-content\/uploads\/2025\/11\/LOGO-leading-Flag.svg","contentUrl":"https:\/\/www.leadingflagind.com\/wp-content\/uploads\/2025\/11\/LOGO-leading-Flag.svg","width":436,"height":76,"caption":"LEADING FLAG INDUSTRIAL & TRADING LIMITED"},"image":{"@id":"https:\/\/www.leadingflagind.com\/#\/schema\/logo\/image\/"}}]}},"_links":{"self":[{"href":"https:\/\/www.leadingflagind.com\/fr\/wp-json\/wp\/v2\/product\/9027","targetHints":{"allow":["GET"]}}],"collection":[{"href":"https:\/\/www.leadingflagind.com\/fr\/wp-json\/wp\/v2\/product"}],"about":[{"href":"https:\/\/www.leadingflagind.com\/fr\/wp-json\/wp\/v2\/types\/product"}],"wp:featuredmedia":[{"embeddable":true,"href":"https:\/\/www.leadingflagind.com\/fr\/wp-json\/wp\/v2\/media\/8677"}],"wp:attachment":[{"href":"https:\/\/www.leadingflagind.com\/fr\/wp-json\/wp\/v2\/media?parent=9027"}],"wp:term":[{"taxonomy":"product_brand","embeddable":true,"href":"https:\/\/www.leadingflagind.com\/fr\/wp-json\/wp\/v2\/product_brand?post=9027"},{"taxonomy":"product_cat","embeddable":true,"href":"https:\/\/www.leadingflagind.com\/fr\/wp-json\/wp\/v2\/product_cat?post=9027"},{"taxonomy":"product_tag","embeddable":true,"href":"https:\/\/www.leadingflagind.com\/fr\/wp-json\/wp\/v2\/product_tag?post=9027"}],"curies":[{"name":"wp","href":"https:\/\/api.w.org\/{rel}","templated":true}]}}