{"id":9001,"date":"2025-11-11T10:47:24","date_gmt":"2025-11-11T10:47:24","guid":{"rendered":"https:\/\/www.leadingflagind.com\/product\/fg-power-294-liter-silver\/"},"modified":"2025-11-12T10:08:55","modified_gmt":"2025-11-12T10:08:55","slug":"refrigerateur-fg-power-294-litres-argente","status":"publish","type":"product","link":"https:\/\/www.leadingflagind.com\/fr\/product\/refrigerateur-fg-power-294-litres-argente\/","title":{"rendered":"R\u00e9frig\u00e9rateur FG POWER 294 litres \u2013 Argent\u00e9"},"content":{"rendered":"","protected":false},"excerpt":{"rendered":"<ul>\n<li data-start=\"58\" data-end=\"105\">\n<p data-start=\"60\" data-end=\"105\"><strong data-start=\"60\" data-end=\"72\">Mod\u00e8le :<\/strong> MRF-321 FG-294S 3863 \u2013 Argent\u00e9<\/p>\n<\/li>\n<li data-start=\"106\" data-end=\"135\">\n<p data-start=\"108\" data-end=\"135\"><strong data-start=\"108\" data-end=\"133\">Design Total No Frost<\/strong><\/p>\n<\/li>\n<li data-start=\"136\" data-end=\"185\">\n<p data-start=\"138\" data-end=\"185\"><strong data-start=\"138\" data-end=\"183\">Syst\u00e8me de refroidissement Multi Air Flow<\/strong><\/p>\n<\/li>\n<li data-start=\"186\" data-end=\"228\">\n<p data-start=\"188\" data-end=\"228\"><strong data-start=\"188\" data-end=\"226\">Affichage LED tactile \u00e9lectronique<\/strong><\/p>\n<\/li>\n<li data-start=\"229\" data-end=\"260\">\n<p data-start=\"231\" data-end=\"260\"><strong data-start=\"231\" data-end=\"258\">\u00c9clairage int\u00e9rieur LED<\/strong><\/p>\n<\/li>\n<li data-start=\"261\" data-end=\"286\">\n<p data-start=\"263\" data-end=\"286\"><strong data-start=\"263\" data-end=\"284\">Design sans cadre<\/strong><\/p>\n<\/li>\n<li data-start=\"287\" data-end=\"328\">\n<p data-start=\"289\" data-end=\"328\"><strong data-start=\"289\" data-end=\"320\">Capacit\u00e9 totale effective :<\/strong> 282 L<\/p>\n<\/li>\n<li data-start=\"329\" data-end=\"382\">\n<p data-start=\"331\" data-end=\"382\"><strong data-start=\"331\" data-end=\"371\">Capacit\u00e9 R\u00e9frig\u00e9rateur\/Cong\u00e9lateur :<\/strong> 197\/85 L<\/p>\n<\/li>\n<li data-start=\"383\" data-end=\"412\">\n<p data-start=\"385\" data-end=\"412\"><strong data-start=\"385\" data-end=\"404\">Certification :<\/strong> CE\/CB<\/p>\n<\/li>\n<li data-start=\"413\" data-end=\"472\">\n<p data-start=\"415\" data-end=\"472\"><strong data-start=\"415\" data-end=\"453\">Dimensions nettes (L \u00d7 P \u00d7 H) mm :<\/strong> 540 \u00d7 586 \u00d7 1920<\/p>\n<\/li>\n<li data-start=\"473\" data-end=\"546\" data-is-last-node=\"\">\n<p data-start=\"475\" data-end=\"546\" data-is-last-node=\"\"><strong data-start=\"475\" data-end=\"536\">Quantit\u00e9 de chargement (conteneur 40 ft haute capacit\u00e9) :<\/strong> 99 unit\u00e9s<\/p>\n<\/li>\n<\/ul>\n","protected":false},"featured_media":8681,"template":"","meta":[],"product_brand":[],"product_cat":[171,195],"product_tag":[],"class_list":{"0":"post-9001","1":"product","2":"type-product","3":"status-publish","4":"has-post-thumbnail","6":"product_cat-refrigerateurs","7":"product_cat-refrigerateurs-standard","9":"first","10":"instock","11":"shipping-taxable","12":"product-type-simple"},"yoast_head":"<!-- This site is optimized with the Yoast SEO plugin v26.6 - https:\/\/yoast.com\/wordpress\/plugins\/seo\/ -->\n<title>R\u00e9frig\u00e9rateur FG POWER 294 litres \u2013 Argent\u00e9 - LEADING FLAG<\/title>\n<meta name=\"description\" content=\"Mod\u00e8le : MRF-321 FG-294S 3863 \u2013 Argent\u00e9    Design Total No Frost    Syst\u00e8me de refroidissement Multi Air Flow    Affichage LED tactile \u00e9lectronique    \u00c9clairage int\u00e9rieur LED    Design sans cadre    Capacit\u00e9 totale effective : 282 L    Capacit\u00e9 R\u00e9frig\u00e9rateur\/Cong\u00e9lateur : 197\/85 L    Certification : CE\/CB    Dimensions nettes (L \u00d7 P \u00d7 H) mm : 540 \u00d7 586 \u00d7 1920    Quantit\u00e9 de chargement (conteneur 40 ft haute capacit\u00e9) : 99 unit\u00e9s\" \/>\n<meta name=\"robots\" content=\"index, follow, max-snippet:-1, max-image-preview:large, max-video-preview:-1\" \/>\n<link rel=\"canonical\" href=\"https:\/\/www.leadingflagind.com\/fr\/product\/refrigerateur-fg-power-294-litres-argente\/\" \/>\n<meta property=\"og:locale\" content=\"fr_FR\" \/>\n<meta property=\"og:type\" content=\"article\" \/>\n<meta property=\"og:title\" content=\"R\u00e9frig\u00e9rateur FG POWER 294 litres \u2013 Argent\u00e9 - LEADING FLAG\" \/>\n<meta property=\"og:description\" content=\"Mod\u00e8le : MRF-321 FG-294S 3863 \u2013 Argent\u00e9    Design Total No Frost    Syst\u00e8me de refroidissement Multi Air Flow    Affichage LED tactile \u00e9lectronique    \u00c9clairage int\u00e9rieur LED    Design sans cadre    Capacit\u00e9 totale effective : 282 L    Capacit\u00e9 R\u00e9frig\u00e9rateur\/Cong\u00e9lateur : 197\/85 L    Certification : CE\/CB    Dimensions nettes (L \u00d7 P \u00d7 H) mm : 540 \u00d7 586 \u00d7 1920    Quantit\u00e9 de chargement (conteneur 40 ft haute capacit\u00e9) : 99 unit\u00e9s\" \/>\n<meta property=\"og:url\" content=\"https:\/\/www.leadingflagind.com\/fr\/product\/refrigerateur-fg-power-294-litres-argente\/\" \/>\n<meta property=\"og:site_name\" content=\"LEADING FLAG\" \/>\n<meta property=\"article:modified_time\" content=\"2025-11-12T10:08:55+00:00\" \/>\n<meta property=\"og:image\" content=\"https:\/\/www.leadingflagind.com\/wp-content\/uploads\/2025\/11\/110.jpg\" \/>\n\t<meta property=\"og:image:width\" content=\"800\" \/>\n\t<meta property=\"og:image:height\" content=\"800\" \/>\n\t<meta property=\"og:image:type\" content=\"image\/jpeg\" \/>\n<meta name=\"twitter:card\" content=\"summary_large_image\" \/>\n<script type=\"application\/ld+json\" class=\"yoast-schema-graph\">{\"@context\":\"https:\/\/schema.org\",\"@graph\":[{\"@type\":\"WebPage\",\"@id\":\"https:\/\/www.leadingflagind.com\/fr\/product\/refrigerateur-fg-power-294-litres-argente\/\",\"url\":\"https:\/\/www.leadingflagind.com\/fr\/product\/refrigerateur-fg-power-294-litres-argente\/\",\"name\":\"R\u00e9frig\u00e9rateur FG POWER 294 litres \u2013 Argent\u00e9 - LEADING FLAG\",\"isPartOf\":{\"@id\":\"https:\/\/www.leadingflagind.com\/#website\"},\"primaryImageOfPage\":{\"@id\":\"https:\/\/www.leadingflagind.com\/fr\/product\/refrigerateur-fg-power-294-litres-argente\/#primaryimage\"},\"image\":{\"@id\":\"https:\/\/www.leadingflagind.com\/fr\/product\/refrigerateur-fg-power-294-litres-argente\/#primaryimage\"},\"thumbnailUrl\":\"https:\/\/www.leadingflagind.com\/wp-content\/uploads\/2025\/11\/110.jpg\",\"datePublished\":\"2025-11-11T10:47:24+00:00\",\"dateModified\":\"2025-11-12T10:08:55+00:00\",\"description\":\"Mod\u00e8le : MRF-321 FG-294S 3863 \u2013 Argent\u00e9 Design Total No Frost Syst\u00e8me de refroidissement Multi Air Flow Affichage LED tactile \u00e9lectronique \u00c9clairage int\u00e9rieur LED Design sans cadre Capacit\u00e9 totale effective : 282 L Capacit\u00e9 R\u00e9frig\u00e9rateur\/Cong\u00e9lateur : 197\/85 L Certification : CE\/CB Dimensions nettes (L \u00d7 P \u00d7 H) mm : 540 \u00d7 586 \u00d7 1920 Quantit\u00e9 de chargement (conteneur 40 ft haute capacit\u00e9) : 99 unit\u00e9s\",\"breadcrumb\":{\"@id\":\"https:\/\/www.leadingflagind.com\/fr\/product\/refrigerateur-fg-power-294-litres-argente\/#breadcrumb\"},\"inLanguage\":\"fr-FR\",\"potentialAction\":[{\"@type\":\"ReadAction\",\"target\":[\"https:\/\/www.leadingflagind.com\/fr\/product\/refrigerateur-fg-power-294-litres-argente\/\"]}]},{\"@type\":\"ImageObject\",\"inLanguage\":\"fr-FR\",\"@id\":\"https:\/\/www.leadingflagind.com\/fr\/product\/refrigerateur-fg-power-294-litres-argente\/#primaryimage\",\"url\":\"https:\/\/www.leadingflagind.com\/wp-content\/uploads\/2025\/11\/110.jpg\",\"contentUrl\":\"https:\/\/www.leadingflagind.com\/wp-content\/uploads\/2025\/11\/110.jpg\",\"width\":800,\"height\":800},{\"@type\":\"BreadcrumbList\",\"@id\":\"https:\/\/www.leadingflagind.com\/fr\/product\/refrigerateur-fg-power-294-litres-argente\/#breadcrumb\",\"itemListElement\":[{\"@type\":\"ListItem\",\"position\":1,\"name\":\"Home\",\"item\":\"https:\/\/www.leadingflagind.com\/fr\/\"},{\"@type\":\"ListItem\",\"position\":2,\"name\":\"Products\",\"item\":\"https:\/\/www.leadingflagind.com\/shop\/\"},{\"@type\":\"ListItem\",\"position\":3,\"name\":\"R\u00e9frig\u00e9rateur FG POWER 294 litres \u2013 Argent\u00e9\"}]},{\"@type\":\"WebSite\",\"@id\":\"https:\/\/www.leadingflagind.com\/#website\",\"url\":\"https:\/\/www.leadingflagind.com\/\",\"name\":\"LEADING FLAG - Home Appliance Manufacturing\",\"description\":\"Home Appliance Manufacturing\",\"publisher\":{\"@id\":\"https:\/\/www.leadingflagind.com\/#organization\"},\"potentialAction\":[{\"@type\":\"SearchAction\",\"target\":{\"@type\":\"EntryPoint\",\"urlTemplate\":\"https:\/\/www.leadingflagind.com\/?s={search_term_string}\"},\"query-input\":{\"@type\":\"PropertyValueSpecification\",\"valueRequired\":true,\"valueName\":\"search_term_string\"}}],\"inLanguage\":\"fr-FR\"},{\"@type\":\"Organization\",\"@id\":\"https:\/\/www.leadingflagind.com\/#organization\",\"name\":\"LEADING FLAG INDUSTRIAL & TRADING LIMITED\",\"url\":\"https:\/\/www.leadingflagind.com\/\",\"logo\":{\"@type\":\"ImageObject\",\"inLanguage\":\"fr-FR\",\"@id\":\"https:\/\/www.leadingflagind.com\/#\/schema\/logo\/image\/\",\"url\":\"https:\/\/www.leadingflagind.com\/wp-content\/uploads\/2025\/11\/LOGO-leading-Flag.svg\",\"contentUrl\":\"https:\/\/www.leadingflagind.com\/wp-content\/uploads\/2025\/11\/LOGO-leading-Flag.svg\",\"width\":436,\"height\":76,\"caption\":\"LEADING FLAG INDUSTRIAL & TRADING LIMITED\"},\"image\":{\"@id\":\"https:\/\/www.leadingflagind.com\/#\/schema\/logo\/image\/\"}}]}<\/script>\n<!-- \/ Yoast SEO plugin. -->","yoast_head_json":{"title":"R\u00e9frig\u00e9rateur FG POWER 294 litres \u2013 Argent\u00e9 - LEADING FLAG","description":"Mod\u00e8le : MRF-321 FG-294S 3863 \u2013 Argent\u00e9    Design Total No Frost    Syst\u00e8me de refroidissement Multi Air Flow    Affichage LED tactile \u00e9lectronique    \u00c9clairage int\u00e9rieur LED    Design sans cadre    Capacit\u00e9 totale effective : 282 L    Capacit\u00e9 R\u00e9frig\u00e9rateur\/Cong\u00e9lateur : 197\/85 L    Certification : CE\/CB    Dimensions nettes (L \u00d7 P \u00d7 H) mm : 540 \u00d7 586 \u00d7 1920    Quantit\u00e9 de chargement (conteneur 40 ft haute capacit\u00e9) : 99 unit\u00e9s","robots":{"index":"index","follow":"follow","max-snippet":"max-snippet:-1","max-image-preview":"max-image-preview:large","max-video-preview":"max-video-preview:-1"},"canonical":"https:\/\/www.leadingflagind.com\/fr\/product\/refrigerateur-fg-power-294-litres-argente\/","og_locale":"fr_FR","og_type":"article","og_title":"R\u00e9frig\u00e9rateur FG POWER 294 litres \u2013 Argent\u00e9 - LEADING FLAG","og_description":"Mod\u00e8le : MRF-321 FG-294S 3863 \u2013 Argent\u00e9    Design Total No Frost    Syst\u00e8me de refroidissement Multi Air Flow    Affichage LED tactile \u00e9lectronique    \u00c9clairage int\u00e9rieur LED    Design sans cadre    Capacit\u00e9 totale effective : 282 L    Capacit\u00e9 R\u00e9frig\u00e9rateur\/Cong\u00e9lateur : 197\/85 L    Certification : CE\/CB    Dimensions nettes (L \u00d7 P \u00d7 H) mm : 540 \u00d7 586 \u00d7 1920    Quantit\u00e9 de chargement (conteneur 40 ft haute capacit\u00e9) : 99 unit\u00e9s","og_url":"https:\/\/www.leadingflagind.com\/fr\/product\/refrigerateur-fg-power-294-litres-argente\/","og_site_name":"LEADING FLAG","article_modified_time":"2025-11-12T10:08:55+00:00","og_image":[{"width":800,"height":800,"url":"https:\/\/www.leadingflagind.com\/wp-content\/uploads\/2025\/11\/110.jpg","type":"image\/jpeg"}],"twitter_card":"summary_large_image","schema":{"@context":"https:\/\/schema.org","@graph":[{"@type":"WebPage","@id":"https:\/\/www.leadingflagind.com\/fr\/product\/refrigerateur-fg-power-294-litres-argente\/","url":"https:\/\/www.leadingflagind.com\/fr\/product\/refrigerateur-fg-power-294-litres-argente\/","name":"R\u00e9frig\u00e9rateur FG POWER 294 litres \u2013 Argent\u00e9 - LEADING FLAG","isPartOf":{"@id":"https:\/\/www.leadingflagind.com\/#website"},"primaryImageOfPage":{"@id":"https:\/\/www.leadingflagind.com\/fr\/product\/refrigerateur-fg-power-294-litres-argente\/#primaryimage"},"image":{"@id":"https:\/\/www.leadingflagind.com\/fr\/product\/refrigerateur-fg-power-294-litres-argente\/#primaryimage"},"thumbnailUrl":"https:\/\/www.leadingflagind.com\/wp-content\/uploads\/2025\/11\/110.jpg","datePublished":"2025-11-11T10:47:24+00:00","dateModified":"2025-11-12T10:08:55+00:00","description":"Mod\u00e8le : MRF-321 FG-294S 3863 \u2013 Argent\u00e9 Design Total No Frost Syst\u00e8me de refroidissement Multi Air Flow Affichage LED tactile \u00e9lectronique \u00c9clairage int\u00e9rieur LED Design sans cadre Capacit\u00e9 totale effective : 282 L Capacit\u00e9 R\u00e9frig\u00e9rateur\/Cong\u00e9lateur : 197\/85 L Certification : CE\/CB Dimensions nettes (L \u00d7 P \u00d7 H) mm : 540 \u00d7 586 \u00d7 1920 Quantit\u00e9 de chargement (conteneur 40 ft haute capacit\u00e9) : 99 unit\u00e9s","breadcrumb":{"@id":"https:\/\/www.leadingflagind.com\/fr\/product\/refrigerateur-fg-power-294-litres-argente\/#breadcrumb"},"inLanguage":"fr-FR","potentialAction":[{"@type":"ReadAction","target":["https:\/\/www.leadingflagind.com\/fr\/product\/refrigerateur-fg-power-294-litres-argente\/"]}]},{"@type":"ImageObject","inLanguage":"fr-FR","@id":"https:\/\/www.leadingflagind.com\/fr\/product\/refrigerateur-fg-power-294-litres-argente\/#primaryimage","url":"https:\/\/www.leadingflagind.com\/wp-content\/uploads\/2025\/11\/110.jpg","contentUrl":"https:\/\/www.leadingflagind.com\/wp-content\/uploads\/2025\/11\/110.jpg","width":800,"height":800},{"@type":"BreadcrumbList","@id":"https:\/\/www.leadingflagind.com\/fr\/product\/refrigerateur-fg-power-294-litres-argente\/#breadcrumb","itemListElement":[{"@type":"ListItem","position":1,"name":"Home","item":"https:\/\/www.leadingflagind.com\/fr\/"},{"@type":"ListItem","position":2,"name":"Products","item":"https:\/\/www.leadingflagind.com\/shop\/"},{"@type":"ListItem","position":3,"name":"R\u00e9frig\u00e9rateur FG POWER 294 litres \u2013 Argent\u00e9"}]},{"@type":"WebSite","@id":"https:\/\/www.leadingflagind.com\/#website","url":"https:\/\/www.leadingflagind.com\/","name":"LEADING FLAG - Home Appliance Manufacturing","description":"Home Appliance Manufacturing","publisher":{"@id":"https:\/\/www.leadingflagind.com\/#organization"},"potentialAction":[{"@type":"SearchAction","target":{"@type":"EntryPoint","urlTemplate":"https:\/\/www.leadingflagind.com\/?s={search_term_string}"},"query-input":{"@type":"PropertyValueSpecification","valueRequired":true,"valueName":"search_term_string"}}],"inLanguage":"fr-FR"},{"@type":"Organization","@id":"https:\/\/www.leadingflagind.com\/#organization","name":"LEADING FLAG INDUSTRIAL & TRADING LIMITED","url":"https:\/\/www.leadingflagind.com\/","logo":{"@type":"ImageObject","inLanguage":"fr-FR","@id":"https:\/\/www.leadingflagind.com\/#\/schema\/logo\/image\/","url":"https:\/\/www.leadingflagind.com\/wp-content\/uploads\/2025\/11\/LOGO-leading-Flag.svg","contentUrl":"https:\/\/www.leadingflagind.com\/wp-content\/uploads\/2025\/11\/LOGO-leading-Flag.svg","width":436,"height":76,"caption":"LEADING FLAG INDUSTRIAL & TRADING LIMITED"},"image":{"@id":"https:\/\/www.leadingflagind.com\/#\/schema\/logo\/image\/"}}]}},"_links":{"self":[{"href":"https:\/\/www.leadingflagind.com\/fr\/wp-json\/wp\/v2\/product\/9001","targetHints":{"allow":["GET"]}}],"collection":[{"href":"https:\/\/www.leadingflagind.com\/fr\/wp-json\/wp\/v2\/product"}],"about":[{"href":"https:\/\/www.leadingflagind.com\/fr\/wp-json\/wp\/v2\/types\/product"}],"wp:featuredmedia":[{"embeddable":true,"href":"https:\/\/www.leadingflagind.com\/fr\/wp-json\/wp\/v2\/media\/8681"}],"wp:attachment":[{"href":"https:\/\/www.leadingflagind.com\/fr\/wp-json\/wp\/v2\/media?parent=9001"}],"wp:term":[{"taxonomy":"product_brand","embeddable":true,"href":"https:\/\/www.leadingflagind.com\/fr\/wp-json\/wp\/v2\/product_brand?post=9001"},{"taxonomy":"product_cat","embeddable":true,"href":"https:\/\/www.leadingflagind.com\/fr\/wp-json\/wp\/v2\/product_cat?post=9001"},{"taxonomy":"product_tag","embeddable":true,"href":"https:\/\/www.leadingflagind.com\/fr\/wp-json\/wp\/v2\/product_tag?post=9001"}],"curies":[{"name":"wp","href":"https:\/\/api.w.org\/{rel}","templated":true}]}}