{"id":8998,"date":"2025-11-11T10:47:25","date_gmt":"2025-11-11T10:47:25","guid":{"rendered":"https:\/\/www.leadingflagind.com\/product\/fg-power-fridge-430-litres-silver\/"},"modified":"2025-11-13T14:10:24","modified_gmt":"2025-11-13T14:10:24","slug":"refrigerateur-fg-power-430-litres-argente","status":"publish","type":"product","link":"https:\/\/www.leadingflagind.com\/fr\/product\/refrigerateur-fg-power-430-litres-argente\/","title":{"rendered":"R\u00e9frig\u00e9rateur FG POWER 430 litres \u2013 Argent\u00e9"},"content":{"rendered":"","protected":false},"excerpt":{"rendered":"<article class=\"text-token-text-primary w-full focus:outline-none [--shadow-height:45px] has-data-writing-block:pointer-events-none has-data-writing-block:-mt-(--shadow-height) has-data-writing-block:pt-(--shadow-height) [&amp;:has([data-writing-block])&gt;*]:pointer-events-auto [content-visibility:auto] supports-[content-visibility:auto]:[contain-intrinsic-size:auto_100lvh] scroll-mt-[calc(var(--header-height)+min(200px,max(70px,20svh)))]\" dir=\"auto\" tabindex=\"-1\" data-turn-id=\"request-WEB:5e739f11-fe99-4650-bb7a-1073c15a82e7-52\" data-testid=\"conversation-turn-106\" data-scroll-anchor=\"true\" data-turn=\"assistant\">\n<div class=\"text-base my-auto mx-auto pb-10 [--thread-content-margin:--spacing(4)] thread-sm:[--thread-content-margin:--spacing(6)] thread-lg:[--thread-content-margin:--spacing(16)] px-(--thread-content-margin)\">\n<div class=\"[--thread-content-max-width:40rem] thread-lg:[--thread-content-max-width:48rem] mx-auto max-w-(--thread-content-max-width) flex-1 group\/turn-messages focus-visible:outline-hidden relative flex w-full min-w-0 flex-col agent-turn\" tabindex=\"-1\">\n<div class=\"flex max-w-full flex-col grow\">\n<div class=\"min-h-8 text-message relative flex w-full flex-col items-end gap-2 text-start break-words whitespace-normal [.text-message+&amp;]:mt-1\" dir=\"auto\" data-message-author-role=\"assistant\" data-message-id=\"0e6b8aad-c291-4070-813f-f944a3fe5feb\" data-message-model-slug=\"gpt-5-mini\">\n<div class=\"flex w-full flex-col gap-1 empty:hidden first:pt-[1px]\">\n<div class=\"markdown prose dark:prose-invert w-full break-words light markdown-new-styling\">\n<ul data-start=\"58\" data-end=\"507\" data-is-last-node=\"\" data-is-only-node=\"\">\n<li data-start=\"58\" data-end=\"76\">\n<p data-start=\"60\" data-end=\"76\"><strong data-start=\"60\" data-end=\"74\">KitFit Pro<\/strong><\/p>\n<\/li>\n<li data-start=\"77\" data-end=\"126\">\n<p data-start=\"79\" data-end=\"126\"><strong data-start=\"79\" data-end=\"124\">Porte plate et affleurante avec le meuble<\/strong><\/p>\n<\/li>\n<li data-start=\"127\" data-end=\"161\">\n<p data-start=\"129\" data-end=\"161\"><strong data-start=\"129\" data-end=\"159\">Porte\/meuble \u00e0 paroi mince<\/strong><\/p>\n<\/li>\n<li data-start=\"162\" data-end=\"203\">\n<p data-start=\"164\" data-end=\"203\"><strong data-start=\"164\" data-end=\"201\">Syst\u00e8me de refroidissement double<\/strong><\/p>\n<\/li>\n<li data-start=\"204\" data-end=\"222\">\n<p data-start=\"206\" data-end=\"222\"><strong data-start=\"206\" data-end=\"220\">Care+Space<\/strong><\/p>\n<\/li>\n<li data-start=\"223\" data-end=\"279\">\n<p data-start=\"225\" data-end=\"279\"><strong data-start=\"225\" data-end=\"277\">Affichage LED avec commande tactile \u00e9lectronique<\/strong><\/p>\n<\/li>\n<li data-start=\"280\" data-end=\"321\">\n<p data-start=\"282\" data-end=\"321\"><strong data-start=\"282\" data-end=\"313\">Capacit\u00e9 totale effective :<\/strong> 460 L<\/p>\n<\/li>\n<li data-start=\"322\" data-end=\"376\">\n<p data-start=\"324\" data-end=\"376\"><strong data-start=\"324\" data-end=\"364\">Capacit\u00e9 R\u00e9frig\u00e9rateur\/Cong\u00e9lateur :<\/strong> 301\/159 L<\/p>\n<\/li>\n<li data-start=\"377\" data-end=\"406\">\n<p data-start=\"379\" data-end=\"406\"><strong data-start=\"379\" data-end=\"398\">Certification :<\/strong> CE\/CB<\/p>\n<\/li>\n<li data-start=\"407\" data-end=\"466\">\n<p data-start=\"409\" data-end=\"466\"><strong data-start=\"409\" data-end=\"447\">Dimensions nettes (L \u00d7 P \u00d7 H) mm :<\/strong> 787 \u00d7 599 \u00d7 1912<\/p>\n<\/li>\n<li data-start=\"467\" data-end=\"507\" data-is-last-node=\"\">\n<p data-start=\"469\" data-end=\"507\" data-is-last-node=\"\"><strong data-start=\"469\" data-end=\"497\">Quantit\u00e9 de chargement :<\/strong> 56 unit\u00e9s<\/p>\n<\/li>\n<\/ul>\n<\/div>\n<\/div>\n<\/div>\n<\/div>\n<div class=\"z-0 flex min-h-[46px] justify-start\"><\/div>\n<div class=\"mt-3 w-full empty:hidden\">\n<div class=\"text-center\"><\/div>\n<\/div>\n<\/div>\n<\/div>\n<\/article>\n<div class=\"pointer-events-none h-px w-px\" aria-hidden=\"true\" data-edge=\"true\"><\/div>\n","protected":false},"featured_media":8683,"template":"","meta":[],"product_brand":[],"product_cat":[171,195],"product_tag":[],"class_list":{"0":"post-8998","1":"product","2":"type-product","3":"status-publish","4":"has-post-thumbnail","6":"product_cat-refrigerateurs","7":"product_cat-refrigerateurs-standard","9":"first","10":"instock","11":"shipping-taxable","12":"product-type-simple"},"yoast_head":"<!-- This site is optimized with the Yoast SEO plugin v26.6 - https:\/\/yoast.com\/wordpress\/plugins\/seo\/ -->\n<title>R\u00e9frig\u00e9rateur FG POWER 430 litres \u2013 Argent\u00e9 - LEADING FLAG<\/title>\n<meta name=\"description\" content=\"KitFit Pro    Porte plate et affleurante avec le meuble    Porte\/meuble \u00e0 paroi mince    Syst\u00e8me de refroidissement double    Care+Space    Affichage LED avec commande tactile \u00e9lectronique    Capacit\u00e9 totale effective : 460 L    Capacit\u00e9 R\u00e9frig\u00e9rateur\/Cong\u00e9lateur : 301\/159 L    Certification : CE\/CB    Dimensions nettes (L \u00d7 P \u00d7 H) mm : 787 \u00d7 599 \u00d7 1912    Quantit\u00e9 de chargement : 56 unit\u00e9s\" \/>\n<meta name=\"robots\" content=\"index, follow, max-snippet:-1, max-image-preview:large, max-video-preview:-1\" \/>\n<link rel=\"canonical\" href=\"https:\/\/www.leadingflagind.com\/fr\/product\/refrigerateur-fg-power-430-litres-argente\/\" \/>\n<meta property=\"og:locale\" content=\"fr_FR\" \/>\n<meta property=\"og:type\" content=\"article\" \/>\n<meta property=\"og:title\" content=\"R\u00e9frig\u00e9rateur FG POWER 430 litres \u2013 Argent\u00e9 - LEADING FLAG\" \/>\n<meta property=\"og:description\" content=\"KitFit Pro    Porte plate et affleurante avec le meuble    Porte\/meuble \u00e0 paroi mince    Syst\u00e8me de refroidissement double    Care+Space    Affichage LED avec commande tactile \u00e9lectronique    Capacit\u00e9 totale effective : 460 L    Capacit\u00e9 R\u00e9frig\u00e9rateur\/Cong\u00e9lateur : 301\/159 L    Certification : CE\/CB    Dimensions nettes (L \u00d7 P \u00d7 H) mm : 787 \u00d7 599 \u00d7 1912    Quantit\u00e9 de chargement : 56 unit\u00e9s\" \/>\n<meta property=\"og:url\" content=\"https:\/\/www.leadingflagind.com\/fr\/product\/refrigerateur-fg-power-430-litres-argente\/\" \/>\n<meta property=\"og:site_name\" content=\"LEADING FLAG\" \/>\n<meta property=\"article:modified_time\" content=\"2025-11-13T14:10:24+00:00\" \/>\n<meta property=\"og:image\" content=\"https:\/\/www.leadingflagind.com\/wp-content\/uploads\/2025\/11\/108.jpg\" \/>\n\t<meta property=\"og:image:width\" content=\"800\" \/>\n\t<meta property=\"og:image:height\" content=\"800\" \/>\n\t<meta property=\"og:image:type\" content=\"image\/jpeg\" \/>\n<meta name=\"twitter:card\" content=\"summary_large_image\" \/>\n<script type=\"application\/ld+json\" class=\"yoast-schema-graph\">{\"@context\":\"https:\/\/schema.org\",\"@graph\":[{\"@type\":\"WebPage\",\"@id\":\"https:\/\/www.leadingflagind.com\/fr\/product\/refrigerateur-fg-power-430-litres-argente\/\",\"url\":\"https:\/\/www.leadingflagind.com\/fr\/product\/refrigerateur-fg-power-430-litres-argente\/\",\"name\":\"R\u00e9frig\u00e9rateur FG POWER 430 litres \u2013 Argent\u00e9 - LEADING FLAG\",\"isPartOf\":{\"@id\":\"https:\/\/www.leadingflagind.com\/#website\"},\"primaryImageOfPage\":{\"@id\":\"https:\/\/www.leadingflagind.com\/fr\/product\/refrigerateur-fg-power-430-litres-argente\/#primaryimage\"},\"image\":{\"@id\":\"https:\/\/www.leadingflagind.com\/fr\/product\/refrigerateur-fg-power-430-litres-argente\/#primaryimage\"},\"thumbnailUrl\":\"https:\/\/www.leadingflagind.com\/wp-content\/uploads\/2025\/11\/108.jpg\",\"datePublished\":\"2025-11-11T10:47:25+00:00\",\"dateModified\":\"2025-11-13T14:10:24+00:00\",\"description\":\"KitFit Pro Porte plate et affleurante avec le meuble Porte\/meuble \u00e0 paroi mince Syst\u00e8me de refroidissement double Care+Space Affichage LED avec commande tactile \u00e9lectronique Capacit\u00e9 totale effective : 460 L Capacit\u00e9 R\u00e9frig\u00e9rateur\/Cong\u00e9lateur : 301\/159 L Certification : CE\/CB Dimensions nettes (L \u00d7 P \u00d7 H) mm : 787 \u00d7 599 \u00d7 1912 Quantit\u00e9 de chargement : 56 unit\u00e9s\",\"breadcrumb\":{\"@id\":\"https:\/\/www.leadingflagind.com\/fr\/product\/refrigerateur-fg-power-430-litres-argente\/#breadcrumb\"},\"inLanguage\":\"fr-FR\",\"potentialAction\":[{\"@type\":\"ReadAction\",\"target\":[\"https:\/\/www.leadingflagind.com\/fr\/product\/refrigerateur-fg-power-430-litres-argente\/\"]}]},{\"@type\":\"ImageObject\",\"inLanguage\":\"fr-FR\",\"@id\":\"https:\/\/www.leadingflagind.com\/fr\/product\/refrigerateur-fg-power-430-litres-argente\/#primaryimage\",\"url\":\"https:\/\/www.leadingflagind.com\/wp-content\/uploads\/2025\/11\/108.jpg\",\"contentUrl\":\"https:\/\/www.leadingflagind.com\/wp-content\/uploads\/2025\/11\/108.jpg\",\"width\":800,\"height\":800},{\"@type\":\"BreadcrumbList\",\"@id\":\"https:\/\/www.leadingflagind.com\/fr\/product\/refrigerateur-fg-power-430-litres-argente\/#breadcrumb\",\"itemListElement\":[{\"@type\":\"ListItem\",\"position\":1,\"name\":\"Home\",\"item\":\"https:\/\/www.leadingflagind.com\/fr\/\"},{\"@type\":\"ListItem\",\"position\":2,\"name\":\"Products\",\"item\":\"https:\/\/www.leadingflagind.com\/shop\/\"},{\"@type\":\"ListItem\",\"position\":3,\"name\":\"R\u00e9frig\u00e9rateur FG POWER 430 litres \u2013 Argent\u00e9\"}]},{\"@type\":\"WebSite\",\"@id\":\"https:\/\/www.leadingflagind.com\/#website\",\"url\":\"https:\/\/www.leadingflagind.com\/\",\"name\":\"LEADING FLAG - Home Appliance Manufacturing\",\"description\":\"Home Appliance Manufacturing\",\"publisher\":{\"@id\":\"https:\/\/www.leadingflagind.com\/#organization\"},\"potentialAction\":[{\"@type\":\"SearchAction\",\"target\":{\"@type\":\"EntryPoint\",\"urlTemplate\":\"https:\/\/www.leadingflagind.com\/?s={search_term_string}\"},\"query-input\":{\"@type\":\"PropertyValueSpecification\",\"valueRequired\":true,\"valueName\":\"search_term_string\"}}],\"inLanguage\":\"fr-FR\"},{\"@type\":\"Organization\",\"@id\":\"https:\/\/www.leadingflagind.com\/#organization\",\"name\":\"LEADING FLAG INDUSTRIAL & TRADING LIMITED\",\"url\":\"https:\/\/www.leadingflagind.com\/\",\"logo\":{\"@type\":\"ImageObject\",\"inLanguage\":\"fr-FR\",\"@id\":\"https:\/\/www.leadingflagind.com\/#\/schema\/logo\/image\/\",\"url\":\"https:\/\/www.leadingflagind.com\/wp-content\/uploads\/2025\/11\/LOGO-leading-Flag.svg\",\"contentUrl\":\"https:\/\/www.leadingflagind.com\/wp-content\/uploads\/2025\/11\/LOGO-leading-Flag.svg\",\"width\":436,\"height\":76,\"caption\":\"LEADING FLAG INDUSTRIAL & TRADING LIMITED\"},\"image\":{\"@id\":\"https:\/\/www.leadingflagind.com\/#\/schema\/logo\/image\/\"}}]}<\/script>\n<!-- \/ Yoast SEO plugin. -->","yoast_head_json":{"title":"R\u00e9frig\u00e9rateur FG POWER 430 litres \u2013 Argent\u00e9 - LEADING FLAG","description":"KitFit Pro    Porte plate et affleurante avec le meuble    Porte\/meuble \u00e0 paroi mince    Syst\u00e8me de refroidissement double    Care+Space    Affichage LED avec commande tactile \u00e9lectronique    Capacit\u00e9 totale effective : 460 L    Capacit\u00e9 R\u00e9frig\u00e9rateur\/Cong\u00e9lateur : 301\/159 L    Certification : CE\/CB    Dimensions nettes (L \u00d7 P \u00d7 H) mm : 787 \u00d7 599 \u00d7 1912    Quantit\u00e9 de chargement : 56 unit\u00e9s","robots":{"index":"index","follow":"follow","max-snippet":"max-snippet:-1","max-image-preview":"max-image-preview:large","max-video-preview":"max-video-preview:-1"},"canonical":"https:\/\/www.leadingflagind.com\/fr\/product\/refrigerateur-fg-power-430-litres-argente\/","og_locale":"fr_FR","og_type":"article","og_title":"R\u00e9frig\u00e9rateur FG POWER 430 litres \u2013 Argent\u00e9 - LEADING FLAG","og_description":"KitFit Pro    Porte plate et affleurante avec le meuble    Porte\/meuble \u00e0 paroi mince    Syst\u00e8me de refroidissement double    Care+Space    Affichage LED avec commande tactile \u00e9lectronique    Capacit\u00e9 totale effective : 460 L    Capacit\u00e9 R\u00e9frig\u00e9rateur\/Cong\u00e9lateur : 301\/159 L    Certification : CE\/CB    Dimensions nettes (L \u00d7 P \u00d7 H) mm : 787 \u00d7 599 \u00d7 1912    Quantit\u00e9 de chargement : 56 unit\u00e9s","og_url":"https:\/\/www.leadingflagind.com\/fr\/product\/refrigerateur-fg-power-430-litres-argente\/","og_site_name":"LEADING FLAG","article_modified_time":"2025-11-13T14:10:24+00:00","og_image":[{"width":800,"height":800,"url":"https:\/\/www.leadingflagind.com\/wp-content\/uploads\/2025\/11\/108.jpg","type":"image\/jpeg"}],"twitter_card":"summary_large_image","schema":{"@context":"https:\/\/schema.org","@graph":[{"@type":"WebPage","@id":"https:\/\/www.leadingflagind.com\/fr\/product\/refrigerateur-fg-power-430-litres-argente\/","url":"https:\/\/www.leadingflagind.com\/fr\/product\/refrigerateur-fg-power-430-litres-argente\/","name":"R\u00e9frig\u00e9rateur FG POWER 430 litres \u2013 Argent\u00e9 - LEADING FLAG","isPartOf":{"@id":"https:\/\/www.leadingflagind.com\/#website"},"primaryImageOfPage":{"@id":"https:\/\/www.leadingflagind.com\/fr\/product\/refrigerateur-fg-power-430-litres-argente\/#primaryimage"},"image":{"@id":"https:\/\/www.leadingflagind.com\/fr\/product\/refrigerateur-fg-power-430-litres-argente\/#primaryimage"},"thumbnailUrl":"https:\/\/www.leadingflagind.com\/wp-content\/uploads\/2025\/11\/108.jpg","datePublished":"2025-11-11T10:47:25+00:00","dateModified":"2025-11-13T14:10:24+00:00","description":"KitFit Pro Porte plate et affleurante avec le meuble Porte\/meuble \u00e0 paroi mince Syst\u00e8me de refroidissement double Care+Space Affichage LED avec commande tactile \u00e9lectronique Capacit\u00e9 totale effective : 460 L Capacit\u00e9 R\u00e9frig\u00e9rateur\/Cong\u00e9lateur : 301\/159 L Certification : CE\/CB Dimensions nettes (L \u00d7 P \u00d7 H) mm : 787 \u00d7 599 \u00d7 1912 Quantit\u00e9 de chargement : 56 unit\u00e9s","breadcrumb":{"@id":"https:\/\/www.leadingflagind.com\/fr\/product\/refrigerateur-fg-power-430-litres-argente\/#breadcrumb"},"inLanguage":"fr-FR","potentialAction":[{"@type":"ReadAction","target":["https:\/\/www.leadingflagind.com\/fr\/product\/refrigerateur-fg-power-430-litres-argente\/"]}]},{"@type":"ImageObject","inLanguage":"fr-FR","@id":"https:\/\/www.leadingflagind.com\/fr\/product\/refrigerateur-fg-power-430-litres-argente\/#primaryimage","url":"https:\/\/www.leadingflagind.com\/wp-content\/uploads\/2025\/11\/108.jpg","contentUrl":"https:\/\/www.leadingflagind.com\/wp-content\/uploads\/2025\/11\/108.jpg","width":800,"height":800},{"@type":"BreadcrumbList","@id":"https:\/\/www.leadingflagind.com\/fr\/product\/refrigerateur-fg-power-430-litres-argente\/#breadcrumb","itemListElement":[{"@type":"ListItem","position":1,"name":"Home","item":"https:\/\/www.leadingflagind.com\/fr\/"},{"@type":"ListItem","position":2,"name":"Products","item":"https:\/\/www.leadingflagind.com\/shop\/"},{"@type":"ListItem","position":3,"name":"R\u00e9frig\u00e9rateur FG POWER 430 litres \u2013 Argent\u00e9"}]},{"@type":"WebSite","@id":"https:\/\/www.leadingflagind.com\/#website","url":"https:\/\/www.leadingflagind.com\/","name":"LEADING FLAG - Home Appliance Manufacturing","description":"Home Appliance Manufacturing","publisher":{"@id":"https:\/\/www.leadingflagind.com\/#organization"},"potentialAction":[{"@type":"SearchAction","target":{"@type":"EntryPoint","urlTemplate":"https:\/\/www.leadingflagind.com\/?s={search_term_string}"},"query-input":{"@type":"PropertyValueSpecification","valueRequired":true,"valueName":"search_term_string"}}],"inLanguage":"fr-FR"},{"@type":"Organization","@id":"https:\/\/www.leadingflagind.com\/#organization","name":"LEADING FLAG INDUSTRIAL & TRADING LIMITED","url":"https:\/\/www.leadingflagind.com\/","logo":{"@type":"ImageObject","inLanguage":"fr-FR","@id":"https:\/\/www.leadingflagind.com\/#\/schema\/logo\/image\/","url":"https:\/\/www.leadingflagind.com\/wp-content\/uploads\/2025\/11\/LOGO-leading-Flag.svg","contentUrl":"https:\/\/www.leadingflagind.com\/wp-content\/uploads\/2025\/11\/LOGO-leading-Flag.svg","width":436,"height":76,"caption":"LEADING FLAG INDUSTRIAL & TRADING LIMITED"},"image":{"@id":"https:\/\/www.leadingflagind.com\/#\/schema\/logo\/image\/"}}]}},"_links":{"self":[{"href":"https:\/\/www.leadingflagind.com\/fr\/wp-json\/wp\/v2\/product\/8998","targetHints":{"allow":["GET"]}}],"collection":[{"href":"https:\/\/www.leadingflagind.com\/fr\/wp-json\/wp\/v2\/product"}],"about":[{"href":"https:\/\/www.leadingflagind.com\/fr\/wp-json\/wp\/v2\/types\/product"}],"wp:featuredmedia":[{"embeddable":true,"href":"https:\/\/www.leadingflagind.com\/fr\/wp-json\/wp\/v2\/media\/8683"}],"wp:attachment":[{"href":"https:\/\/www.leadingflagind.com\/fr\/wp-json\/wp\/v2\/media?parent=8998"}],"wp:term":[{"taxonomy":"product_brand","embeddable":true,"href":"https:\/\/www.leadingflagind.com\/fr\/wp-json\/wp\/v2\/product_brand?post=8998"},{"taxonomy":"product_cat","embeddable":true,"href":"https:\/\/www.leadingflagind.com\/fr\/wp-json\/wp\/v2\/product_cat?post=8998"},{"taxonomy":"product_tag","embeddable":true,"href":"https:\/\/www.leadingflagind.com\/fr\/wp-json\/wp\/v2\/product_tag?post=8998"}],"curies":[{"name":"wp","href":"https:\/\/api.w.org\/{rel}","templated":true}]}}