{"id":8960,"date":"2025-11-11T10:47:27","date_gmt":"2025-11-11T10:47:27","guid":{"rendered":"https:\/\/www.leadingflagind.com\/product\/375-litres-fridge-white\/"},"modified":"2025-11-13T14:07:41","modified_gmt":"2025-11-13T14:07:41","slug":"refrigerateur-fg-power-blanc-de-375-litres","status":"publish","type":"product","link":"https:\/\/www.leadingflagind.com\/fr\/product\/refrigerateur-fg-power-blanc-de-375-litres\/","title":{"rendered":"R\u00e9frig\u00e9rateur FG POWER blanc de 375 litres"},"content":{"rendered":"","protected":false},"excerpt":{"rendered":"<article class=\"text-token-text-primary w-full focus:outline-none [--shadow-height:45px] has-data-writing-block:pointer-events-none has-data-writing-block:-mt-(--shadow-height) has-data-writing-block:pt-(--shadow-height) [&amp;:has([data-writing-block])&gt;*]:pointer-events-auto [content-visibility:auto] supports-[content-visibility:auto]:[contain-intrinsic-size:auto_100lvh] scroll-mt-[calc(var(--header-height)+min(200px,max(70px,20svh)))]\" dir=\"auto\" tabindex=\"-1\" data-turn-id=\"request-WEB:5e739f11-fe99-4650-bb7a-1073c15a82e7-44\" data-testid=\"conversation-turn-90\" data-scroll-anchor=\"true\" data-turn=\"assistant\">\n<div class=\"text-base my-auto mx-auto pb-10 [--thread-content-margin:--spacing(4)] thread-sm:[--thread-content-margin:--spacing(6)] thread-lg:[--thread-content-margin:--spacing(16)] px-(--thread-content-margin)\">\n<div class=\"[--thread-content-max-width:40rem] thread-lg:[--thread-content-max-width:48rem] mx-auto max-w-(--thread-content-max-width) flex-1 group\/turn-messages focus-visible:outline-hidden relative flex w-full min-w-0 flex-col agent-turn\" tabindex=\"-1\">\n<div class=\"flex max-w-full flex-col grow\">\n<div class=\"min-h-8 text-message relative flex w-full flex-col items-end gap-2 text-start break-words whitespace-normal [.text-message+&amp;]:mt-1\" dir=\"auto\" data-message-author-role=\"assistant\" data-message-id=\"1116204c-ed47-4f93-b2e3-349202adfa7a\" data-message-model-slug=\"gpt-5-mini\">\n<div class=\"flex w-full flex-col gap-1 empty:hidden first:pt-[1px]\">\n<div class=\"markdown prose dark:prose-invert w-full break-words light markdown-new-styling\">\n<ul data-start=\"58\" data-end=\"309\" data-is-last-node=\"\" data-is-only-node=\"\">\n<li data-start=\"58\" data-end=\"97\">\n<p data-start=\"60\" data-end=\"97\"><strong data-start=\"60\" data-end=\"89\">Capacit\u00e9 du cong\u00e9lateur :<\/strong> 108 L<\/p>\n<\/li>\n<li data-start=\"98\" data-end=\"139\">\n<p data-start=\"100\" data-end=\"139\"><strong data-start=\"100\" data-end=\"131\">Capacit\u00e9 du r\u00e9frig\u00e9rateur :<\/strong> 267 L<\/p>\n<\/li>\n<li data-start=\"140\" data-end=\"189\">\n<p data-start=\"142\" data-end=\"189\"><strong data-start=\"142\" data-end=\"182\">Consommation \u00e9nerg\u00e9tique (kWh\/24h) :<\/strong> 1,29<\/p>\n<\/li>\n<li data-start=\"190\" data-end=\"221\">\n<p data-start=\"192\" data-end=\"221\"><strong data-start=\"192\" data-end=\"216\">Niveau sonore (dB) :<\/strong> 40<\/p>\n<\/li>\n<li data-start=\"222\" data-end=\"285\">\n<p data-start=\"224\" data-end=\"285\"><strong data-start=\"224\" data-end=\"266\">Dimensions du produit (L \u00d7 P \u00d7 H) mm :<\/strong> 600 \u00d7 590 \u00d7 1810<\/p>\n<\/li>\n<li data-start=\"286\" data-end=\"309\" data-is-last-node=\"\">\n<p data-start=\"288\" data-end=\"309\" data-is-last-node=\"\"><strong data-start=\"288\" data-end=\"303\">Poids net :<\/strong> 57 kg<\/p>\n<\/li>\n<\/ul>\n<\/div>\n<\/div>\n<\/div>\n<\/div>\n<div class=\"z-0 flex min-h-[46px] justify-start\"><\/div>\n<div class=\"mt-3 w-full empty:hidden\">\n<div class=\"text-center\"><\/div>\n<\/div>\n<\/div>\n<\/div>\n<\/article>\n<div class=\"pointer-events-none h-px w-px\" aria-hidden=\"true\" data-edge=\"true\"><\/div>\n","protected":false},"featured_media":8596,"template":"","meta":[],"product_brand":[],"product_cat":[171,195],"product_tag":[],"class_list":{"0":"post-8960","1":"product","2":"type-product","3":"status-publish","4":"has-post-thumbnail","6":"product_cat-refrigerateurs","7":"product_cat-refrigerateurs-standard","9":"first","10":"instock","11":"shipping-taxable","12":"product-type-simple"},"yoast_head":"<!-- This site is optimized with the Yoast SEO plugin v26.6 - https:\/\/yoast.com\/wordpress\/plugins\/seo\/ -->\n<title>R\u00e9frig\u00e9rateur FG POWER blanc de 375 litres - LEADING FLAG<\/title>\n<meta name=\"description\" content=\"Capacit\u00e9 du cong\u00e9lateur : 108 L    Capacit\u00e9 du r\u00e9frig\u00e9rateur : 267 L    Consommation \u00e9nerg\u00e9tique (kWh\/24h) : 1,29    Niveau sonore (dB) : 40    Dimensions du produit (L \u00d7 P \u00d7 H) mm : 600 \u00d7 590 \u00d7 1810    Poids net : 57 kg\" \/>\n<meta name=\"robots\" content=\"index, follow, max-snippet:-1, max-image-preview:large, max-video-preview:-1\" \/>\n<link rel=\"canonical\" href=\"https:\/\/www.leadingflagind.com\/fr\/product\/refrigerateur-fg-power-blanc-de-375-litres\/\" \/>\n<meta property=\"og:locale\" content=\"fr_FR\" \/>\n<meta property=\"og:type\" content=\"article\" \/>\n<meta property=\"og:title\" content=\"R\u00e9frig\u00e9rateur FG POWER blanc de 375 litres - LEADING FLAG\" \/>\n<meta property=\"og:description\" content=\"Capacit\u00e9 du cong\u00e9lateur : 108 L    Capacit\u00e9 du r\u00e9frig\u00e9rateur : 267 L    Consommation \u00e9nerg\u00e9tique (kWh\/24h) : 1,29    Niveau sonore (dB) : 40    Dimensions du produit (L \u00d7 P \u00d7 H) mm : 600 \u00d7 590 \u00d7 1810    Poids net : 57 kg\" \/>\n<meta property=\"og:url\" content=\"https:\/\/www.leadingflagind.com\/fr\/product\/refrigerateur-fg-power-blanc-de-375-litres\/\" \/>\n<meta property=\"og:site_name\" content=\"LEADING FLAG\" \/>\n<meta property=\"article:modified_time\" content=\"2025-11-13T14:07:41+00:00\" \/>\n<meta property=\"og:image\" content=\"https:\/\/www.leadingflagind.com\/wp-content\/uploads\/2025\/11\/75.jpg\" \/>\n\t<meta property=\"og:image:width\" content=\"800\" \/>\n\t<meta property=\"og:image:height\" content=\"800\" \/>\n\t<meta property=\"og:image:type\" content=\"image\/jpeg\" \/>\n<meta name=\"twitter:card\" content=\"summary_large_image\" \/>\n<script type=\"application\/ld+json\" class=\"yoast-schema-graph\">{\"@context\":\"https:\/\/schema.org\",\"@graph\":[{\"@type\":\"WebPage\",\"@id\":\"https:\/\/www.leadingflagind.com\/fr\/product\/refrigerateur-fg-power-blanc-de-375-litres\/\",\"url\":\"https:\/\/www.leadingflagind.com\/fr\/product\/refrigerateur-fg-power-blanc-de-375-litres\/\",\"name\":\"R\u00e9frig\u00e9rateur FG POWER blanc de 375 litres - LEADING FLAG\",\"isPartOf\":{\"@id\":\"https:\/\/www.leadingflagind.com\/#website\"},\"primaryImageOfPage\":{\"@id\":\"https:\/\/www.leadingflagind.com\/fr\/product\/refrigerateur-fg-power-blanc-de-375-litres\/#primaryimage\"},\"image\":{\"@id\":\"https:\/\/www.leadingflagind.com\/fr\/product\/refrigerateur-fg-power-blanc-de-375-litres\/#primaryimage\"},\"thumbnailUrl\":\"https:\/\/www.leadingflagind.com\/wp-content\/uploads\/2025\/11\/75.jpg\",\"datePublished\":\"2025-11-11T10:47:27+00:00\",\"dateModified\":\"2025-11-13T14:07:41+00:00\",\"description\":\"Capacit\u00e9 du cong\u00e9lateur : 108 L Capacit\u00e9 du r\u00e9frig\u00e9rateur : 267 L Consommation \u00e9nerg\u00e9tique (kWh\/24h) : 1,29 Niveau sonore (dB) : 40 Dimensions du produit (L \u00d7 P \u00d7 H) mm : 600 \u00d7 590 \u00d7 1810 Poids net : 57 kg\",\"breadcrumb\":{\"@id\":\"https:\/\/www.leadingflagind.com\/fr\/product\/refrigerateur-fg-power-blanc-de-375-litres\/#breadcrumb\"},\"inLanguage\":\"fr-FR\",\"potentialAction\":[{\"@type\":\"ReadAction\",\"target\":[\"https:\/\/www.leadingflagind.com\/fr\/product\/refrigerateur-fg-power-blanc-de-375-litres\/\"]}]},{\"@type\":\"ImageObject\",\"inLanguage\":\"fr-FR\",\"@id\":\"https:\/\/www.leadingflagind.com\/fr\/product\/refrigerateur-fg-power-blanc-de-375-litres\/#primaryimage\",\"url\":\"https:\/\/www.leadingflagind.com\/wp-content\/uploads\/2025\/11\/75.jpg\",\"contentUrl\":\"https:\/\/www.leadingflagind.com\/wp-content\/uploads\/2025\/11\/75.jpg\",\"width\":800,\"height\":800},{\"@type\":\"BreadcrumbList\",\"@id\":\"https:\/\/www.leadingflagind.com\/fr\/product\/refrigerateur-fg-power-blanc-de-375-litres\/#breadcrumb\",\"itemListElement\":[{\"@type\":\"ListItem\",\"position\":1,\"name\":\"Home\",\"item\":\"https:\/\/www.leadingflagind.com\/fr\/\"},{\"@type\":\"ListItem\",\"position\":2,\"name\":\"Products\",\"item\":\"https:\/\/www.leadingflagind.com\/shop\/\"},{\"@type\":\"ListItem\",\"position\":3,\"name\":\"R\u00e9frig\u00e9rateur FG POWER blanc de 375 litres\"}]},{\"@type\":\"WebSite\",\"@id\":\"https:\/\/www.leadingflagind.com\/#website\",\"url\":\"https:\/\/www.leadingflagind.com\/\",\"name\":\"LEADING FLAG - Home Appliance Manufacturing\",\"description\":\"Home Appliance Manufacturing\",\"publisher\":{\"@id\":\"https:\/\/www.leadingflagind.com\/#organization\"},\"potentialAction\":[{\"@type\":\"SearchAction\",\"target\":{\"@type\":\"EntryPoint\",\"urlTemplate\":\"https:\/\/www.leadingflagind.com\/?s={search_term_string}\"},\"query-input\":{\"@type\":\"PropertyValueSpecification\",\"valueRequired\":true,\"valueName\":\"search_term_string\"}}],\"inLanguage\":\"fr-FR\"},{\"@type\":\"Organization\",\"@id\":\"https:\/\/www.leadingflagind.com\/#organization\",\"name\":\"LEADING FLAG INDUSTRIAL & TRADING LIMITED\",\"url\":\"https:\/\/www.leadingflagind.com\/\",\"logo\":{\"@type\":\"ImageObject\",\"inLanguage\":\"fr-FR\",\"@id\":\"https:\/\/www.leadingflagind.com\/#\/schema\/logo\/image\/\",\"url\":\"https:\/\/www.leadingflagind.com\/wp-content\/uploads\/2025\/11\/LOGO-leading-Flag.svg\",\"contentUrl\":\"https:\/\/www.leadingflagind.com\/wp-content\/uploads\/2025\/11\/LOGO-leading-Flag.svg\",\"width\":436,\"height\":76,\"caption\":\"LEADING FLAG INDUSTRIAL & TRADING LIMITED\"},\"image\":{\"@id\":\"https:\/\/www.leadingflagind.com\/#\/schema\/logo\/image\/\"}}]}<\/script>\n<!-- \/ Yoast SEO plugin. -->","yoast_head_json":{"title":"R\u00e9frig\u00e9rateur FG POWER blanc de 375 litres - LEADING FLAG","description":"Capacit\u00e9 du cong\u00e9lateur : 108 L    Capacit\u00e9 du r\u00e9frig\u00e9rateur : 267 L    Consommation \u00e9nerg\u00e9tique (kWh\/24h) : 1,29    Niveau sonore (dB) : 40    Dimensions du produit (L \u00d7 P \u00d7 H) mm : 600 \u00d7 590 \u00d7 1810    Poids net : 57 kg","robots":{"index":"index","follow":"follow","max-snippet":"max-snippet:-1","max-image-preview":"max-image-preview:large","max-video-preview":"max-video-preview:-1"},"canonical":"https:\/\/www.leadingflagind.com\/fr\/product\/refrigerateur-fg-power-blanc-de-375-litres\/","og_locale":"fr_FR","og_type":"article","og_title":"R\u00e9frig\u00e9rateur FG POWER blanc de 375 litres - LEADING FLAG","og_description":"Capacit\u00e9 du cong\u00e9lateur : 108 L    Capacit\u00e9 du r\u00e9frig\u00e9rateur : 267 L    Consommation \u00e9nerg\u00e9tique (kWh\/24h) : 1,29    Niveau sonore (dB) : 40    Dimensions du produit (L \u00d7 P \u00d7 H) mm : 600 \u00d7 590 \u00d7 1810    Poids net : 57 kg","og_url":"https:\/\/www.leadingflagind.com\/fr\/product\/refrigerateur-fg-power-blanc-de-375-litres\/","og_site_name":"LEADING FLAG","article_modified_time":"2025-11-13T14:07:41+00:00","og_image":[{"width":800,"height":800,"url":"https:\/\/www.leadingflagind.com\/wp-content\/uploads\/2025\/11\/75.jpg","type":"image\/jpeg"}],"twitter_card":"summary_large_image","schema":{"@context":"https:\/\/schema.org","@graph":[{"@type":"WebPage","@id":"https:\/\/www.leadingflagind.com\/fr\/product\/refrigerateur-fg-power-blanc-de-375-litres\/","url":"https:\/\/www.leadingflagind.com\/fr\/product\/refrigerateur-fg-power-blanc-de-375-litres\/","name":"R\u00e9frig\u00e9rateur FG POWER blanc de 375 litres - LEADING FLAG","isPartOf":{"@id":"https:\/\/www.leadingflagind.com\/#website"},"primaryImageOfPage":{"@id":"https:\/\/www.leadingflagind.com\/fr\/product\/refrigerateur-fg-power-blanc-de-375-litres\/#primaryimage"},"image":{"@id":"https:\/\/www.leadingflagind.com\/fr\/product\/refrigerateur-fg-power-blanc-de-375-litres\/#primaryimage"},"thumbnailUrl":"https:\/\/www.leadingflagind.com\/wp-content\/uploads\/2025\/11\/75.jpg","datePublished":"2025-11-11T10:47:27+00:00","dateModified":"2025-11-13T14:07:41+00:00","description":"Capacit\u00e9 du cong\u00e9lateur : 108 L Capacit\u00e9 du r\u00e9frig\u00e9rateur : 267 L Consommation \u00e9nerg\u00e9tique (kWh\/24h) : 1,29 Niveau sonore (dB) : 40 Dimensions du produit (L \u00d7 P \u00d7 H) mm : 600 \u00d7 590 \u00d7 1810 Poids net : 57 kg","breadcrumb":{"@id":"https:\/\/www.leadingflagind.com\/fr\/product\/refrigerateur-fg-power-blanc-de-375-litres\/#breadcrumb"},"inLanguage":"fr-FR","potentialAction":[{"@type":"ReadAction","target":["https:\/\/www.leadingflagind.com\/fr\/product\/refrigerateur-fg-power-blanc-de-375-litres\/"]}]},{"@type":"ImageObject","inLanguage":"fr-FR","@id":"https:\/\/www.leadingflagind.com\/fr\/product\/refrigerateur-fg-power-blanc-de-375-litres\/#primaryimage","url":"https:\/\/www.leadingflagind.com\/wp-content\/uploads\/2025\/11\/75.jpg","contentUrl":"https:\/\/www.leadingflagind.com\/wp-content\/uploads\/2025\/11\/75.jpg","width":800,"height":800},{"@type":"BreadcrumbList","@id":"https:\/\/www.leadingflagind.com\/fr\/product\/refrigerateur-fg-power-blanc-de-375-litres\/#breadcrumb","itemListElement":[{"@type":"ListItem","position":1,"name":"Home","item":"https:\/\/www.leadingflagind.com\/fr\/"},{"@type":"ListItem","position":2,"name":"Products","item":"https:\/\/www.leadingflagind.com\/shop\/"},{"@type":"ListItem","position":3,"name":"R\u00e9frig\u00e9rateur FG POWER blanc de 375 litres"}]},{"@type":"WebSite","@id":"https:\/\/www.leadingflagind.com\/#website","url":"https:\/\/www.leadingflagind.com\/","name":"LEADING FLAG - Home Appliance Manufacturing","description":"Home Appliance Manufacturing","publisher":{"@id":"https:\/\/www.leadingflagind.com\/#organization"},"potentialAction":[{"@type":"SearchAction","target":{"@type":"EntryPoint","urlTemplate":"https:\/\/www.leadingflagind.com\/?s={search_term_string}"},"query-input":{"@type":"PropertyValueSpecification","valueRequired":true,"valueName":"search_term_string"}}],"inLanguage":"fr-FR"},{"@type":"Organization","@id":"https:\/\/www.leadingflagind.com\/#organization","name":"LEADING FLAG INDUSTRIAL & TRADING LIMITED","url":"https:\/\/www.leadingflagind.com\/","logo":{"@type":"ImageObject","inLanguage":"fr-FR","@id":"https:\/\/www.leadingflagind.com\/#\/schema\/logo\/image\/","url":"https:\/\/www.leadingflagind.com\/wp-content\/uploads\/2025\/11\/LOGO-leading-Flag.svg","contentUrl":"https:\/\/www.leadingflagind.com\/wp-content\/uploads\/2025\/11\/LOGO-leading-Flag.svg","width":436,"height":76,"caption":"LEADING FLAG INDUSTRIAL & TRADING LIMITED"},"image":{"@id":"https:\/\/www.leadingflagind.com\/#\/schema\/logo\/image\/"}}]}},"_links":{"self":[{"href":"https:\/\/www.leadingflagind.com\/fr\/wp-json\/wp\/v2\/product\/8960","targetHints":{"allow":["GET"]}}],"collection":[{"href":"https:\/\/www.leadingflagind.com\/fr\/wp-json\/wp\/v2\/product"}],"about":[{"href":"https:\/\/www.leadingflagind.com\/fr\/wp-json\/wp\/v2\/types\/product"}],"wp:featuredmedia":[{"embeddable":true,"href":"https:\/\/www.leadingflagind.com\/fr\/wp-json\/wp\/v2\/media\/8596"}],"wp:attachment":[{"href":"https:\/\/www.leadingflagind.com\/fr\/wp-json\/wp\/v2\/media?parent=8960"}],"wp:term":[{"taxonomy":"product_brand","embeddable":true,"href":"https:\/\/www.leadingflagind.com\/fr\/wp-json\/wp\/v2\/product_brand?post=8960"},{"taxonomy":"product_cat","embeddable":true,"href":"https:\/\/www.leadingflagind.com\/fr\/wp-json\/wp\/v2\/product_cat?post=8960"},{"taxonomy":"product_tag","embeddable":true,"href":"https:\/\/www.leadingflagind.com\/fr\/wp-json\/wp\/v2\/product_tag?post=8960"}],"curies":[{"name":"wp","href":"https:\/\/api.w.org\/{rel}","templated":true}]}}