{"id":8957,"date":"2025-11-11T10:47:29","date_gmt":"2025-11-11T10:47:29","guid":{"rendered":"https:\/\/www.leadingflagind.com\/product\/fg-power-white-dishwasher-standard-8-programmes\/"},"modified":"2025-11-12T09:57:20","modified_gmt":"2025-11-12T09:57:20","slug":"lave-vaisselle-fg-power-blanc-standard-8-programmes","status":"publish","type":"product","link":"https:\/\/www.leadingflagind.com\/fr\/product\/lave-vaisselle-fg-power-blanc-standard-8-programmes\/","title":{"rendered":"Lave-vaisselle FG Power blanc \u2013 standard \u2013 8 programmes"},"content":{"rendered":"","protected":false},"excerpt":{"rendered":"<article class=\"text-token-text-primary w-full focus:outline-none [--shadow-height:45px] has-data-writing-block:pointer-events-none has-data-writing-block:-mt-(--shadow-height) has-data-writing-block:pt-(--shadow-height) [&amp;:has([data-writing-block])&gt;*]:pointer-events-auto [content-visibility:auto] supports-[content-visibility:auto]:[contain-intrinsic-size:auto_100lvh] scroll-mt-[calc(var(--header-height)+min(200px,max(70px,20svh)))]\" dir=\"auto\" tabindex=\"-1\" data-turn-id=\"request-WEB:5e739f11-fe99-4650-bb7a-1073c15a82e7-38\" data-testid=\"conversation-turn-78\" data-scroll-anchor=\"true\" data-turn=\"assistant\">\n<div class=\"text-base my-auto mx-auto pb-10 [--thread-content-margin:--spacing(4)] thread-sm:[--thread-content-margin:--spacing(6)] thread-lg:[--thread-content-margin:--spacing(16)] px-(--thread-content-margin)\">\n<div class=\"[--thread-content-max-width:40rem] thread-lg:[--thread-content-max-width:48rem] mx-auto max-w-(--thread-content-max-width) flex-1 group\/turn-messages focus-visible:outline-hidden relative flex w-full min-w-0 flex-col agent-turn\" tabindex=\"-1\">\n<div class=\"flex max-w-full flex-col grow\">\n<div class=\"min-h-8 text-message relative flex w-full flex-col items-end gap-2 text-start break-words whitespace-normal [.text-message+&amp;]:mt-1\" dir=\"auto\" data-message-author-role=\"assistant\" data-message-id=\"1b35d543-0fb4-4ef9-bdfc-ae3cf18ca77d\" data-message-model-slug=\"gpt-5-mini\">\n<div class=\"flex w-full flex-col gap-1 empty:hidden first:pt-[1px]\">\n<div class=\"markdown prose dark:prose-invert w-full break-words light markdown-new-styling\">\n<ul data-start=\"58\" data-end=\"395\" data-is-last-node=\"\" data-is-only-node=\"\">\n<li data-start=\"58\" data-end=\"81\">\n<p data-start=\"60\" data-end=\"81\"><strong data-start=\"60\" data-end=\"73\">Couleur :<\/strong> Blanc<\/p>\n<\/li>\n<li data-start=\"82\" data-end=\"109\">\n<p data-start=\"84\" data-end=\"109\"><strong data-start=\"84\" data-end=\"96\">Design :<\/strong> Pose libre<\/p>\n<\/li>\n<li data-start=\"110\" data-end=\"230\">\n<p data-start=\"112\" data-end=\"230\"><strong data-start=\"112\" data-end=\"136\">Nombre de r\u00e9glages :<\/strong> 14 r\u00e9glages avec tiroir pour couverts suppl\u00e9mentaires, panier r\u00e9glable et poign\u00e9e de panier<\/p>\n<\/li>\n<li data-start=\"231\" data-end=\"264\">\n<p data-start=\"233\" data-end=\"264\"><strong data-start=\"233\" data-end=\"260\">Cat\u00e9gorie \u00e9nerg\u00e9tique :<\/strong> D<\/p>\n<\/li>\n<li data-start=\"265\" data-end=\"314\">\n<p data-start=\"267\" data-end=\"314\"><strong data-start=\"267\" data-end=\"286\">Niveau sonore :<\/strong> 49 dB, avec affichage LED<\/p>\n<\/li>\n<li data-start=\"315\" data-end=\"395\" data-is-last-node=\"\">\n<p data-start=\"317\" data-end=\"395\" data-is-last-node=\"\"><strong data-start=\"317\" data-end=\"333\">Programmes :<\/strong> AUTO, INTENSIF, NORMAL, \u00c9CO, Verres, 90 min, Rapide, Trempage<\/p>\n<\/li>\n<\/ul>\n<\/div>\n<\/div>\n<\/div>\n<\/div>\n<div class=\"z-0 flex min-h-[46px] justify-start\"><\/div>\n<div class=\"mt-3 w-full empty:hidden\">\n<div class=\"text-center\"><\/div>\n<\/div>\n<\/div>\n<\/div>\n<\/article>\n<div class=\"pointer-events-none h-px w-px\" aria-hidden=\"true\" data-edge=\"true\"><\/div>\n","protected":false},"featured_media":8686,"template":"","meta":[],"product_brand":[],"product_cat":[187,189],"product_tag":[],"class_list":{"0":"post-8957","1":"product","2":"type-product","3":"status-publish","4":"has-post-thumbnail","6":"product_cat-lave-vaisselle","7":"product_cat-lave-vaisselle-standard","9":"first","10":"instock","11":"shipping-taxable","12":"product-type-simple"},"yoast_head":"<!-- This site is optimized with the Yoast SEO plugin v26.6 - https:\/\/yoast.com\/wordpress\/plugins\/seo\/ -->\n<title>Lave-vaisselle FG Power blanc \u2013 standard \u2013 8 programmes - LEADING FLAG<\/title>\n<meta name=\"description\" content=\"Couleur : Blanc    Design : Pose libre    Nombre de r\u00e9glages : 14 r\u00e9glages avec tiroir pour couverts suppl\u00e9mentaires, panier r\u00e9glable et poign\u00e9e de panier    Cat\u00e9gorie \u00e9nerg\u00e9tique : D    Niveau sonore : 49 dB, avec affichage LED    Programmes : AUTO, INTENSIF, NORMAL, \u00c9CO, Verres, 90 min, Rapide, Trempage\" \/>\n<meta name=\"robots\" content=\"index, follow, max-snippet:-1, max-image-preview:large, max-video-preview:-1\" \/>\n<link rel=\"canonical\" href=\"https:\/\/www.leadingflagind.com\/fr\/product\/lave-vaisselle-fg-power-blanc-standard-8-programmes\/\" \/>\n<meta property=\"og:locale\" content=\"fr_FR\" \/>\n<meta property=\"og:type\" content=\"article\" \/>\n<meta property=\"og:title\" content=\"Lave-vaisselle FG Power blanc \u2013 standard \u2013 8 programmes - LEADING FLAG\" \/>\n<meta property=\"og:description\" content=\"Couleur : Blanc    Design : Pose libre    Nombre de r\u00e9glages : 14 r\u00e9glages avec tiroir pour couverts suppl\u00e9mentaires, panier r\u00e9glable et poign\u00e9e de panier    Cat\u00e9gorie \u00e9nerg\u00e9tique : D    Niveau sonore : 49 dB, avec affichage LED    Programmes : AUTO, INTENSIF, NORMAL, \u00c9CO, Verres, 90 min, Rapide, Trempage\" \/>\n<meta property=\"og:url\" content=\"https:\/\/www.leadingflagind.com\/fr\/product\/lave-vaisselle-fg-power-blanc-standard-8-programmes\/\" \/>\n<meta property=\"og:site_name\" content=\"LEADING FLAG\" \/>\n<meta property=\"article:modified_time\" content=\"2025-11-12T09:57:20+00:00\" \/>\n<meta property=\"og:image\" content=\"https:\/\/www.leadingflagind.com\/wp-content\/uploads\/2025\/11\/1-2.jpg\" \/>\n\t<meta property=\"og:image:width\" content=\"800\" \/>\n\t<meta property=\"og:image:height\" content=\"800\" \/>\n\t<meta property=\"og:image:type\" content=\"image\/jpeg\" \/>\n<meta name=\"twitter:card\" content=\"summary_large_image\" \/>\n<script type=\"application\/ld+json\" class=\"yoast-schema-graph\">{\"@context\":\"https:\/\/schema.org\",\"@graph\":[{\"@type\":\"WebPage\",\"@id\":\"https:\/\/www.leadingflagind.com\/fr\/product\/lave-vaisselle-fg-power-blanc-standard-8-programmes\/\",\"url\":\"https:\/\/www.leadingflagind.com\/fr\/product\/lave-vaisselle-fg-power-blanc-standard-8-programmes\/\",\"name\":\"Lave-vaisselle FG Power blanc \u2013 standard \u2013 8 programmes - LEADING FLAG\",\"isPartOf\":{\"@id\":\"https:\/\/www.leadingflagind.com\/#website\"},\"primaryImageOfPage\":{\"@id\":\"https:\/\/www.leadingflagind.com\/fr\/product\/lave-vaisselle-fg-power-blanc-standard-8-programmes\/#primaryimage\"},\"image\":{\"@id\":\"https:\/\/www.leadingflagind.com\/fr\/product\/lave-vaisselle-fg-power-blanc-standard-8-programmes\/#primaryimage\"},\"thumbnailUrl\":\"https:\/\/www.leadingflagind.com\/wp-content\/uploads\/2025\/11\/1-2.jpg\",\"datePublished\":\"2025-11-11T10:47:29+00:00\",\"dateModified\":\"2025-11-12T09:57:20+00:00\",\"description\":\"Couleur : Blanc Design : Pose libre Nombre de r\u00e9glages : 14 r\u00e9glages avec tiroir pour couverts suppl\u00e9mentaires, panier r\u00e9glable et poign\u00e9e de panier Cat\u00e9gorie \u00e9nerg\u00e9tique : D Niveau sonore : 49 dB, avec affichage LED Programmes : AUTO, INTENSIF, NORMAL, \u00c9CO, Verres, 90 min, Rapide, Trempage\",\"breadcrumb\":{\"@id\":\"https:\/\/www.leadingflagind.com\/fr\/product\/lave-vaisselle-fg-power-blanc-standard-8-programmes\/#breadcrumb\"},\"inLanguage\":\"fr-FR\",\"potentialAction\":[{\"@type\":\"ReadAction\",\"target\":[\"https:\/\/www.leadingflagind.com\/fr\/product\/lave-vaisselle-fg-power-blanc-standard-8-programmes\/\"]}]},{\"@type\":\"ImageObject\",\"inLanguage\":\"fr-FR\",\"@id\":\"https:\/\/www.leadingflagind.com\/fr\/product\/lave-vaisselle-fg-power-blanc-standard-8-programmes\/#primaryimage\",\"url\":\"https:\/\/www.leadingflagind.com\/wp-content\/uploads\/2025\/11\/1-2.jpg\",\"contentUrl\":\"https:\/\/www.leadingflagind.com\/wp-content\/uploads\/2025\/11\/1-2.jpg\",\"width\":800,\"height\":800},{\"@type\":\"BreadcrumbList\",\"@id\":\"https:\/\/www.leadingflagind.com\/fr\/product\/lave-vaisselle-fg-power-blanc-standard-8-programmes\/#breadcrumb\",\"itemListElement\":[{\"@type\":\"ListItem\",\"position\":1,\"name\":\"Home\",\"item\":\"https:\/\/www.leadingflagind.com\/fr\/\"},{\"@type\":\"ListItem\",\"position\":2,\"name\":\"Products\",\"item\":\"https:\/\/www.leadingflagind.com\/shop\/\"},{\"@type\":\"ListItem\",\"position\":3,\"name\":\"Lave-vaisselle FG Power blanc \u2013 standard \u2013 8 programmes\"}]},{\"@type\":\"WebSite\",\"@id\":\"https:\/\/www.leadingflagind.com\/#website\",\"url\":\"https:\/\/www.leadingflagind.com\/\",\"name\":\"LEADING FLAG - Home Appliance Manufacturing\",\"description\":\"Home Appliance Manufacturing\",\"publisher\":{\"@id\":\"https:\/\/www.leadingflagind.com\/#organization\"},\"potentialAction\":[{\"@type\":\"SearchAction\",\"target\":{\"@type\":\"EntryPoint\",\"urlTemplate\":\"https:\/\/www.leadingflagind.com\/?s={search_term_string}\"},\"query-input\":{\"@type\":\"PropertyValueSpecification\",\"valueRequired\":true,\"valueName\":\"search_term_string\"}}],\"inLanguage\":\"fr-FR\"},{\"@type\":\"Organization\",\"@id\":\"https:\/\/www.leadingflagind.com\/#organization\",\"name\":\"LEADING FLAG INDUSTRIAL & TRADING LIMITED\",\"url\":\"https:\/\/www.leadingflagind.com\/\",\"logo\":{\"@type\":\"ImageObject\",\"inLanguage\":\"fr-FR\",\"@id\":\"https:\/\/www.leadingflagind.com\/#\/schema\/logo\/image\/\",\"url\":\"https:\/\/www.leadingflagind.com\/wp-content\/uploads\/2025\/11\/LOGO-leading-Flag.svg\",\"contentUrl\":\"https:\/\/www.leadingflagind.com\/wp-content\/uploads\/2025\/11\/LOGO-leading-Flag.svg\",\"width\":436,\"height\":76,\"caption\":\"LEADING FLAG INDUSTRIAL & TRADING LIMITED\"},\"image\":{\"@id\":\"https:\/\/www.leadingflagind.com\/#\/schema\/logo\/image\/\"}}]}<\/script>\n<!-- \/ Yoast SEO plugin. -->","yoast_head_json":{"title":"Lave-vaisselle FG Power blanc \u2013 standard \u2013 8 programmes - LEADING FLAG","description":"Couleur : Blanc    Design : Pose libre    Nombre de r\u00e9glages : 14 r\u00e9glages avec tiroir pour couverts suppl\u00e9mentaires, panier r\u00e9glable et poign\u00e9e de panier    Cat\u00e9gorie \u00e9nerg\u00e9tique : D    Niveau sonore : 49 dB, avec affichage LED    Programmes : AUTO, INTENSIF, NORMAL, \u00c9CO, Verres, 90 min, Rapide, Trempage","robots":{"index":"index","follow":"follow","max-snippet":"max-snippet:-1","max-image-preview":"max-image-preview:large","max-video-preview":"max-video-preview:-1"},"canonical":"https:\/\/www.leadingflagind.com\/fr\/product\/lave-vaisselle-fg-power-blanc-standard-8-programmes\/","og_locale":"fr_FR","og_type":"article","og_title":"Lave-vaisselle FG Power blanc \u2013 standard \u2013 8 programmes - LEADING FLAG","og_description":"Couleur : Blanc    Design : Pose libre    Nombre de r\u00e9glages : 14 r\u00e9glages avec tiroir pour couverts suppl\u00e9mentaires, panier r\u00e9glable et poign\u00e9e de panier    Cat\u00e9gorie \u00e9nerg\u00e9tique : D    Niveau sonore : 49 dB, avec affichage LED    Programmes : AUTO, INTENSIF, NORMAL, \u00c9CO, Verres, 90 min, Rapide, Trempage","og_url":"https:\/\/www.leadingflagind.com\/fr\/product\/lave-vaisselle-fg-power-blanc-standard-8-programmes\/","og_site_name":"LEADING FLAG","article_modified_time":"2025-11-12T09:57:20+00:00","og_image":[{"width":800,"height":800,"url":"https:\/\/www.leadingflagind.com\/wp-content\/uploads\/2025\/11\/1-2.jpg","type":"image\/jpeg"}],"twitter_card":"summary_large_image","schema":{"@context":"https:\/\/schema.org","@graph":[{"@type":"WebPage","@id":"https:\/\/www.leadingflagind.com\/fr\/product\/lave-vaisselle-fg-power-blanc-standard-8-programmes\/","url":"https:\/\/www.leadingflagind.com\/fr\/product\/lave-vaisselle-fg-power-blanc-standard-8-programmes\/","name":"Lave-vaisselle FG Power blanc \u2013 standard \u2013 8 programmes - LEADING FLAG","isPartOf":{"@id":"https:\/\/www.leadingflagind.com\/#website"},"primaryImageOfPage":{"@id":"https:\/\/www.leadingflagind.com\/fr\/product\/lave-vaisselle-fg-power-blanc-standard-8-programmes\/#primaryimage"},"image":{"@id":"https:\/\/www.leadingflagind.com\/fr\/product\/lave-vaisselle-fg-power-blanc-standard-8-programmes\/#primaryimage"},"thumbnailUrl":"https:\/\/www.leadingflagind.com\/wp-content\/uploads\/2025\/11\/1-2.jpg","datePublished":"2025-11-11T10:47:29+00:00","dateModified":"2025-11-12T09:57:20+00:00","description":"Couleur : Blanc Design : Pose libre Nombre de r\u00e9glages : 14 r\u00e9glages avec tiroir pour couverts suppl\u00e9mentaires, panier r\u00e9glable et poign\u00e9e de panier Cat\u00e9gorie \u00e9nerg\u00e9tique : D Niveau sonore : 49 dB, avec affichage LED Programmes : AUTO, INTENSIF, NORMAL, \u00c9CO, Verres, 90 min, Rapide, Trempage","breadcrumb":{"@id":"https:\/\/www.leadingflagind.com\/fr\/product\/lave-vaisselle-fg-power-blanc-standard-8-programmes\/#breadcrumb"},"inLanguage":"fr-FR","potentialAction":[{"@type":"ReadAction","target":["https:\/\/www.leadingflagind.com\/fr\/product\/lave-vaisselle-fg-power-blanc-standard-8-programmes\/"]}]},{"@type":"ImageObject","inLanguage":"fr-FR","@id":"https:\/\/www.leadingflagind.com\/fr\/product\/lave-vaisselle-fg-power-blanc-standard-8-programmes\/#primaryimage","url":"https:\/\/www.leadingflagind.com\/wp-content\/uploads\/2025\/11\/1-2.jpg","contentUrl":"https:\/\/www.leadingflagind.com\/wp-content\/uploads\/2025\/11\/1-2.jpg","width":800,"height":800},{"@type":"BreadcrumbList","@id":"https:\/\/www.leadingflagind.com\/fr\/product\/lave-vaisselle-fg-power-blanc-standard-8-programmes\/#breadcrumb","itemListElement":[{"@type":"ListItem","position":1,"name":"Home","item":"https:\/\/www.leadingflagind.com\/fr\/"},{"@type":"ListItem","position":2,"name":"Products","item":"https:\/\/www.leadingflagind.com\/shop\/"},{"@type":"ListItem","position":3,"name":"Lave-vaisselle FG Power blanc \u2013 standard \u2013 8 programmes"}]},{"@type":"WebSite","@id":"https:\/\/www.leadingflagind.com\/#website","url":"https:\/\/www.leadingflagind.com\/","name":"LEADING FLAG - Home Appliance Manufacturing","description":"Home Appliance Manufacturing","publisher":{"@id":"https:\/\/www.leadingflagind.com\/#organization"},"potentialAction":[{"@type":"SearchAction","target":{"@type":"EntryPoint","urlTemplate":"https:\/\/www.leadingflagind.com\/?s={search_term_string}"},"query-input":{"@type":"PropertyValueSpecification","valueRequired":true,"valueName":"search_term_string"}}],"inLanguage":"fr-FR"},{"@type":"Organization","@id":"https:\/\/www.leadingflagind.com\/#organization","name":"LEADING FLAG INDUSTRIAL & TRADING LIMITED","url":"https:\/\/www.leadingflagind.com\/","logo":{"@type":"ImageObject","inLanguage":"fr-FR","@id":"https:\/\/www.leadingflagind.com\/#\/schema\/logo\/image\/","url":"https:\/\/www.leadingflagind.com\/wp-content\/uploads\/2025\/11\/LOGO-leading-Flag.svg","contentUrl":"https:\/\/www.leadingflagind.com\/wp-content\/uploads\/2025\/11\/LOGO-leading-Flag.svg","width":436,"height":76,"caption":"LEADING FLAG INDUSTRIAL & TRADING LIMITED"},"image":{"@id":"https:\/\/www.leadingflagind.com\/#\/schema\/logo\/image\/"}}]}},"_links":{"self":[{"href":"https:\/\/www.leadingflagind.com\/fr\/wp-json\/wp\/v2\/product\/8957","targetHints":{"allow":["GET"]}}],"collection":[{"href":"https:\/\/www.leadingflagind.com\/fr\/wp-json\/wp\/v2\/product"}],"about":[{"href":"https:\/\/www.leadingflagind.com\/fr\/wp-json\/wp\/v2\/types\/product"}],"wp:featuredmedia":[{"embeddable":true,"href":"https:\/\/www.leadingflagind.com\/fr\/wp-json\/wp\/v2\/media\/8686"}],"wp:attachment":[{"href":"https:\/\/www.leadingflagind.com\/fr\/wp-json\/wp\/v2\/media?parent=8957"}],"wp:term":[{"taxonomy":"product_brand","embeddable":true,"href":"https:\/\/www.leadingflagind.com\/fr\/wp-json\/wp\/v2\/product_brand?post=8957"},{"taxonomy":"product_cat","embeddable":true,"href":"https:\/\/www.leadingflagind.com\/fr\/wp-json\/wp\/v2\/product_cat?post=8957"},{"taxonomy":"product_tag","embeddable":true,"href":"https:\/\/www.leadingflagind.com\/fr\/wp-json\/wp\/v2\/product_tag?post=8957"}],"curies":[{"name":"wp","href":"https:\/\/api.w.org\/{rel}","templated":true}]}}