{"id":8954,"date":"2025-11-11T10:47:30","date_gmt":"2025-11-11T10:47:30","guid":{"rendered":"https:\/\/www.leadingflagind.com\/product\/70-30-column-door-refrigerator-trf39binfvvhaaa-fg-power\/"},"modified":"2025-11-12T09:54:52","modified_gmt":"2025-11-12T09:54:52","slug":"refrigerateur-vertical-70-30-trf39binfvvhaaa-fg-power","status":"publish","type":"product","link":"https:\/\/www.leadingflagind.com\/fr\/product\/refrigerateur-vertical-70-30-trf39binfvvhaaa-fg-power\/","title":{"rendered":"R\u00e9frig\u00e9rateur vertical 70\/30 TRF39BINFVVHAAA \u2013 FG Power"},"content":{"rendered":"","protected":false},"excerpt":{"rendered":"<ul style=\"text-align: justifey; color: black;\">\n<li><strong data-start=\"67\" data-end=\"79\">Marque :<\/strong> FG POWER<\/li>\n<li><strong data-start=\"91\" data-end=\"113\" data-is-only-node=\"\">Volume net total :<\/strong> 267 litres<\/li>\n<li><strong data-start=\"127\" data-end=\"160\">Volume net du r\u00e9frig\u00e9rateur :<\/strong> 174 litres<\/li>\n<li><strong data-start=\"174\" data-end=\"192\">Zone fra\u00eeche :<\/strong> 26 litres<\/li>\n<li><strong data-start=\"205\" data-end=\"236\">Volume net du cong\u00e9lateur :<\/strong> 67 litres<\/li>\n<li><strong data-start=\"249\" data-end=\"281\">Syst\u00e8me de refroidissement :<\/strong> Total No Frost<\/li>\n<li><strong data-start=\"299\" data-end=\"324\">Syst\u00e8me de contr\u00f4le :<\/strong> \u00c9lectronique<\/li>\n<li><strong data-start=\"340\" data-end=\"356\">Dimensions :<\/strong> 540 \u00d7 550 \u00d7 1937 mm<\/li>\n<li><strong data-start=\"379\" data-end=\"405\">Dimensions emball\u00e9es :<\/strong> 573 \u00d7 583 \u00d7 2000 mm<\/li>\n<li><strong data-start=\"428\" data-end=\"492\">Quantit\u00e9 de chargement (conteneur 40 pieds haute capacit\u00e9) :<\/strong> 103 unit\u00e9s<\/li>\n<\/ul>\n<p>&nbsp;<\/p>\n<p style=\"text-align: left;\"><a href=\"https:\/\/www.fgpower.ly\/wp-content\/uploads\/2024\/12\/4568-\u062b\u0644\u0627\u062c\u0629-\u0639\u0645\u0648\u062f\u0649-\u0628\u0627\u0628.pdf\" target=\"_blank\" rel=\"noopener\"><img decoding=\"async\" class=\"wp-image-43762 alignleft\" src=\"https:\/\/almoassis.ly\/wp-content\/uploads\/2024\/12\/PDF_file_icon.svg_-244x300.png\" alt=\"\" width=\"53\" height=\"65\" \/><\/a><a href=\"https:\/\/www.fgpower.ly\/wp-content\/uploads\/2024\/12\/4568-\u062b\u0644\u0627\u062c\u0629-\u0639\u0645\u0648\u062f\u0649-\u0628\u0627\u0628.pdf\" target=\"_blank\" rel=\"noopener\">T\u00e9l\u00e9charger PDF\u00a0<\/a><\/p>\n","protected":false},"featured_media":8688,"template":"","meta":[],"product_brand":[],"product_cat":[171,170],"product_tag":[],"class_list":{"0":"post-8954","1":"product","2":"type-product","3":"status-publish","4":"has-post-thumbnail","6":"product_cat-refrigerateurs","7":"product_cat-refrigerateurs-encastrables","9":"first","10":"instock","11":"shipping-taxable","12":"product-type-simple"},"yoast_head":"<!-- This site is optimized with the Yoast SEO plugin v26.6 - https:\/\/yoast.com\/wordpress\/plugins\/seo\/ -->\n<title>R\u00e9frig\u00e9rateur vertical 70\/30 TRF39BINFVVHAAA \u2013 FG Power - LEADING FLAG<\/title>\n<meta name=\"description\" content=\"Marque : FG POWER  Volume net total : 267 litres  Volume net du r\u00e9frig\u00e9rateur : 174 litres  Zone fra\u00eeche : 26 litres  Volume net du cong\u00e9lateur : 67 litres  Syst\u00e8me de refroidissement : Total No Frost  Syst\u00e8me de contr\u00f4le : \u00c9lectronique  Dimensions : 540 \u00d7 550 \u00d7 1937 mm  Dimensions emball\u00e9es : 573 \u00d7 583 \u00d7 2000 mm  Quantit\u00e9 de chargement (conteneur 40 pieds haute capacit\u00e9) : 103 unit\u00e9s  &nbsp; T\u00e9l\u00e9charger PDF\u00a0\" \/>\n<meta name=\"robots\" content=\"index, follow, max-snippet:-1, max-image-preview:large, max-video-preview:-1\" \/>\n<link rel=\"canonical\" href=\"https:\/\/www.leadingflagind.com\/fr\/product\/refrigerateur-vertical-70-30-trf39binfvvhaaa-fg-power\/\" \/>\n<meta property=\"og:locale\" content=\"fr_FR\" \/>\n<meta property=\"og:type\" content=\"article\" \/>\n<meta property=\"og:title\" content=\"R\u00e9frig\u00e9rateur vertical 70\/30 TRF39BINFVVHAAA \u2013 FG Power - LEADING FLAG\" \/>\n<meta property=\"og:description\" content=\"Marque : FG POWER  Volume net total : 267 litres  Volume net du r\u00e9frig\u00e9rateur : 174 litres  Zone fra\u00eeche : 26 litres  Volume net du cong\u00e9lateur : 67 litres  Syst\u00e8me de refroidissement : Total No Frost  Syst\u00e8me de contr\u00f4le : \u00c9lectronique  Dimensions : 540 \u00d7 550 \u00d7 1937 mm  Dimensions emball\u00e9es : 573 \u00d7 583 \u00d7 2000 mm  Quantit\u00e9 de chargement (conteneur 40 pieds haute capacit\u00e9) : 103 unit\u00e9s  &nbsp; T\u00e9l\u00e9charger PDF\u00a0\" \/>\n<meta property=\"og:url\" content=\"https:\/\/www.leadingflagind.com\/fr\/product\/refrigerateur-vertical-70-30-trf39binfvvhaaa-fg-power\/\" \/>\n<meta property=\"og:site_name\" content=\"LEADING FLAG\" \/>\n<meta property=\"article:modified_time\" content=\"2025-11-12T09:54:52+00:00\" \/>\n<meta property=\"og:image\" content=\"https:\/\/www.leadingflagind.com\/wp-content\/uploads\/2025\/11\/59.jpg\" \/>\n\t<meta property=\"og:image:width\" content=\"800\" \/>\n\t<meta property=\"og:image:height\" content=\"800\" \/>\n\t<meta property=\"og:image:type\" content=\"image\/jpeg\" \/>\n<meta name=\"twitter:card\" content=\"summary_large_image\" \/>\n<script type=\"application\/ld+json\" class=\"yoast-schema-graph\">{\"@context\":\"https:\/\/schema.org\",\"@graph\":[{\"@type\":\"WebPage\",\"@id\":\"https:\/\/www.leadingflagind.com\/fr\/product\/refrigerateur-vertical-70-30-trf39binfvvhaaa-fg-power\/\",\"url\":\"https:\/\/www.leadingflagind.com\/fr\/product\/refrigerateur-vertical-70-30-trf39binfvvhaaa-fg-power\/\",\"name\":\"R\u00e9frig\u00e9rateur vertical 70\/30 TRF39BINFVVHAAA \u2013 FG Power - LEADING FLAG\",\"isPartOf\":{\"@id\":\"https:\/\/www.leadingflagind.com\/#website\"},\"primaryImageOfPage\":{\"@id\":\"https:\/\/www.leadingflagind.com\/fr\/product\/refrigerateur-vertical-70-30-trf39binfvvhaaa-fg-power\/#primaryimage\"},\"image\":{\"@id\":\"https:\/\/www.leadingflagind.com\/fr\/product\/refrigerateur-vertical-70-30-trf39binfvvhaaa-fg-power\/#primaryimage\"},\"thumbnailUrl\":\"https:\/\/www.leadingflagind.com\/wp-content\/uploads\/2025\/11\/59.jpg\",\"datePublished\":\"2025-11-11T10:47:30+00:00\",\"dateModified\":\"2025-11-12T09:54:52+00:00\",\"description\":\"Marque : FG POWER Volume net total : 267 litres Volume net du r\u00e9frig\u00e9rateur : 174 litres Zone fra\u00eeche : 26 litres Volume net du cong\u00e9lateur : 67 litres Syst\u00e8me de refroidissement : Total No Frost Syst\u00e8me de contr\u00f4le : \u00c9lectronique Dimensions : 540 \u00d7 550 \u00d7 1937 mm Dimensions emball\u00e9es : 573 \u00d7 583 \u00d7 2000 mm Quantit\u00e9 de chargement (conteneur 40 pieds haute capacit\u00e9) : 103 unit\u00e9s &nbsp; T\u00e9l\u00e9charger PDF\u00a0\",\"breadcrumb\":{\"@id\":\"https:\/\/www.leadingflagind.com\/fr\/product\/refrigerateur-vertical-70-30-trf39binfvvhaaa-fg-power\/#breadcrumb\"},\"inLanguage\":\"fr-FR\",\"potentialAction\":[{\"@type\":\"ReadAction\",\"target\":[\"https:\/\/www.leadingflagind.com\/fr\/product\/refrigerateur-vertical-70-30-trf39binfvvhaaa-fg-power\/\"]}]},{\"@type\":\"ImageObject\",\"inLanguage\":\"fr-FR\",\"@id\":\"https:\/\/www.leadingflagind.com\/fr\/product\/refrigerateur-vertical-70-30-trf39binfvvhaaa-fg-power\/#primaryimage\",\"url\":\"https:\/\/www.leadingflagind.com\/wp-content\/uploads\/2025\/11\/59.jpg\",\"contentUrl\":\"https:\/\/www.leadingflagind.com\/wp-content\/uploads\/2025\/11\/59.jpg\",\"width\":800,\"height\":800},{\"@type\":\"BreadcrumbList\",\"@id\":\"https:\/\/www.leadingflagind.com\/fr\/product\/refrigerateur-vertical-70-30-trf39binfvvhaaa-fg-power\/#breadcrumb\",\"itemListElement\":[{\"@type\":\"ListItem\",\"position\":1,\"name\":\"Home\",\"item\":\"https:\/\/www.leadingflagind.com\/fr\/\"},{\"@type\":\"ListItem\",\"position\":2,\"name\":\"Products\",\"item\":\"https:\/\/www.leadingflagind.com\/shop\/\"},{\"@type\":\"ListItem\",\"position\":3,\"name\":\"R\u00e9frig\u00e9rateur vertical 70\/30 TRF39BINFVVHAAA \u2013 FG Power\"}]},{\"@type\":\"WebSite\",\"@id\":\"https:\/\/www.leadingflagind.com\/#website\",\"url\":\"https:\/\/www.leadingflagind.com\/\",\"name\":\"LEADING FLAG - Home Appliance Manufacturing\",\"description\":\"Home Appliance Manufacturing\",\"publisher\":{\"@id\":\"https:\/\/www.leadingflagind.com\/#organization\"},\"potentialAction\":[{\"@type\":\"SearchAction\",\"target\":{\"@type\":\"EntryPoint\",\"urlTemplate\":\"https:\/\/www.leadingflagind.com\/?s={search_term_string}\"},\"query-input\":{\"@type\":\"PropertyValueSpecification\",\"valueRequired\":true,\"valueName\":\"search_term_string\"}}],\"inLanguage\":\"fr-FR\"},{\"@type\":\"Organization\",\"@id\":\"https:\/\/www.leadingflagind.com\/#organization\",\"name\":\"LEADING FLAG INDUSTRIAL & TRADING LIMITED\",\"url\":\"https:\/\/www.leadingflagind.com\/\",\"logo\":{\"@type\":\"ImageObject\",\"inLanguage\":\"fr-FR\",\"@id\":\"https:\/\/www.leadingflagind.com\/#\/schema\/logo\/image\/\",\"url\":\"https:\/\/www.leadingflagind.com\/wp-content\/uploads\/2025\/11\/LOGO-leading-Flag.svg\",\"contentUrl\":\"https:\/\/www.leadingflagind.com\/wp-content\/uploads\/2025\/11\/LOGO-leading-Flag.svg\",\"width\":436,\"height\":76,\"caption\":\"LEADING FLAG INDUSTRIAL & TRADING LIMITED\"},\"image\":{\"@id\":\"https:\/\/www.leadingflagind.com\/#\/schema\/logo\/image\/\"}}]}<\/script>\n<!-- \/ Yoast SEO plugin. -->","yoast_head_json":{"title":"R\u00e9frig\u00e9rateur vertical 70\/30 TRF39BINFVVHAAA \u2013 FG Power - LEADING FLAG","description":"Marque : FG POWER  Volume net total : 267 litres  Volume net du r\u00e9frig\u00e9rateur : 174 litres  Zone fra\u00eeche : 26 litres  Volume net du cong\u00e9lateur : 67 litres  Syst\u00e8me de refroidissement : Total No Frost  Syst\u00e8me de contr\u00f4le : \u00c9lectronique  Dimensions : 540 \u00d7 550 \u00d7 1937 mm  Dimensions emball\u00e9es : 573 \u00d7 583 \u00d7 2000 mm  Quantit\u00e9 de chargement (conteneur 40 pieds haute capacit\u00e9) : 103 unit\u00e9s  &nbsp; T\u00e9l\u00e9charger PDF\u00a0","robots":{"index":"index","follow":"follow","max-snippet":"max-snippet:-1","max-image-preview":"max-image-preview:large","max-video-preview":"max-video-preview:-1"},"canonical":"https:\/\/www.leadingflagind.com\/fr\/product\/refrigerateur-vertical-70-30-trf39binfvvhaaa-fg-power\/","og_locale":"fr_FR","og_type":"article","og_title":"R\u00e9frig\u00e9rateur vertical 70\/30 TRF39BINFVVHAAA \u2013 FG Power - LEADING FLAG","og_description":"Marque : FG POWER  Volume net total : 267 litres  Volume net du r\u00e9frig\u00e9rateur : 174 litres  Zone fra\u00eeche : 26 litres  Volume net du cong\u00e9lateur : 67 litres  Syst\u00e8me de refroidissement : Total No Frost  Syst\u00e8me de contr\u00f4le : \u00c9lectronique  Dimensions : 540 \u00d7 550 \u00d7 1937 mm  Dimensions emball\u00e9es : 573 \u00d7 583 \u00d7 2000 mm  Quantit\u00e9 de chargement (conteneur 40 pieds haute capacit\u00e9) : 103 unit\u00e9s  &nbsp; T\u00e9l\u00e9charger PDF\u00a0","og_url":"https:\/\/www.leadingflagind.com\/fr\/product\/refrigerateur-vertical-70-30-trf39binfvvhaaa-fg-power\/","og_site_name":"LEADING FLAG","article_modified_time":"2025-11-12T09:54:52+00:00","og_image":[{"width":800,"height":800,"url":"https:\/\/www.leadingflagind.com\/wp-content\/uploads\/2025\/11\/59.jpg","type":"image\/jpeg"}],"twitter_card":"summary_large_image","schema":{"@context":"https:\/\/schema.org","@graph":[{"@type":"WebPage","@id":"https:\/\/www.leadingflagind.com\/fr\/product\/refrigerateur-vertical-70-30-trf39binfvvhaaa-fg-power\/","url":"https:\/\/www.leadingflagind.com\/fr\/product\/refrigerateur-vertical-70-30-trf39binfvvhaaa-fg-power\/","name":"R\u00e9frig\u00e9rateur vertical 70\/30 TRF39BINFVVHAAA \u2013 FG Power - LEADING FLAG","isPartOf":{"@id":"https:\/\/www.leadingflagind.com\/#website"},"primaryImageOfPage":{"@id":"https:\/\/www.leadingflagind.com\/fr\/product\/refrigerateur-vertical-70-30-trf39binfvvhaaa-fg-power\/#primaryimage"},"image":{"@id":"https:\/\/www.leadingflagind.com\/fr\/product\/refrigerateur-vertical-70-30-trf39binfvvhaaa-fg-power\/#primaryimage"},"thumbnailUrl":"https:\/\/www.leadingflagind.com\/wp-content\/uploads\/2025\/11\/59.jpg","datePublished":"2025-11-11T10:47:30+00:00","dateModified":"2025-11-12T09:54:52+00:00","description":"Marque : FG POWER Volume net total : 267 litres Volume net du r\u00e9frig\u00e9rateur : 174 litres Zone fra\u00eeche : 26 litres Volume net du cong\u00e9lateur : 67 litres Syst\u00e8me de refroidissement : Total No Frost Syst\u00e8me de contr\u00f4le : \u00c9lectronique Dimensions : 540 \u00d7 550 \u00d7 1937 mm Dimensions emball\u00e9es : 573 \u00d7 583 \u00d7 2000 mm Quantit\u00e9 de chargement (conteneur 40 pieds haute capacit\u00e9) : 103 unit\u00e9s &nbsp; T\u00e9l\u00e9charger PDF\u00a0","breadcrumb":{"@id":"https:\/\/www.leadingflagind.com\/fr\/product\/refrigerateur-vertical-70-30-trf39binfvvhaaa-fg-power\/#breadcrumb"},"inLanguage":"fr-FR","potentialAction":[{"@type":"ReadAction","target":["https:\/\/www.leadingflagind.com\/fr\/product\/refrigerateur-vertical-70-30-trf39binfvvhaaa-fg-power\/"]}]},{"@type":"ImageObject","inLanguage":"fr-FR","@id":"https:\/\/www.leadingflagind.com\/fr\/product\/refrigerateur-vertical-70-30-trf39binfvvhaaa-fg-power\/#primaryimage","url":"https:\/\/www.leadingflagind.com\/wp-content\/uploads\/2025\/11\/59.jpg","contentUrl":"https:\/\/www.leadingflagind.com\/wp-content\/uploads\/2025\/11\/59.jpg","width":800,"height":800},{"@type":"BreadcrumbList","@id":"https:\/\/www.leadingflagind.com\/fr\/product\/refrigerateur-vertical-70-30-trf39binfvvhaaa-fg-power\/#breadcrumb","itemListElement":[{"@type":"ListItem","position":1,"name":"Home","item":"https:\/\/www.leadingflagind.com\/fr\/"},{"@type":"ListItem","position":2,"name":"Products","item":"https:\/\/www.leadingflagind.com\/shop\/"},{"@type":"ListItem","position":3,"name":"R\u00e9frig\u00e9rateur vertical 70\/30 TRF39BINFVVHAAA \u2013 FG Power"}]},{"@type":"WebSite","@id":"https:\/\/www.leadingflagind.com\/#website","url":"https:\/\/www.leadingflagind.com\/","name":"LEADING FLAG - Home Appliance Manufacturing","description":"Home Appliance Manufacturing","publisher":{"@id":"https:\/\/www.leadingflagind.com\/#organization"},"potentialAction":[{"@type":"SearchAction","target":{"@type":"EntryPoint","urlTemplate":"https:\/\/www.leadingflagind.com\/?s={search_term_string}"},"query-input":{"@type":"PropertyValueSpecification","valueRequired":true,"valueName":"search_term_string"}}],"inLanguage":"fr-FR"},{"@type":"Organization","@id":"https:\/\/www.leadingflagind.com\/#organization","name":"LEADING FLAG INDUSTRIAL & TRADING LIMITED","url":"https:\/\/www.leadingflagind.com\/","logo":{"@type":"ImageObject","inLanguage":"fr-FR","@id":"https:\/\/www.leadingflagind.com\/#\/schema\/logo\/image\/","url":"https:\/\/www.leadingflagind.com\/wp-content\/uploads\/2025\/11\/LOGO-leading-Flag.svg","contentUrl":"https:\/\/www.leadingflagind.com\/wp-content\/uploads\/2025\/11\/LOGO-leading-Flag.svg","width":436,"height":76,"caption":"LEADING FLAG INDUSTRIAL & TRADING LIMITED"},"image":{"@id":"https:\/\/www.leadingflagind.com\/#\/schema\/logo\/image\/"}}]}},"_links":{"self":[{"href":"https:\/\/www.leadingflagind.com\/fr\/wp-json\/wp\/v2\/product\/8954","targetHints":{"allow":["GET"]}}],"collection":[{"href":"https:\/\/www.leadingflagind.com\/fr\/wp-json\/wp\/v2\/product"}],"about":[{"href":"https:\/\/www.leadingflagind.com\/fr\/wp-json\/wp\/v2\/types\/product"}],"wp:featuredmedia":[{"embeddable":true,"href":"https:\/\/www.leadingflagind.com\/fr\/wp-json\/wp\/v2\/media\/8688"}],"wp:attachment":[{"href":"https:\/\/www.leadingflagind.com\/fr\/wp-json\/wp\/v2\/media?parent=8954"}],"wp:term":[{"taxonomy":"product_brand","embeddable":true,"href":"https:\/\/www.leadingflagind.com\/fr\/wp-json\/wp\/v2\/product_brand?post=8954"},{"taxonomy":"product_cat","embeddable":true,"href":"https:\/\/www.leadingflagind.com\/fr\/wp-json\/wp\/v2\/product_cat?post=8954"},{"taxonomy":"product_tag","embeddable":true,"href":"https:\/\/www.leadingflagind.com\/fr\/wp-json\/wp\/v2\/product_tag?post=8954"}],"curies":[{"name":"wp","href":"https:\/\/api.w.org\/{rel}","templated":true}]}}