{"id":8953,"date":"2025-11-11T10:47:31","date_gmt":"2025-11-11T10:47:31","guid":{"rendered":"https:\/\/www.leadingflagind.com\/product\/bult-in-tf15bueaaa-fg-power-office-freeze\/"},"modified":"2025-11-12T09:53:54","modified_gmt":"2025-11-12T09:53:54","slug":"congelateur-de-bureau-encastrable-tf15bueaaa-fg-power","status":"publish","type":"product","link":"https:\/\/www.leadingflagind.com\/fr\/product\/congelateur-de-bureau-encastrable-tf15bueaaa-fg-power\/","title":{"rendered":"Cong\u00e9lateur de bureau encastrable TF15BUEAAA \u2013 FG Power"},"content":{"rendered":"","protected":false},"excerpt":{"rendered":"<article class=\"text-token-text-primary w-full focus:outline-none [--shadow-height:45px] has-data-writing-block:pointer-events-none has-data-writing-block:-mt-(--shadow-height) has-data-writing-block:pt-(--shadow-height) [&amp;:has([data-writing-block])&gt;*]:pointer-events-auto [content-visibility:auto] supports-[content-visibility:auto]:[contain-intrinsic-size:auto_100lvh] scroll-mt-[calc(var(--header-height)+min(200px,max(70px,20svh)))]\" dir=\"auto\" tabindex=\"-1\" data-turn-id=\"request-WEB:5e739f11-fe99-4650-bb7a-1073c15a82e7-30\" data-testid=\"conversation-turn-62\" data-scroll-anchor=\"true\" data-turn=\"assistant\">\n<div class=\"text-base my-auto mx-auto pb-10 [--thread-content-margin:--spacing(4)] thread-sm:[--thread-content-margin:--spacing(6)] thread-lg:[--thread-content-margin:--spacing(16)] px-(--thread-content-margin)\">\n<div class=\"[--thread-content-max-width:40rem] thread-lg:[--thread-content-max-width:48rem] mx-auto max-w-(--thread-content-max-width) flex-1 group\/turn-messages focus-visible:outline-hidden relative flex w-full min-w-0 flex-col agent-turn\" tabindex=\"-1\">\n<div class=\"flex max-w-full flex-col grow\">\n<div class=\"min-h-8 text-message relative flex w-full flex-col items-end gap-2 text-start break-words whitespace-normal [.text-message+&amp;]:mt-1\" dir=\"auto\" data-message-author-role=\"assistant\" data-message-id=\"2964b5af-0b16-4797-bcbc-7437bd7585f9\" data-message-model-slug=\"gpt-5-mini\">\n<div class=\"flex w-full flex-col gap-1 empty:hidden first:pt-[1px]\">\n<div class=\"markdown prose dark:prose-invert w-full break-words light markdown-new-styling\">\n<ul>\n<li data-start=\"67\" data-end=\"494\"><strong data-start=\"67\" data-end=\"79\">Marque :<\/strong> FG POWER<\/li>\n<li data-start=\"67\" data-end=\"494\"><strong data-start=\"91\" data-end=\"113\" data-is-only-node=\"\">Volume net total :<\/strong> 95 litres<\/li>\n<li data-start=\"67\" data-end=\"494\"><strong data-start=\"126\" data-end=\"159\">Volume net du r\u00e9frig\u00e9rateur :<\/strong> 0 litre<\/li>\n<li data-start=\"67\" data-end=\"494\"><strong data-start=\"170\" data-end=\"188\">Zone fra\u00eeche :<\/strong> 0 litre<\/li>\n<li data-start=\"67\" data-end=\"494\"><strong data-start=\"199\" data-end=\"230\">Volume net du cong\u00e9lateur :<\/strong> 95 litres<\/li>\n<li data-start=\"67\" data-end=\"494\"><strong data-start=\"243\" data-end=\"275\">Syst\u00e8me de refroidissement :<\/strong> Constant<\/li>\n<li data-start=\"67\" data-end=\"494\"><strong data-start=\"287\" data-end=\"312\">Syst\u00e8me de contr\u00f4le :<\/strong> \u00c9lectronique<\/li>\n<li data-start=\"67\" data-end=\"494\"><strong data-start=\"328\" data-end=\"344\">Dimensions :<\/strong> 596 \u00d7 550 \u00d7 820\/880 mm<\/li>\n<li data-start=\"67\" data-end=\"494\"><strong data-start=\"370\" data-end=\"397\">Dimensions encastr\u00e9es :<\/strong> 640 \u00d7 600 \u00d7 880 mm<\/li>\n<li data-start=\"67\" data-end=\"494\"><strong data-start=\"419\" data-end=\"483\">Quantit\u00e9 de chargement (conteneur 40 pieds haute capacit\u00e9) :<\/strong> 224 unit\u00e9s<\/li>\n<\/ul>\n<\/div>\n<\/div>\n<\/div>\n<\/div>\n<\/div>\n<\/div>\n<\/article>\n<p>&nbsp;<\/p>\n<p style=\"text-align: left;\"><a href=\"https:\/\/www.fgpower.ly\/wp-content\/uploads\/2024\/12\/4577-\u0641\u0631\u064a\u0632-\u0645\u0643\u062a\u0628-\u0628\u0644\u062a-\u0627\u0646.pdf\" target=\"_blank\" rel=\"noopener\"><img decoding=\"async\" class=\"wp-image-43762 alignleft\" src=\"https:\/\/almoassis.ly\/wp-content\/uploads\/2024\/12\/PDF_file_icon.svg_-244x300.png\" alt=\"\" width=\"53\" height=\"65\" data-wp-editing=\"1\" \/><\/a><a href=\"https:\/\/www.fgpower.ly\/wp-content\/uploads\/2024\/12\/4577-\u0641\u0631\u064a\u0632-\u0645\u0643\u062a\u0628-\u0628\u0644\u062a-\u0627\u0646.pdf\" target=\"_blank\" rel=\"noopener\">T\u00e9l\u00e9charger PDF\u00a0<\/a><\/p>\n","protected":false},"featured_media":8689,"template":"","meta":[],"product_brand":[],"product_cat":[171,170],"product_tag":[],"class_list":{"0":"post-8953","1":"product","2":"type-product","3":"status-publish","4":"has-post-thumbnail","6":"product_cat-refrigerateurs","7":"product_cat-refrigerateurs-encastrables","9":"first","10":"instock","11":"shipping-taxable","12":"product-type-simple"},"yoast_head":"<!-- This site is optimized with the Yoast SEO plugin v26.6 - https:\/\/yoast.com\/wordpress\/plugins\/seo\/ -->\n<title>Cong\u00e9lateur de bureau encastrable TF15BUEAAA \u2013 FG Power - LEADING FLAG<\/title>\n<meta name=\"description\" content=\"Marque : FG POWER  Volume net total : 95 litres  Volume net du r\u00e9frig\u00e9rateur : 0 litre  Zone fra\u00eeche : 0 litre  Volume net du cong\u00e9lateur : 95 litres  Syst\u00e8me de refroidissement : Constant  Syst\u00e8me de contr\u00f4le : \u00c9lectronique  Dimensions : 596 \u00d7 550 \u00d7 820\/880 mm  Dimensions encastr\u00e9es : 640 \u00d7 600 \u00d7 880 mm  Quantit\u00e9 de chargement (conteneur 40 pieds haute capacit\u00e9) : 224 unit\u00e9s        &nbsp; T\u00e9l\u00e9charger PDF\u00a0\" \/>\n<meta name=\"robots\" content=\"index, follow, max-snippet:-1, max-image-preview:large, max-video-preview:-1\" \/>\n<link rel=\"canonical\" href=\"https:\/\/www.leadingflagind.com\/fr\/product\/congelateur-de-bureau-encastrable-tf15bueaaa-fg-power\/\" \/>\n<meta property=\"og:locale\" content=\"fr_FR\" \/>\n<meta property=\"og:type\" content=\"article\" \/>\n<meta property=\"og:title\" content=\"Cong\u00e9lateur de bureau encastrable TF15BUEAAA \u2013 FG Power - LEADING FLAG\" \/>\n<meta property=\"og:description\" content=\"Marque : FG POWER  Volume net total : 95 litres  Volume net du r\u00e9frig\u00e9rateur : 0 litre  Zone fra\u00eeche : 0 litre  Volume net du cong\u00e9lateur : 95 litres  Syst\u00e8me de refroidissement : Constant  Syst\u00e8me de contr\u00f4le : \u00c9lectronique  Dimensions : 596 \u00d7 550 \u00d7 820\/880 mm  Dimensions encastr\u00e9es : 640 \u00d7 600 \u00d7 880 mm  Quantit\u00e9 de chargement (conteneur 40 pieds haute capacit\u00e9) : 224 unit\u00e9s        &nbsp; T\u00e9l\u00e9charger PDF\u00a0\" \/>\n<meta property=\"og:url\" content=\"https:\/\/www.leadingflagind.com\/fr\/product\/congelateur-de-bureau-encastrable-tf15bueaaa-fg-power\/\" \/>\n<meta property=\"og:site_name\" content=\"LEADING FLAG\" \/>\n<meta property=\"article:modified_time\" content=\"2025-11-12T09:53:54+00:00\" \/>\n<meta property=\"og:image\" content=\"https:\/\/www.leadingflagind.com\/wp-content\/uploads\/2025\/11\/56.jpg\" \/>\n\t<meta property=\"og:image:width\" content=\"800\" \/>\n\t<meta property=\"og:image:height\" content=\"800\" \/>\n\t<meta property=\"og:image:type\" content=\"image\/jpeg\" \/>\n<meta name=\"twitter:card\" content=\"summary_large_image\" \/>\n<script type=\"application\/ld+json\" class=\"yoast-schema-graph\">{\"@context\":\"https:\/\/schema.org\",\"@graph\":[{\"@type\":\"WebPage\",\"@id\":\"https:\/\/www.leadingflagind.com\/fr\/product\/congelateur-de-bureau-encastrable-tf15bueaaa-fg-power\/\",\"url\":\"https:\/\/www.leadingflagind.com\/fr\/product\/congelateur-de-bureau-encastrable-tf15bueaaa-fg-power\/\",\"name\":\"Cong\u00e9lateur de bureau encastrable TF15BUEAAA \u2013 FG Power - LEADING FLAG\",\"isPartOf\":{\"@id\":\"https:\/\/www.leadingflagind.com\/#website\"},\"primaryImageOfPage\":{\"@id\":\"https:\/\/www.leadingflagind.com\/fr\/product\/congelateur-de-bureau-encastrable-tf15bueaaa-fg-power\/#primaryimage\"},\"image\":{\"@id\":\"https:\/\/www.leadingflagind.com\/fr\/product\/congelateur-de-bureau-encastrable-tf15bueaaa-fg-power\/#primaryimage\"},\"thumbnailUrl\":\"https:\/\/www.leadingflagind.com\/wp-content\/uploads\/2025\/11\/56.jpg\",\"datePublished\":\"2025-11-11T10:47:31+00:00\",\"dateModified\":\"2025-11-12T09:53:54+00:00\",\"description\":\"Marque : FG POWER Volume net total : 95 litres Volume net du r\u00e9frig\u00e9rateur : 0 litre Zone fra\u00eeche : 0 litre Volume net du cong\u00e9lateur : 95 litres Syst\u00e8me de refroidissement : Constant Syst\u00e8me de contr\u00f4le : \u00c9lectronique Dimensions : 596 \u00d7 550 \u00d7 820\/880 mm Dimensions encastr\u00e9es : 640 \u00d7 600 \u00d7 880 mm Quantit\u00e9 de chargement (conteneur 40 pieds haute capacit\u00e9) : 224 unit\u00e9s &nbsp; T\u00e9l\u00e9charger PDF\u00a0\",\"breadcrumb\":{\"@id\":\"https:\/\/www.leadingflagind.com\/fr\/product\/congelateur-de-bureau-encastrable-tf15bueaaa-fg-power\/#breadcrumb\"},\"inLanguage\":\"fr-FR\",\"potentialAction\":[{\"@type\":\"ReadAction\",\"target\":[\"https:\/\/www.leadingflagind.com\/fr\/product\/congelateur-de-bureau-encastrable-tf15bueaaa-fg-power\/\"]}]},{\"@type\":\"ImageObject\",\"inLanguage\":\"fr-FR\",\"@id\":\"https:\/\/www.leadingflagind.com\/fr\/product\/congelateur-de-bureau-encastrable-tf15bueaaa-fg-power\/#primaryimage\",\"url\":\"https:\/\/www.leadingflagind.com\/wp-content\/uploads\/2025\/11\/56.jpg\",\"contentUrl\":\"https:\/\/www.leadingflagind.com\/wp-content\/uploads\/2025\/11\/56.jpg\",\"width\":800,\"height\":800},{\"@type\":\"BreadcrumbList\",\"@id\":\"https:\/\/www.leadingflagind.com\/fr\/product\/congelateur-de-bureau-encastrable-tf15bueaaa-fg-power\/#breadcrumb\",\"itemListElement\":[{\"@type\":\"ListItem\",\"position\":1,\"name\":\"Home\",\"item\":\"https:\/\/www.leadingflagind.com\/fr\/\"},{\"@type\":\"ListItem\",\"position\":2,\"name\":\"Products\",\"item\":\"https:\/\/www.leadingflagind.com\/shop\/\"},{\"@type\":\"ListItem\",\"position\":3,\"name\":\"Cong\u00e9lateur de bureau encastrable TF15BUEAAA \u2013 FG Power\"}]},{\"@type\":\"WebSite\",\"@id\":\"https:\/\/www.leadingflagind.com\/#website\",\"url\":\"https:\/\/www.leadingflagind.com\/\",\"name\":\"LEADING FLAG - Home Appliance Manufacturing\",\"description\":\"Home Appliance Manufacturing\",\"publisher\":{\"@id\":\"https:\/\/www.leadingflagind.com\/#organization\"},\"potentialAction\":[{\"@type\":\"SearchAction\",\"target\":{\"@type\":\"EntryPoint\",\"urlTemplate\":\"https:\/\/www.leadingflagind.com\/?s={search_term_string}\"},\"query-input\":{\"@type\":\"PropertyValueSpecification\",\"valueRequired\":true,\"valueName\":\"search_term_string\"}}],\"inLanguage\":\"fr-FR\"},{\"@type\":\"Organization\",\"@id\":\"https:\/\/www.leadingflagind.com\/#organization\",\"name\":\"LEADING FLAG INDUSTRIAL & TRADING LIMITED\",\"url\":\"https:\/\/www.leadingflagind.com\/\",\"logo\":{\"@type\":\"ImageObject\",\"inLanguage\":\"fr-FR\",\"@id\":\"https:\/\/www.leadingflagind.com\/#\/schema\/logo\/image\/\",\"url\":\"https:\/\/www.leadingflagind.com\/wp-content\/uploads\/2025\/11\/LOGO-leading-Flag.svg\",\"contentUrl\":\"https:\/\/www.leadingflagind.com\/wp-content\/uploads\/2025\/11\/LOGO-leading-Flag.svg\",\"width\":436,\"height\":76,\"caption\":\"LEADING FLAG INDUSTRIAL & TRADING LIMITED\"},\"image\":{\"@id\":\"https:\/\/www.leadingflagind.com\/#\/schema\/logo\/image\/\"}}]}<\/script>\n<!-- \/ Yoast SEO plugin. -->","yoast_head_json":{"title":"Cong\u00e9lateur de bureau encastrable TF15BUEAAA \u2013 FG Power - LEADING FLAG","description":"Marque : FG POWER  Volume net total : 95 litres  Volume net du r\u00e9frig\u00e9rateur : 0 litre  Zone fra\u00eeche : 0 litre  Volume net du cong\u00e9lateur : 95 litres  Syst\u00e8me de refroidissement : Constant  Syst\u00e8me de contr\u00f4le : \u00c9lectronique  Dimensions : 596 \u00d7 550 \u00d7 820\/880 mm  Dimensions encastr\u00e9es : 640 \u00d7 600 \u00d7 880 mm  Quantit\u00e9 de chargement (conteneur 40 pieds haute capacit\u00e9) : 224 unit\u00e9s        &nbsp; T\u00e9l\u00e9charger PDF\u00a0","robots":{"index":"index","follow":"follow","max-snippet":"max-snippet:-1","max-image-preview":"max-image-preview:large","max-video-preview":"max-video-preview:-1"},"canonical":"https:\/\/www.leadingflagind.com\/fr\/product\/congelateur-de-bureau-encastrable-tf15bueaaa-fg-power\/","og_locale":"fr_FR","og_type":"article","og_title":"Cong\u00e9lateur de bureau encastrable TF15BUEAAA \u2013 FG Power - LEADING FLAG","og_description":"Marque : FG POWER  Volume net total : 95 litres  Volume net du r\u00e9frig\u00e9rateur : 0 litre  Zone fra\u00eeche : 0 litre  Volume net du cong\u00e9lateur : 95 litres  Syst\u00e8me de refroidissement : Constant  Syst\u00e8me de contr\u00f4le : \u00c9lectronique  Dimensions : 596 \u00d7 550 \u00d7 820\/880 mm  Dimensions encastr\u00e9es : 640 \u00d7 600 \u00d7 880 mm  Quantit\u00e9 de chargement (conteneur 40 pieds haute capacit\u00e9) : 224 unit\u00e9s        &nbsp; T\u00e9l\u00e9charger PDF\u00a0","og_url":"https:\/\/www.leadingflagind.com\/fr\/product\/congelateur-de-bureau-encastrable-tf15bueaaa-fg-power\/","og_site_name":"LEADING FLAG","article_modified_time":"2025-11-12T09:53:54+00:00","og_image":[{"width":800,"height":800,"url":"https:\/\/www.leadingflagind.com\/wp-content\/uploads\/2025\/11\/56.jpg","type":"image\/jpeg"}],"twitter_card":"summary_large_image","schema":{"@context":"https:\/\/schema.org","@graph":[{"@type":"WebPage","@id":"https:\/\/www.leadingflagind.com\/fr\/product\/congelateur-de-bureau-encastrable-tf15bueaaa-fg-power\/","url":"https:\/\/www.leadingflagind.com\/fr\/product\/congelateur-de-bureau-encastrable-tf15bueaaa-fg-power\/","name":"Cong\u00e9lateur de bureau encastrable TF15BUEAAA \u2013 FG Power - LEADING FLAG","isPartOf":{"@id":"https:\/\/www.leadingflagind.com\/#website"},"primaryImageOfPage":{"@id":"https:\/\/www.leadingflagind.com\/fr\/product\/congelateur-de-bureau-encastrable-tf15bueaaa-fg-power\/#primaryimage"},"image":{"@id":"https:\/\/www.leadingflagind.com\/fr\/product\/congelateur-de-bureau-encastrable-tf15bueaaa-fg-power\/#primaryimage"},"thumbnailUrl":"https:\/\/www.leadingflagind.com\/wp-content\/uploads\/2025\/11\/56.jpg","datePublished":"2025-11-11T10:47:31+00:00","dateModified":"2025-11-12T09:53:54+00:00","description":"Marque : FG POWER Volume net total : 95 litres Volume net du r\u00e9frig\u00e9rateur : 0 litre Zone fra\u00eeche : 0 litre Volume net du cong\u00e9lateur : 95 litres Syst\u00e8me de refroidissement : Constant Syst\u00e8me de contr\u00f4le : \u00c9lectronique Dimensions : 596 \u00d7 550 \u00d7 820\/880 mm Dimensions encastr\u00e9es : 640 \u00d7 600 \u00d7 880 mm Quantit\u00e9 de chargement (conteneur 40 pieds haute capacit\u00e9) : 224 unit\u00e9s &nbsp; T\u00e9l\u00e9charger PDF\u00a0","breadcrumb":{"@id":"https:\/\/www.leadingflagind.com\/fr\/product\/congelateur-de-bureau-encastrable-tf15bueaaa-fg-power\/#breadcrumb"},"inLanguage":"fr-FR","potentialAction":[{"@type":"ReadAction","target":["https:\/\/www.leadingflagind.com\/fr\/product\/congelateur-de-bureau-encastrable-tf15bueaaa-fg-power\/"]}]},{"@type":"ImageObject","inLanguage":"fr-FR","@id":"https:\/\/www.leadingflagind.com\/fr\/product\/congelateur-de-bureau-encastrable-tf15bueaaa-fg-power\/#primaryimage","url":"https:\/\/www.leadingflagind.com\/wp-content\/uploads\/2025\/11\/56.jpg","contentUrl":"https:\/\/www.leadingflagind.com\/wp-content\/uploads\/2025\/11\/56.jpg","width":800,"height":800},{"@type":"BreadcrumbList","@id":"https:\/\/www.leadingflagind.com\/fr\/product\/congelateur-de-bureau-encastrable-tf15bueaaa-fg-power\/#breadcrumb","itemListElement":[{"@type":"ListItem","position":1,"name":"Home","item":"https:\/\/www.leadingflagind.com\/fr\/"},{"@type":"ListItem","position":2,"name":"Products","item":"https:\/\/www.leadingflagind.com\/shop\/"},{"@type":"ListItem","position":3,"name":"Cong\u00e9lateur de bureau encastrable TF15BUEAAA \u2013 FG Power"}]},{"@type":"WebSite","@id":"https:\/\/www.leadingflagind.com\/#website","url":"https:\/\/www.leadingflagind.com\/","name":"LEADING FLAG - Home Appliance Manufacturing","description":"Home Appliance Manufacturing","publisher":{"@id":"https:\/\/www.leadingflagind.com\/#organization"},"potentialAction":[{"@type":"SearchAction","target":{"@type":"EntryPoint","urlTemplate":"https:\/\/www.leadingflagind.com\/?s={search_term_string}"},"query-input":{"@type":"PropertyValueSpecification","valueRequired":true,"valueName":"search_term_string"}}],"inLanguage":"fr-FR"},{"@type":"Organization","@id":"https:\/\/www.leadingflagind.com\/#organization","name":"LEADING FLAG INDUSTRIAL & TRADING LIMITED","url":"https:\/\/www.leadingflagind.com\/","logo":{"@type":"ImageObject","inLanguage":"fr-FR","@id":"https:\/\/www.leadingflagind.com\/#\/schema\/logo\/image\/","url":"https:\/\/www.leadingflagind.com\/wp-content\/uploads\/2025\/11\/LOGO-leading-Flag.svg","contentUrl":"https:\/\/www.leadingflagind.com\/wp-content\/uploads\/2025\/11\/LOGO-leading-Flag.svg","width":436,"height":76,"caption":"LEADING FLAG INDUSTRIAL & TRADING LIMITED"},"image":{"@id":"https:\/\/www.leadingflagind.com\/#\/schema\/logo\/image\/"}}]}},"_links":{"self":[{"href":"https:\/\/www.leadingflagind.com\/fr\/wp-json\/wp\/v2\/product\/8953","targetHints":{"allow":["GET"]}}],"collection":[{"href":"https:\/\/www.leadingflagind.com\/fr\/wp-json\/wp\/v2\/product"}],"about":[{"href":"https:\/\/www.leadingflagind.com\/fr\/wp-json\/wp\/v2\/types\/product"}],"wp:featuredmedia":[{"embeddable":true,"href":"https:\/\/www.leadingflagind.com\/fr\/wp-json\/wp\/v2\/media\/8689"}],"wp:attachment":[{"href":"https:\/\/www.leadingflagind.com\/fr\/wp-json\/wp\/v2\/media?parent=8953"}],"wp:term":[{"taxonomy":"product_brand","embeddable":true,"href":"https:\/\/www.leadingflagind.com\/fr\/wp-json\/wp\/v2\/product_brand?post=8953"},{"taxonomy":"product_cat","embeddable":true,"href":"https:\/\/www.leadingflagind.com\/fr\/wp-json\/wp\/v2\/product_cat?post=8953"},{"taxonomy":"product_tag","embeddable":true,"href":"https:\/\/www.leadingflagind.com\/fr\/wp-json\/wp\/v2\/product_tag?post=8953"}],"curies":[{"name":"wp","href":"https:\/\/api.w.org\/{rel}","templated":true}]}}