{"id":8936,"date":"2025-11-11T10:47:45","date_gmt":"2025-11-11T10:47:45","guid":{"rendered":"https:\/\/www.leadingflagind.com\/product\/gas4-stainless-steel-fireheads-60cm-gu01460sc_fg-power\/"},"modified":"2025-11-12T09:47:32","modified_gmt":"2025-11-12T09:47:32","slug":"gaz-4-foyers-en-acier-inoxydable-60-cm-gu01460sc-fg-power","status":"publish","type":"product","link":"https:\/\/www.leadingflagind.com\/fr\/product\/gaz-4-foyers-en-acier-inoxydable-60-cm-gu01460sc-fg-power\/","title":{"rendered":"gaz 4 foyers en acier inoxydable 60 cm GU01460SC \u2013 FG Power"},"content":{"rendered":"","protected":false},"excerpt":{"rendered":"<article class=\"text-token-text-primary w-full focus:outline-none [--shadow-height:45px] has-data-writing-block:pointer-events-none has-data-writing-block:-mt-(--shadow-height) has-data-writing-block:pt-(--shadow-height) [&amp;:has([data-writing-block])&gt;*]:pointer-events-auto [content-visibility:auto] supports-[content-visibility:auto]:[contain-intrinsic-size:auto_100lvh] scroll-mt-[calc(var(--header-height)+min(200px,max(70px,20svh)))]\" dir=\"auto\" tabindex=\"-1\" data-turn-id=\"request-WEB:5e739f11-fe99-4650-bb7a-1073c15a82e7-24\" data-testid=\"conversation-turn-50\" data-scroll-anchor=\"true\" data-turn=\"assistant\">\n<div class=\"text-base my-auto mx-auto pb-10 [--thread-content-margin:--spacing(4)] thread-sm:[--thread-content-margin:--spacing(6)] thread-lg:[--thread-content-margin:--spacing(16)] px-(--thread-content-margin)\">\n<div class=\"[--thread-content-max-width:40rem] thread-lg:[--thread-content-max-width:48rem] mx-auto max-w-(--thread-content-max-width) flex-1 group\/turn-messages focus-visible:outline-hidden relative flex w-full min-w-0 flex-col agent-turn\" tabindex=\"-1\">\n<div class=\"flex max-w-full flex-col grow\">\n<div class=\"min-h-8 text-message relative flex w-full flex-col items-end gap-2 text-start break-words whitespace-normal [.text-message+&amp;]:mt-1\" dir=\"auto\" data-message-author-role=\"assistant\" data-message-id=\"407a6c20-60b7-4da1-8752-d01d1af2f194\" data-message-model-slug=\"gpt-5-mini\">\n<div class=\"flex w-full flex-col gap-1 empty:hidden first:pt-[1px]\">\n<div class=\"markdown prose dark:prose-invert w-full break-words light markdown-new-styling\">\n<ul data-start=\"58\" data-end=\"428\" data-is-last-node=\"\" data-is-only-node=\"\">\n<li data-start=\"58\" data-end=\"76\">\n<p data-start=\"60\" data-end=\"76\">Design \u00e9l\u00e9gant<\/p>\n<\/li>\n<li data-start=\"77\" data-end=\"101\">\n<p data-start=\"79\" data-end=\"101\">Allumage automatique<\/p>\n<\/li>\n<li data-start=\"102\" data-end=\"138\">\n<p data-start=\"104\" data-end=\"138\">Commande frontale avec petit feu<\/p>\n<\/li>\n<li data-start=\"139\" data-end=\"200\">\n<p data-start=\"141\" data-end=\"200\">Contr\u00f4le de pression inf\u00e9rieur pour \u00e9viter les mouvements<\/p>\n<\/li>\n<li data-start=\"201\" data-end=\"240\">\n<p data-start=\"203\" data-end=\"240\">Br\u00fbleur wok pour une cuisson rapide<\/p>\n<\/li>\n<li data-start=\"241\" data-end=\"289\">\n<p data-start=\"243\" data-end=\"289\">Surface en verre noir r\u00e9sistant \u00e0 la chaleur<\/p>\n<\/li>\n<li data-start=\"290\" data-end=\"339\">\n<p data-start=\"292\" data-end=\"339\">Plaque de cuisson SABAF italienne authentique<\/p>\n<\/li>\n<li data-start=\"340\" data-end=\"371\">\n<p data-start=\"342\" data-end=\"371\">Support de cuisson en fonte<\/p>\n<\/li>\n<li data-start=\"372\" data-end=\"400\">\n<p data-start=\"374\" data-end=\"400\">Plus de 30 000 allumages<\/p>\n<\/li>\n<li data-start=\"401\" data-end=\"428\" data-is-last-node=\"\">\n<p data-start=\"403\" data-end=\"428\" data-is-last-node=\"\">Puissance totale : 8,5 kW<\/p>\n<\/li>\n<\/ul>\n<\/div>\n<\/div>\n<\/div>\n<\/div>\n<div class=\"z-0 flex min-h-[46px] justify-start\"><\/div>\n<div class=\"mt-3 w-full empty:hidden\">\n<div class=\"text-center\"><\/div>\n<\/div>\n<\/div>\n<\/div>\n<\/article>\n<div class=\"pointer-events-none h-px w-px\" aria-hidden=\"true\" data-edge=\"true\"><\/div>\n","protected":false},"featured_media":8606,"template":"","meta":[],"product_brand":[],"product_cat":[190,191],"product_tag":[],"class_list":{"0":"post-8936","1":"product","2":"type-product","3":"status-publish","4":"has-post-thumbnail","6":"product_cat-appareils-a-gaz","7":"product_cat-gaz-integre","9":"first","10":"instock","11":"shipping-taxable","12":"product-type-simple"},"yoast_head":"<!-- This site is optimized with the Yoast SEO plugin v26.6 - https:\/\/yoast.com\/wordpress\/plugins\/seo\/ -->\n<title>gaz 4 foyers en acier inoxydable 60 cm GU01460SC \u2013 FG Power - LEADING FLAG<\/title>\n<meta name=\"description\" content=\"Design \u00e9l\u00e9gant    Allumage automatique    Commande frontale avec petit feu    Contr\u00f4le de pression inf\u00e9rieur pour \u00e9viter les mouvements    Br\u00fbleur wok pour une cuisson rapide    Surface en verre noir r\u00e9sistant \u00e0 la chaleur    Plaque de cuisson SABAF italienne authentique    Support de cuisson en fonte    Plus de 30 000 allumages    Puissance totale : 8,5 kW\" \/>\n<meta name=\"robots\" content=\"index, follow, max-snippet:-1, max-image-preview:large, max-video-preview:-1\" \/>\n<link rel=\"canonical\" href=\"https:\/\/www.leadingflagind.com\/fr\/product\/gaz-4-foyers-en-acier-inoxydable-60-cm-gu01460sc-fg-power\/\" \/>\n<meta property=\"og:locale\" content=\"fr_FR\" \/>\n<meta property=\"og:type\" content=\"article\" \/>\n<meta property=\"og:title\" content=\"gaz 4 foyers en acier inoxydable 60 cm GU01460SC \u2013 FG Power - LEADING FLAG\" \/>\n<meta property=\"og:description\" content=\"Design \u00e9l\u00e9gant    Allumage automatique    Commande frontale avec petit feu    Contr\u00f4le de pression inf\u00e9rieur pour \u00e9viter les mouvements    Br\u00fbleur wok pour une cuisson rapide    Surface en verre noir r\u00e9sistant \u00e0 la chaleur    Plaque de cuisson SABAF italienne authentique    Support de cuisson en fonte    Plus de 30 000 allumages    Puissance totale : 8,5 kW\" \/>\n<meta property=\"og:url\" content=\"https:\/\/www.leadingflagind.com\/fr\/product\/gaz-4-foyers-en-acier-inoxydable-60-cm-gu01460sc-fg-power\/\" \/>\n<meta property=\"og:site_name\" content=\"LEADING FLAG\" \/>\n<meta property=\"article:modified_time\" content=\"2025-11-12T09:47:32+00:00\" \/>\n<meta property=\"og:image\" content=\"https:\/\/www.leadingflagind.com\/wp-content\/uploads\/2025\/11\/36.jpg\" \/>\n\t<meta property=\"og:image:width\" content=\"800\" \/>\n\t<meta property=\"og:image:height\" content=\"800\" \/>\n\t<meta property=\"og:image:type\" content=\"image\/jpeg\" \/>\n<meta name=\"twitter:card\" content=\"summary_large_image\" \/>\n<script type=\"application\/ld+json\" class=\"yoast-schema-graph\">{\"@context\":\"https:\/\/schema.org\",\"@graph\":[{\"@type\":\"WebPage\",\"@id\":\"https:\/\/www.leadingflagind.com\/fr\/product\/gaz-4-foyers-en-acier-inoxydable-60-cm-gu01460sc-fg-power\/\",\"url\":\"https:\/\/www.leadingflagind.com\/fr\/product\/gaz-4-foyers-en-acier-inoxydable-60-cm-gu01460sc-fg-power\/\",\"name\":\"gaz 4 foyers en acier inoxydable 60 cm GU01460SC \u2013 FG Power - LEADING FLAG\",\"isPartOf\":{\"@id\":\"https:\/\/www.leadingflagind.com\/#website\"},\"primaryImageOfPage\":{\"@id\":\"https:\/\/www.leadingflagind.com\/fr\/product\/gaz-4-foyers-en-acier-inoxydable-60-cm-gu01460sc-fg-power\/#primaryimage\"},\"image\":{\"@id\":\"https:\/\/www.leadingflagind.com\/fr\/product\/gaz-4-foyers-en-acier-inoxydable-60-cm-gu01460sc-fg-power\/#primaryimage\"},\"thumbnailUrl\":\"https:\/\/www.leadingflagind.com\/wp-content\/uploads\/2025\/11\/36.jpg\",\"datePublished\":\"2025-11-11T10:47:45+00:00\",\"dateModified\":\"2025-11-12T09:47:32+00:00\",\"description\":\"Design \u00e9l\u00e9gant Allumage automatique Commande frontale avec petit feu Contr\u00f4le de pression inf\u00e9rieur pour \u00e9viter les mouvements Br\u00fbleur wok pour une cuisson rapide Surface en verre noir r\u00e9sistant \u00e0 la chaleur Plaque de cuisson SABAF italienne authentique Support de cuisson en fonte Plus de 30 000 allumages Puissance totale : 8,5 kW\",\"breadcrumb\":{\"@id\":\"https:\/\/www.leadingflagind.com\/fr\/product\/gaz-4-foyers-en-acier-inoxydable-60-cm-gu01460sc-fg-power\/#breadcrumb\"},\"inLanguage\":\"fr-FR\",\"potentialAction\":[{\"@type\":\"ReadAction\",\"target\":[\"https:\/\/www.leadingflagind.com\/fr\/product\/gaz-4-foyers-en-acier-inoxydable-60-cm-gu01460sc-fg-power\/\"]}]},{\"@type\":\"ImageObject\",\"inLanguage\":\"fr-FR\",\"@id\":\"https:\/\/www.leadingflagind.com\/fr\/product\/gaz-4-foyers-en-acier-inoxydable-60-cm-gu01460sc-fg-power\/#primaryimage\",\"url\":\"https:\/\/www.leadingflagind.com\/wp-content\/uploads\/2025\/11\/36.jpg\",\"contentUrl\":\"https:\/\/www.leadingflagind.com\/wp-content\/uploads\/2025\/11\/36.jpg\",\"width\":800,\"height\":800},{\"@type\":\"BreadcrumbList\",\"@id\":\"https:\/\/www.leadingflagind.com\/fr\/product\/gaz-4-foyers-en-acier-inoxydable-60-cm-gu01460sc-fg-power\/#breadcrumb\",\"itemListElement\":[{\"@type\":\"ListItem\",\"position\":1,\"name\":\"Home\",\"item\":\"https:\/\/www.leadingflagind.com\/fr\/\"},{\"@type\":\"ListItem\",\"position\":2,\"name\":\"Products\",\"item\":\"https:\/\/www.leadingflagind.com\/shop\/\"},{\"@type\":\"ListItem\",\"position\":3,\"name\":\"gaz 4 foyers en acier inoxydable 60 cm GU01460SC \u2013 FG Power\"}]},{\"@type\":\"WebSite\",\"@id\":\"https:\/\/www.leadingflagind.com\/#website\",\"url\":\"https:\/\/www.leadingflagind.com\/\",\"name\":\"LEADING FLAG - Home Appliance Manufacturing\",\"description\":\"Home Appliance Manufacturing\",\"publisher\":{\"@id\":\"https:\/\/www.leadingflagind.com\/#organization\"},\"potentialAction\":[{\"@type\":\"SearchAction\",\"target\":{\"@type\":\"EntryPoint\",\"urlTemplate\":\"https:\/\/www.leadingflagind.com\/?s={search_term_string}\"},\"query-input\":{\"@type\":\"PropertyValueSpecification\",\"valueRequired\":true,\"valueName\":\"search_term_string\"}}],\"inLanguage\":\"fr-FR\"},{\"@type\":\"Organization\",\"@id\":\"https:\/\/www.leadingflagind.com\/#organization\",\"name\":\"LEADING FLAG INDUSTRIAL & TRADING LIMITED\",\"url\":\"https:\/\/www.leadingflagind.com\/\",\"logo\":{\"@type\":\"ImageObject\",\"inLanguage\":\"fr-FR\",\"@id\":\"https:\/\/www.leadingflagind.com\/#\/schema\/logo\/image\/\",\"url\":\"https:\/\/www.leadingflagind.com\/wp-content\/uploads\/2025\/11\/LOGO-leading-Flag.svg\",\"contentUrl\":\"https:\/\/www.leadingflagind.com\/wp-content\/uploads\/2025\/11\/LOGO-leading-Flag.svg\",\"width\":436,\"height\":76,\"caption\":\"LEADING FLAG INDUSTRIAL & TRADING LIMITED\"},\"image\":{\"@id\":\"https:\/\/www.leadingflagind.com\/#\/schema\/logo\/image\/\"}}]}<\/script>\n<!-- \/ Yoast SEO plugin. -->","yoast_head_json":{"title":"gaz 4 foyers en acier inoxydable 60 cm GU01460SC \u2013 FG Power - LEADING FLAG","description":"Design \u00e9l\u00e9gant    Allumage automatique    Commande frontale avec petit feu    Contr\u00f4le de pression inf\u00e9rieur pour \u00e9viter les mouvements    Br\u00fbleur wok pour une cuisson rapide    Surface en verre noir r\u00e9sistant \u00e0 la chaleur    Plaque de cuisson SABAF italienne authentique    Support de cuisson en fonte    Plus de 30 000 allumages    Puissance totale : 8,5 kW","robots":{"index":"index","follow":"follow","max-snippet":"max-snippet:-1","max-image-preview":"max-image-preview:large","max-video-preview":"max-video-preview:-1"},"canonical":"https:\/\/www.leadingflagind.com\/fr\/product\/gaz-4-foyers-en-acier-inoxydable-60-cm-gu01460sc-fg-power\/","og_locale":"fr_FR","og_type":"article","og_title":"gaz 4 foyers en acier inoxydable 60 cm GU01460SC \u2013 FG Power - LEADING FLAG","og_description":"Design \u00e9l\u00e9gant    Allumage automatique    Commande frontale avec petit feu    Contr\u00f4le de pression inf\u00e9rieur pour \u00e9viter les mouvements    Br\u00fbleur wok pour une cuisson rapide    Surface en verre noir r\u00e9sistant \u00e0 la chaleur    Plaque de cuisson SABAF italienne authentique    Support de cuisson en fonte    Plus de 30 000 allumages    Puissance totale : 8,5 kW","og_url":"https:\/\/www.leadingflagind.com\/fr\/product\/gaz-4-foyers-en-acier-inoxydable-60-cm-gu01460sc-fg-power\/","og_site_name":"LEADING FLAG","article_modified_time":"2025-11-12T09:47:32+00:00","og_image":[{"width":800,"height":800,"url":"https:\/\/www.leadingflagind.com\/wp-content\/uploads\/2025\/11\/36.jpg","type":"image\/jpeg"}],"twitter_card":"summary_large_image","schema":{"@context":"https:\/\/schema.org","@graph":[{"@type":"WebPage","@id":"https:\/\/www.leadingflagind.com\/fr\/product\/gaz-4-foyers-en-acier-inoxydable-60-cm-gu01460sc-fg-power\/","url":"https:\/\/www.leadingflagind.com\/fr\/product\/gaz-4-foyers-en-acier-inoxydable-60-cm-gu01460sc-fg-power\/","name":"gaz 4 foyers en acier inoxydable 60 cm GU01460SC \u2013 FG Power - LEADING FLAG","isPartOf":{"@id":"https:\/\/www.leadingflagind.com\/#website"},"primaryImageOfPage":{"@id":"https:\/\/www.leadingflagind.com\/fr\/product\/gaz-4-foyers-en-acier-inoxydable-60-cm-gu01460sc-fg-power\/#primaryimage"},"image":{"@id":"https:\/\/www.leadingflagind.com\/fr\/product\/gaz-4-foyers-en-acier-inoxydable-60-cm-gu01460sc-fg-power\/#primaryimage"},"thumbnailUrl":"https:\/\/www.leadingflagind.com\/wp-content\/uploads\/2025\/11\/36.jpg","datePublished":"2025-11-11T10:47:45+00:00","dateModified":"2025-11-12T09:47:32+00:00","description":"Design \u00e9l\u00e9gant Allumage automatique Commande frontale avec petit feu Contr\u00f4le de pression inf\u00e9rieur pour \u00e9viter les mouvements Br\u00fbleur wok pour une cuisson rapide Surface en verre noir r\u00e9sistant \u00e0 la chaleur Plaque de cuisson SABAF italienne authentique Support de cuisson en fonte Plus de 30 000 allumages Puissance totale : 8,5 kW","breadcrumb":{"@id":"https:\/\/www.leadingflagind.com\/fr\/product\/gaz-4-foyers-en-acier-inoxydable-60-cm-gu01460sc-fg-power\/#breadcrumb"},"inLanguage":"fr-FR","potentialAction":[{"@type":"ReadAction","target":["https:\/\/www.leadingflagind.com\/fr\/product\/gaz-4-foyers-en-acier-inoxydable-60-cm-gu01460sc-fg-power\/"]}]},{"@type":"ImageObject","inLanguage":"fr-FR","@id":"https:\/\/www.leadingflagind.com\/fr\/product\/gaz-4-foyers-en-acier-inoxydable-60-cm-gu01460sc-fg-power\/#primaryimage","url":"https:\/\/www.leadingflagind.com\/wp-content\/uploads\/2025\/11\/36.jpg","contentUrl":"https:\/\/www.leadingflagind.com\/wp-content\/uploads\/2025\/11\/36.jpg","width":800,"height":800},{"@type":"BreadcrumbList","@id":"https:\/\/www.leadingflagind.com\/fr\/product\/gaz-4-foyers-en-acier-inoxydable-60-cm-gu01460sc-fg-power\/#breadcrumb","itemListElement":[{"@type":"ListItem","position":1,"name":"Home","item":"https:\/\/www.leadingflagind.com\/fr\/"},{"@type":"ListItem","position":2,"name":"Products","item":"https:\/\/www.leadingflagind.com\/shop\/"},{"@type":"ListItem","position":3,"name":"gaz 4 foyers en acier inoxydable 60 cm GU01460SC \u2013 FG Power"}]},{"@type":"WebSite","@id":"https:\/\/www.leadingflagind.com\/#website","url":"https:\/\/www.leadingflagind.com\/","name":"LEADING FLAG - Home Appliance Manufacturing","description":"Home Appliance Manufacturing","publisher":{"@id":"https:\/\/www.leadingflagind.com\/#organization"},"potentialAction":[{"@type":"SearchAction","target":{"@type":"EntryPoint","urlTemplate":"https:\/\/www.leadingflagind.com\/?s={search_term_string}"},"query-input":{"@type":"PropertyValueSpecification","valueRequired":true,"valueName":"search_term_string"}}],"inLanguage":"fr-FR"},{"@type":"Organization","@id":"https:\/\/www.leadingflagind.com\/#organization","name":"LEADING FLAG INDUSTRIAL & TRADING LIMITED","url":"https:\/\/www.leadingflagind.com\/","logo":{"@type":"ImageObject","inLanguage":"fr-FR","@id":"https:\/\/www.leadingflagind.com\/#\/schema\/logo\/image\/","url":"https:\/\/www.leadingflagind.com\/wp-content\/uploads\/2025\/11\/LOGO-leading-Flag.svg","contentUrl":"https:\/\/www.leadingflagind.com\/wp-content\/uploads\/2025\/11\/LOGO-leading-Flag.svg","width":436,"height":76,"caption":"LEADING FLAG INDUSTRIAL & TRADING LIMITED"},"image":{"@id":"https:\/\/www.leadingflagind.com\/#\/schema\/logo\/image\/"}}]}},"_links":{"self":[{"href":"https:\/\/www.leadingflagind.com\/fr\/wp-json\/wp\/v2\/product\/8936","targetHints":{"allow":["GET"]}}],"collection":[{"href":"https:\/\/www.leadingflagind.com\/fr\/wp-json\/wp\/v2\/product"}],"about":[{"href":"https:\/\/www.leadingflagind.com\/fr\/wp-json\/wp\/v2\/types\/product"}],"wp:featuredmedia":[{"embeddable":true,"href":"https:\/\/www.leadingflagind.com\/fr\/wp-json\/wp\/v2\/media\/8606"}],"wp:attachment":[{"href":"https:\/\/www.leadingflagind.com\/fr\/wp-json\/wp\/v2\/media?parent=8936"}],"wp:term":[{"taxonomy":"product_brand","embeddable":true,"href":"https:\/\/www.leadingflagind.com\/fr\/wp-json\/wp\/v2\/product_brand?post=8936"},{"taxonomy":"product_cat","embeddable":true,"href":"https:\/\/www.leadingflagind.com\/fr\/wp-json\/wp\/v2\/product_cat?post=8936"},{"taxonomy":"product_tag","embeddable":true,"href":"https:\/\/www.leadingflagind.com\/fr\/wp-json\/wp\/v2\/product_tag?post=8936"}],"curies":[{"name":"wp","href":"https:\/\/api.w.org\/{rel}","templated":true}]}}