{"id":8923,"date":"2025-11-11T10:47:34","date_gmt":"2025-11-11T10:47:34","guid":{"rendered":"https:\/\/www.leadingflagind.com\/product\/built-in-bi-fg-power-256-beverage-refrigerator-we3\/"},"modified":"2025-11-12T09:46:13","modified_gmt":"2025-11-12T09:46:13","slug":"refrigerateur-a-boissons-encastrable-bi-fg-power-256-we3","status":"publish","type":"product","link":"https:\/\/www.leadingflagind.com\/fr\/product\/refrigerateur-a-boissons-encastrable-bi-fg-power-256-we3\/","title":{"rendered":"R\u00e9frig\u00e9rateur \u00e0 boissons encastrable BI FG POWER 256 \u2013 WE3"},"content":{"rendered":"","protected":false},"excerpt":{"rendered":"<ul style=\"text-align: justifey; color: black;\">\n<li><strong data-start=\"67\" data-end=\"79\">Marque :<\/strong> FG POWER<\/li>\n<li><strong data-start=\"91\" data-end=\"109\" data-is-only-node=\"\">Volume total :<\/strong> 259 litres<\/li>\n<li><strong data-start=\"123\" data-end=\"145\">Zones thermiques :<\/strong> 3<\/li>\n<li><strong data-start=\"150\" data-end=\"176\">Plage de temp\u00e9rature :<\/strong> 5\u00b0C &#8211; 20\u00b0C<\/li>\n<li><strong data-start=\"190\" data-end=\"206\">Dimensions :<\/strong> 556 \u00d7 540 \u00d7 1776 mm<\/li>\n<li><strong data-start=\"229\" data-end=\"293\">Quantit\u00e9 de chargement (conteneur 40 pieds haute capacit\u00e9) :<\/strong> 105 unit\u00e9s<\/li>\n<\/ul>\n<p style=\"text-align: left;\"><a href=\"https:\/\/www.fgpower.ly\/wp-content\/uploads\/2024\/12\/4578-\u062b\u0644\u0627\u062c\u0629-\u0645\u0634\u0631\u0648\u0628\u0627\u062a-\u0628\u0644\u062a-\u0627\u0646.pdf\">T\u00e9l\u00e9charger pdf <\/a><a href=\"https:\/\/www.fgpower.ly\/wp-content\/uploads\/2024\/12\/4578-\u062b\u0644\u0627\u062c\u0629-\u0645\u0634\u0631\u0648\u0628\u0627\u062a-\u0628\u0644\u062a-\u0627\u0646.pdf\"><img decoding=\"async\" class=\"wp-image-43762 alignleft\" src=\"https:\/\/almoassis.ly\/wp-content\/uploads\/2024\/12\/PDF_file_icon.svg_-244x300.png\" alt=\"\" width=\"53\" height=\"65\" \/><\/a><\/p>\n","protected":false},"featured_media":8692,"template":"","meta":[],"product_brand":[],"product_cat":[171,170],"product_tag":[],"class_list":{"0":"post-8923","1":"product","2":"type-product","3":"status-publish","4":"has-post-thumbnail","6":"product_cat-refrigerateurs","7":"product_cat-refrigerateurs-encastrables","9":"first","10":"instock","11":"shipping-taxable","12":"product-type-simple"},"yoast_head":"<!-- This site is optimized with the Yoast SEO plugin v26.6 - https:\/\/yoast.com\/wordpress\/plugins\/seo\/ -->\n<title>R\u00e9frig\u00e9rateur \u00e0 boissons encastrable BI FG POWER 256 \u2013 WE3 - LEADING FLAG<\/title>\n<meta name=\"description\" content=\"Marque : FG POWER  Volume total : 259 litres  Zones thermiques : 3  Plage de temp\u00e9rature : 5\u00b0C - 20\u00b0C  Dimensions : 556 \u00d7 540 \u00d7 1776 mm  Quantit\u00e9 de chargement (conteneur 40 pieds haute capacit\u00e9) : 105 unit\u00e9s  T\u00e9l\u00e9charger pdf\" \/>\n<meta name=\"robots\" content=\"index, follow, max-snippet:-1, max-image-preview:large, max-video-preview:-1\" \/>\n<link rel=\"canonical\" href=\"https:\/\/www.leadingflagind.com\/fr\/product\/refrigerateur-a-boissons-encastrable-bi-fg-power-256-we3\/\" \/>\n<meta property=\"og:locale\" content=\"fr_FR\" \/>\n<meta property=\"og:type\" content=\"article\" \/>\n<meta property=\"og:title\" content=\"R\u00e9frig\u00e9rateur \u00e0 boissons encastrable BI FG POWER 256 \u2013 WE3 - LEADING FLAG\" \/>\n<meta property=\"og:description\" content=\"Marque : FG POWER  Volume total : 259 litres  Zones thermiques : 3  Plage de temp\u00e9rature : 5\u00b0C - 20\u00b0C  Dimensions : 556 \u00d7 540 \u00d7 1776 mm  Quantit\u00e9 de chargement (conteneur 40 pieds haute capacit\u00e9) : 105 unit\u00e9s  T\u00e9l\u00e9charger pdf\" \/>\n<meta property=\"og:url\" content=\"https:\/\/www.leadingflagind.com\/fr\/product\/refrigerateur-a-boissons-encastrable-bi-fg-power-256-we3\/\" \/>\n<meta property=\"og:site_name\" content=\"LEADING FLAG\" \/>\n<meta property=\"article:modified_time\" content=\"2025-11-12T09:46:13+00:00\" \/>\n<meta property=\"og:image\" content=\"https:\/\/www.leadingflagind.com\/wp-content\/uploads\/2025\/11\/55.jpg\" \/>\n\t<meta property=\"og:image:width\" content=\"800\" \/>\n\t<meta property=\"og:image:height\" content=\"800\" \/>\n\t<meta property=\"og:image:type\" content=\"image\/jpeg\" \/>\n<meta name=\"twitter:card\" content=\"summary_large_image\" \/>\n<script type=\"application\/ld+json\" class=\"yoast-schema-graph\">{\"@context\":\"https:\/\/schema.org\",\"@graph\":[{\"@type\":\"WebPage\",\"@id\":\"https:\/\/www.leadingflagind.com\/fr\/product\/refrigerateur-a-boissons-encastrable-bi-fg-power-256-we3\/\",\"url\":\"https:\/\/www.leadingflagind.com\/fr\/product\/refrigerateur-a-boissons-encastrable-bi-fg-power-256-we3\/\",\"name\":\"R\u00e9frig\u00e9rateur \u00e0 boissons encastrable BI FG POWER 256 \u2013 WE3 - LEADING FLAG\",\"isPartOf\":{\"@id\":\"https:\/\/www.leadingflagind.com\/#website\"},\"primaryImageOfPage\":{\"@id\":\"https:\/\/www.leadingflagind.com\/fr\/product\/refrigerateur-a-boissons-encastrable-bi-fg-power-256-we3\/#primaryimage\"},\"image\":{\"@id\":\"https:\/\/www.leadingflagind.com\/fr\/product\/refrigerateur-a-boissons-encastrable-bi-fg-power-256-we3\/#primaryimage\"},\"thumbnailUrl\":\"https:\/\/www.leadingflagind.com\/wp-content\/uploads\/2025\/11\/55.jpg\",\"datePublished\":\"2025-11-11T10:47:34+00:00\",\"dateModified\":\"2025-11-12T09:46:13+00:00\",\"description\":\"Marque : FG POWER Volume total : 259 litres Zones thermiques : 3 Plage de temp\u00e9rature : 5\u00b0C - 20\u00b0C Dimensions : 556 \u00d7 540 \u00d7 1776 mm Quantit\u00e9 de chargement (conteneur 40 pieds haute capacit\u00e9) : 105 unit\u00e9s T\u00e9l\u00e9charger pdf\",\"breadcrumb\":{\"@id\":\"https:\/\/www.leadingflagind.com\/fr\/product\/refrigerateur-a-boissons-encastrable-bi-fg-power-256-we3\/#breadcrumb\"},\"inLanguage\":\"fr-FR\",\"potentialAction\":[{\"@type\":\"ReadAction\",\"target\":[\"https:\/\/www.leadingflagind.com\/fr\/product\/refrigerateur-a-boissons-encastrable-bi-fg-power-256-we3\/\"]}]},{\"@type\":\"ImageObject\",\"inLanguage\":\"fr-FR\",\"@id\":\"https:\/\/www.leadingflagind.com\/fr\/product\/refrigerateur-a-boissons-encastrable-bi-fg-power-256-we3\/#primaryimage\",\"url\":\"https:\/\/www.leadingflagind.com\/wp-content\/uploads\/2025\/11\/55.jpg\",\"contentUrl\":\"https:\/\/www.leadingflagind.com\/wp-content\/uploads\/2025\/11\/55.jpg\",\"width\":800,\"height\":800},{\"@type\":\"BreadcrumbList\",\"@id\":\"https:\/\/www.leadingflagind.com\/fr\/product\/refrigerateur-a-boissons-encastrable-bi-fg-power-256-we3\/#breadcrumb\",\"itemListElement\":[{\"@type\":\"ListItem\",\"position\":1,\"name\":\"Home\",\"item\":\"https:\/\/www.leadingflagind.com\/fr\/\"},{\"@type\":\"ListItem\",\"position\":2,\"name\":\"Products\",\"item\":\"https:\/\/www.leadingflagind.com\/shop\/\"},{\"@type\":\"ListItem\",\"position\":3,\"name\":\"R\u00e9frig\u00e9rateur \u00e0 boissons encastrable BI FG POWER 256 \u2013 WE3\"}]},{\"@type\":\"WebSite\",\"@id\":\"https:\/\/www.leadingflagind.com\/#website\",\"url\":\"https:\/\/www.leadingflagind.com\/\",\"name\":\"LEADING FLAG - Home Appliance Manufacturing\",\"description\":\"Home Appliance Manufacturing\",\"publisher\":{\"@id\":\"https:\/\/www.leadingflagind.com\/#organization\"},\"potentialAction\":[{\"@type\":\"SearchAction\",\"target\":{\"@type\":\"EntryPoint\",\"urlTemplate\":\"https:\/\/www.leadingflagind.com\/?s={search_term_string}\"},\"query-input\":{\"@type\":\"PropertyValueSpecification\",\"valueRequired\":true,\"valueName\":\"search_term_string\"}}],\"inLanguage\":\"fr-FR\"},{\"@type\":\"Organization\",\"@id\":\"https:\/\/www.leadingflagind.com\/#organization\",\"name\":\"LEADING FLAG INDUSTRIAL & TRADING LIMITED\",\"url\":\"https:\/\/www.leadingflagind.com\/\",\"logo\":{\"@type\":\"ImageObject\",\"inLanguage\":\"fr-FR\",\"@id\":\"https:\/\/www.leadingflagind.com\/#\/schema\/logo\/image\/\",\"url\":\"https:\/\/www.leadingflagind.com\/wp-content\/uploads\/2025\/11\/LOGO-leading-Flag.svg\",\"contentUrl\":\"https:\/\/www.leadingflagind.com\/wp-content\/uploads\/2025\/11\/LOGO-leading-Flag.svg\",\"width\":436,\"height\":76,\"caption\":\"LEADING FLAG INDUSTRIAL & TRADING LIMITED\"},\"image\":{\"@id\":\"https:\/\/www.leadingflagind.com\/#\/schema\/logo\/image\/\"}}]}<\/script>\n<!-- \/ Yoast SEO plugin. -->","yoast_head_json":{"title":"R\u00e9frig\u00e9rateur \u00e0 boissons encastrable BI FG POWER 256 \u2013 WE3 - LEADING FLAG","description":"Marque : FG POWER  Volume total : 259 litres  Zones thermiques : 3  Plage de temp\u00e9rature : 5\u00b0C - 20\u00b0C  Dimensions : 556 \u00d7 540 \u00d7 1776 mm  Quantit\u00e9 de chargement (conteneur 40 pieds haute capacit\u00e9) : 105 unit\u00e9s  T\u00e9l\u00e9charger pdf","robots":{"index":"index","follow":"follow","max-snippet":"max-snippet:-1","max-image-preview":"max-image-preview:large","max-video-preview":"max-video-preview:-1"},"canonical":"https:\/\/www.leadingflagind.com\/fr\/product\/refrigerateur-a-boissons-encastrable-bi-fg-power-256-we3\/","og_locale":"fr_FR","og_type":"article","og_title":"R\u00e9frig\u00e9rateur \u00e0 boissons encastrable BI FG POWER 256 \u2013 WE3 - LEADING FLAG","og_description":"Marque : FG POWER  Volume total : 259 litres  Zones thermiques : 3  Plage de temp\u00e9rature : 5\u00b0C - 20\u00b0C  Dimensions : 556 \u00d7 540 \u00d7 1776 mm  Quantit\u00e9 de chargement (conteneur 40 pieds haute capacit\u00e9) : 105 unit\u00e9s  T\u00e9l\u00e9charger pdf","og_url":"https:\/\/www.leadingflagind.com\/fr\/product\/refrigerateur-a-boissons-encastrable-bi-fg-power-256-we3\/","og_site_name":"LEADING FLAG","article_modified_time":"2025-11-12T09:46:13+00:00","og_image":[{"width":800,"height":800,"url":"https:\/\/www.leadingflagind.com\/wp-content\/uploads\/2025\/11\/55.jpg","type":"image\/jpeg"}],"twitter_card":"summary_large_image","schema":{"@context":"https:\/\/schema.org","@graph":[{"@type":"WebPage","@id":"https:\/\/www.leadingflagind.com\/fr\/product\/refrigerateur-a-boissons-encastrable-bi-fg-power-256-we3\/","url":"https:\/\/www.leadingflagind.com\/fr\/product\/refrigerateur-a-boissons-encastrable-bi-fg-power-256-we3\/","name":"R\u00e9frig\u00e9rateur \u00e0 boissons encastrable BI FG POWER 256 \u2013 WE3 - LEADING FLAG","isPartOf":{"@id":"https:\/\/www.leadingflagind.com\/#website"},"primaryImageOfPage":{"@id":"https:\/\/www.leadingflagind.com\/fr\/product\/refrigerateur-a-boissons-encastrable-bi-fg-power-256-we3\/#primaryimage"},"image":{"@id":"https:\/\/www.leadingflagind.com\/fr\/product\/refrigerateur-a-boissons-encastrable-bi-fg-power-256-we3\/#primaryimage"},"thumbnailUrl":"https:\/\/www.leadingflagind.com\/wp-content\/uploads\/2025\/11\/55.jpg","datePublished":"2025-11-11T10:47:34+00:00","dateModified":"2025-11-12T09:46:13+00:00","description":"Marque : FG POWER Volume total : 259 litres Zones thermiques : 3 Plage de temp\u00e9rature : 5\u00b0C - 20\u00b0C Dimensions : 556 \u00d7 540 \u00d7 1776 mm Quantit\u00e9 de chargement (conteneur 40 pieds haute capacit\u00e9) : 105 unit\u00e9s T\u00e9l\u00e9charger pdf","breadcrumb":{"@id":"https:\/\/www.leadingflagind.com\/fr\/product\/refrigerateur-a-boissons-encastrable-bi-fg-power-256-we3\/#breadcrumb"},"inLanguage":"fr-FR","potentialAction":[{"@type":"ReadAction","target":["https:\/\/www.leadingflagind.com\/fr\/product\/refrigerateur-a-boissons-encastrable-bi-fg-power-256-we3\/"]}]},{"@type":"ImageObject","inLanguage":"fr-FR","@id":"https:\/\/www.leadingflagind.com\/fr\/product\/refrigerateur-a-boissons-encastrable-bi-fg-power-256-we3\/#primaryimage","url":"https:\/\/www.leadingflagind.com\/wp-content\/uploads\/2025\/11\/55.jpg","contentUrl":"https:\/\/www.leadingflagind.com\/wp-content\/uploads\/2025\/11\/55.jpg","width":800,"height":800},{"@type":"BreadcrumbList","@id":"https:\/\/www.leadingflagind.com\/fr\/product\/refrigerateur-a-boissons-encastrable-bi-fg-power-256-we3\/#breadcrumb","itemListElement":[{"@type":"ListItem","position":1,"name":"Home","item":"https:\/\/www.leadingflagind.com\/fr\/"},{"@type":"ListItem","position":2,"name":"Products","item":"https:\/\/www.leadingflagind.com\/shop\/"},{"@type":"ListItem","position":3,"name":"R\u00e9frig\u00e9rateur \u00e0 boissons encastrable BI FG POWER 256 \u2013 WE3"}]},{"@type":"WebSite","@id":"https:\/\/www.leadingflagind.com\/#website","url":"https:\/\/www.leadingflagind.com\/","name":"LEADING FLAG - Home Appliance Manufacturing","description":"Home Appliance Manufacturing","publisher":{"@id":"https:\/\/www.leadingflagind.com\/#organization"},"potentialAction":[{"@type":"SearchAction","target":{"@type":"EntryPoint","urlTemplate":"https:\/\/www.leadingflagind.com\/?s={search_term_string}"},"query-input":{"@type":"PropertyValueSpecification","valueRequired":true,"valueName":"search_term_string"}}],"inLanguage":"fr-FR"},{"@type":"Organization","@id":"https:\/\/www.leadingflagind.com\/#organization","name":"LEADING FLAG INDUSTRIAL & TRADING LIMITED","url":"https:\/\/www.leadingflagind.com\/","logo":{"@type":"ImageObject","inLanguage":"fr-FR","@id":"https:\/\/www.leadingflagind.com\/#\/schema\/logo\/image\/","url":"https:\/\/www.leadingflagind.com\/wp-content\/uploads\/2025\/11\/LOGO-leading-Flag.svg","contentUrl":"https:\/\/www.leadingflagind.com\/wp-content\/uploads\/2025\/11\/LOGO-leading-Flag.svg","width":436,"height":76,"caption":"LEADING FLAG INDUSTRIAL & TRADING LIMITED"},"image":{"@id":"https:\/\/www.leadingflagind.com\/#\/schema\/logo\/image\/"}}]}},"_links":{"self":[{"href":"https:\/\/www.leadingflagind.com\/fr\/wp-json\/wp\/v2\/product\/8923","targetHints":{"allow":["GET"]}}],"collection":[{"href":"https:\/\/www.leadingflagind.com\/fr\/wp-json\/wp\/v2\/product"}],"about":[{"href":"https:\/\/www.leadingflagind.com\/fr\/wp-json\/wp\/v2\/types\/product"}],"wp:featuredmedia":[{"embeddable":true,"href":"https:\/\/www.leadingflagind.com\/fr\/wp-json\/wp\/v2\/media\/8692"}],"wp:attachment":[{"href":"https:\/\/www.leadingflagind.com\/fr\/wp-json\/wp\/v2\/media?parent=8923"}],"wp:term":[{"taxonomy":"product_brand","embeddable":true,"href":"https:\/\/www.leadingflagind.com\/fr\/wp-json\/wp\/v2\/product_brand?post=8923"},{"taxonomy":"product_cat","embeddable":true,"href":"https:\/\/www.leadingflagind.com\/fr\/wp-json\/wp\/v2\/product_cat?post=8923"},{"taxonomy":"product_tag","embeddable":true,"href":"https:\/\/www.leadingflagind.com\/fr\/wp-json\/wp\/v2\/product_tag?post=8923"}],"curies":[{"name":"wp","href":"https:\/\/api.w.org\/{rel}","templated":true}]}}