{"id":8918,"date":"2025-11-11T10:47:37","date_gmt":"2025-11-11T10:47:37","guid":{"rendered":"https:\/\/www.leadingflagind.com\/product\/70-30-column-door-refrigerator-trf32binfvhaaa-fg-power\/"},"modified":"2025-11-12T09:40:45","modified_gmt":"2025-11-12T09:40:45","slug":"refrigerateur-a-porte-verticale-70-30-trf32binfvhaaa-fg-power","status":"publish","type":"product","link":"https:\/\/www.leadingflagind.com\/fr\/product\/refrigerateur-a-porte-verticale-70-30-trf32binfvhaaa-fg-power\/","title":{"rendered":"R\u00e9frig\u00e9rateur \u00e0 porte verticale 70\/30 TRF32BINFVHAAA \u2013 FG Power"},"content":{"rendered":"","protected":false},"excerpt":{"rendered":"<ul style=\"text-align: justifey; color: black;\">\n<li>\n<p data-start=\"67\" data-end=\"524\"><strong data-start=\"67\" data-end=\"79\">Marque :<\/strong> FG POWER<\/p>\n<\/li>\n<li>\n<p data-start=\"67\" data-end=\"524\"><strong data-start=\"91\" data-end=\"118\">Capacit\u00e9 nette totale :<\/strong> 237 litres<\/p>\n<\/li>\n<li>\n<p data-start=\"67\" data-end=\"524\"><strong data-start=\"132\" data-end=\"169\" data-is-only-node=\"\">Capacit\u00e9 nette du r\u00e9frig\u00e9rateur :<\/strong> 144 litres (dont Zone fra\u00eeche : 26 litres)<\/p>\n<\/li>\n<li>\n<p data-start=\"67\" data-end=\"524\"><strong data-start=\"215\" data-end=\"250\">Capacit\u00e9 nette du cong\u00e9lateur :<\/strong> 67 litres<\/p>\n<\/li>\n<li>\n<p data-start=\"67\" data-end=\"524\"><strong data-start=\"263\" data-end=\"295\">Syst\u00e8me de refroidissement :<\/strong> Total No Frost<\/p>\n<\/li>\n<li>\n<p data-start=\"67\" data-end=\"524\"><strong data-start=\"313\" data-end=\"338\">Syst\u00e8me de contr\u00f4le :<\/strong> \u00c9lectronique<\/p>\n<\/li>\n<li>\n<p data-start=\"67\" data-end=\"524\"><strong data-start=\"354\" data-end=\"370\">Dimensions :<\/strong> 540 \u00d7 550 \u00d7 1776 mm<\/p>\n<\/li>\n<li>\n<p data-start=\"67\" data-end=\"524\"><strong data-start=\"393\" data-end=\"424\">Dimensions avec emballage :<\/strong> 573 \u00d7 583 \u00d7 1840 mm<\/p>\n<\/li>\n<li>\n<p data-start=\"67\" data-end=\"524\"><strong data-start=\"447\" data-end=\"511\">Quantit\u00e9 de chargement (conteneur 40 pieds haute capacit\u00e9) :<\/strong> 109 unit\u00e9s<\/p>\n<\/li>\n<\/ul>\n<p>&nbsp;<\/p>\n<p style=\"text-align: left;\"><a href=\"https:\/\/www.fgpower.ly\/wp-content\/uploads\/2024\/12\/4567-\u062b\u0644\u0627\u062c\u0629-\u0639\u0645\u0648\u062f\u0649-\u0628\u0627\u0628.pdf\" target=\"_blank\" rel=\"noopener\"><img decoding=\"async\" class=\"wp-image-43762 alignleft\" src=\"https:\/\/almoassis.ly\/wp-content\/uploads\/2024\/12\/PDF_file_icon.svg_-244x300.png\" alt=\"\" width=\"53\" height=\"65\" \/><\/a><a href=\"https:\/\/www.fgpower.ly\/wp-content\/uploads\/2024\/12\/4567-\u062b\u0644\u0627\u062c\u0629-\u0639\u0645\u0648\u062f\u0649-\u0628\u0627\u0628.pdf\" target=\"_blank\" rel=\"noopener\">dow<\/a><\/p>\n<p style=\"text-align: left;\"><a href=\"https:\/\/www.fgpower.ly\/wp-content\/uploads\/2024\/12\/4567-\u062b\u0644\u0627\u062c\u0629-\u0639\u0645\u0648\u062f\u0649-\u0628\u0627\u0628.pdf\" target=\"_blank\" rel=\"noopener\">T\u00e9l\u00e9charger PDF<\/a><\/p>\n","protected":false},"featured_media":8698,"template":"","meta":[],"product_brand":[],"product_cat":[171,170],"product_tag":[],"class_list":{"0":"post-8918","1":"product","2":"type-product","3":"status-publish","4":"has-post-thumbnail","6":"product_cat-refrigerateurs","7":"product_cat-refrigerateurs-encastrables","9":"first","10":"instock","11":"shipping-taxable","12":"product-type-simple"},"yoast_head":"<!-- This site is optimized with the Yoast SEO plugin v26.6 - https:\/\/yoast.com\/wordpress\/plugins\/seo\/ -->\n<title>R\u00e9frig\u00e9rateur \u00e0 porte verticale 70\/30 TRF32BINFVHAAA \u2013 FG Power - LEADING FLAG<\/title>\n<meta name=\"description\" content=\"Marque : FG POWER    Capacit\u00e9 nette totale : 237 litres    Capacit\u00e9 nette du r\u00e9frig\u00e9rateur : 144 litres (dont Zone fra\u00eeche : 26 litres)    Capacit\u00e9 nette du cong\u00e9lateur : 67 litres    Syst\u00e8me de refroidissement : Total No Frost    Syst\u00e8me de contr\u00f4le : \u00c9lectronique    Dimensions : 540 \u00d7 550 \u00d7 1776 mm    Dimensions avec emballage : 573 \u00d7 583 \u00d7 1840 mm    Quantit\u00e9 de chargement (conteneur 40 pieds haute capacit\u00e9) : 109 unit\u00e9s   &nbsp; dow T\u00e9l\u00e9charger PDF\" \/>\n<meta name=\"robots\" content=\"index, follow, max-snippet:-1, max-image-preview:large, max-video-preview:-1\" \/>\n<link rel=\"canonical\" href=\"https:\/\/www.leadingflagind.com\/fr\/product\/refrigerateur-a-porte-verticale-70-30-trf32binfvhaaa-fg-power\/\" \/>\n<meta property=\"og:locale\" content=\"fr_FR\" \/>\n<meta property=\"og:type\" content=\"article\" \/>\n<meta property=\"og:title\" content=\"R\u00e9frig\u00e9rateur \u00e0 porte verticale 70\/30 TRF32BINFVHAAA \u2013 FG Power - LEADING FLAG\" \/>\n<meta property=\"og:description\" content=\"Marque : FG POWER    Capacit\u00e9 nette totale : 237 litres    Capacit\u00e9 nette du r\u00e9frig\u00e9rateur : 144 litres (dont Zone fra\u00eeche : 26 litres)    Capacit\u00e9 nette du cong\u00e9lateur : 67 litres    Syst\u00e8me de refroidissement : Total No Frost    Syst\u00e8me de contr\u00f4le : \u00c9lectronique    Dimensions : 540 \u00d7 550 \u00d7 1776 mm    Dimensions avec emballage : 573 \u00d7 583 \u00d7 1840 mm    Quantit\u00e9 de chargement (conteneur 40 pieds haute capacit\u00e9) : 109 unit\u00e9s   &nbsp; dow T\u00e9l\u00e9charger PDF\" \/>\n<meta property=\"og:url\" content=\"https:\/\/www.leadingflagind.com\/fr\/product\/refrigerateur-a-porte-verticale-70-30-trf32binfvhaaa-fg-power\/\" \/>\n<meta property=\"og:site_name\" content=\"LEADING FLAG\" \/>\n<meta property=\"article:modified_time\" content=\"2025-11-12T09:40:45+00:00\" \/>\n<meta property=\"og:image\" content=\"https:\/\/www.leadingflagind.com\/wp-content\/uploads\/2025\/11\/69.jpg\" \/>\n\t<meta property=\"og:image:width\" content=\"800\" \/>\n\t<meta property=\"og:image:height\" content=\"800\" \/>\n\t<meta property=\"og:image:type\" content=\"image\/jpeg\" \/>\n<meta name=\"twitter:card\" content=\"summary_large_image\" \/>\n<script type=\"application\/ld+json\" class=\"yoast-schema-graph\">{\"@context\":\"https:\/\/schema.org\",\"@graph\":[{\"@type\":\"WebPage\",\"@id\":\"https:\/\/www.leadingflagind.com\/fr\/product\/refrigerateur-a-porte-verticale-70-30-trf32binfvhaaa-fg-power\/\",\"url\":\"https:\/\/www.leadingflagind.com\/fr\/product\/refrigerateur-a-porte-verticale-70-30-trf32binfvhaaa-fg-power\/\",\"name\":\"R\u00e9frig\u00e9rateur \u00e0 porte verticale 70\/30 TRF32BINFVHAAA \u2013 FG Power - LEADING FLAG\",\"isPartOf\":{\"@id\":\"https:\/\/www.leadingflagind.com\/#website\"},\"primaryImageOfPage\":{\"@id\":\"https:\/\/www.leadingflagind.com\/fr\/product\/refrigerateur-a-porte-verticale-70-30-trf32binfvhaaa-fg-power\/#primaryimage\"},\"image\":{\"@id\":\"https:\/\/www.leadingflagind.com\/fr\/product\/refrigerateur-a-porte-verticale-70-30-trf32binfvhaaa-fg-power\/#primaryimage\"},\"thumbnailUrl\":\"https:\/\/www.leadingflagind.com\/wp-content\/uploads\/2025\/11\/69.jpg\",\"datePublished\":\"2025-11-11T10:47:37+00:00\",\"dateModified\":\"2025-11-12T09:40:45+00:00\",\"description\":\"Marque : FG POWER Capacit\u00e9 nette totale : 237 litres Capacit\u00e9 nette du r\u00e9frig\u00e9rateur : 144 litres (dont Zone fra\u00eeche : 26 litres) Capacit\u00e9 nette du cong\u00e9lateur : 67 litres Syst\u00e8me de refroidissement : Total No Frost Syst\u00e8me de contr\u00f4le : \u00c9lectronique Dimensions : 540 \u00d7 550 \u00d7 1776 mm Dimensions avec emballage : 573 \u00d7 583 \u00d7 1840 mm Quantit\u00e9 de chargement (conteneur 40 pieds haute capacit\u00e9) : 109 unit\u00e9s &nbsp; dow T\u00e9l\u00e9charger PDF\",\"breadcrumb\":{\"@id\":\"https:\/\/www.leadingflagind.com\/fr\/product\/refrigerateur-a-porte-verticale-70-30-trf32binfvhaaa-fg-power\/#breadcrumb\"},\"inLanguage\":\"fr-FR\",\"potentialAction\":[{\"@type\":\"ReadAction\",\"target\":[\"https:\/\/www.leadingflagind.com\/fr\/product\/refrigerateur-a-porte-verticale-70-30-trf32binfvhaaa-fg-power\/\"]}]},{\"@type\":\"ImageObject\",\"inLanguage\":\"fr-FR\",\"@id\":\"https:\/\/www.leadingflagind.com\/fr\/product\/refrigerateur-a-porte-verticale-70-30-trf32binfvhaaa-fg-power\/#primaryimage\",\"url\":\"https:\/\/www.leadingflagind.com\/wp-content\/uploads\/2025\/11\/69.jpg\",\"contentUrl\":\"https:\/\/www.leadingflagind.com\/wp-content\/uploads\/2025\/11\/69.jpg\",\"width\":800,\"height\":800},{\"@type\":\"BreadcrumbList\",\"@id\":\"https:\/\/www.leadingflagind.com\/fr\/product\/refrigerateur-a-porte-verticale-70-30-trf32binfvhaaa-fg-power\/#breadcrumb\",\"itemListElement\":[{\"@type\":\"ListItem\",\"position\":1,\"name\":\"Home\",\"item\":\"https:\/\/www.leadingflagind.com\/fr\/\"},{\"@type\":\"ListItem\",\"position\":2,\"name\":\"Products\",\"item\":\"https:\/\/www.leadingflagind.com\/shop\/\"},{\"@type\":\"ListItem\",\"position\":3,\"name\":\"R\u00e9frig\u00e9rateur \u00e0 porte verticale 70\/30 TRF32BINFVHAAA \u2013 FG Power\"}]},{\"@type\":\"WebSite\",\"@id\":\"https:\/\/www.leadingflagind.com\/#website\",\"url\":\"https:\/\/www.leadingflagind.com\/\",\"name\":\"LEADING FLAG - Home Appliance Manufacturing\",\"description\":\"Home Appliance Manufacturing\",\"publisher\":{\"@id\":\"https:\/\/www.leadingflagind.com\/#organization\"},\"potentialAction\":[{\"@type\":\"SearchAction\",\"target\":{\"@type\":\"EntryPoint\",\"urlTemplate\":\"https:\/\/www.leadingflagind.com\/?s={search_term_string}\"},\"query-input\":{\"@type\":\"PropertyValueSpecification\",\"valueRequired\":true,\"valueName\":\"search_term_string\"}}],\"inLanguage\":\"fr-FR\"},{\"@type\":\"Organization\",\"@id\":\"https:\/\/www.leadingflagind.com\/#organization\",\"name\":\"LEADING FLAG INDUSTRIAL & TRADING LIMITED\",\"url\":\"https:\/\/www.leadingflagind.com\/\",\"logo\":{\"@type\":\"ImageObject\",\"inLanguage\":\"fr-FR\",\"@id\":\"https:\/\/www.leadingflagind.com\/#\/schema\/logo\/image\/\",\"url\":\"https:\/\/www.leadingflagind.com\/wp-content\/uploads\/2025\/11\/LOGO-leading-Flag.svg\",\"contentUrl\":\"https:\/\/www.leadingflagind.com\/wp-content\/uploads\/2025\/11\/LOGO-leading-Flag.svg\",\"width\":436,\"height\":76,\"caption\":\"LEADING FLAG INDUSTRIAL & TRADING LIMITED\"},\"image\":{\"@id\":\"https:\/\/www.leadingflagind.com\/#\/schema\/logo\/image\/\"}}]}<\/script>\n<!-- \/ Yoast SEO plugin. -->","yoast_head_json":{"title":"R\u00e9frig\u00e9rateur \u00e0 porte verticale 70\/30 TRF32BINFVHAAA \u2013 FG Power - LEADING FLAG","description":"Marque : FG POWER    Capacit\u00e9 nette totale : 237 litres    Capacit\u00e9 nette du r\u00e9frig\u00e9rateur : 144 litres (dont Zone fra\u00eeche : 26 litres)    Capacit\u00e9 nette du cong\u00e9lateur : 67 litres    Syst\u00e8me de refroidissement : Total No Frost    Syst\u00e8me de contr\u00f4le : \u00c9lectronique    Dimensions : 540 \u00d7 550 \u00d7 1776 mm    Dimensions avec emballage : 573 \u00d7 583 \u00d7 1840 mm    Quantit\u00e9 de chargement (conteneur 40 pieds haute capacit\u00e9) : 109 unit\u00e9s   &nbsp; dow T\u00e9l\u00e9charger PDF","robots":{"index":"index","follow":"follow","max-snippet":"max-snippet:-1","max-image-preview":"max-image-preview:large","max-video-preview":"max-video-preview:-1"},"canonical":"https:\/\/www.leadingflagind.com\/fr\/product\/refrigerateur-a-porte-verticale-70-30-trf32binfvhaaa-fg-power\/","og_locale":"fr_FR","og_type":"article","og_title":"R\u00e9frig\u00e9rateur \u00e0 porte verticale 70\/30 TRF32BINFVHAAA \u2013 FG Power - LEADING FLAG","og_description":"Marque : FG POWER    Capacit\u00e9 nette totale : 237 litres    Capacit\u00e9 nette du r\u00e9frig\u00e9rateur : 144 litres (dont Zone fra\u00eeche : 26 litres)    Capacit\u00e9 nette du cong\u00e9lateur : 67 litres    Syst\u00e8me de refroidissement : Total No Frost    Syst\u00e8me de contr\u00f4le : \u00c9lectronique    Dimensions : 540 \u00d7 550 \u00d7 1776 mm    Dimensions avec emballage : 573 \u00d7 583 \u00d7 1840 mm    Quantit\u00e9 de chargement (conteneur 40 pieds haute capacit\u00e9) : 109 unit\u00e9s   &nbsp; dow T\u00e9l\u00e9charger PDF","og_url":"https:\/\/www.leadingflagind.com\/fr\/product\/refrigerateur-a-porte-verticale-70-30-trf32binfvhaaa-fg-power\/","og_site_name":"LEADING FLAG","article_modified_time":"2025-11-12T09:40:45+00:00","og_image":[{"width":800,"height":800,"url":"https:\/\/www.leadingflagind.com\/wp-content\/uploads\/2025\/11\/69.jpg","type":"image\/jpeg"}],"twitter_card":"summary_large_image","schema":{"@context":"https:\/\/schema.org","@graph":[{"@type":"WebPage","@id":"https:\/\/www.leadingflagind.com\/fr\/product\/refrigerateur-a-porte-verticale-70-30-trf32binfvhaaa-fg-power\/","url":"https:\/\/www.leadingflagind.com\/fr\/product\/refrigerateur-a-porte-verticale-70-30-trf32binfvhaaa-fg-power\/","name":"R\u00e9frig\u00e9rateur \u00e0 porte verticale 70\/30 TRF32BINFVHAAA \u2013 FG Power - LEADING FLAG","isPartOf":{"@id":"https:\/\/www.leadingflagind.com\/#website"},"primaryImageOfPage":{"@id":"https:\/\/www.leadingflagind.com\/fr\/product\/refrigerateur-a-porte-verticale-70-30-trf32binfvhaaa-fg-power\/#primaryimage"},"image":{"@id":"https:\/\/www.leadingflagind.com\/fr\/product\/refrigerateur-a-porte-verticale-70-30-trf32binfvhaaa-fg-power\/#primaryimage"},"thumbnailUrl":"https:\/\/www.leadingflagind.com\/wp-content\/uploads\/2025\/11\/69.jpg","datePublished":"2025-11-11T10:47:37+00:00","dateModified":"2025-11-12T09:40:45+00:00","description":"Marque : FG POWER Capacit\u00e9 nette totale : 237 litres Capacit\u00e9 nette du r\u00e9frig\u00e9rateur : 144 litres (dont Zone fra\u00eeche : 26 litres) Capacit\u00e9 nette du cong\u00e9lateur : 67 litres Syst\u00e8me de refroidissement : Total No Frost Syst\u00e8me de contr\u00f4le : \u00c9lectronique Dimensions : 540 \u00d7 550 \u00d7 1776 mm Dimensions avec emballage : 573 \u00d7 583 \u00d7 1840 mm Quantit\u00e9 de chargement (conteneur 40 pieds haute capacit\u00e9) : 109 unit\u00e9s &nbsp; dow T\u00e9l\u00e9charger PDF","breadcrumb":{"@id":"https:\/\/www.leadingflagind.com\/fr\/product\/refrigerateur-a-porte-verticale-70-30-trf32binfvhaaa-fg-power\/#breadcrumb"},"inLanguage":"fr-FR","potentialAction":[{"@type":"ReadAction","target":["https:\/\/www.leadingflagind.com\/fr\/product\/refrigerateur-a-porte-verticale-70-30-trf32binfvhaaa-fg-power\/"]}]},{"@type":"ImageObject","inLanguage":"fr-FR","@id":"https:\/\/www.leadingflagind.com\/fr\/product\/refrigerateur-a-porte-verticale-70-30-trf32binfvhaaa-fg-power\/#primaryimage","url":"https:\/\/www.leadingflagind.com\/wp-content\/uploads\/2025\/11\/69.jpg","contentUrl":"https:\/\/www.leadingflagind.com\/wp-content\/uploads\/2025\/11\/69.jpg","width":800,"height":800},{"@type":"BreadcrumbList","@id":"https:\/\/www.leadingflagind.com\/fr\/product\/refrigerateur-a-porte-verticale-70-30-trf32binfvhaaa-fg-power\/#breadcrumb","itemListElement":[{"@type":"ListItem","position":1,"name":"Home","item":"https:\/\/www.leadingflagind.com\/fr\/"},{"@type":"ListItem","position":2,"name":"Products","item":"https:\/\/www.leadingflagind.com\/shop\/"},{"@type":"ListItem","position":3,"name":"R\u00e9frig\u00e9rateur \u00e0 porte verticale 70\/30 TRF32BINFVHAAA \u2013 FG Power"}]},{"@type":"WebSite","@id":"https:\/\/www.leadingflagind.com\/#website","url":"https:\/\/www.leadingflagind.com\/","name":"LEADING FLAG - Home Appliance Manufacturing","description":"Home Appliance Manufacturing","publisher":{"@id":"https:\/\/www.leadingflagind.com\/#organization"},"potentialAction":[{"@type":"SearchAction","target":{"@type":"EntryPoint","urlTemplate":"https:\/\/www.leadingflagind.com\/?s={search_term_string}"},"query-input":{"@type":"PropertyValueSpecification","valueRequired":true,"valueName":"search_term_string"}}],"inLanguage":"fr-FR"},{"@type":"Organization","@id":"https:\/\/www.leadingflagind.com\/#organization","name":"LEADING FLAG INDUSTRIAL & TRADING LIMITED","url":"https:\/\/www.leadingflagind.com\/","logo":{"@type":"ImageObject","inLanguage":"fr-FR","@id":"https:\/\/www.leadingflagind.com\/#\/schema\/logo\/image\/","url":"https:\/\/www.leadingflagind.com\/wp-content\/uploads\/2025\/11\/LOGO-leading-Flag.svg","contentUrl":"https:\/\/www.leadingflagind.com\/wp-content\/uploads\/2025\/11\/LOGO-leading-Flag.svg","width":436,"height":76,"caption":"LEADING FLAG INDUSTRIAL & TRADING LIMITED"},"image":{"@id":"https:\/\/www.leadingflagind.com\/#\/schema\/logo\/image\/"}}]}},"_links":{"self":[{"href":"https:\/\/www.leadingflagind.com\/fr\/wp-json\/wp\/v2\/product\/8918","targetHints":{"allow":["GET"]}}],"collection":[{"href":"https:\/\/www.leadingflagind.com\/fr\/wp-json\/wp\/v2\/product"}],"about":[{"href":"https:\/\/www.leadingflagind.com\/fr\/wp-json\/wp\/v2\/types\/product"}],"wp:featuredmedia":[{"embeddable":true,"href":"https:\/\/www.leadingflagind.com\/fr\/wp-json\/wp\/v2\/media\/8698"}],"wp:attachment":[{"href":"https:\/\/www.leadingflagind.com\/fr\/wp-json\/wp\/v2\/media?parent=8918"}],"wp:term":[{"taxonomy":"product_brand","embeddable":true,"href":"https:\/\/www.leadingflagind.com\/fr\/wp-json\/wp\/v2\/product_brand?post=8918"},{"taxonomy":"product_cat","embeddable":true,"href":"https:\/\/www.leadingflagind.com\/fr\/wp-json\/wp\/v2\/product_cat?post=8918"},{"taxonomy":"product_tag","embeddable":true,"href":"https:\/\/www.leadingflagind.com\/fr\/wp-json\/wp\/v2\/product_tag?post=8918"}],"curies":[{"name":"wp","href":"https:\/\/api.w.org\/{rel}","templated":true}]}}