{"id":8887,"date":"2025-11-11T10:47:38","date_gmt":"2025-11-11T10:47:38","guid":{"rendered":"https:\/\/www.leadingflagind.com\/product\/single-door-column-refrigerator-bimeaaa-fg-power-34-tl\/"},"modified":"2025-11-12T09:33:33","modified_gmt":"2025-11-12T09:33:33","slug":"refrigerateur-a-une-porte-vertical-bimeaaa-fg-power-34-tl","status":"publish","type":"product","link":"https:\/\/www.leadingflagind.com\/fr\/product\/refrigerateur-a-une-porte-vertical-bimeaaa-fg-power-34-tl\/","title":{"rendered":"R\u00e9frig\u00e9rateur \u00e0 une porte vertical BIMEAAA \u2013 FG Power \u2013 34 TL"},"content":{"rendered":"","protected":false},"excerpt":{"rendered":"<article class=\"text-token-text-primary w-full focus:outline-none [--shadow-height:45px] has-data-writing-block:pointer-events-none has-data-writing-block:-mt-(--shadow-height) has-data-writing-block:pt-(--shadow-height) [&amp;:has([data-writing-block])&gt;*]:pointer-events-auto [content-visibility:auto] supports-[content-visibility:auto]:[contain-intrinsic-size:auto_100lvh] scroll-mt-[calc(var(--header-height)+min(200px,max(70px,20svh)))]\" dir=\"auto\" tabindex=\"-1\" data-turn-id=\"88985be1-53e7-4ca9-a905-4ff21508aa8f\" data-testid=\"conversation-turn-18\" data-scroll-anchor=\"true\" data-turn=\"assistant\">\n<div class=\"text-base my-auto mx-auto pb-10 [--thread-content-margin:--spacing(4)] thread-sm:[--thread-content-margin:--spacing(6)] thread-lg:[--thread-content-margin:--spacing(16)] px-(--thread-content-margin)\">\n<div class=\"[--thread-content-max-width:40rem] thread-lg:[--thread-content-max-width:48rem] mx-auto max-w-(--thread-content-max-width) flex-1 group\/turn-messages focus-visible:outline-hidden relative flex w-full min-w-0 flex-col agent-turn\" tabindex=\"-1\">\n<div class=\"flex max-w-full flex-col grow\">\n<div class=\"min-h-8 text-message relative flex w-full flex-col items-end gap-2 text-start break-words whitespace-normal [.text-message+&amp;]:mt-1\" dir=\"auto\" data-message-author-role=\"assistant\" data-message-id=\"88ad17ea-6f62-47e0-ac54-ed3af670622b\" data-message-model-slug=\"gpt-5-mini\">\n<div class=\"flex w-full flex-col gap-1 empty:hidden first:pt-[1px]\">\n<div class=\"markdown prose dark:prose-invert w-full break-words light markdown-new-styling\">\n<ul>\n<li data-start=\"0\" data-end=\"404\">Marque : FG POWER<\/li>\n<li data-start=\"0\" data-end=\"404\">Capacit\u00e9 nette totale : 316 litres<\/li>\n<li data-start=\"0\" data-end=\"404\">Capacit\u00e9 nette du r\u00e9frig\u00e9rateur : 316 litres (Zone fra\u00eeche : 0 litre)<\/li>\n<li data-start=\"0\" data-end=\"404\">Capacit\u00e9 nette du cong\u00e9lateur : 0 litre<\/li>\n<li data-start=\"0\" data-end=\"404\">Syst\u00e8me de refroidissement : Statique<\/li>\n<li data-start=\"0\" data-end=\"404\">Syst\u00e8me de contr\u00f4le : \u00c9lectronique<\/li>\n<li data-start=\"0\" data-end=\"404\">Dimensions : 540 \u00d7 540 \u00d7 1776 mm<\/li>\n<li data-start=\"0\" data-end=\"404\">Dimensions avec emballage : 573 \u00d7 573 \u00d7 1840 mm<\/li>\n<li data-start=\"0\" data-end=\"404\">Quantit\u00e9 de chargement (conteneur 40 pieds haute capacit\u00e9) : 109 unit\u00e9s<\/li>\n<\/ul>\n<\/div>\n<\/div>\n<\/div>\n<\/div>\n<div class=\"z-0 flex min-h-[46px] justify-start\"><\/div>\n<div class=\"mt-3 w-full empty:hidden\">\n<div class=\"text-center\"><\/div>\n<\/div>\n<\/div>\n<\/div>\n<\/article>\n<div class=\"pointer-events-none h-px w-px\" aria-hidden=\"true\" data-edge=\"true\"><\/div>\n<p>&nbsp;<\/p>\n<p style=\"text-align: left;\"><a href=\"https:\/\/www.fgpower.ly\/wp-content\/uploads\/2024\/12\/4566-\u062b\u0644\u0627\u062c\u0629-\u0639\u0645\u0648\u062f\u0649-\u0628\u0627\u0628-\u0648\u0627\u062d\u062f.pdf\" target=\"_blank\" rel=\"noopener\"><img decoding=\"async\" class=\"wp-image-43762 alignleft\" src=\"https:\/\/almoassis.ly\/wp-content\/uploads\/2024\/12\/PDF_file_icon.svg_-244x300.png\" alt=\"\" width=\"53\" height=\"65\" \/><\/a>T\u00e9l\u00e9charger <a href=\"https:\/\/www.fgpower.ly\/wp-content\/uploads\/2024\/12\/4566-\u062b\u0644\u0627\u062c\u0629-\u0639\u0645\u0648\u062f\u0649-\u0628\u0627\u0628-\u0648\u0627\u062d\u062f.pdf\" target=\"_blank\" rel=\"noopener\">PDF<\/a><\/p>\n","protected":false},"featured_media":8699,"template":"","meta":[],"product_brand":[],"product_cat":[171,170],"product_tag":[],"class_list":{"0":"post-8887","1":"product","2":"type-product","3":"status-publish","4":"has-post-thumbnail","6":"product_cat-refrigerateurs","7":"product_cat-refrigerateurs-encastrables","9":"first","10":"instock","11":"shipping-taxable","12":"product-type-simple"},"yoast_head":"<!-- This site is optimized with the Yoast SEO plugin v26.6 - https:\/\/yoast.com\/wordpress\/plugins\/seo\/ -->\n<title>R\u00e9frig\u00e9rateur \u00e0 une porte vertical BIMEAAA \u2013 FG Power \u2013 34 TL - LEADING FLAG<\/title>\n<meta name=\"description\" content=\"Marque : FG POWER  Capacit\u00e9 nette totale : 316 litres  Capacit\u00e9 nette du r\u00e9frig\u00e9rateur : 316 litres (Zone fra\u00eeche : 0 litre)  Capacit\u00e9 nette du cong\u00e9lateur : 0 litre  Syst\u00e8me de refroidissement : Statique  Syst\u00e8me de contr\u00f4le : \u00c9lectronique  Dimensions : 540 \u00d7 540 \u00d7 1776 mm  Dimensions avec emballage : 573 \u00d7 573 \u00d7 1840 mm  Quantit\u00e9 de chargement (conteneur 40 pieds haute capacit\u00e9) : 109 unit\u00e9s              &nbsp; T\u00e9l\u00e9charger PDF\" \/>\n<meta name=\"robots\" content=\"index, follow, max-snippet:-1, max-image-preview:large, max-video-preview:-1\" \/>\n<link rel=\"canonical\" href=\"https:\/\/www.leadingflagind.com\/fr\/product\/refrigerateur-a-une-porte-vertical-bimeaaa-fg-power-34-tl\/\" \/>\n<meta property=\"og:locale\" content=\"fr_FR\" \/>\n<meta property=\"og:type\" content=\"article\" \/>\n<meta property=\"og:title\" content=\"R\u00e9frig\u00e9rateur \u00e0 une porte vertical BIMEAAA \u2013 FG Power \u2013 34 TL - LEADING FLAG\" \/>\n<meta property=\"og:description\" content=\"Marque : FG POWER  Capacit\u00e9 nette totale : 316 litres  Capacit\u00e9 nette du r\u00e9frig\u00e9rateur : 316 litres (Zone fra\u00eeche : 0 litre)  Capacit\u00e9 nette du cong\u00e9lateur : 0 litre  Syst\u00e8me de refroidissement : Statique  Syst\u00e8me de contr\u00f4le : \u00c9lectronique  Dimensions : 540 \u00d7 540 \u00d7 1776 mm  Dimensions avec emballage : 573 \u00d7 573 \u00d7 1840 mm  Quantit\u00e9 de chargement (conteneur 40 pieds haute capacit\u00e9) : 109 unit\u00e9s              &nbsp; T\u00e9l\u00e9charger PDF\" \/>\n<meta property=\"og:url\" content=\"https:\/\/www.leadingflagind.com\/fr\/product\/refrigerateur-a-une-porte-vertical-bimeaaa-fg-power-34-tl\/\" \/>\n<meta property=\"og:site_name\" content=\"LEADING FLAG\" \/>\n<meta property=\"article:modified_time\" content=\"2025-11-12T09:33:33+00:00\" \/>\n<meta property=\"og:image\" content=\"https:\/\/www.leadingflagind.com\/wp-content\/uploads\/2025\/11\/46.jpg\" \/>\n\t<meta property=\"og:image:width\" content=\"800\" \/>\n\t<meta property=\"og:image:height\" content=\"800\" \/>\n\t<meta property=\"og:image:type\" content=\"image\/jpeg\" \/>\n<meta name=\"twitter:card\" content=\"summary_large_image\" \/>\n<script type=\"application\/ld+json\" class=\"yoast-schema-graph\">{\"@context\":\"https:\/\/schema.org\",\"@graph\":[{\"@type\":\"WebPage\",\"@id\":\"https:\/\/www.leadingflagind.com\/fr\/product\/refrigerateur-a-une-porte-vertical-bimeaaa-fg-power-34-tl\/\",\"url\":\"https:\/\/www.leadingflagind.com\/fr\/product\/refrigerateur-a-une-porte-vertical-bimeaaa-fg-power-34-tl\/\",\"name\":\"R\u00e9frig\u00e9rateur \u00e0 une porte vertical BIMEAAA \u2013 FG Power \u2013 34 TL - LEADING FLAG\",\"isPartOf\":{\"@id\":\"https:\/\/www.leadingflagind.com\/#website\"},\"primaryImageOfPage\":{\"@id\":\"https:\/\/www.leadingflagind.com\/fr\/product\/refrigerateur-a-une-porte-vertical-bimeaaa-fg-power-34-tl\/#primaryimage\"},\"image\":{\"@id\":\"https:\/\/www.leadingflagind.com\/fr\/product\/refrigerateur-a-une-porte-vertical-bimeaaa-fg-power-34-tl\/#primaryimage\"},\"thumbnailUrl\":\"https:\/\/www.leadingflagind.com\/wp-content\/uploads\/2025\/11\/46.jpg\",\"datePublished\":\"2025-11-11T10:47:38+00:00\",\"dateModified\":\"2025-11-12T09:33:33+00:00\",\"description\":\"Marque : FG POWER Capacit\u00e9 nette totale : 316 litres Capacit\u00e9 nette du r\u00e9frig\u00e9rateur : 316 litres (Zone fra\u00eeche : 0 litre) Capacit\u00e9 nette du cong\u00e9lateur : 0 litre Syst\u00e8me de refroidissement : Statique Syst\u00e8me de contr\u00f4le : \u00c9lectronique Dimensions : 540 \u00d7 540 \u00d7 1776 mm Dimensions avec emballage : 573 \u00d7 573 \u00d7 1840 mm Quantit\u00e9 de chargement (conteneur 40 pieds haute capacit\u00e9) : 109 unit\u00e9s &nbsp; T\u00e9l\u00e9charger PDF\",\"breadcrumb\":{\"@id\":\"https:\/\/www.leadingflagind.com\/fr\/product\/refrigerateur-a-une-porte-vertical-bimeaaa-fg-power-34-tl\/#breadcrumb\"},\"inLanguage\":\"fr-FR\",\"potentialAction\":[{\"@type\":\"ReadAction\",\"target\":[\"https:\/\/www.leadingflagind.com\/fr\/product\/refrigerateur-a-une-porte-vertical-bimeaaa-fg-power-34-tl\/\"]}]},{\"@type\":\"ImageObject\",\"inLanguage\":\"fr-FR\",\"@id\":\"https:\/\/www.leadingflagind.com\/fr\/product\/refrigerateur-a-une-porte-vertical-bimeaaa-fg-power-34-tl\/#primaryimage\",\"url\":\"https:\/\/www.leadingflagind.com\/wp-content\/uploads\/2025\/11\/46.jpg\",\"contentUrl\":\"https:\/\/www.leadingflagind.com\/wp-content\/uploads\/2025\/11\/46.jpg\",\"width\":800,\"height\":800},{\"@type\":\"BreadcrumbList\",\"@id\":\"https:\/\/www.leadingflagind.com\/fr\/product\/refrigerateur-a-une-porte-vertical-bimeaaa-fg-power-34-tl\/#breadcrumb\",\"itemListElement\":[{\"@type\":\"ListItem\",\"position\":1,\"name\":\"Home\",\"item\":\"https:\/\/www.leadingflagind.com\/fr\/\"},{\"@type\":\"ListItem\",\"position\":2,\"name\":\"Products\",\"item\":\"https:\/\/www.leadingflagind.com\/shop\/\"},{\"@type\":\"ListItem\",\"position\":3,\"name\":\"R\u00e9frig\u00e9rateur \u00e0 une porte vertical BIMEAAA \u2013 FG Power \u2013 34 TL\"}]},{\"@type\":\"WebSite\",\"@id\":\"https:\/\/www.leadingflagind.com\/#website\",\"url\":\"https:\/\/www.leadingflagind.com\/\",\"name\":\"LEADING FLAG - Home Appliance Manufacturing\",\"description\":\"Home Appliance Manufacturing\",\"publisher\":{\"@id\":\"https:\/\/www.leadingflagind.com\/#organization\"},\"potentialAction\":[{\"@type\":\"SearchAction\",\"target\":{\"@type\":\"EntryPoint\",\"urlTemplate\":\"https:\/\/www.leadingflagind.com\/?s={search_term_string}\"},\"query-input\":{\"@type\":\"PropertyValueSpecification\",\"valueRequired\":true,\"valueName\":\"search_term_string\"}}],\"inLanguage\":\"fr-FR\"},{\"@type\":\"Organization\",\"@id\":\"https:\/\/www.leadingflagind.com\/#organization\",\"name\":\"LEADING FLAG INDUSTRIAL & TRADING LIMITED\",\"url\":\"https:\/\/www.leadingflagind.com\/\",\"logo\":{\"@type\":\"ImageObject\",\"inLanguage\":\"fr-FR\",\"@id\":\"https:\/\/www.leadingflagind.com\/#\/schema\/logo\/image\/\",\"url\":\"https:\/\/www.leadingflagind.com\/wp-content\/uploads\/2025\/11\/LOGO-leading-Flag.svg\",\"contentUrl\":\"https:\/\/www.leadingflagind.com\/wp-content\/uploads\/2025\/11\/LOGO-leading-Flag.svg\",\"width\":436,\"height\":76,\"caption\":\"LEADING FLAG INDUSTRIAL & TRADING LIMITED\"},\"image\":{\"@id\":\"https:\/\/www.leadingflagind.com\/#\/schema\/logo\/image\/\"}}]}<\/script>\n<!-- \/ Yoast SEO plugin. -->","yoast_head_json":{"title":"R\u00e9frig\u00e9rateur \u00e0 une porte vertical BIMEAAA \u2013 FG Power \u2013 34 TL - LEADING FLAG","description":"Marque : FG POWER  Capacit\u00e9 nette totale : 316 litres  Capacit\u00e9 nette du r\u00e9frig\u00e9rateur : 316 litres (Zone fra\u00eeche : 0 litre)  Capacit\u00e9 nette du cong\u00e9lateur : 0 litre  Syst\u00e8me de refroidissement : Statique  Syst\u00e8me de contr\u00f4le : \u00c9lectronique  Dimensions : 540 \u00d7 540 \u00d7 1776 mm  Dimensions avec emballage : 573 \u00d7 573 \u00d7 1840 mm  Quantit\u00e9 de chargement (conteneur 40 pieds haute capacit\u00e9) : 109 unit\u00e9s              &nbsp; T\u00e9l\u00e9charger PDF","robots":{"index":"index","follow":"follow","max-snippet":"max-snippet:-1","max-image-preview":"max-image-preview:large","max-video-preview":"max-video-preview:-1"},"canonical":"https:\/\/www.leadingflagind.com\/fr\/product\/refrigerateur-a-une-porte-vertical-bimeaaa-fg-power-34-tl\/","og_locale":"fr_FR","og_type":"article","og_title":"R\u00e9frig\u00e9rateur \u00e0 une porte vertical BIMEAAA \u2013 FG Power \u2013 34 TL - LEADING FLAG","og_description":"Marque : FG POWER  Capacit\u00e9 nette totale : 316 litres  Capacit\u00e9 nette du r\u00e9frig\u00e9rateur : 316 litres (Zone fra\u00eeche : 0 litre)  Capacit\u00e9 nette du cong\u00e9lateur : 0 litre  Syst\u00e8me de refroidissement : Statique  Syst\u00e8me de contr\u00f4le : \u00c9lectronique  Dimensions : 540 \u00d7 540 \u00d7 1776 mm  Dimensions avec emballage : 573 \u00d7 573 \u00d7 1840 mm  Quantit\u00e9 de chargement (conteneur 40 pieds haute capacit\u00e9) : 109 unit\u00e9s              &nbsp; T\u00e9l\u00e9charger PDF","og_url":"https:\/\/www.leadingflagind.com\/fr\/product\/refrigerateur-a-une-porte-vertical-bimeaaa-fg-power-34-tl\/","og_site_name":"LEADING FLAG","article_modified_time":"2025-11-12T09:33:33+00:00","og_image":[{"width":800,"height":800,"url":"https:\/\/www.leadingflagind.com\/wp-content\/uploads\/2025\/11\/46.jpg","type":"image\/jpeg"}],"twitter_card":"summary_large_image","schema":{"@context":"https:\/\/schema.org","@graph":[{"@type":"WebPage","@id":"https:\/\/www.leadingflagind.com\/fr\/product\/refrigerateur-a-une-porte-vertical-bimeaaa-fg-power-34-tl\/","url":"https:\/\/www.leadingflagind.com\/fr\/product\/refrigerateur-a-une-porte-vertical-bimeaaa-fg-power-34-tl\/","name":"R\u00e9frig\u00e9rateur \u00e0 une porte vertical BIMEAAA \u2013 FG Power \u2013 34 TL - LEADING FLAG","isPartOf":{"@id":"https:\/\/www.leadingflagind.com\/#website"},"primaryImageOfPage":{"@id":"https:\/\/www.leadingflagind.com\/fr\/product\/refrigerateur-a-une-porte-vertical-bimeaaa-fg-power-34-tl\/#primaryimage"},"image":{"@id":"https:\/\/www.leadingflagind.com\/fr\/product\/refrigerateur-a-une-porte-vertical-bimeaaa-fg-power-34-tl\/#primaryimage"},"thumbnailUrl":"https:\/\/www.leadingflagind.com\/wp-content\/uploads\/2025\/11\/46.jpg","datePublished":"2025-11-11T10:47:38+00:00","dateModified":"2025-11-12T09:33:33+00:00","description":"Marque : FG POWER Capacit\u00e9 nette totale : 316 litres Capacit\u00e9 nette du r\u00e9frig\u00e9rateur : 316 litres (Zone fra\u00eeche : 0 litre) Capacit\u00e9 nette du cong\u00e9lateur : 0 litre Syst\u00e8me de refroidissement : Statique Syst\u00e8me de contr\u00f4le : \u00c9lectronique Dimensions : 540 \u00d7 540 \u00d7 1776 mm Dimensions avec emballage : 573 \u00d7 573 \u00d7 1840 mm Quantit\u00e9 de chargement (conteneur 40 pieds haute capacit\u00e9) : 109 unit\u00e9s &nbsp; T\u00e9l\u00e9charger PDF","breadcrumb":{"@id":"https:\/\/www.leadingflagind.com\/fr\/product\/refrigerateur-a-une-porte-vertical-bimeaaa-fg-power-34-tl\/#breadcrumb"},"inLanguage":"fr-FR","potentialAction":[{"@type":"ReadAction","target":["https:\/\/www.leadingflagind.com\/fr\/product\/refrigerateur-a-une-porte-vertical-bimeaaa-fg-power-34-tl\/"]}]},{"@type":"ImageObject","inLanguage":"fr-FR","@id":"https:\/\/www.leadingflagind.com\/fr\/product\/refrigerateur-a-une-porte-vertical-bimeaaa-fg-power-34-tl\/#primaryimage","url":"https:\/\/www.leadingflagind.com\/wp-content\/uploads\/2025\/11\/46.jpg","contentUrl":"https:\/\/www.leadingflagind.com\/wp-content\/uploads\/2025\/11\/46.jpg","width":800,"height":800},{"@type":"BreadcrumbList","@id":"https:\/\/www.leadingflagind.com\/fr\/product\/refrigerateur-a-une-porte-vertical-bimeaaa-fg-power-34-tl\/#breadcrumb","itemListElement":[{"@type":"ListItem","position":1,"name":"Home","item":"https:\/\/www.leadingflagind.com\/fr\/"},{"@type":"ListItem","position":2,"name":"Products","item":"https:\/\/www.leadingflagind.com\/shop\/"},{"@type":"ListItem","position":3,"name":"R\u00e9frig\u00e9rateur \u00e0 une porte vertical BIMEAAA \u2013 FG Power \u2013 34 TL"}]},{"@type":"WebSite","@id":"https:\/\/www.leadingflagind.com\/#website","url":"https:\/\/www.leadingflagind.com\/","name":"LEADING FLAG - Home Appliance Manufacturing","description":"Home Appliance Manufacturing","publisher":{"@id":"https:\/\/www.leadingflagind.com\/#organization"},"potentialAction":[{"@type":"SearchAction","target":{"@type":"EntryPoint","urlTemplate":"https:\/\/www.leadingflagind.com\/?s={search_term_string}"},"query-input":{"@type":"PropertyValueSpecification","valueRequired":true,"valueName":"search_term_string"}}],"inLanguage":"fr-FR"},{"@type":"Organization","@id":"https:\/\/www.leadingflagind.com\/#organization","name":"LEADING FLAG INDUSTRIAL & TRADING LIMITED","url":"https:\/\/www.leadingflagind.com\/","logo":{"@type":"ImageObject","inLanguage":"fr-FR","@id":"https:\/\/www.leadingflagind.com\/#\/schema\/logo\/image\/","url":"https:\/\/www.leadingflagind.com\/wp-content\/uploads\/2025\/11\/LOGO-leading-Flag.svg","contentUrl":"https:\/\/www.leadingflagind.com\/wp-content\/uploads\/2025\/11\/LOGO-leading-Flag.svg","width":436,"height":76,"caption":"LEADING FLAG INDUSTRIAL & TRADING LIMITED"},"image":{"@id":"https:\/\/www.leadingflagind.com\/#\/schema\/logo\/image\/"}}]}},"_links":{"self":[{"href":"https:\/\/www.leadingflagind.com\/fr\/wp-json\/wp\/v2\/product\/8887","targetHints":{"allow":["GET"]}}],"collection":[{"href":"https:\/\/www.leadingflagind.com\/fr\/wp-json\/wp\/v2\/product"}],"about":[{"href":"https:\/\/www.leadingflagind.com\/fr\/wp-json\/wp\/v2\/types\/product"}],"wp:featuredmedia":[{"embeddable":true,"href":"https:\/\/www.leadingflagind.com\/fr\/wp-json\/wp\/v2\/media\/8699"}],"wp:attachment":[{"href":"https:\/\/www.leadingflagind.com\/fr\/wp-json\/wp\/v2\/media?parent=8887"}],"wp:term":[{"taxonomy":"product_brand","embeddable":true,"href":"https:\/\/www.leadingflagind.com\/fr\/wp-json\/wp\/v2\/product_brand?post=8887"},{"taxonomy":"product_cat","embeddable":true,"href":"https:\/\/www.leadingflagind.com\/fr\/wp-json\/wp\/v2\/product_cat?post=8887"},{"taxonomy":"product_tag","embeddable":true,"href":"https:\/\/www.leadingflagind.com\/fr\/wp-json\/wp\/v2\/product_tag?post=8887"}],"curies":[{"name":"wp","href":"https:\/\/api.w.org\/{rel}","templated":true}]}}