{"id":8886,"date":"2025-11-11T10:47:41","date_gmt":"2025-11-11T10:47:41","guid":{"rendered":"https:\/\/www.leadingflagind.com\/product\/digital-single-door-column-freezer-regular-built-in-n-bifmeaaa-fg-power-29-tf\/"},"modified":"2025-11-12T09:27:24","modified_gmt":"2025-11-12T09:27:24","slug":"congelateur-a-colonne-a-porte-simple-numerique-encastrable-standard-n-bifmeaaa-fg-power-29-tf","status":"publish","type":"product","link":"https:\/\/www.leadingflagind.com\/fr\/product\/congelateur-a-colonne-a-porte-simple-numerique-encastrable-standard-n-bifmeaaa-fg-power-29-tf\/","title":{"rendered":"Cong\u00e9lateur \u00e0 colonne \u00e0 porte simple num\u00e9rique encastrable standard N BIFMEAAA-FG POWER 29 TF"},"content":{"rendered":"","protected":false},"excerpt":{"rendered":"<ul style=\"text-align: justifey; color: black;\">\n<li>Marque : FG POWER<\/li>\n<li>Capacit\u00e9 totale nette : 200 litres<\/li>\n<li>Capacit\u00e9 nette du r\u00e9frig\u00e9rateur : 0 litre (zone fra\u00eecheur : 0 litre)<\/li>\n<li>Capacit\u00e9 nette du cong\u00e9lateur : 200 litres<\/li>\n<li>Syst\u00e8me de refroidissement : No Frost<\/li>\n<li>Syst\u00e8me de contr\u00f4le : \u00e9lectronique<\/li>\n<li>Dimensions : 540 \u00d7 540 \u00d7 1769 mm<\/li>\n<li>Dimensions avec emballage : 573 \u00d7 573 \u00d7 1840 mm<\/li>\n<li>Quantit\u00e9 de chargement (conteneur haute capacit\u00e9 de 40 pieds) : 109 unit\u00e9s<\/li>\n<\/ul>\n<p>&nbsp;<\/p>\n<p style=\"text-align: left;\"><a href=\"https:\/\/www.fgpower.ly\/wp-content\/uploads\/2024\/12\/4565-\u0641\u0631\u064a\u0632-\u0639\u0645\u0648\u062f\u0649-\u0628\u0627\u0628-\u0648\u0627\u062d\u062f-\u062f\u064a\u062c\u062a\u0627\u0644-\u0627\u0644\u0639\u0627\u062f\u064a\u0629-\u0628\u0644\u062a-\u0627\u0646.pdf\" target=\"_blank\" rel=\"noopener\"><img decoding=\"async\" class=\"wp-image-43762 alignleft\" src=\"https:\/\/almoassis.ly\/wp-content\/uploads\/2024\/12\/PDF_file_icon.svg_-244x300.png\" alt=\"\" width=\"53\" height=\"65\" \/><\/a><a href=\"https:\/\/www.fgpower.ly\/wp-content\/uploads\/2024\/12\/4565-\u0641\u0631\u064a\u0632-\u0639\u0645\u0648\u062f\u0649-\u0628\u0627\u0628-\u0648\u0627\u062d\u062f-\u062f\u064a\u062c\u062a\u0627\u0644-\u0627\u0644\u0639\u0627\u062f\u064a\u0629-\u0628\u0644\u062a-\u0627\u0646.pdf\" target=\"_blank\" rel=\"noopener\">T\u00e9l\u00e9charger PDF\u00a0<\/a><\/p>\n","protected":false},"featured_media":8700,"template":"","meta":[],"product_brand":[],"product_cat":[171,170],"product_tag":[],"class_list":{"0":"post-8886","1":"product","2":"type-product","3":"status-publish","4":"has-post-thumbnail","6":"product_cat-refrigerateurs","7":"product_cat-refrigerateurs-encastrables","9":"first","10":"instock","11":"shipping-taxable","12":"product-type-simple"},"yoast_head":"<!-- This site is optimized with the Yoast SEO plugin v26.6 - https:\/\/yoast.com\/wordpress\/plugins\/seo\/ -->\n<title>Cong\u00e9lateur \u00e0 colonne \u00e0 porte simple num\u00e9rique encastrable standard N BIFMEAAA-FG POWER 29 TF - LEADING FLAG<\/title>\n<meta name=\"description\" content=\"Marque : FG POWER  Capacit\u00e9 totale nette : 200 litres  Capacit\u00e9 nette du r\u00e9frig\u00e9rateur : 0 litre (zone fra\u00eecheur : 0 litre)  Capacit\u00e9 nette du cong\u00e9lateur : 200 litres  Syst\u00e8me de refroidissement : No Frost  Syst\u00e8me de contr\u00f4le : \u00e9lectronique  Dimensions : 540 \u00d7 540 \u00d7 1769 mm  Dimensions avec emballage : 573 \u00d7 573 \u00d7 1840 mm  Quantit\u00e9 de chargement (conteneur haute capacit\u00e9 de 40 pieds) : 109 unit\u00e9s  &nbsp; T\u00e9l\u00e9charger PDF\u00a0\" \/>\n<meta name=\"robots\" content=\"index, follow, max-snippet:-1, max-image-preview:large, max-video-preview:-1\" \/>\n<link rel=\"canonical\" href=\"https:\/\/www.leadingflagind.com\/fr\/product\/congelateur-a-colonne-a-porte-simple-numerique-encastrable-standard-n-bifmeaaa-fg-power-29-tf\/\" \/>\n<meta property=\"og:locale\" content=\"fr_FR\" \/>\n<meta property=\"og:type\" content=\"article\" \/>\n<meta property=\"og:title\" content=\"Cong\u00e9lateur \u00e0 colonne \u00e0 porte simple num\u00e9rique encastrable standard N BIFMEAAA-FG POWER 29 TF - LEADING FLAG\" \/>\n<meta property=\"og:description\" content=\"Marque : FG POWER  Capacit\u00e9 totale nette : 200 litres  Capacit\u00e9 nette du r\u00e9frig\u00e9rateur : 0 litre (zone fra\u00eecheur : 0 litre)  Capacit\u00e9 nette du cong\u00e9lateur : 200 litres  Syst\u00e8me de refroidissement : No Frost  Syst\u00e8me de contr\u00f4le : \u00e9lectronique  Dimensions : 540 \u00d7 540 \u00d7 1769 mm  Dimensions avec emballage : 573 \u00d7 573 \u00d7 1840 mm  Quantit\u00e9 de chargement (conteneur haute capacit\u00e9 de 40 pieds) : 109 unit\u00e9s  &nbsp; T\u00e9l\u00e9charger PDF\u00a0\" \/>\n<meta property=\"og:url\" content=\"https:\/\/www.leadingflagind.com\/fr\/product\/congelateur-a-colonne-a-porte-simple-numerique-encastrable-standard-n-bifmeaaa-fg-power-29-tf\/\" \/>\n<meta property=\"og:site_name\" content=\"LEADING FLAG\" \/>\n<meta property=\"article:modified_time\" content=\"2025-11-12T09:27:24+00:00\" \/>\n<meta property=\"og:image\" content=\"https:\/\/www.leadingflagind.com\/wp-content\/uploads\/2025\/11\/44.jpg\" \/>\n\t<meta property=\"og:image:width\" content=\"800\" \/>\n\t<meta property=\"og:image:height\" content=\"800\" \/>\n\t<meta property=\"og:image:type\" content=\"image\/jpeg\" \/>\n<meta name=\"twitter:card\" content=\"summary_large_image\" \/>\n<script type=\"application\/ld+json\" class=\"yoast-schema-graph\">{\"@context\":\"https:\/\/schema.org\",\"@graph\":[{\"@type\":\"WebPage\",\"@id\":\"https:\/\/www.leadingflagind.com\/fr\/product\/congelateur-a-colonne-a-porte-simple-numerique-encastrable-standard-n-bifmeaaa-fg-power-29-tf\/\",\"url\":\"https:\/\/www.leadingflagind.com\/fr\/product\/congelateur-a-colonne-a-porte-simple-numerique-encastrable-standard-n-bifmeaaa-fg-power-29-tf\/\",\"name\":\"Cong\u00e9lateur \u00e0 colonne \u00e0 porte simple num\u00e9rique encastrable standard N BIFMEAAA-FG POWER 29 TF - LEADING FLAG\",\"isPartOf\":{\"@id\":\"https:\/\/www.leadingflagind.com\/#website\"},\"primaryImageOfPage\":{\"@id\":\"https:\/\/www.leadingflagind.com\/fr\/product\/congelateur-a-colonne-a-porte-simple-numerique-encastrable-standard-n-bifmeaaa-fg-power-29-tf\/#primaryimage\"},\"image\":{\"@id\":\"https:\/\/www.leadingflagind.com\/fr\/product\/congelateur-a-colonne-a-porte-simple-numerique-encastrable-standard-n-bifmeaaa-fg-power-29-tf\/#primaryimage\"},\"thumbnailUrl\":\"https:\/\/www.leadingflagind.com\/wp-content\/uploads\/2025\/11\/44.jpg\",\"datePublished\":\"2025-11-11T10:47:41+00:00\",\"dateModified\":\"2025-11-12T09:27:24+00:00\",\"description\":\"Marque : FG POWER Capacit\u00e9 totale nette : 200 litres Capacit\u00e9 nette du r\u00e9frig\u00e9rateur : 0 litre (zone fra\u00eecheur : 0 litre) Capacit\u00e9 nette du cong\u00e9lateur : 200 litres Syst\u00e8me de refroidissement : No Frost Syst\u00e8me de contr\u00f4le : \u00e9lectronique Dimensions : 540 \u00d7 540 \u00d7 1769 mm Dimensions avec emballage : 573 \u00d7 573 \u00d7 1840 mm Quantit\u00e9 de chargement (conteneur haute capacit\u00e9 de 40 pieds) : 109 unit\u00e9s &nbsp; T\u00e9l\u00e9charger PDF\u00a0\",\"breadcrumb\":{\"@id\":\"https:\/\/www.leadingflagind.com\/fr\/product\/congelateur-a-colonne-a-porte-simple-numerique-encastrable-standard-n-bifmeaaa-fg-power-29-tf\/#breadcrumb\"},\"inLanguage\":\"fr-FR\",\"potentialAction\":[{\"@type\":\"ReadAction\",\"target\":[\"https:\/\/www.leadingflagind.com\/fr\/product\/congelateur-a-colonne-a-porte-simple-numerique-encastrable-standard-n-bifmeaaa-fg-power-29-tf\/\"]}]},{\"@type\":\"ImageObject\",\"inLanguage\":\"fr-FR\",\"@id\":\"https:\/\/www.leadingflagind.com\/fr\/product\/congelateur-a-colonne-a-porte-simple-numerique-encastrable-standard-n-bifmeaaa-fg-power-29-tf\/#primaryimage\",\"url\":\"https:\/\/www.leadingflagind.com\/wp-content\/uploads\/2025\/11\/44.jpg\",\"contentUrl\":\"https:\/\/www.leadingflagind.com\/wp-content\/uploads\/2025\/11\/44.jpg\",\"width\":800,\"height\":800},{\"@type\":\"BreadcrumbList\",\"@id\":\"https:\/\/www.leadingflagind.com\/fr\/product\/congelateur-a-colonne-a-porte-simple-numerique-encastrable-standard-n-bifmeaaa-fg-power-29-tf\/#breadcrumb\",\"itemListElement\":[{\"@type\":\"ListItem\",\"position\":1,\"name\":\"Home\",\"item\":\"https:\/\/www.leadingflagind.com\/fr\/\"},{\"@type\":\"ListItem\",\"position\":2,\"name\":\"Products\",\"item\":\"https:\/\/www.leadingflagind.com\/shop\/\"},{\"@type\":\"ListItem\",\"position\":3,\"name\":\"Cong\u00e9lateur \u00e0 colonne \u00e0 porte simple num\u00e9rique encastrable standard N BIFMEAAA-FG POWER 29 TF\"}]},{\"@type\":\"WebSite\",\"@id\":\"https:\/\/www.leadingflagind.com\/#website\",\"url\":\"https:\/\/www.leadingflagind.com\/\",\"name\":\"LEADING FLAG - Home Appliance Manufacturing\",\"description\":\"Home Appliance Manufacturing\",\"publisher\":{\"@id\":\"https:\/\/www.leadingflagind.com\/#organization\"},\"potentialAction\":[{\"@type\":\"SearchAction\",\"target\":{\"@type\":\"EntryPoint\",\"urlTemplate\":\"https:\/\/www.leadingflagind.com\/?s={search_term_string}\"},\"query-input\":{\"@type\":\"PropertyValueSpecification\",\"valueRequired\":true,\"valueName\":\"search_term_string\"}}],\"inLanguage\":\"fr-FR\"},{\"@type\":\"Organization\",\"@id\":\"https:\/\/www.leadingflagind.com\/#organization\",\"name\":\"LEADING FLAG INDUSTRIAL & TRADING LIMITED\",\"url\":\"https:\/\/www.leadingflagind.com\/\",\"logo\":{\"@type\":\"ImageObject\",\"inLanguage\":\"fr-FR\",\"@id\":\"https:\/\/www.leadingflagind.com\/#\/schema\/logo\/image\/\",\"url\":\"https:\/\/www.leadingflagind.com\/wp-content\/uploads\/2025\/11\/LOGO-leading-Flag.svg\",\"contentUrl\":\"https:\/\/www.leadingflagind.com\/wp-content\/uploads\/2025\/11\/LOGO-leading-Flag.svg\",\"width\":436,\"height\":76,\"caption\":\"LEADING FLAG INDUSTRIAL & TRADING LIMITED\"},\"image\":{\"@id\":\"https:\/\/www.leadingflagind.com\/#\/schema\/logo\/image\/\"}}]}<\/script>\n<!-- \/ Yoast SEO plugin. -->","yoast_head_json":{"title":"Cong\u00e9lateur \u00e0 colonne \u00e0 porte simple num\u00e9rique encastrable standard N BIFMEAAA-FG POWER 29 TF - LEADING FLAG","description":"Marque : FG POWER  Capacit\u00e9 totale nette : 200 litres  Capacit\u00e9 nette du r\u00e9frig\u00e9rateur : 0 litre (zone fra\u00eecheur : 0 litre)  Capacit\u00e9 nette du cong\u00e9lateur : 200 litres  Syst\u00e8me de refroidissement : No Frost  Syst\u00e8me de contr\u00f4le : \u00e9lectronique  Dimensions : 540 \u00d7 540 \u00d7 1769 mm  Dimensions avec emballage : 573 \u00d7 573 \u00d7 1840 mm  Quantit\u00e9 de chargement (conteneur haute capacit\u00e9 de 40 pieds) : 109 unit\u00e9s  &nbsp; T\u00e9l\u00e9charger PDF\u00a0","robots":{"index":"index","follow":"follow","max-snippet":"max-snippet:-1","max-image-preview":"max-image-preview:large","max-video-preview":"max-video-preview:-1"},"canonical":"https:\/\/www.leadingflagind.com\/fr\/product\/congelateur-a-colonne-a-porte-simple-numerique-encastrable-standard-n-bifmeaaa-fg-power-29-tf\/","og_locale":"fr_FR","og_type":"article","og_title":"Cong\u00e9lateur \u00e0 colonne \u00e0 porte simple num\u00e9rique encastrable standard N BIFMEAAA-FG POWER 29 TF - LEADING FLAG","og_description":"Marque : FG POWER  Capacit\u00e9 totale nette : 200 litres  Capacit\u00e9 nette du r\u00e9frig\u00e9rateur : 0 litre (zone fra\u00eecheur : 0 litre)  Capacit\u00e9 nette du cong\u00e9lateur : 200 litres  Syst\u00e8me de refroidissement : No Frost  Syst\u00e8me de contr\u00f4le : \u00e9lectronique  Dimensions : 540 \u00d7 540 \u00d7 1769 mm  Dimensions avec emballage : 573 \u00d7 573 \u00d7 1840 mm  Quantit\u00e9 de chargement (conteneur haute capacit\u00e9 de 40 pieds) : 109 unit\u00e9s  &nbsp; T\u00e9l\u00e9charger PDF\u00a0","og_url":"https:\/\/www.leadingflagind.com\/fr\/product\/congelateur-a-colonne-a-porte-simple-numerique-encastrable-standard-n-bifmeaaa-fg-power-29-tf\/","og_site_name":"LEADING FLAG","article_modified_time":"2025-11-12T09:27:24+00:00","og_image":[{"width":800,"height":800,"url":"https:\/\/www.leadingflagind.com\/wp-content\/uploads\/2025\/11\/44.jpg","type":"image\/jpeg"}],"twitter_card":"summary_large_image","schema":{"@context":"https:\/\/schema.org","@graph":[{"@type":"WebPage","@id":"https:\/\/www.leadingflagind.com\/fr\/product\/congelateur-a-colonne-a-porte-simple-numerique-encastrable-standard-n-bifmeaaa-fg-power-29-tf\/","url":"https:\/\/www.leadingflagind.com\/fr\/product\/congelateur-a-colonne-a-porte-simple-numerique-encastrable-standard-n-bifmeaaa-fg-power-29-tf\/","name":"Cong\u00e9lateur \u00e0 colonne \u00e0 porte simple num\u00e9rique encastrable standard N BIFMEAAA-FG POWER 29 TF - LEADING FLAG","isPartOf":{"@id":"https:\/\/www.leadingflagind.com\/#website"},"primaryImageOfPage":{"@id":"https:\/\/www.leadingflagind.com\/fr\/product\/congelateur-a-colonne-a-porte-simple-numerique-encastrable-standard-n-bifmeaaa-fg-power-29-tf\/#primaryimage"},"image":{"@id":"https:\/\/www.leadingflagind.com\/fr\/product\/congelateur-a-colonne-a-porte-simple-numerique-encastrable-standard-n-bifmeaaa-fg-power-29-tf\/#primaryimage"},"thumbnailUrl":"https:\/\/www.leadingflagind.com\/wp-content\/uploads\/2025\/11\/44.jpg","datePublished":"2025-11-11T10:47:41+00:00","dateModified":"2025-11-12T09:27:24+00:00","description":"Marque : FG POWER Capacit\u00e9 totale nette : 200 litres Capacit\u00e9 nette du r\u00e9frig\u00e9rateur : 0 litre (zone fra\u00eecheur : 0 litre) Capacit\u00e9 nette du cong\u00e9lateur : 200 litres Syst\u00e8me de refroidissement : No Frost Syst\u00e8me de contr\u00f4le : \u00e9lectronique Dimensions : 540 \u00d7 540 \u00d7 1769 mm Dimensions avec emballage : 573 \u00d7 573 \u00d7 1840 mm Quantit\u00e9 de chargement (conteneur haute capacit\u00e9 de 40 pieds) : 109 unit\u00e9s &nbsp; T\u00e9l\u00e9charger PDF\u00a0","breadcrumb":{"@id":"https:\/\/www.leadingflagind.com\/fr\/product\/congelateur-a-colonne-a-porte-simple-numerique-encastrable-standard-n-bifmeaaa-fg-power-29-tf\/#breadcrumb"},"inLanguage":"fr-FR","potentialAction":[{"@type":"ReadAction","target":["https:\/\/www.leadingflagind.com\/fr\/product\/congelateur-a-colonne-a-porte-simple-numerique-encastrable-standard-n-bifmeaaa-fg-power-29-tf\/"]}]},{"@type":"ImageObject","inLanguage":"fr-FR","@id":"https:\/\/www.leadingflagind.com\/fr\/product\/congelateur-a-colonne-a-porte-simple-numerique-encastrable-standard-n-bifmeaaa-fg-power-29-tf\/#primaryimage","url":"https:\/\/www.leadingflagind.com\/wp-content\/uploads\/2025\/11\/44.jpg","contentUrl":"https:\/\/www.leadingflagind.com\/wp-content\/uploads\/2025\/11\/44.jpg","width":800,"height":800},{"@type":"BreadcrumbList","@id":"https:\/\/www.leadingflagind.com\/fr\/product\/congelateur-a-colonne-a-porte-simple-numerique-encastrable-standard-n-bifmeaaa-fg-power-29-tf\/#breadcrumb","itemListElement":[{"@type":"ListItem","position":1,"name":"Home","item":"https:\/\/www.leadingflagind.com\/fr\/"},{"@type":"ListItem","position":2,"name":"Products","item":"https:\/\/www.leadingflagind.com\/shop\/"},{"@type":"ListItem","position":3,"name":"Cong\u00e9lateur \u00e0 colonne \u00e0 porte simple num\u00e9rique encastrable standard N BIFMEAAA-FG POWER 29 TF"}]},{"@type":"WebSite","@id":"https:\/\/www.leadingflagind.com\/#website","url":"https:\/\/www.leadingflagind.com\/","name":"LEADING FLAG - Home Appliance Manufacturing","description":"Home Appliance Manufacturing","publisher":{"@id":"https:\/\/www.leadingflagind.com\/#organization"},"potentialAction":[{"@type":"SearchAction","target":{"@type":"EntryPoint","urlTemplate":"https:\/\/www.leadingflagind.com\/?s={search_term_string}"},"query-input":{"@type":"PropertyValueSpecification","valueRequired":true,"valueName":"search_term_string"}}],"inLanguage":"fr-FR"},{"@type":"Organization","@id":"https:\/\/www.leadingflagind.com\/#organization","name":"LEADING FLAG INDUSTRIAL & TRADING LIMITED","url":"https:\/\/www.leadingflagind.com\/","logo":{"@type":"ImageObject","inLanguage":"fr-FR","@id":"https:\/\/www.leadingflagind.com\/#\/schema\/logo\/image\/","url":"https:\/\/www.leadingflagind.com\/wp-content\/uploads\/2025\/11\/LOGO-leading-Flag.svg","contentUrl":"https:\/\/www.leadingflagind.com\/wp-content\/uploads\/2025\/11\/LOGO-leading-Flag.svg","width":436,"height":76,"caption":"LEADING FLAG INDUSTRIAL & TRADING LIMITED"},"image":{"@id":"https:\/\/www.leadingflagind.com\/#\/schema\/logo\/image\/"}}]}},"_links":{"self":[{"href":"https:\/\/www.leadingflagind.com\/fr\/wp-json\/wp\/v2\/product\/8886","targetHints":{"allow":["GET"]}}],"collection":[{"href":"https:\/\/www.leadingflagind.com\/fr\/wp-json\/wp\/v2\/product"}],"about":[{"href":"https:\/\/www.leadingflagind.com\/fr\/wp-json\/wp\/v2\/types\/product"}],"wp:featuredmedia":[{"embeddable":true,"href":"https:\/\/www.leadingflagind.com\/fr\/wp-json\/wp\/v2\/media\/8700"}],"wp:attachment":[{"href":"https:\/\/www.leadingflagind.com\/fr\/wp-json\/wp\/v2\/media?parent=8886"}],"wp:term":[{"taxonomy":"product_brand","embeddable":true,"href":"https:\/\/www.leadingflagind.com\/fr\/wp-json\/wp\/v2\/product_brand?post=8886"},{"taxonomy":"product_cat","embeddable":true,"href":"https:\/\/www.leadingflagind.com\/fr\/wp-json\/wp\/v2\/product_cat?post=8886"},{"taxonomy":"product_tag","embeddable":true,"href":"https:\/\/www.leadingflagind.com\/fr\/wp-json\/wp\/v2\/product_tag?post=8886"}],"curies":[{"name":"wp","href":"https:\/\/api.w.org\/{rel}","templated":true}]}}