{"id":8808,"date":"2025-11-11T10:47:46","date_gmt":"2025-11-11T10:47:46","guid":{"rendered":"https:\/\/www.leadingflagind.com\/product\/gas-4-stainless-steel-heads-g4508sep-fg-power\/"},"modified":"2025-11-12T09:00:06","modified_gmt":"2025-11-12T09:00:06","slug":"tetes-en-acier-inoxydable-gas-4-g4508sep-fg-power","status":"publish","type":"product","link":"https:\/\/www.leadingflagind.com\/fr\/product\/tetes-en-acier-inoxydable-gas-4-g4508sep-fg-power\/","title":{"rendered":"T\u00eates en acier inoxydable Gas 4 G4508SEP-FG POWER"},"content":{"rendered":"","protected":false},"excerpt":{"rendered":"<ul>\n<li>Design \u00e9l\u00e9gant<\/li>\n<li>Allumage automatique<\/li>\n<li>Quatre br\u00fbleurs pour diff\u00e9rents types de cuisson<\/li>\n<li>Plaque de cuisson italienne SABAF authentique<\/li>\n<li>Support de cuisson \u00e9maill\u00e9<\/li>\n<li>Plaque en acier inoxydable<\/li>\n<li>Capacit\u00e9 totale : 7,5 kW<\/li>\n<\/ul>\n","protected":false},"featured_media":8608,"template":"","meta":[],"product_brand":[],"product_cat":[190,191],"product_tag":[],"class_list":{"0":"post-8808","1":"product","2":"type-product","3":"status-publish","4":"has-post-thumbnail","6":"product_cat-appareils-a-gaz","7":"product_cat-gaz-integre","9":"first","10":"instock","11":"shipping-taxable","12":"product-type-simple"},"yoast_head":"<!-- This site is optimized with the Yoast SEO plugin v26.6 - https:\/\/yoast.com\/wordpress\/plugins\/seo\/ -->\n<title>T\u00eates en acier inoxydable Gas 4 G4508SEP-FG POWER - LEADING FLAG<\/title>\n<meta name=\"description\" content=\"Design \u00e9l\u00e9gant  Allumage automatique  Quatre br\u00fbleurs pour diff\u00e9rents types de cuisson  Plaque de cuisson italienne SABAF authentique  Support de cuisson \u00e9maill\u00e9  Plaque en acier inoxydable  Capacit\u00e9 totale : 7,5 kW\" \/>\n<meta name=\"robots\" content=\"index, follow, max-snippet:-1, max-image-preview:large, max-video-preview:-1\" \/>\n<link rel=\"canonical\" href=\"https:\/\/www.leadingflagind.com\/fr\/product\/tetes-en-acier-inoxydable-gas-4-g4508sep-fg-power\/\" \/>\n<meta property=\"og:locale\" content=\"fr_FR\" \/>\n<meta property=\"og:type\" content=\"article\" \/>\n<meta property=\"og:title\" content=\"T\u00eates en acier inoxydable Gas 4 G4508SEP-FG POWER - LEADING FLAG\" \/>\n<meta property=\"og:description\" content=\"Design \u00e9l\u00e9gant  Allumage automatique  Quatre br\u00fbleurs pour diff\u00e9rents types de cuisson  Plaque de cuisson italienne SABAF authentique  Support de cuisson \u00e9maill\u00e9  Plaque en acier inoxydable  Capacit\u00e9 totale : 7,5 kW\" \/>\n<meta property=\"og:url\" content=\"https:\/\/www.leadingflagind.com\/fr\/product\/tetes-en-acier-inoxydable-gas-4-g4508sep-fg-power\/\" \/>\n<meta property=\"og:site_name\" content=\"LEADING FLAG\" \/>\n<meta property=\"article:modified_time\" content=\"2025-11-12T09:00:06+00:00\" \/>\n<meta property=\"og:image\" content=\"https:\/\/www.leadingflagind.com\/wp-content\/uploads\/2025\/11\/17.jpg\" \/>\n\t<meta property=\"og:image:width\" content=\"800\" \/>\n\t<meta property=\"og:image:height\" content=\"800\" \/>\n\t<meta property=\"og:image:type\" content=\"image\/jpeg\" \/>\n<meta name=\"twitter:card\" content=\"summary_large_image\" \/>\n<script type=\"application\/ld+json\" class=\"yoast-schema-graph\">{\"@context\":\"https:\/\/schema.org\",\"@graph\":[{\"@type\":\"WebPage\",\"@id\":\"https:\/\/www.leadingflagind.com\/fr\/product\/tetes-en-acier-inoxydable-gas-4-g4508sep-fg-power\/\",\"url\":\"https:\/\/www.leadingflagind.com\/fr\/product\/tetes-en-acier-inoxydable-gas-4-g4508sep-fg-power\/\",\"name\":\"T\u00eates en acier inoxydable Gas 4 G4508SEP-FG POWER - LEADING FLAG\",\"isPartOf\":{\"@id\":\"https:\/\/www.leadingflagind.com\/#website\"},\"primaryImageOfPage\":{\"@id\":\"https:\/\/www.leadingflagind.com\/fr\/product\/tetes-en-acier-inoxydable-gas-4-g4508sep-fg-power\/#primaryimage\"},\"image\":{\"@id\":\"https:\/\/www.leadingflagind.com\/fr\/product\/tetes-en-acier-inoxydable-gas-4-g4508sep-fg-power\/#primaryimage\"},\"thumbnailUrl\":\"https:\/\/www.leadingflagind.com\/wp-content\/uploads\/2025\/11\/17.jpg\",\"datePublished\":\"2025-11-11T10:47:46+00:00\",\"dateModified\":\"2025-11-12T09:00:06+00:00\",\"description\":\"Design \u00e9l\u00e9gant Allumage automatique Quatre br\u00fbleurs pour diff\u00e9rents types de cuisson Plaque de cuisson italienne SABAF authentique Support de cuisson \u00e9maill\u00e9 Plaque en acier inoxydable Capacit\u00e9 totale : 7,5 kW\",\"breadcrumb\":{\"@id\":\"https:\/\/www.leadingflagind.com\/fr\/product\/tetes-en-acier-inoxydable-gas-4-g4508sep-fg-power\/#breadcrumb\"},\"inLanguage\":\"fr-FR\",\"potentialAction\":[{\"@type\":\"ReadAction\",\"target\":[\"https:\/\/www.leadingflagind.com\/fr\/product\/tetes-en-acier-inoxydable-gas-4-g4508sep-fg-power\/\"]}]},{\"@type\":\"ImageObject\",\"inLanguage\":\"fr-FR\",\"@id\":\"https:\/\/www.leadingflagind.com\/fr\/product\/tetes-en-acier-inoxydable-gas-4-g4508sep-fg-power\/#primaryimage\",\"url\":\"https:\/\/www.leadingflagind.com\/wp-content\/uploads\/2025\/11\/17.jpg\",\"contentUrl\":\"https:\/\/www.leadingflagind.com\/wp-content\/uploads\/2025\/11\/17.jpg\",\"width\":800,\"height\":800},{\"@type\":\"BreadcrumbList\",\"@id\":\"https:\/\/www.leadingflagind.com\/fr\/product\/tetes-en-acier-inoxydable-gas-4-g4508sep-fg-power\/#breadcrumb\",\"itemListElement\":[{\"@type\":\"ListItem\",\"position\":1,\"name\":\"Home\",\"item\":\"https:\/\/www.leadingflagind.com\/fr\/\"},{\"@type\":\"ListItem\",\"position\":2,\"name\":\"Products\",\"item\":\"https:\/\/www.leadingflagind.com\/shop\/\"},{\"@type\":\"ListItem\",\"position\":3,\"name\":\"T\u00eates en acier inoxydable Gas 4 G4508SEP-FG POWER\"}]},{\"@type\":\"WebSite\",\"@id\":\"https:\/\/www.leadingflagind.com\/#website\",\"url\":\"https:\/\/www.leadingflagind.com\/\",\"name\":\"LEADING FLAG - Home Appliance Manufacturing\",\"description\":\"Home Appliance Manufacturing\",\"publisher\":{\"@id\":\"https:\/\/www.leadingflagind.com\/#organization\"},\"potentialAction\":[{\"@type\":\"SearchAction\",\"target\":{\"@type\":\"EntryPoint\",\"urlTemplate\":\"https:\/\/www.leadingflagind.com\/?s={search_term_string}\"},\"query-input\":{\"@type\":\"PropertyValueSpecification\",\"valueRequired\":true,\"valueName\":\"search_term_string\"}}],\"inLanguage\":\"fr-FR\"},{\"@type\":\"Organization\",\"@id\":\"https:\/\/www.leadingflagind.com\/#organization\",\"name\":\"LEADING FLAG INDUSTRIAL & TRADING LIMITED\",\"url\":\"https:\/\/www.leadingflagind.com\/\",\"logo\":{\"@type\":\"ImageObject\",\"inLanguage\":\"fr-FR\",\"@id\":\"https:\/\/www.leadingflagind.com\/#\/schema\/logo\/image\/\",\"url\":\"https:\/\/www.leadingflagind.com\/wp-content\/uploads\/2025\/11\/LOGO-leading-Flag.svg\",\"contentUrl\":\"https:\/\/www.leadingflagind.com\/wp-content\/uploads\/2025\/11\/LOGO-leading-Flag.svg\",\"width\":436,\"height\":76,\"caption\":\"LEADING FLAG INDUSTRIAL & TRADING LIMITED\"},\"image\":{\"@id\":\"https:\/\/www.leadingflagind.com\/#\/schema\/logo\/image\/\"}}]}<\/script>\n<!-- \/ Yoast SEO plugin. -->","yoast_head_json":{"title":"T\u00eates en acier inoxydable Gas 4 G4508SEP-FG POWER - LEADING FLAG","description":"Design \u00e9l\u00e9gant  Allumage automatique  Quatre br\u00fbleurs pour diff\u00e9rents types de cuisson  Plaque de cuisson italienne SABAF authentique  Support de cuisson \u00e9maill\u00e9  Plaque en acier inoxydable  Capacit\u00e9 totale : 7,5 kW","robots":{"index":"index","follow":"follow","max-snippet":"max-snippet:-1","max-image-preview":"max-image-preview:large","max-video-preview":"max-video-preview:-1"},"canonical":"https:\/\/www.leadingflagind.com\/fr\/product\/tetes-en-acier-inoxydable-gas-4-g4508sep-fg-power\/","og_locale":"fr_FR","og_type":"article","og_title":"T\u00eates en acier inoxydable Gas 4 G4508SEP-FG POWER - LEADING FLAG","og_description":"Design \u00e9l\u00e9gant  Allumage automatique  Quatre br\u00fbleurs pour diff\u00e9rents types de cuisson  Plaque de cuisson italienne SABAF authentique  Support de cuisson \u00e9maill\u00e9  Plaque en acier inoxydable  Capacit\u00e9 totale : 7,5 kW","og_url":"https:\/\/www.leadingflagind.com\/fr\/product\/tetes-en-acier-inoxydable-gas-4-g4508sep-fg-power\/","og_site_name":"LEADING FLAG","article_modified_time":"2025-11-12T09:00:06+00:00","og_image":[{"width":800,"height":800,"url":"https:\/\/www.leadingflagind.com\/wp-content\/uploads\/2025\/11\/17.jpg","type":"image\/jpeg"}],"twitter_card":"summary_large_image","schema":{"@context":"https:\/\/schema.org","@graph":[{"@type":"WebPage","@id":"https:\/\/www.leadingflagind.com\/fr\/product\/tetes-en-acier-inoxydable-gas-4-g4508sep-fg-power\/","url":"https:\/\/www.leadingflagind.com\/fr\/product\/tetes-en-acier-inoxydable-gas-4-g4508sep-fg-power\/","name":"T\u00eates en acier inoxydable Gas 4 G4508SEP-FG POWER - LEADING FLAG","isPartOf":{"@id":"https:\/\/www.leadingflagind.com\/#website"},"primaryImageOfPage":{"@id":"https:\/\/www.leadingflagind.com\/fr\/product\/tetes-en-acier-inoxydable-gas-4-g4508sep-fg-power\/#primaryimage"},"image":{"@id":"https:\/\/www.leadingflagind.com\/fr\/product\/tetes-en-acier-inoxydable-gas-4-g4508sep-fg-power\/#primaryimage"},"thumbnailUrl":"https:\/\/www.leadingflagind.com\/wp-content\/uploads\/2025\/11\/17.jpg","datePublished":"2025-11-11T10:47:46+00:00","dateModified":"2025-11-12T09:00:06+00:00","description":"Design \u00e9l\u00e9gant Allumage automatique Quatre br\u00fbleurs pour diff\u00e9rents types de cuisson Plaque de cuisson italienne SABAF authentique Support de cuisson \u00e9maill\u00e9 Plaque en acier inoxydable Capacit\u00e9 totale : 7,5 kW","breadcrumb":{"@id":"https:\/\/www.leadingflagind.com\/fr\/product\/tetes-en-acier-inoxydable-gas-4-g4508sep-fg-power\/#breadcrumb"},"inLanguage":"fr-FR","potentialAction":[{"@type":"ReadAction","target":["https:\/\/www.leadingflagind.com\/fr\/product\/tetes-en-acier-inoxydable-gas-4-g4508sep-fg-power\/"]}]},{"@type":"ImageObject","inLanguage":"fr-FR","@id":"https:\/\/www.leadingflagind.com\/fr\/product\/tetes-en-acier-inoxydable-gas-4-g4508sep-fg-power\/#primaryimage","url":"https:\/\/www.leadingflagind.com\/wp-content\/uploads\/2025\/11\/17.jpg","contentUrl":"https:\/\/www.leadingflagind.com\/wp-content\/uploads\/2025\/11\/17.jpg","width":800,"height":800},{"@type":"BreadcrumbList","@id":"https:\/\/www.leadingflagind.com\/fr\/product\/tetes-en-acier-inoxydable-gas-4-g4508sep-fg-power\/#breadcrumb","itemListElement":[{"@type":"ListItem","position":1,"name":"Home","item":"https:\/\/www.leadingflagind.com\/fr\/"},{"@type":"ListItem","position":2,"name":"Products","item":"https:\/\/www.leadingflagind.com\/shop\/"},{"@type":"ListItem","position":3,"name":"T\u00eates en acier inoxydable Gas 4 G4508SEP-FG POWER"}]},{"@type":"WebSite","@id":"https:\/\/www.leadingflagind.com\/#website","url":"https:\/\/www.leadingflagind.com\/","name":"LEADING FLAG - Home Appliance Manufacturing","description":"Home Appliance Manufacturing","publisher":{"@id":"https:\/\/www.leadingflagind.com\/#organization"},"potentialAction":[{"@type":"SearchAction","target":{"@type":"EntryPoint","urlTemplate":"https:\/\/www.leadingflagind.com\/?s={search_term_string}"},"query-input":{"@type":"PropertyValueSpecification","valueRequired":true,"valueName":"search_term_string"}}],"inLanguage":"fr-FR"},{"@type":"Organization","@id":"https:\/\/www.leadingflagind.com\/#organization","name":"LEADING FLAG INDUSTRIAL & TRADING LIMITED","url":"https:\/\/www.leadingflagind.com\/","logo":{"@type":"ImageObject","inLanguage":"fr-FR","@id":"https:\/\/www.leadingflagind.com\/#\/schema\/logo\/image\/","url":"https:\/\/www.leadingflagind.com\/wp-content\/uploads\/2025\/11\/LOGO-leading-Flag.svg","contentUrl":"https:\/\/www.leadingflagind.com\/wp-content\/uploads\/2025\/11\/LOGO-leading-Flag.svg","width":436,"height":76,"caption":"LEADING FLAG INDUSTRIAL & TRADING LIMITED"},"image":{"@id":"https:\/\/www.leadingflagind.com\/#\/schema\/logo\/image\/"}}]}},"_links":{"self":[{"href":"https:\/\/www.leadingflagind.com\/fr\/wp-json\/wp\/v2\/product\/8808","targetHints":{"allow":["GET"]}}],"collection":[{"href":"https:\/\/www.leadingflagind.com\/fr\/wp-json\/wp\/v2\/product"}],"about":[{"href":"https:\/\/www.leadingflagind.com\/fr\/wp-json\/wp\/v2\/types\/product"}],"wp:featuredmedia":[{"embeddable":true,"href":"https:\/\/www.leadingflagind.com\/fr\/wp-json\/wp\/v2\/media\/8608"}],"wp:attachment":[{"href":"https:\/\/www.leadingflagind.com\/fr\/wp-json\/wp\/v2\/media?parent=8808"}],"wp:term":[{"taxonomy":"product_brand","embeddable":true,"href":"https:\/\/www.leadingflagind.com\/fr\/wp-json\/wp\/v2\/product_brand?post=8808"},{"taxonomy":"product_cat","embeddable":true,"href":"https:\/\/www.leadingflagind.com\/fr\/wp-json\/wp\/v2\/product_cat?post=8808"},{"taxonomy":"product_tag","embeddable":true,"href":"https:\/\/www.leadingflagind.com\/fr\/wp-json\/wp\/v2\/product_tag?post=8808"}],"curies":[{"name":"wp","href":"https:\/\/api.w.org\/{rel}","templated":true}]}}