{"id":8807,"date":"2025-11-11T10:47:46","date_gmt":"2025-11-11T10:47:46","guid":{"rendered":"https:\/\/www.leadingflagind.com\/product\/gas-4-heads-black-glass-g4622gcp-heavy-duty_fg-power\/"},"modified":"2025-11-12T08:59:31","modified_gmt":"2025-11-12T08:59:31","slug":"gas-4-heads-verre-noir-g4622gcp-heavy-duty_fg-power","status":"publish","type":"product","link":"https:\/\/www.leadingflagind.com\/fr\/product\/gas-4-heads-verre-noir-g4622gcp-heavy-duty_fg-power\/","title":{"rendered":"Gas 4 T\u00eates Verre noir G4622GCP-HEAVY DUTY_FG POWER"},"content":{"rendered":"","protected":false},"excerpt":{"rendered":"<ul>\n<li>Design \u00e9l\u00e9gant<\/li>\n<li>Allumage automatique<\/li>\n<li>Contr\u00f4le de la pression inf\u00e9rieure pour \u00e9viter tout mouvement de flexion<\/li>\n<li>Plaque de cuisson italienne SABAF authentique<\/li>\n<li>Support de cuisson en fonte<\/li>\n<li>Plus de 30 000 allumages<\/li>\n<li>Puissance totale : 8,5 kW<\/li>\n<\/ul>\n","protected":false},"featured_media":8704,"template":"","meta":[],"product_brand":[],"product_cat":[190,191],"product_tag":[],"class_list":{"0":"post-8807","1":"product","2":"type-product","3":"status-publish","4":"has-post-thumbnail","6":"product_cat-appareils-a-gaz","7":"product_cat-gaz-integre","9":"first","10":"instock","11":"shipping-taxable","12":"product-type-simple"},"yoast_head":"<!-- This site is optimized with the Yoast SEO plugin v26.6 - https:\/\/yoast.com\/wordpress\/plugins\/seo\/ -->\n<title>Gas 4 T\u00eates Verre noir G4622GCP-HEAVY DUTY_FG POWER - LEADING FLAG<\/title>\n<meta name=\"description\" content=\"Design \u00e9l\u00e9gant  Allumage automatique  Contr\u00f4le de la pression inf\u00e9rieure pour \u00e9viter tout mouvement de flexion  Plaque de cuisson italienne SABAF authentique  Support de cuisson en fonte  Plus de 30 000 allumages  Puissance totale : 8,5 kW\" \/>\n<meta name=\"robots\" content=\"index, follow, max-snippet:-1, max-image-preview:large, max-video-preview:-1\" \/>\n<link rel=\"canonical\" href=\"https:\/\/www.leadingflagind.com\/fr\/product\/gas-4-heads-verre-noir-g4622gcp-heavy-duty_fg-power\/\" \/>\n<meta property=\"og:locale\" content=\"fr_FR\" \/>\n<meta property=\"og:type\" content=\"article\" \/>\n<meta property=\"og:title\" content=\"Gas 4 T\u00eates Verre noir G4622GCP-HEAVY DUTY_FG POWER - LEADING FLAG\" \/>\n<meta property=\"og:description\" content=\"Design \u00e9l\u00e9gant  Allumage automatique  Contr\u00f4le de la pression inf\u00e9rieure pour \u00e9viter tout mouvement de flexion  Plaque de cuisson italienne SABAF authentique  Support de cuisson en fonte  Plus de 30 000 allumages  Puissance totale : 8,5 kW\" \/>\n<meta property=\"og:url\" content=\"https:\/\/www.leadingflagind.com\/fr\/product\/gas-4-heads-verre-noir-g4622gcp-heavy-duty_fg-power\/\" \/>\n<meta property=\"og:site_name\" content=\"LEADING FLAG\" \/>\n<meta property=\"article:modified_time\" content=\"2025-11-12T08:59:31+00:00\" \/>\n<meta property=\"og:image\" content=\"https:\/\/www.leadingflagind.com\/wp-content\/uploads\/2025\/11\/18-2.jpg\" \/>\n\t<meta property=\"og:image:width\" content=\"800\" \/>\n\t<meta property=\"og:image:height\" content=\"800\" \/>\n\t<meta property=\"og:image:type\" content=\"image\/jpeg\" \/>\n<meta name=\"twitter:card\" content=\"summary_large_image\" \/>\n<script type=\"application\/ld+json\" class=\"yoast-schema-graph\">{\"@context\":\"https:\/\/schema.org\",\"@graph\":[{\"@type\":\"WebPage\",\"@id\":\"https:\/\/www.leadingflagind.com\/fr\/product\/gas-4-heads-verre-noir-g4622gcp-heavy-duty_fg-power\/\",\"url\":\"https:\/\/www.leadingflagind.com\/fr\/product\/gas-4-heads-verre-noir-g4622gcp-heavy-duty_fg-power\/\",\"name\":\"Gas 4 T\u00eates Verre noir G4622GCP-HEAVY DUTY_FG POWER - LEADING FLAG\",\"isPartOf\":{\"@id\":\"https:\/\/www.leadingflagind.com\/#website\"},\"primaryImageOfPage\":{\"@id\":\"https:\/\/www.leadingflagind.com\/fr\/product\/gas-4-heads-verre-noir-g4622gcp-heavy-duty_fg-power\/#primaryimage\"},\"image\":{\"@id\":\"https:\/\/www.leadingflagind.com\/fr\/product\/gas-4-heads-verre-noir-g4622gcp-heavy-duty_fg-power\/#primaryimage\"},\"thumbnailUrl\":\"https:\/\/www.leadingflagind.com\/wp-content\/uploads\/2025\/11\/18-2.jpg\",\"datePublished\":\"2025-11-11T10:47:46+00:00\",\"dateModified\":\"2025-11-12T08:59:31+00:00\",\"description\":\"Design \u00e9l\u00e9gant Allumage automatique Contr\u00f4le de la pression inf\u00e9rieure pour \u00e9viter tout mouvement de flexion Plaque de cuisson italienne SABAF authentique Support de cuisson en fonte Plus de 30 000 allumages Puissance totale : 8,5 kW\",\"breadcrumb\":{\"@id\":\"https:\/\/www.leadingflagind.com\/fr\/product\/gas-4-heads-verre-noir-g4622gcp-heavy-duty_fg-power\/#breadcrumb\"},\"inLanguage\":\"fr-FR\",\"potentialAction\":[{\"@type\":\"ReadAction\",\"target\":[\"https:\/\/www.leadingflagind.com\/fr\/product\/gas-4-heads-verre-noir-g4622gcp-heavy-duty_fg-power\/\"]}]},{\"@type\":\"ImageObject\",\"inLanguage\":\"fr-FR\",\"@id\":\"https:\/\/www.leadingflagind.com\/fr\/product\/gas-4-heads-verre-noir-g4622gcp-heavy-duty_fg-power\/#primaryimage\",\"url\":\"https:\/\/www.leadingflagind.com\/wp-content\/uploads\/2025\/11\/18-2.jpg\",\"contentUrl\":\"https:\/\/www.leadingflagind.com\/wp-content\/uploads\/2025\/11\/18-2.jpg\",\"width\":800,\"height\":800},{\"@type\":\"BreadcrumbList\",\"@id\":\"https:\/\/www.leadingflagind.com\/fr\/product\/gas-4-heads-verre-noir-g4622gcp-heavy-duty_fg-power\/#breadcrumb\",\"itemListElement\":[{\"@type\":\"ListItem\",\"position\":1,\"name\":\"Home\",\"item\":\"https:\/\/www.leadingflagind.com\/fr\/\"},{\"@type\":\"ListItem\",\"position\":2,\"name\":\"Products\",\"item\":\"https:\/\/www.leadingflagind.com\/shop\/\"},{\"@type\":\"ListItem\",\"position\":3,\"name\":\"Gas 4 T\u00eates Verre noir G4622GCP-HEAVY DUTY_FG POWER\"}]},{\"@type\":\"WebSite\",\"@id\":\"https:\/\/www.leadingflagind.com\/#website\",\"url\":\"https:\/\/www.leadingflagind.com\/\",\"name\":\"LEADING FLAG - Home Appliance Manufacturing\",\"description\":\"Home Appliance Manufacturing\",\"publisher\":{\"@id\":\"https:\/\/www.leadingflagind.com\/#organization\"},\"potentialAction\":[{\"@type\":\"SearchAction\",\"target\":{\"@type\":\"EntryPoint\",\"urlTemplate\":\"https:\/\/www.leadingflagind.com\/?s={search_term_string}\"},\"query-input\":{\"@type\":\"PropertyValueSpecification\",\"valueRequired\":true,\"valueName\":\"search_term_string\"}}],\"inLanguage\":\"fr-FR\"},{\"@type\":\"Organization\",\"@id\":\"https:\/\/www.leadingflagind.com\/#organization\",\"name\":\"LEADING FLAG INDUSTRIAL & TRADING LIMITED\",\"url\":\"https:\/\/www.leadingflagind.com\/\",\"logo\":{\"@type\":\"ImageObject\",\"inLanguage\":\"fr-FR\",\"@id\":\"https:\/\/www.leadingflagind.com\/#\/schema\/logo\/image\/\",\"url\":\"https:\/\/www.leadingflagind.com\/wp-content\/uploads\/2025\/11\/LOGO-leading-Flag.svg\",\"contentUrl\":\"https:\/\/www.leadingflagind.com\/wp-content\/uploads\/2025\/11\/LOGO-leading-Flag.svg\",\"width\":436,\"height\":76,\"caption\":\"LEADING FLAG INDUSTRIAL & TRADING LIMITED\"},\"image\":{\"@id\":\"https:\/\/www.leadingflagind.com\/#\/schema\/logo\/image\/\"}}]}<\/script>\n<!-- \/ Yoast SEO plugin. -->","yoast_head_json":{"title":"Gas 4 T\u00eates Verre noir G4622GCP-HEAVY DUTY_FG POWER - LEADING FLAG","description":"Design \u00e9l\u00e9gant  Allumage automatique  Contr\u00f4le de la pression inf\u00e9rieure pour \u00e9viter tout mouvement de flexion  Plaque de cuisson italienne SABAF authentique  Support de cuisson en fonte  Plus de 30 000 allumages  Puissance totale : 8,5 kW","robots":{"index":"index","follow":"follow","max-snippet":"max-snippet:-1","max-image-preview":"max-image-preview:large","max-video-preview":"max-video-preview:-1"},"canonical":"https:\/\/www.leadingflagind.com\/fr\/product\/gas-4-heads-verre-noir-g4622gcp-heavy-duty_fg-power\/","og_locale":"fr_FR","og_type":"article","og_title":"Gas 4 T\u00eates Verre noir G4622GCP-HEAVY DUTY_FG POWER - LEADING FLAG","og_description":"Design \u00e9l\u00e9gant  Allumage automatique  Contr\u00f4le de la pression inf\u00e9rieure pour \u00e9viter tout mouvement de flexion  Plaque de cuisson italienne SABAF authentique  Support de cuisson en fonte  Plus de 30 000 allumages  Puissance totale : 8,5 kW","og_url":"https:\/\/www.leadingflagind.com\/fr\/product\/gas-4-heads-verre-noir-g4622gcp-heavy-duty_fg-power\/","og_site_name":"LEADING FLAG","article_modified_time":"2025-11-12T08:59:31+00:00","og_image":[{"width":800,"height":800,"url":"https:\/\/www.leadingflagind.com\/wp-content\/uploads\/2025\/11\/18-2.jpg","type":"image\/jpeg"}],"twitter_card":"summary_large_image","schema":{"@context":"https:\/\/schema.org","@graph":[{"@type":"WebPage","@id":"https:\/\/www.leadingflagind.com\/fr\/product\/gas-4-heads-verre-noir-g4622gcp-heavy-duty_fg-power\/","url":"https:\/\/www.leadingflagind.com\/fr\/product\/gas-4-heads-verre-noir-g4622gcp-heavy-duty_fg-power\/","name":"Gas 4 T\u00eates Verre noir G4622GCP-HEAVY DUTY_FG POWER - LEADING FLAG","isPartOf":{"@id":"https:\/\/www.leadingflagind.com\/#website"},"primaryImageOfPage":{"@id":"https:\/\/www.leadingflagind.com\/fr\/product\/gas-4-heads-verre-noir-g4622gcp-heavy-duty_fg-power\/#primaryimage"},"image":{"@id":"https:\/\/www.leadingflagind.com\/fr\/product\/gas-4-heads-verre-noir-g4622gcp-heavy-duty_fg-power\/#primaryimage"},"thumbnailUrl":"https:\/\/www.leadingflagind.com\/wp-content\/uploads\/2025\/11\/18-2.jpg","datePublished":"2025-11-11T10:47:46+00:00","dateModified":"2025-11-12T08:59:31+00:00","description":"Design \u00e9l\u00e9gant Allumage automatique Contr\u00f4le de la pression inf\u00e9rieure pour \u00e9viter tout mouvement de flexion Plaque de cuisson italienne SABAF authentique Support de cuisson en fonte Plus de 30 000 allumages Puissance totale : 8,5 kW","breadcrumb":{"@id":"https:\/\/www.leadingflagind.com\/fr\/product\/gas-4-heads-verre-noir-g4622gcp-heavy-duty_fg-power\/#breadcrumb"},"inLanguage":"fr-FR","potentialAction":[{"@type":"ReadAction","target":["https:\/\/www.leadingflagind.com\/fr\/product\/gas-4-heads-verre-noir-g4622gcp-heavy-duty_fg-power\/"]}]},{"@type":"ImageObject","inLanguage":"fr-FR","@id":"https:\/\/www.leadingflagind.com\/fr\/product\/gas-4-heads-verre-noir-g4622gcp-heavy-duty_fg-power\/#primaryimage","url":"https:\/\/www.leadingflagind.com\/wp-content\/uploads\/2025\/11\/18-2.jpg","contentUrl":"https:\/\/www.leadingflagind.com\/wp-content\/uploads\/2025\/11\/18-2.jpg","width":800,"height":800},{"@type":"BreadcrumbList","@id":"https:\/\/www.leadingflagind.com\/fr\/product\/gas-4-heads-verre-noir-g4622gcp-heavy-duty_fg-power\/#breadcrumb","itemListElement":[{"@type":"ListItem","position":1,"name":"Home","item":"https:\/\/www.leadingflagind.com\/fr\/"},{"@type":"ListItem","position":2,"name":"Products","item":"https:\/\/www.leadingflagind.com\/shop\/"},{"@type":"ListItem","position":3,"name":"Gas 4 T\u00eates Verre noir G4622GCP-HEAVY DUTY_FG POWER"}]},{"@type":"WebSite","@id":"https:\/\/www.leadingflagind.com\/#website","url":"https:\/\/www.leadingflagind.com\/","name":"LEADING FLAG - Home Appliance Manufacturing","description":"Home Appliance Manufacturing","publisher":{"@id":"https:\/\/www.leadingflagind.com\/#organization"},"potentialAction":[{"@type":"SearchAction","target":{"@type":"EntryPoint","urlTemplate":"https:\/\/www.leadingflagind.com\/?s={search_term_string}"},"query-input":{"@type":"PropertyValueSpecification","valueRequired":true,"valueName":"search_term_string"}}],"inLanguage":"fr-FR"},{"@type":"Organization","@id":"https:\/\/www.leadingflagind.com\/#organization","name":"LEADING FLAG INDUSTRIAL & TRADING LIMITED","url":"https:\/\/www.leadingflagind.com\/","logo":{"@type":"ImageObject","inLanguage":"fr-FR","@id":"https:\/\/www.leadingflagind.com\/#\/schema\/logo\/image\/","url":"https:\/\/www.leadingflagind.com\/wp-content\/uploads\/2025\/11\/LOGO-leading-Flag.svg","contentUrl":"https:\/\/www.leadingflagind.com\/wp-content\/uploads\/2025\/11\/LOGO-leading-Flag.svg","width":436,"height":76,"caption":"LEADING FLAG INDUSTRIAL & TRADING LIMITED"},"image":{"@id":"https:\/\/www.leadingflagind.com\/#\/schema\/logo\/image\/"}}]}},"_links":{"self":[{"href":"https:\/\/www.leadingflagind.com\/fr\/wp-json\/wp\/v2\/product\/8807","targetHints":{"allow":["GET"]}}],"collection":[{"href":"https:\/\/www.leadingflagind.com\/fr\/wp-json\/wp\/v2\/product"}],"about":[{"href":"https:\/\/www.leadingflagind.com\/fr\/wp-json\/wp\/v2\/types\/product"}],"wp:featuredmedia":[{"embeddable":true,"href":"https:\/\/www.leadingflagind.com\/fr\/wp-json\/wp\/v2\/media\/8704"}],"wp:attachment":[{"href":"https:\/\/www.leadingflagind.com\/fr\/wp-json\/wp\/v2\/media?parent=8807"}],"wp:term":[{"taxonomy":"product_brand","embeddable":true,"href":"https:\/\/www.leadingflagind.com\/fr\/wp-json\/wp\/v2\/product_brand?post=8807"},{"taxonomy":"product_cat","embeddable":true,"href":"https:\/\/www.leadingflagind.com\/fr\/wp-json\/wp\/v2\/product_cat?post=8807"},{"taxonomy":"product_tag","embeddable":true,"href":"https:\/\/www.leadingflagind.com\/fr\/wp-json\/wp\/v2\/product_tag?post=8807"}],"curies":[{"name":"wp","href":"https:\/\/api.w.org\/{rel}","templated":true}]}}