{"id":8805,"date":"2025-11-11T10:47:48","date_gmt":"2025-11-11T10:47:48","guid":{"rendered":"https:\/\/www.leadingflagind.com\/product\/black-mirror-oven-6-programmes-e750206g1g1k-fg-power\/"},"modified":"2025-11-12T08:57:52","modified_gmt":"2025-11-12T08:57:52","slug":"four-a-miroir-noir-6-programmes-e750206g1g1k-fg-power","status":"publish","type":"product","link":"https:\/\/www.leadingflagind.com\/fr\/product\/four-a-miroir-noir-6-programmes-e750206g1g1k-fg-power\/","title":{"rendered":"Four \u00e0 miroir noir 6 programmes E750206G1G1K-FG POWER"},"content":{"rendered":"","protected":false},"excerpt":{"rendered":"<ul>\n<li>Four \u00e9lectrique \u00e0 six fonctions<\/li>\n<li>\u00c9clairage<\/li>\n<li>Pain traditionnel<\/li>\n<li>Cuisson \u00e0 convection<\/li>\n<li>Grill complet<\/li>\n<li>Grill assist\u00e9 par ventilateur<\/li>\n<li>Chauffage par le bas<\/li>\n<li>Minuterie de 120 minutes incluse<\/li>\n<li>Fa\u00e7ade en verre noir \u00e9l\u00e9gant et r\u00e9sistant aux chocs<\/li>\n<\/ul>\n","protected":false},"featured_media":8615,"template":"","meta":[],"product_brand":[],"product_cat":[186],"product_tag":[],"class_list":{"0":"post-8805","1":"product","2":"type-product","3":"status-publish","4":"has-post-thumbnail","6":"product_cat-four-encastrable","8":"first","9":"instock","10":"shipping-taxable","11":"product-type-simple"},"yoast_head":"<!-- This site is optimized with the Yoast SEO plugin v26.6 - https:\/\/yoast.com\/wordpress\/plugins\/seo\/ -->\n<title>Four \u00e0 miroir noir 6 programmes E750206G1G1K-FG POWER - LEADING FLAG<\/title>\n<meta name=\"description\" content=\"Four \u00e9lectrique \u00e0 six fonctions  \u00c9clairage  Pain traditionnel  Cuisson \u00e0 convection  Grill complet  Grill assist\u00e9 par ventilateur  Chauffage par le bas  Minuterie de 120 minutes incluse  Fa\u00e7ade en verre noir \u00e9l\u00e9gant et r\u00e9sistant aux chocs\" \/>\n<meta name=\"robots\" content=\"index, follow, max-snippet:-1, max-image-preview:large, max-video-preview:-1\" \/>\n<link rel=\"canonical\" href=\"https:\/\/www.leadingflagind.com\/fr\/product\/four-a-miroir-noir-6-programmes-e750206g1g1k-fg-power\/\" \/>\n<meta property=\"og:locale\" content=\"fr_FR\" \/>\n<meta property=\"og:type\" content=\"article\" \/>\n<meta property=\"og:title\" content=\"Four \u00e0 miroir noir 6 programmes E750206G1G1K-FG POWER - LEADING FLAG\" \/>\n<meta property=\"og:description\" content=\"Four \u00e9lectrique \u00e0 six fonctions  \u00c9clairage  Pain traditionnel  Cuisson \u00e0 convection  Grill complet  Grill assist\u00e9 par ventilateur  Chauffage par le bas  Minuterie de 120 minutes incluse  Fa\u00e7ade en verre noir \u00e9l\u00e9gant et r\u00e9sistant aux chocs\" \/>\n<meta property=\"og:url\" content=\"https:\/\/www.leadingflagind.com\/fr\/product\/four-a-miroir-noir-6-programmes-e750206g1g1k-fg-power\/\" \/>\n<meta property=\"og:site_name\" content=\"LEADING FLAG\" \/>\n<meta property=\"article:modified_time\" content=\"2025-11-12T08:57:52+00:00\" \/>\n<meta property=\"og:image\" content=\"https:\/\/www.leadingflagind.com\/wp-content\/uploads\/2025\/11\/11-2.jpg\" \/>\n\t<meta property=\"og:image:width\" content=\"800\" \/>\n\t<meta property=\"og:image:height\" content=\"800\" \/>\n\t<meta property=\"og:image:type\" content=\"image\/jpeg\" \/>\n<meta name=\"twitter:card\" content=\"summary_large_image\" \/>\n<script type=\"application\/ld+json\" class=\"yoast-schema-graph\">{\"@context\":\"https:\/\/schema.org\",\"@graph\":[{\"@type\":\"WebPage\",\"@id\":\"https:\/\/www.leadingflagind.com\/fr\/product\/four-a-miroir-noir-6-programmes-e750206g1g1k-fg-power\/\",\"url\":\"https:\/\/www.leadingflagind.com\/fr\/product\/four-a-miroir-noir-6-programmes-e750206g1g1k-fg-power\/\",\"name\":\"Four \u00e0 miroir noir 6 programmes E750206G1G1K-FG POWER - LEADING FLAG\",\"isPartOf\":{\"@id\":\"https:\/\/www.leadingflagind.com\/#website\"},\"primaryImageOfPage\":{\"@id\":\"https:\/\/www.leadingflagind.com\/fr\/product\/four-a-miroir-noir-6-programmes-e750206g1g1k-fg-power\/#primaryimage\"},\"image\":{\"@id\":\"https:\/\/www.leadingflagind.com\/fr\/product\/four-a-miroir-noir-6-programmes-e750206g1g1k-fg-power\/#primaryimage\"},\"thumbnailUrl\":\"https:\/\/www.leadingflagind.com\/wp-content\/uploads\/2025\/11\/11-2.jpg\",\"datePublished\":\"2025-11-11T10:47:48+00:00\",\"dateModified\":\"2025-11-12T08:57:52+00:00\",\"description\":\"Four \u00e9lectrique \u00e0 six fonctions \u00c9clairage Pain traditionnel Cuisson \u00e0 convection Grill complet Grill assist\u00e9 par ventilateur Chauffage par le bas Minuterie de 120 minutes incluse Fa\u00e7ade en verre noir \u00e9l\u00e9gant et r\u00e9sistant aux chocs\",\"breadcrumb\":{\"@id\":\"https:\/\/www.leadingflagind.com\/fr\/product\/four-a-miroir-noir-6-programmes-e750206g1g1k-fg-power\/#breadcrumb\"},\"inLanguage\":\"fr-FR\",\"potentialAction\":[{\"@type\":\"ReadAction\",\"target\":[\"https:\/\/www.leadingflagind.com\/fr\/product\/four-a-miroir-noir-6-programmes-e750206g1g1k-fg-power\/\"]}]},{\"@type\":\"ImageObject\",\"inLanguage\":\"fr-FR\",\"@id\":\"https:\/\/www.leadingflagind.com\/fr\/product\/four-a-miroir-noir-6-programmes-e750206g1g1k-fg-power\/#primaryimage\",\"url\":\"https:\/\/www.leadingflagind.com\/wp-content\/uploads\/2025\/11\/11-2.jpg\",\"contentUrl\":\"https:\/\/www.leadingflagind.com\/wp-content\/uploads\/2025\/11\/11-2.jpg\",\"width\":800,\"height\":800},{\"@type\":\"BreadcrumbList\",\"@id\":\"https:\/\/www.leadingflagind.com\/fr\/product\/four-a-miroir-noir-6-programmes-e750206g1g1k-fg-power\/#breadcrumb\",\"itemListElement\":[{\"@type\":\"ListItem\",\"position\":1,\"name\":\"Home\",\"item\":\"https:\/\/www.leadingflagind.com\/fr\/\"},{\"@type\":\"ListItem\",\"position\":2,\"name\":\"Products\",\"item\":\"https:\/\/www.leadingflagind.com\/shop\/\"},{\"@type\":\"ListItem\",\"position\":3,\"name\":\"Four \u00e0 miroir noir 6 programmes E750206G1G1K-FG POWER\"}]},{\"@type\":\"WebSite\",\"@id\":\"https:\/\/www.leadingflagind.com\/#website\",\"url\":\"https:\/\/www.leadingflagind.com\/\",\"name\":\"LEADING FLAG - Home Appliance Manufacturing\",\"description\":\"Home Appliance Manufacturing\",\"publisher\":{\"@id\":\"https:\/\/www.leadingflagind.com\/#organization\"},\"potentialAction\":[{\"@type\":\"SearchAction\",\"target\":{\"@type\":\"EntryPoint\",\"urlTemplate\":\"https:\/\/www.leadingflagind.com\/?s={search_term_string}\"},\"query-input\":{\"@type\":\"PropertyValueSpecification\",\"valueRequired\":true,\"valueName\":\"search_term_string\"}}],\"inLanguage\":\"fr-FR\"},{\"@type\":\"Organization\",\"@id\":\"https:\/\/www.leadingflagind.com\/#organization\",\"name\":\"LEADING FLAG INDUSTRIAL & TRADING LIMITED\",\"url\":\"https:\/\/www.leadingflagind.com\/\",\"logo\":{\"@type\":\"ImageObject\",\"inLanguage\":\"fr-FR\",\"@id\":\"https:\/\/www.leadingflagind.com\/#\/schema\/logo\/image\/\",\"url\":\"https:\/\/www.leadingflagind.com\/wp-content\/uploads\/2025\/11\/LOGO-leading-Flag.svg\",\"contentUrl\":\"https:\/\/www.leadingflagind.com\/wp-content\/uploads\/2025\/11\/LOGO-leading-Flag.svg\",\"width\":436,\"height\":76,\"caption\":\"LEADING FLAG INDUSTRIAL & TRADING LIMITED\"},\"image\":{\"@id\":\"https:\/\/www.leadingflagind.com\/#\/schema\/logo\/image\/\"}}]}<\/script>\n<!-- \/ Yoast SEO plugin. -->","yoast_head_json":{"title":"Four \u00e0 miroir noir 6 programmes E750206G1G1K-FG POWER - LEADING FLAG","description":"Four \u00e9lectrique \u00e0 six fonctions  \u00c9clairage  Pain traditionnel  Cuisson \u00e0 convection  Grill complet  Grill assist\u00e9 par ventilateur  Chauffage par le bas  Minuterie de 120 minutes incluse  Fa\u00e7ade en verre noir \u00e9l\u00e9gant et r\u00e9sistant aux chocs","robots":{"index":"index","follow":"follow","max-snippet":"max-snippet:-1","max-image-preview":"max-image-preview:large","max-video-preview":"max-video-preview:-1"},"canonical":"https:\/\/www.leadingflagind.com\/fr\/product\/four-a-miroir-noir-6-programmes-e750206g1g1k-fg-power\/","og_locale":"fr_FR","og_type":"article","og_title":"Four \u00e0 miroir noir 6 programmes E750206G1G1K-FG POWER - LEADING FLAG","og_description":"Four \u00e9lectrique \u00e0 six fonctions  \u00c9clairage  Pain traditionnel  Cuisson \u00e0 convection  Grill complet  Grill assist\u00e9 par ventilateur  Chauffage par le bas  Minuterie de 120 minutes incluse  Fa\u00e7ade en verre noir \u00e9l\u00e9gant et r\u00e9sistant aux chocs","og_url":"https:\/\/www.leadingflagind.com\/fr\/product\/four-a-miroir-noir-6-programmes-e750206g1g1k-fg-power\/","og_site_name":"LEADING FLAG","article_modified_time":"2025-11-12T08:57:52+00:00","og_image":[{"width":800,"height":800,"url":"https:\/\/www.leadingflagind.com\/wp-content\/uploads\/2025\/11\/11-2.jpg","type":"image\/jpeg"}],"twitter_card":"summary_large_image","schema":{"@context":"https:\/\/schema.org","@graph":[{"@type":"WebPage","@id":"https:\/\/www.leadingflagind.com\/fr\/product\/four-a-miroir-noir-6-programmes-e750206g1g1k-fg-power\/","url":"https:\/\/www.leadingflagind.com\/fr\/product\/four-a-miroir-noir-6-programmes-e750206g1g1k-fg-power\/","name":"Four \u00e0 miroir noir 6 programmes E750206G1G1K-FG POWER - LEADING FLAG","isPartOf":{"@id":"https:\/\/www.leadingflagind.com\/#website"},"primaryImageOfPage":{"@id":"https:\/\/www.leadingflagind.com\/fr\/product\/four-a-miroir-noir-6-programmes-e750206g1g1k-fg-power\/#primaryimage"},"image":{"@id":"https:\/\/www.leadingflagind.com\/fr\/product\/four-a-miroir-noir-6-programmes-e750206g1g1k-fg-power\/#primaryimage"},"thumbnailUrl":"https:\/\/www.leadingflagind.com\/wp-content\/uploads\/2025\/11\/11-2.jpg","datePublished":"2025-11-11T10:47:48+00:00","dateModified":"2025-11-12T08:57:52+00:00","description":"Four \u00e9lectrique \u00e0 six fonctions \u00c9clairage Pain traditionnel Cuisson \u00e0 convection Grill complet Grill assist\u00e9 par ventilateur Chauffage par le bas Minuterie de 120 minutes incluse Fa\u00e7ade en verre noir \u00e9l\u00e9gant et r\u00e9sistant aux chocs","breadcrumb":{"@id":"https:\/\/www.leadingflagind.com\/fr\/product\/four-a-miroir-noir-6-programmes-e750206g1g1k-fg-power\/#breadcrumb"},"inLanguage":"fr-FR","potentialAction":[{"@type":"ReadAction","target":["https:\/\/www.leadingflagind.com\/fr\/product\/four-a-miroir-noir-6-programmes-e750206g1g1k-fg-power\/"]}]},{"@type":"ImageObject","inLanguage":"fr-FR","@id":"https:\/\/www.leadingflagind.com\/fr\/product\/four-a-miroir-noir-6-programmes-e750206g1g1k-fg-power\/#primaryimage","url":"https:\/\/www.leadingflagind.com\/wp-content\/uploads\/2025\/11\/11-2.jpg","contentUrl":"https:\/\/www.leadingflagind.com\/wp-content\/uploads\/2025\/11\/11-2.jpg","width":800,"height":800},{"@type":"BreadcrumbList","@id":"https:\/\/www.leadingflagind.com\/fr\/product\/four-a-miroir-noir-6-programmes-e750206g1g1k-fg-power\/#breadcrumb","itemListElement":[{"@type":"ListItem","position":1,"name":"Home","item":"https:\/\/www.leadingflagind.com\/fr\/"},{"@type":"ListItem","position":2,"name":"Products","item":"https:\/\/www.leadingflagind.com\/shop\/"},{"@type":"ListItem","position":3,"name":"Four \u00e0 miroir noir 6 programmes E750206G1G1K-FG POWER"}]},{"@type":"WebSite","@id":"https:\/\/www.leadingflagind.com\/#website","url":"https:\/\/www.leadingflagind.com\/","name":"LEADING FLAG - Home Appliance Manufacturing","description":"Home Appliance Manufacturing","publisher":{"@id":"https:\/\/www.leadingflagind.com\/#organization"},"potentialAction":[{"@type":"SearchAction","target":{"@type":"EntryPoint","urlTemplate":"https:\/\/www.leadingflagind.com\/?s={search_term_string}"},"query-input":{"@type":"PropertyValueSpecification","valueRequired":true,"valueName":"search_term_string"}}],"inLanguage":"fr-FR"},{"@type":"Organization","@id":"https:\/\/www.leadingflagind.com\/#organization","name":"LEADING FLAG INDUSTRIAL & TRADING LIMITED","url":"https:\/\/www.leadingflagind.com\/","logo":{"@type":"ImageObject","inLanguage":"fr-FR","@id":"https:\/\/www.leadingflagind.com\/#\/schema\/logo\/image\/","url":"https:\/\/www.leadingflagind.com\/wp-content\/uploads\/2025\/11\/LOGO-leading-Flag.svg","contentUrl":"https:\/\/www.leadingflagind.com\/wp-content\/uploads\/2025\/11\/LOGO-leading-Flag.svg","width":436,"height":76,"caption":"LEADING FLAG INDUSTRIAL & TRADING LIMITED"},"image":{"@id":"https:\/\/www.leadingflagind.com\/#\/schema\/logo\/image\/"}}]}},"_links":{"self":[{"href":"https:\/\/www.leadingflagind.com\/fr\/wp-json\/wp\/v2\/product\/8805","targetHints":{"allow":["GET"]}}],"collection":[{"href":"https:\/\/www.leadingflagind.com\/fr\/wp-json\/wp\/v2\/product"}],"about":[{"href":"https:\/\/www.leadingflagind.com\/fr\/wp-json\/wp\/v2\/types\/product"}],"wp:featuredmedia":[{"embeddable":true,"href":"https:\/\/www.leadingflagind.com\/fr\/wp-json\/wp\/v2\/media\/8615"}],"wp:attachment":[{"href":"https:\/\/www.leadingflagind.com\/fr\/wp-json\/wp\/v2\/media?parent=8805"}],"wp:term":[{"taxonomy":"product_brand","embeddable":true,"href":"https:\/\/www.leadingflagind.com\/fr\/wp-json\/wp\/v2\/product_brand?post=8805"},{"taxonomy":"product_cat","embeddable":true,"href":"https:\/\/www.leadingflagind.com\/fr\/wp-json\/wp\/v2\/product_cat?post=8805"},{"taxonomy":"product_tag","embeddable":true,"href":"https:\/\/www.leadingflagind.com\/fr\/wp-json\/wp\/v2\/product_tag?post=8805"}],"curies":[{"name":"wp","href":"https:\/\/api.w.org\/{rel}","templated":true}]}}