{"id":8802,"date":"2025-11-11T10:47:48","date_gmt":"2025-11-11T10:47:48","guid":{"rendered":"https:\/\/www.leadingflagind.com\/product\/black-circular-filter-hood-ir0145fg-power\/"},"modified":"2025-11-20T11:02:43","modified_gmt":"2025-11-20T11:02:43","slug":"ir0145fg-fg-power-hotte-filtre-rond-noir","status":"publish","type":"product","link":"https:\/\/www.leadingflagind.com\/fr\/product\/ir0145fg-fg-power-hotte-filtre-rond-noir\/","title":{"rendered":"IR0145FG \u2013 FG POWER \u2013 Hotte Filtre Rond Noir"},"content":{"rendered":"","protected":false},"excerpt":{"rendered":"<ul>\n<li>Acier noir + alliage d&rsquo;aluminium noir 45 cm de large<\/li>\n<li>Conception : montage au plafond<\/li>\n<li>Tension et fr\u00e9quence : 220~240 V, 50 Hz<\/li>\n<li>Puissance totale : 220 W<\/li>\n<li>Type de moteur : moteur CA 1*200 W<\/li>\n<li>Type de lampe : panneau LED \u00e0 deux vitesses 1*20 W<\/li>\n<li>D\u00e9bit d&rsquo;air maximal : 450 m\u00e8tres cubes\/heure<\/li>\n<li>Vitesse du ventilateur : 3 niveaux<\/li>\n<li>Commande par touche : bouton lumineux LED, capteur d&rsquo;ondes, Wi-Fi<\/li>\n<li>Type de filtre : 1 filtre en aluminium<\/li>\n<li>Filtre \u00e0 charbon inclus<\/li>\n<\/ul>\n","protected":false},"featured_media":8705,"template":"","meta":[],"product_brand":[],"product_cat":[180,181],"product_tag":[],"class_list":{"0":"post-8802","1":"product","2":"type-product","3":"status-publish","4":"has-post-thumbnail","6":"product_cat-hottes-daeration","7":"product_cat-hottes-lustres","9":"first","10":"instock","11":"shipping-taxable","12":"product-type-simple"},"yoast_head":"<!-- This site is optimized with the Yoast SEO plugin v26.6 - https:\/\/yoast.com\/wordpress\/plugins\/seo\/ -->\n<title>IR0145FG \u2013 FG POWER \u2013 Hotte Filtre Rond Noir - LEADING FLAG<\/title>\n<meta name=\"description\" content=\"Acier noir + alliage d&#039;aluminium noir 45 cm de large  Conception : montage au plafond  Tension et fr\u00e9quence : 220~240 V, 50 Hz  Puissance totale : 220 W  Type de moteur : moteur CA 1*200 W  Type de lampe : panneau LED \u00e0 deux vitesses 1*20 W  D\u00e9bit d&#039;air maximal : 450 m\u00e8tres cubes\/heure  Vitesse du ventilateur : 3 niveaux  Commande par touche : bouton lumineux LED, capteur d&#039;ondes, Wi-Fi  Type de filtre : 1 filtre en aluminium  Filtre \u00e0 charbon inclus\" \/>\n<meta name=\"robots\" content=\"index, follow, max-snippet:-1, max-image-preview:large, max-video-preview:-1\" \/>\n<link rel=\"canonical\" href=\"https:\/\/www.leadingflagind.com\/fr\/product\/ir0145fg-fg-power-hotte-filtre-rond-noir\/\" \/>\n<meta property=\"og:locale\" content=\"fr_FR\" \/>\n<meta property=\"og:type\" content=\"article\" \/>\n<meta property=\"og:title\" content=\"IR0145FG \u2013 FG POWER \u2013 Hotte Filtre Rond Noir - LEADING FLAG\" \/>\n<meta property=\"og:description\" content=\"Acier noir + alliage d&#039;aluminium noir 45 cm de large  Conception : montage au plafond  Tension et fr\u00e9quence : 220~240 V, 50 Hz  Puissance totale : 220 W  Type de moteur : moteur CA 1*200 W  Type de lampe : panneau LED \u00e0 deux vitesses 1*20 W  D\u00e9bit d&#039;air maximal : 450 m\u00e8tres cubes\/heure  Vitesse du ventilateur : 3 niveaux  Commande par touche : bouton lumineux LED, capteur d&#039;ondes, Wi-Fi  Type de filtre : 1 filtre en aluminium  Filtre \u00e0 charbon inclus\" \/>\n<meta property=\"og:url\" content=\"https:\/\/www.leadingflagind.com\/fr\/product\/ir0145fg-fg-power-hotte-filtre-rond-noir\/\" \/>\n<meta property=\"og:site_name\" content=\"LEADING FLAG\" \/>\n<meta property=\"article:modified_time\" content=\"2025-11-20T11:02:43+00:00\" \/>\n<meta property=\"og:image\" content=\"https:\/\/www.leadingflagind.com\/wp-content\/uploads\/2025\/11\/10.jpg\" \/>\n\t<meta property=\"og:image:width\" content=\"824\" \/>\n\t<meta property=\"og:image:height\" content=\"800\" \/>\n\t<meta property=\"og:image:type\" content=\"image\/jpeg\" \/>\n<meta name=\"twitter:card\" content=\"summary_large_image\" \/>\n<script type=\"application\/ld+json\" class=\"yoast-schema-graph\">{\"@context\":\"https:\/\/schema.org\",\"@graph\":[{\"@type\":\"WebPage\",\"@id\":\"https:\/\/www.leadingflagind.com\/fr\/product\/ir0145fg-fg-power-hotte-filtre-rond-noir\/\",\"url\":\"https:\/\/www.leadingflagind.com\/fr\/product\/ir0145fg-fg-power-hotte-filtre-rond-noir\/\",\"name\":\"IR0145FG \u2013 FG POWER \u2013 Hotte Filtre Rond Noir - LEADING FLAG\",\"isPartOf\":{\"@id\":\"https:\/\/www.leadingflagind.com\/#website\"},\"primaryImageOfPage\":{\"@id\":\"https:\/\/www.leadingflagind.com\/fr\/product\/ir0145fg-fg-power-hotte-filtre-rond-noir\/#primaryimage\"},\"image\":{\"@id\":\"https:\/\/www.leadingflagind.com\/fr\/product\/ir0145fg-fg-power-hotte-filtre-rond-noir\/#primaryimage\"},\"thumbnailUrl\":\"https:\/\/www.leadingflagind.com\/wp-content\/uploads\/2025\/11\/10.jpg\",\"datePublished\":\"2025-11-11T10:47:48+00:00\",\"dateModified\":\"2025-11-20T11:02:43+00:00\",\"description\":\"Acier noir + alliage d'aluminium noir 45 cm de large Conception : montage au plafond Tension et fr\u00e9quence : 220~240 V, 50 Hz Puissance totale : 220 W Type de moteur : moteur CA 1*200 W Type de lampe : panneau LED \u00e0 deux vitesses 1*20 W D\u00e9bit d'air maximal : 450 m\u00e8tres cubes\/heure Vitesse du ventilateur : 3 niveaux Commande par touche : bouton lumineux LED, capteur d'ondes, Wi-Fi Type de filtre : 1 filtre en aluminium Filtre \u00e0 charbon inclus\",\"breadcrumb\":{\"@id\":\"https:\/\/www.leadingflagind.com\/fr\/product\/ir0145fg-fg-power-hotte-filtre-rond-noir\/#breadcrumb\"},\"inLanguage\":\"fr-FR\",\"potentialAction\":[{\"@type\":\"ReadAction\",\"target\":[\"https:\/\/www.leadingflagind.com\/fr\/product\/ir0145fg-fg-power-hotte-filtre-rond-noir\/\"]}]},{\"@type\":\"ImageObject\",\"inLanguage\":\"fr-FR\",\"@id\":\"https:\/\/www.leadingflagind.com\/fr\/product\/ir0145fg-fg-power-hotte-filtre-rond-noir\/#primaryimage\",\"url\":\"https:\/\/www.leadingflagind.com\/wp-content\/uploads\/2025\/11\/10.jpg\",\"contentUrl\":\"https:\/\/www.leadingflagind.com\/wp-content\/uploads\/2025\/11\/10.jpg\",\"width\":824,\"height\":800},{\"@type\":\"BreadcrumbList\",\"@id\":\"https:\/\/www.leadingflagind.com\/fr\/product\/ir0145fg-fg-power-hotte-filtre-rond-noir\/#breadcrumb\",\"itemListElement\":[{\"@type\":\"ListItem\",\"position\":1,\"name\":\"Home\",\"item\":\"https:\/\/www.leadingflagind.com\/fr\/\"},{\"@type\":\"ListItem\",\"position\":2,\"name\":\"Products\",\"item\":\"https:\/\/www.leadingflagind.com\/shop\/\"},{\"@type\":\"ListItem\",\"position\":3,\"name\":\"IR0145FG \u2013 FG POWER \u2013 Hotte Filtre Rond Noir\"}]},{\"@type\":\"WebSite\",\"@id\":\"https:\/\/www.leadingflagind.com\/#website\",\"url\":\"https:\/\/www.leadingflagind.com\/\",\"name\":\"LEADING FLAG - Home Appliance Manufacturing\",\"description\":\"Home Appliance Manufacturing\",\"publisher\":{\"@id\":\"https:\/\/www.leadingflagind.com\/#organization\"},\"potentialAction\":[{\"@type\":\"SearchAction\",\"target\":{\"@type\":\"EntryPoint\",\"urlTemplate\":\"https:\/\/www.leadingflagind.com\/?s={search_term_string}\"},\"query-input\":{\"@type\":\"PropertyValueSpecification\",\"valueRequired\":true,\"valueName\":\"search_term_string\"}}],\"inLanguage\":\"fr-FR\"},{\"@type\":\"Organization\",\"@id\":\"https:\/\/www.leadingflagind.com\/#organization\",\"name\":\"LEADING FLAG INDUSTRIAL & TRADING LIMITED\",\"url\":\"https:\/\/www.leadingflagind.com\/\",\"logo\":{\"@type\":\"ImageObject\",\"inLanguage\":\"fr-FR\",\"@id\":\"https:\/\/www.leadingflagind.com\/#\/schema\/logo\/image\/\",\"url\":\"https:\/\/www.leadingflagind.com\/wp-content\/uploads\/2025\/11\/LOGO-leading-Flag.svg\",\"contentUrl\":\"https:\/\/www.leadingflagind.com\/wp-content\/uploads\/2025\/11\/LOGO-leading-Flag.svg\",\"width\":436,\"height\":76,\"caption\":\"LEADING FLAG INDUSTRIAL & TRADING LIMITED\"},\"image\":{\"@id\":\"https:\/\/www.leadingflagind.com\/#\/schema\/logo\/image\/\"}}]}<\/script>\n<!-- \/ Yoast SEO plugin. -->","yoast_head_json":{"title":"IR0145FG \u2013 FG POWER \u2013 Hotte Filtre Rond Noir - LEADING FLAG","description":"Acier noir + alliage d'aluminium noir 45 cm de large  Conception : montage au plafond  Tension et fr\u00e9quence : 220~240 V, 50 Hz  Puissance totale : 220 W  Type de moteur : moteur CA 1*200 W  Type de lampe : panneau LED \u00e0 deux vitesses 1*20 W  D\u00e9bit d'air maximal : 450 m\u00e8tres cubes\/heure  Vitesse du ventilateur : 3 niveaux  Commande par touche : bouton lumineux LED, capteur d'ondes, Wi-Fi  Type de filtre : 1 filtre en aluminium  Filtre \u00e0 charbon inclus","robots":{"index":"index","follow":"follow","max-snippet":"max-snippet:-1","max-image-preview":"max-image-preview:large","max-video-preview":"max-video-preview:-1"},"canonical":"https:\/\/www.leadingflagind.com\/fr\/product\/ir0145fg-fg-power-hotte-filtre-rond-noir\/","og_locale":"fr_FR","og_type":"article","og_title":"IR0145FG \u2013 FG POWER \u2013 Hotte Filtre Rond Noir - LEADING FLAG","og_description":"Acier noir + alliage d'aluminium noir 45 cm de large  Conception : montage au plafond  Tension et fr\u00e9quence : 220~240 V, 50 Hz  Puissance totale : 220 W  Type de moteur : moteur CA 1*200 W  Type de lampe : panneau LED \u00e0 deux vitesses 1*20 W  D\u00e9bit d'air maximal : 450 m\u00e8tres cubes\/heure  Vitesse du ventilateur : 3 niveaux  Commande par touche : bouton lumineux LED, capteur d'ondes, Wi-Fi  Type de filtre : 1 filtre en aluminium  Filtre \u00e0 charbon inclus","og_url":"https:\/\/www.leadingflagind.com\/fr\/product\/ir0145fg-fg-power-hotte-filtre-rond-noir\/","og_site_name":"LEADING FLAG","article_modified_time":"2025-11-20T11:02:43+00:00","og_image":[{"width":824,"height":800,"url":"https:\/\/www.leadingflagind.com\/wp-content\/uploads\/2025\/11\/10.jpg","type":"image\/jpeg"}],"twitter_card":"summary_large_image","schema":{"@context":"https:\/\/schema.org","@graph":[{"@type":"WebPage","@id":"https:\/\/www.leadingflagind.com\/fr\/product\/ir0145fg-fg-power-hotte-filtre-rond-noir\/","url":"https:\/\/www.leadingflagind.com\/fr\/product\/ir0145fg-fg-power-hotte-filtre-rond-noir\/","name":"IR0145FG \u2013 FG POWER \u2013 Hotte Filtre Rond Noir - LEADING FLAG","isPartOf":{"@id":"https:\/\/www.leadingflagind.com\/#website"},"primaryImageOfPage":{"@id":"https:\/\/www.leadingflagind.com\/fr\/product\/ir0145fg-fg-power-hotte-filtre-rond-noir\/#primaryimage"},"image":{"@id":"https:\/\/www.leadingflagind.com\/fr\/product\/ir0145fg-fg-power-hotte-filtre-rond-noir\/#primaryimage"},"thumbnailUrl":"https:\/\/www.leadingflagind.com\/wp-content\/uploads\/2025\/11\/10.jpg","datePublished":"2025-11-11T10:47:48+00:00","dateModified":"2025-11-20T11:02:43+00:00","description":"Acier noir + alliage d'aluminium noir 45 cm de large Conception : montage au plafond Tension et fr\u00e9quence : 220~240 V, 50 Hz Puissance totale : 220 W Type de moteur : moteur CA 1*200 W Type de lampe : panneau LED \u00e0 deux vitesses 1*20 W D\u00e9bit d'air maximal : 450 m\u00e8tres cubes\/heure Vitesse du ventilateur : 3 niveaux Commande par touche : bouton lumineux LED, capteur d'ondes, Wi-Fi Type de filtre : 1 filtre en aluminium Filtre \u00e0 charbon inclus","breadcrumb":{"@id":"https:\/\/www.leadingflagind.com\/fr\/product\/ir0145fg-fg-power-hotte-filtre-rond-noir\/#breadcrumb"},"inLanguage":"fr-FR","potentialAction":[{"@type":"ReadAction","target":["https:\/\/www.leadingflagind.com\/fr\/product\/ir0145fg-fg-power-hotte-filtre-rond-noir\/"]}]},{"@type":"ImageObject","inLanguage":"fr-FR","@id":"https:\/\/www.leadingflagind.com\/fr\/product\/ir0145fg-fg-power-hotte-filtre-rond-noir\/#primaryimage","url":"https:\/\/www.leadingflagind.com\/wp-content\/uploads\/2025\/11\/10.jpg","contentUrl":"https:\/\/www.leadingflagind.com\/wp-content\/uploads\/2025\/11\/10.jpg","width":824,"height":800},{"@type":"BreadcrumbList","@id":"https:\/\/www.leadingflagind.com\/fr\/product\/ir0145fg-fg-power-hotte-filtre-rond-noir\/#breadcrumb","itemListElement":[{"@type":"ListItem","position":1,"name":"Home","item":"https:\/\/www.leadingflagind.com\/fr\/"},{"@type":"ListItem","position":2,"name":"Products","item":"https:\/\/www.leadingflagind.com\/shop\/"},{"@type":"ListItem","position":3,"name":"IR0145FG \u2013 FG POWER \u2013 Hotte Filtre Rond Noir"}]},{"@type":"WebSite","@id":"https:\/\/www.leadingflagind.com\/#website","url":"https:\/\/www.leadingflagind.com\/","name":"LEADING FLAG - Home Appliance Manufacturing","description":"Home Appliance Manufacturing","publisher":{"@id":"https:\/\/www.leadingflagind.com\/#organization"},"potentialAction":[{"@type":"SearchAction","target":{"@type":"EntryPoint","urlTemplate":"https:\/\/www.leadingflagind.com\/?s={search_term_string}"},"query-input":{"@type":"PropertyValueSpecification","valueRequired":true,"valueName":"search_term_string"}}],"inLanguage":"fr-FR"},{"@type":"Organization","@id":"https:\/\/www.leadingflagind.com\/#organization","name":"LEADING FLAG INDUSTRIAL & TRADING LIMITED","url":"https:\/\/www.leadingflagind.com\/","logo":{"@type":"ImageObject","inLanguage":"fr-FR","@id":"https:\/\/www.leadingflagind.com\/#\/schema\/logo\/image\/","url":"https:\/\/www.leadingflagind.com\/wp-content\/uploads\/2025\/11\/LOGO-leading-Flag.svg","contentUrl":"https:\/\/www.leadingflagind.com\/wp-content\/uploads\/2025\/11\/LOGO-leading-Flag.svg","width":436,"height":76,"caption":"LEADING FLAG INDUSTRIAL & TRADING LIMITED"},"image":{"@id":"https:\/\/www.leadingflagind.com\/#\/schema\/logo\/image\/"}}]}},"_links":{"self":[{"href":"https:\/\/www.leadingflagind.com\/fr\/wp-json\/wp\/v2\/product\/8802","targetHints":{"allow":["GET"]}}],"collection":[{"href":"https:\/\/www.leadingflagind.com\/fr\/wp-json\/wp\/v2\/product"}],"about":[{"href":"https:\/\/www.leadingflagind.com\/fr\/wp-json\/wp\/v2\/types\/product"}],"wp:featuredmedia":[{"embeddable":true,"href":"https:\/\/www.leadingflagind.com\/fr\/wp-json\/wp\/v2\/media\/8705"}],"wp:attachment":[{"href":"https:\/\/www.leadingflagind.com\/fr\/wp-json\/wp\/v2\/media?parent=8802"}],"wp:term":[{"taxonomy":"product_brand","embeddable":true,"href":"https:\/\/www.leadingflagind.com\/fr\/wp-json\/wp\/v2\/product_brand?post=8802"},{"taxonomy":"product_cat","embeddable":true,"href":"https:\/\/www.leadingflagind.com\/fr\/wp-json\/wp\/v2\/product_cat?post=8802"},{"taxonomy":"product_tag","embeddable":true,"href":"https:\/\/www.leadingflagind.com\/fr\/wp-json\/wp\/v2\/product_tag?post=8802"}],"curies":[{"name":"wp","href":"https:\/\/api.w.org\/{rel}","templated":true}]}}