{"id":8798,"date":"2025-11-11T10:47:50","date_gmt":"2025-11-11T10:47:50","guid":{"rendered":"https:\/\/www.leadingflagind.com\/product\/60cm-hood-wv0860fg-power\/"},"modified":"2025-11-20T10:31:41","modified_gmt":"2025-11-20T10:31:41","slug":"wv0860fg-fg-power-hotte-60-cm","status":"publish","type":"product","link":"https:\/\/www.leadingflagind.com\/fr\/product\/wv0860fg-fg-power-hotte-60-cm\/","title":{"rendered":"WV0860FG \u2013 FG POWER \u2013 Hotte 60 cm"},"content":{"rendered":"","protected":false},"excerpt":{"rendered":"<p>Corps noir + verre noir 90 cm de large<br \/>\nConception : mural<br \/>\nTension et fr\u00e9quence : 220~240 V, 50 Hz<br \/>\nPuissance totale : 128 W<br \/>\nType de moteur : moteur CA 1*125 W<br \/>\nType de lampe : bande LED 1*3 W<br \/>\nD\u00e9bit d&rsquo;air maximal : 650 m\u00e8tres cubes\/heure<br \/>\nVitesse du ventilateur : 3 niveaux<br \/>\nCommande \u00e0 cl\u00e9 : bouton lumineux LED<br \/>\nType de filtre : 2 filtres \u00e0 cassette \u00e0 5 couches<\/p>\n","protected":false},"featured_media":8708,"template":"","meta":[],"product_brand":[],"product_cat":[180,182],"product_tag":[],"class_list":{"0":"post-8798","1":"product","2":"type-product","3":"status-publish","4":"has-post-thumbnail","6":"product_cat-hottes-daeration","7":"product_cat-hottes-panorama","9":"first","10":"instock","11":"shipping-taxable","12":"product-type-simple"},"yoast_head":"<!-- This site is optimized with the Yoast SEO plugin v26.6 - https:\/\/yoast.com\/wordpress\/plugins\/seo\/ -->\n<title>WV0860FG \u2013 FG POWER \u2013 Hotte 60 cm - LEADING FLAG<\/title>\n<meta name=\"description\" content=\"Corps noir + verre noir 90 cm de large Conception : mural Tension et fr\u00e9quence : 220~240 V, 50 Hz Puissance totale : 128 W Type de moteur : moteur CA 1*125 W Type de lampe : bande LED 1*3 W D\u00e9bit d&#039;air maximal : 650 m\u00e8tres cubes\/heure Vitesse du ventilateur : 3 niveaux Commande \u00e0 cl\u00e9 : bouton lumineux LED Type de filtre : 2 filtres \u00e0 cassette \u00e0 5 couches\" \/>\n<meta name=\"robots\" content=\"index, follow, max-snippet:-1, max-image-preview:large, max-video-preview:-1\" \/>\n<link rel=\"canonical\" href=\"https:\/\/www.leadingflagind.com\/fr\/product\/wv0860fg-fg-power-hotte-60-cm\/\" \/>\n<meta property=\"og:locale\" content=\"fr_FR\" \/>\n<meta property=\"og:type\" content=\"article\" \/>\n<meta property=\"og:title\" content=\"WV0860FG \u2013 FG POWER \u2013 Hotte 60 cm - LEADING FLAG\" \/>\n<meta property=\"og:description\" content=\"Corps noir + verre noir 90 cm de large Conception : mural Tension et fr\u00e9quence : 220~240 V, 50 Hz Puissance totale : 128 W Type de moteur : moteur CA 1*125 W Type de lampe : bande LED 1*3 W D\u00e9bit d&#039;air maximal : 650 m\u00e8tres cubes\/heure Vitesse du ventilateur : 3 niveaux Commande \u00e0 cl\u00e9 : bouton lumineux LED Type de filtre : 2 filtres \u00e0 cassette \u00e0 5 couches\" \/>\n<meta property=\"og:url\" content=\"https:\/\/www.leadingflagind.com\/fr\/product\/wv0860fg-fg-power-hotte-60-cm\/\" \/>\n<meta property=\"og:site_name\" content=\"LEADING FLAG\" \/>\n<meta property=\"article:modified_time\" content=\"2025-11-20T10:31:41+00:00\" \/>\n<meta property=\"og:image\" content=\"https:\/\/www.leadingflagind.com\/wp-content\/uploads\/2025\/11\/8.jpg\" \/>\n\t<meta property=\"og:image:width\" content=\"800\" \/>\n\t<meta property=\"og:image:height\" content=\"800\" \/>\n\t<meta property=\"og:image:type\" content=\"image\/jpeg\" \/>\n<meta name=\"twitter:card\" content=\"summary_large_image\" \/>\n<script type=\"application\/ld+json\" class=\"yoast-schema-graph\">{\"@context\":\"https:\/\/schema.org\",\"@graph\":[{\"@type\":\"WebPage\",\"@id\":\"https:\/\/www.leadingflagind.com\/fr\/product\/wv0860fg-fg-power-hotte-60-cm\/\",\"url\":\"https:\/\/www.leadingflagind.com\/fr\/product\/wv0860fg-fg-power-hotte-60-cm\/\",\"name\":\"WV0860FG \u2013 FG POWER \u2013 Hotte 60 cm - LEADING FLAG\",\"isPartOf\":{\"@id\":\"https:\/\/www.leadingflagind.com\/#website\"},\"primaryImageOfPage\":{\"@id\":\"https:\/\/www.leadingflagind.com\/fr\/product\/wv0860fg-fg-power-hotte-60-cm\/#primaryimage\"},\"image\":{\"@id\":\"https:\/\/www.leadingflagind.com\/fr\/product\/wv0860fg-fg-power-hotte-60-cm\/#primaryimage\"},\"thumbnailUrl\":\"https:\/\/www.leadingflagind.com\/wp-content\/uploads\/2025\/11\/8.jpg\",\"datePublished\":\"2025-11-11T10:47:50+00:00\",\"dateModified\":\"2025-11-20T10:31:41+00:00\",\"description\":\"Corps noir + verre noir 90 cm de large Conception : mural Tension et fr\u00e9quence : 220~240 V, 50 Hz Puissance totale : 128 W Type de moteur : moteur CA 1*125 W Type de lampe : bande LED 1*3 W D\u00e9bit d'air maximal : 650 m\u00e8tres cubes\/heure Vitesse du ventilateur : 3 niveaux Commande \u00e0 cl\u00e9 : bouton lumineux LED Type de filtre : 2 filtres \u00e0 cassette \u00e0 5 couches\",\"breadcrumb\":{\"@id\":\"https:\/\/www.leadingflagind.com\/fr\/product\/wv0860fg-fg-power-hotte-60-cm\/#breadcrumb\"},\"inLanguage\":\"fr-FR\",\"potentialAction\":[{\"@type\":\"ReadAction\",\"target\":[\"https:\/\/www.leadingflagind.com\/fr\/product\/wv0860fg-fg-power-hotte-60-cm\/\"]}]},{\"@type\":\"ImageObject\",\"inLanguage\":\"fr-FR\",\"@id\":\"https:\/\/www.leadingflagind.com\/fr\/product\/wv0860fg-fg-power-hotte-60-cm\/#primaryimage\",\"url\":\"https:\/\/www.leadingflagind.com\/wp-content\/uploads\/2025\/11\/8.jpg\",\"contentUrl\":\"https:\/\/www.leadingflagind.com\/wp-content\/uploads\/2025\/11\/8.jpg\",\"width\":800,\"height\":800},{\"@type\":\"BreadcrumbList\",\"@id\":\"https:\/\/www.leadingflagind.com\/fr\/product\/wv0860fg-fg-power-hotte-60-cm\/#breadcrumb\",\"itemListElement\":[{\"@type\":\"ListItem\",\"position\":1,\"name\":\"Home\",\"item\":\"https:\/\/www.leadingflagind.com\/fr\/\"},{\"@type\":\"ListItem\",\"position\":2,\"name\":\"Products\",\"item\":\"https:\/\/www.leadingflagind.com\/shop\/\"},{\"@type\":\"ListItem\",\"position\":3,\"name\":\"WV0860FG \u2013 FG POWER \u2013 Hotte 60 cm\"}]},{\"@type\":\"WebSite\",\"@id\":\"https:\/\/www.leadingflagind.com\/#website\",\"url\":\"https:\/\/www.leadingflagind.com\/\",\"name\":\"LEADING FLAG - Home Appliance Manufacturing\",\"description\":\"Home Appliance Manufacturing\",\"publisher\":{\"@id\":\"https:\/\/www.leadingflagind.com\/#organization\"},\"potentialAction\":[{\"@type\":\"SearchAction\",\"target\":{\"@type\":\"EntryPoint\",\"urlTemplate\":\"https:\/\/www.leadingflagind.com\/?s={search_term_string}\"},\"query-input\":{\"@type\":\"PropertyValueSpecification\",\"valueRequired\":true,\"valueName\":\"search_term_string\"}}],\"inLanguage\":\"fr-FR\"},{\"@type\":\"Organization\",\"@id\":\"https:\/\/www.leadingflagind.com\/#organization\",\"name\":\"LEADING FLAG INDUSTRIAL & TRADING LIMITED\",\"url\":\"https:\/\/www.leadingflagind.com\/\",\"logo\":{\"@type\":\"ImageObject\",\"inLanguage\":\"fr-FR\",\"@id\":\"https:\/\/www.leadingflagind.com\/#\/schema\/logo\/image\/\",\"url\":\"https:\/\/www.leadingflagind.com\/wp-content\/uploads\/2025\/11\/LOGO-leading-Flag.svg\",\"contentUrl\":\"https:\/\/www.leadingflagind.com\/wp-content\/uploads\/2025\/11\/LOGO-leading-Flag.svg\",\"width\":436,\"height\":76,\"caption\":\"LEADING FLAG INDUSTRIAL & TRADING LIMITED\"},\"image\":{\"@id\":\"https:\/\/www.leadingflagind.com\/#\/schema\/logo\/image\/\"}}]}<\/script>\n<!-- \/ Yoast SEO plugin. -->","yoast_head_json":{"title":"WV0860FG \u2013 FG POWER \u2013 Hotte 60 cm - LEADING FLAG","description":"Corps noir + verre noir 90 cm de large Conception : mural Tension et fr\u00e9quence : 220~240 V, 50 Hz Puissance totale : 128 W Type de moteur : moteur CA 1*125 W Type de lampe : bande LED 1*3 W D\u00e9bit d'air maximal : 650 m\u00e8tres cubes\/heure Vitesse du ventilateur : 3 niveaux Commande \u00e0 cl\u00e9 : bouton lumineux LED Type de filtre : 2 filtres \u00e0 cassette \u00e0 5 couches","robots":{"index":"index","follow":"follow","max-snippet":"max-snippet:-1","max-image-preview":"max-image-preview:large","max-video-preview":"max-video-preview:-1"},"canonical":"https:\/\/www.leadingflagind.com\/fr\/product\/wv0860fg-fg-power-hotte-60-cm\/","og_locale":"fr_FR","og_type":"article","og_title":"WV0860FG \u2013 FG POWER \u2013 Hotte 60 cm - LEADING FLAG","og_description":"Corps noir + verre noir 90 cm de large Conception : mural Tension et fr\u00e9quence : 220~240 V, 50 Hz Puissance totale : 128 W Type de moteur : moteur CA 1*125 W Type de lampe : bande LED 1*3 W D\u00e9bit d'air maximal : 650 m\u00e8tres cubes\/heure Vitesse du ventilateur : 3 niveaux Commande \u00e0 cl\u00e9 : bouton lumineux LED Type de filtre : 2 filtres \u00e0 cassette \u00e0 5 couches","og_url":"https:\/\/www.leadingflagind.com\/fr\/product\/wv0860fg-fg-power-hotte-60-cm\/","og_site_name":"LEADING FLAG","article_modified_time":"2025-11-20T10:31:41+00:00","og_image":[{"width":800,"height":800,"url":"https:\/\/www.leadingflagind.com\/wp-content\/uploads\/2025\/11\/8.jpg","type":"image\/jpeg"}],"twitter_card":"summary_large_image","schema":{"@context":"https:\/\/schema.org","@graph":[{"@type":"WebPage","@id":"https:\/\/www.leadingflagind.com\/fr\/product\/wv0860fg-fg-power-hotte-60-cm\/","url":"https:\/\/www.leadingflagind.com\/fr\/product\/wv0860fg-fg-power-hotte-60-cm\/","name":"WV0860FG \u2013 FG POWER \u2013 Hotte 60 cm - LEADING FLAG","isPartOf":{"@id":"https:\/\/www.leadingflagind.com\/#website"},"primaryImageOfPage":{"@id":"https:\/\/www.leadingflagind.com\/fr\/product\/wv0860fg-fg-power-hotte-60-cm\/#primaryimage"},"image":{"@id":"https:\/\/www.leadingflagind.com\/fr\/product\/wv0860fg-fg-power-hotte-60-cm\/#primaryimage"},"thumbnailUrl":"https:\/\/www.leadingflagind.com\/wp-content\/uploads\/2025\/11\/8.jpg","datePublished":"2025-11-11T10:47:50+00:00","dateModified":"2025-11-20T10:31:41+00:00","description":"Corps noir + verre noir 90 cm de large Conception : mural Tension et fr\u00e9quence : 220~240 V, 50 Hz Puissance totale : 128 W Type de moteur : moteur CA 1*125 W Type de lampe : bande LED 1*3 W D\u00e9bit d'air maximal : 650 m\u00e8tres cubes\/heure Vitesse du ventilateur : 3 niveaux Commande \u00e0 cl\u00e9 : bouton lumineux LED Type de filtre : 2 filtres \u00e0 cassette \u00e0 5 couches","breadcrumb":{"@id":"https:\/\/www.leadingflagind.com\/fr\/product\/wv0860fg-fg-power-hotte-60-cm\/#breadcrumb"},"inLanguage":"fr-FR","potentialAction":[{"@type":"ReadAction","target":["https:\/\/www.leadingflagind.com\/fr\/product\/wv0860fg-fg-power-hotte-60-cm\/"]}]},{"@type":"ImageObject","inLanguage":"fr-FR","@id":"https:\/\/www.leadingflagind.com\/fr\/product\/wv0860fg-fg-power-hotte-60-cm\/#primaryimage","url":"https:\/\/www.leadingflagind.com\/wp-content\/uploads\/2025\/11\/8.jpg","contentUrl":"https:\/\/www.leadingflagind.com\/wp-content\/uploads\/2025\/11\/8.jpg","width":800,"height":800},{"@type":"BreadcrumbList","@id":"https:\/\/www.leadingflagind.com\/fr\/product\/wv0860fg-fg-power-hotte-60-cm\/#breadcrumb","itemListElement":[{"@type":"ListItem","position":1,"name":"Home","item":"https:\/\/www.leadingflagind.com\/fr\/"},{"@type":"ListItem","position":2,"name":"Products","item":"https:\/\/www.leadingflagind.com\/shop\/"},{"@type":"ListItem","position":3,"name":"WV0860FG \u2013 FG POWER \u2013 Hotte 60 cm"}]},{"@type":"WebSite","@id":"https:\/\/www.leadingflagind.com\/#website","url":"https:\/\/www.leadingflagind.com\/","name":"LEADING FLAG - Home Appliance Manufacturing","description":"Home Appliance Manufacturing","publisher":{"@id":"https:\/\/www.leadingflagind.com\/#organization"},"potentialAction":[{"@type":"SearchAction","target":{"@type":"EntryPoint","urlTemplate":"https:\/\/www.leadingflagind.com\/?s={search_term_string}"},"query-input":{"@type":"PropertyValueSpecification","valueRequired":true,"valueName":"search_term_string"}}],"inLanguage":"fr-FR"},{"@type":"Organization","@id":"https:\/\/www.leadingflagind.com\/#organization","name":"LEADING FLAG INDUSTRIAL & TRADING LIMITED","url":"https:\/\/www.leadingflagind.com\/","logo":{"@type":"ImageObject","inLanguage":"fr-FR","@id":"https:\/\/www.leadingflagind.com\/#\/schema\/logo\/image\/","url":"https:\/\/www.leadingflagind.com\/wp-content\/uploads\/2025\/11\/LOGO-leading-Flag.svg","contentUrl":"https:\/\/www.leadingflagind.com\/wp-content\/uploads\/2025\/11\/LOGO-leading-Flag.svg","width":436,"height":76,"caption":"LEADING FLAG INDUSTRIAL & TRADING LIMITED"},"image":{"@id":"https:\/\/www.leadingflagind.com\/#\/schema\/logo\/image\/"}}]}},"_links":{"self":[{"href":"https:\/\/www.leadingflagind.com\/fr\/wp-json\/wp\/v2\/product\/8798","targetHints":{"allow":["GET"]}}],"collection":[{"href":"https:\/\/www.leadingflagind.com\/fr\/wp-json\/wp\/v2\/product"}],"about":[{"href":"https:\/\/www.leadingflagind.com\/fr\/wp-json\/wp\/v2\/types\/product"}],"wp:featuredmedia":[{"embeddable":true,"href":"https:\/\/www.leadingflagind.com\/fr\/wp-json\/wp\/v2\/media\/8708"}],"wp:attachment":[{"href":"https:\/\/www.leadingflagind.com\/fr\/wp-json\/wp\/v2\/media?parent=8798"}],"wp:term":[{"taxonomy":"product_brand","embeddable":true,"href":"https:\/\/www.leadingflagind.com\/fr\/wp-json\/wp\/v2\/product_brand?post=8798"},{"taxonomy":"product_cat","embeddable":true,"href":"https:\/\/www.leadingflagind.com\/fr\/wp-json\/wp\/v2\/product_cat?post=8798"},{"taxonomy":"product_tag","embeddable":true,"href":"https:\/\/www.leadingflagind.com\/fr\/wp-json\/wp\/v2\/product_tag?post=8798"}],"curies":[{"name":"wp","href":"https:\/\/api.w.org\/{rel}","templated":true}]}}