{"id":8756,"date":"2025-11-11T10:47:57","date_gmt":"2025-11-11T10:47:57","guid":{"rendered":"https:\/\/www.leadingflagind.com\/product\/column-door-refrigerator-tl26binfaaa-fg-power\/"},"modified":"2025-11-12T08:35:24","modified_gmt":"2025-11-12T08:35:24","slug":"refrigerateur-a-colonne-tl26binfaaa-fg-power","status":"publish","type":"product","link":"https:\/\/www.leadingflagind.com\/fr\/product\/refrigerateur-a-colonne-tl26binfaaa-fg-power\/","title":{"rendered":"R\u00e9frig\u00e9rateur \u00e0 colonne TL26BINFAAA FG POWER"},"content":{"rendered":"","protected":false},"excerpt":{"rendered":"<ul style=\"text-align: justifey; color: black;\">\n<li>Marque : FG POWER, volume net total : 354 L, syst\u00e8me de refroidissement : Total No Frost, syst\u00e8me de contr\u00f4le : \u00e9lectronique.<\/li>\n<li>Dimensions : 603 x 592 x 2123 mm.<\/li>\n<li>Dimensions emball\u00e9 : 667 x 670 x 2300 mm.<\/li>\n<li>Quantit\u00e9s charg\u00e9es (40 pieds HC) : 51 pi\u00e8ces.<\/li>\n<li>Installation v\u00e9ritablement int\u00e9gr\u00e9e<\/li>\n<li>Charni\u00e8re affleurante \u00e0 ouverture \u00e0 90<\/li>\n<li>Grand \u00e9cran num\u00e9rique facile \u00e0 lire<\/li>\n<li>Tiroirs \u00e0 fermeture douce pour un rangement facile et contr\u00f4l\u00e9<\/li>\n<li>Temp\u00e9rature du r\u00e9frig\u00e9rateur r\u00e9glable de +35 \u00b0F (2 \u00b0C) \u00e0 +46 \u00b0F (8 \u00b0C)<\/li>\n<li>Temp\u00e9rature de la zone de refroidissement r\u00e9glable de +30 \u00b0F (-1 \u00b0C) \u00e0 +41 \u00b0F (5 \u00b0C)<\/li>\n<li>Mode sabbat, mode vacances, mode ECO, mode showroom<\/li>\n<li>\u00c9tag\u00e8res cantilever r\u00e9glables en hauteur<\/li>\n<li>\u00c9clairage LED<\/li>\n<li>R\u00e9glage 3D de la porte, pour un alignement facile du panneau de porte<\/li>\n<li>Ultra silencieux 43 dB(A)<\/li>\n<li>Mise \u00e0 niveau de l&rsquo;appareil \u00e0 l&rsquo;avant et \u00e0 l&rsquo;arri\u00e8re<\/li>\n<li>Distributeur d&rsquo;eau filtr\u00e9e \u00e0 l&rsquo;int\u00e9rieur des appareils<\/li>\n<\/ul>\n<p style=\"text-align: left;\"><a href=\"https:\/\/www.fgpower.ly\/wp-content\/uploads\/2024\/12\/4571\u06484572\u06484573\u06484574-1.pdf\" target=\"_blank\" rel=\"noopener\"><img decoding=\"async\" class=\"wp-image-43762 alignleft\" src=\"https:\/\/almoassis.ly\/wp-content\/uploads\/2024\/12\/PDF_file_icon.svg_-244x300.png\" alt=\"\" width=\"53\" height=\"65\" \/><\/a><a href=\"https:\/\/www.fgpower.ly\/wp-content\/uploads\/2024\/12\/4571\u06484572\u06484573\u06484574-1.pdf\" target=\"_blank\" rel=\"noopener\">T\u00e9l\u00e9charger le PDF<\/a><\/p>\n","protected":false},"featured_media":8714,"template":"","meta":[],"product_brand":[],"product_cat":[171,170],"product_tag":[],"class_list":{"0":"post-8756","1":"product","2":"type-product","3":"status-publish","4":"has-post-thumbnail","6":"product_cat-refrigerateurs","7":"product_cat-refrigerateurs-encastrables","9":"first","10":"instock","11":"shipping-taxable","12":"product-type-simple"},"yoast_head":"<!-- This site is optimized with the Yoast SEO plugin v26.6 - https:\/\/yoast.com\/wordpress\/plugins\/seo\/ -->\n<title>R\u00e9frig\u00e9rateur \u00e0 colonne TL26BINFAAA FG POWER - LEADING FLAG<\/title>\n<meta name=\"description\" content=\"Marque : FG POWER, volume net total : 354 L, syst\u00e8me de refroidissement : Total No Frost, syst\u00e8me de contr\u00f4le : \u00e9lectronique.  Dimensions : 603 x 592 x 2123 mm.  Dimensions emball\u00e9 : 667 x 670 x 2300 mm.  Quantit\u00e9s charg\u00e9es (40 pieds HC) : 51 pi\u00e8ces.  Installation v\u00e9ritablement int\u00e9gr\u00e9e  Charni\u00e8re affleurante \u00e0 ouverture \u00e0 90  Grand \u00e9cran num\u00e9rique facile \u00e0 lire  Tiroirs \u00e0 fermeture douce pour un rangement facile et contr\u00f4l\u00e9  Temp\u00e9rature du r\u00e9frig\u00e9rateur r\u00e9glable de +35 \u00b0F (2 \u00b0C) \u00e0 +46 \u00b0F (8 \u00b0C)  Temp\u00e9rature de la zone de refroidissement r\u00e9glable de +30 \u00b0F (-1 \u00b0C) \u00e0 +41 \u00b0F (5 \u00b0C)  Mode sabbat, mode vacances, mode ECO, mode showroom  \u00c9tag\u00e8res cantilever r\u00e9glables en hauteur  \u00c9clairage LED  R\u00e9glage 3D de la porte, pour un alignement facile du panneau de porte  Ultra silencieux 43 dB(A)  Mise \u00e0 niveau de l&#039;appareil \u00e0 l&#039;avant et \u00e0 l&#039;arri\u00e8re  Distributeur d&#039;eau filtr\u00e9e \u00e0 l&#039;int\u00e9rieur des appareils  T\u00e9l\u00e9charger le PDF\" \/>\n<meta name=\"robots\" content=\"index, follow, max-snippet:-1, max-image-preview:large, max-video-preview:-1\" \/>\n<link rel=\"canonical\" href=\"https:\/\/www.leadingflagind.com\/fr\/product\/refrigerateur-a-colonne-tl26binfaaa-fg-power\/\" \/>\n<meta property=\"og:locale\" content=\"fr_FR\" \/>\n<meta property=\"og:type\" content=\"article\" \/>\n<meta property=\"og:title\" content=\"R\u00e9frig\u00e9rateur \u00e0 colonne TL26BINFAAA FG POWER - LEADING FLAG\" \/>\n<meta property=\"og:description\" content=\"Marque : FG POWER, volume net total : 354 L, syst\u00e8me de refroidissement : Total No Frost, syst\u00e8me de contr\u00f4le : \u00e9lectronique.  Dimensions : 603 x 592 x 2123 mm.  Dimensions emball\u00e9 : 667 x 670 x 2300 mm.  Quantit\u00e9s charg\u00e9es (40 pieds HC) : 51 pi\u00e8ces.  Installation v\u00e9ritablement int\u00e9gr\u00e9e  Charni\u00e8re affleurante \u00e0 ouverture \u00e0 90  Grand \u00e9cran num\u00e9rique facile \u00e0 lire  Tiroirs \u00e0 fermeture douce pour un rangement facile et contr\u00f4l\u00e9  Temp\u00e9rature du r\u00e9frig\u00e9rateur r\u00e9glable de +35 \u00b0F (2 \u00b0C) \u00e0 +46 \u00b0F (8 \u00b0C)  Temp\u00e9rature de la zone de refroidissement r\u00e9glable de +30 \u00b0F (-1 \u00b0C) \u00e0 +41 \u00b0F (5 \u00b0C)  Mode sabbat, mode vacances, mode ECO, mode showroom  \u00c9tag\u00e8res cantilever r\u00e9glables en hauteur  \u00c9clairage LED  R\u00e9glage 3D de la porte, pour un alignement facile du panneau de porte  Ultra silencieux 43 dB(A)  Mise \u00e0 niveau de l&#039;appareil \u00e0 l&#039;avant et \u00e0 l&#039;arri\u00e8re  Distributeur d&#039;eau filtr\u00e9e \u00e0 l&#039;int\u00e9rieur des appareils  T\u00e9l\u00e9charger le PDF\" \/>\n<meta property=\"og:url\" content=\"https:\/\/www.leadingflagind.com\/fr\/product\/refrigerateur-a-colonne-tl26binfaaa-fg-power\/\" \/>\n<meta property=\"og:site_name\" content=\"LEADING FLAG\" \/>\n<meta property=\"article:modified_time\" content=\"2025-11-12T08:35:24+00:00\" \/>\n<meta property=\"og:image\" content=\"https:\/\/www.leadingflagind.com\/wp-content\/uploads\/2025\/11\/152-1.jpg\" \/>\n\t<meta property=\"og:image:width\" content=\"800\" \/>\n\t<meta property=\"og:image:height\" content=\"800\" \/>\n\t<meta property=\"og:image:type\" content=\"image\/jpeg\" \/>\n<meta name=\"twitter:card\" content=\"summary_large_image\" \/>\n<script type=\"application\/ld+json\" class=\"yoast-schema-graph\">{\"@context\":\"https:\/\/schema.org\",\"@graph\":[{\"@type\":\"WebPage\",\"@id\":\"https:\/\/www.leadingflagind.com\/fr\/product\/refrigerateur-a-colonne-tl26binfaaa-fg-power\/\",\"url\":\"https:\/\/www.leadingflagind.com\/fr\/product\/refrigerateur-a-colonne-tl26binfaaa-fg-power\/\",\"name\":\"R\u00e9frig\u00e9rateur \u00e0 colonne TL26BINFAAA FG POWER - LEADING FLAG\",\"isPartOf\":{\"@id\":\"https:\/\/www.leadingflagind.com\/#website\"},\"primaryImageOfPage\":{\"@id\":\"https:\/\/www.leadingflagind.com\/fr\/product\/refrigerateur-a-colonne-tl26binfaaa-fg-power\/#primaryimage\"},\"image\":{\"@id\":\"https:\/\/www.leadingflagind.com\/fr\/product\/refrigerateur-a-colonne-tl26binfaaa-fg-power\/#primaryimage\"},\"thumbnailUrl\":\"https:\/\/www.leadingflagind.com\/wp-content\/uploads\/2025\/11\/152-1.jpg\",\"datePublished\":\"2025-11-11T10:47:57+00:00\",\"dateModified\":\"2025-11-12T08:35:24+00:00\",\"description\":\"Marque : FG POWER, volume net total : 354 L, syst\u00e8me de refroidissement : Total No Frost, syst\u00e8me de contr\u00f4le : \u00e9lectronique. Dimensions : 603 x 592 x 2123 mm. Dimensions emball\u00e9 : 667 x 670 x 2300 mm. Quantit\u00e9s charg\u00e9es (40 pieds HC) : 51 pi\u00e8ces. Installation v\u00e9ritablement int\u00e9gr\u00e9e Charni\u00e8re affleurante \u00e0 ouverture \u00e0 90 Grand \u00e9cran num\u00e9rique facile \u00e0 lire Tiroirs \u00e0 fermeture douce pour un rangement facile et contr\u00f4l\u00e9 Temp\u00e9rature du r\u00e9frig\u00e9rateur r\u00e9glable de +35 \u00b0F (2 \u00b0C) \u00e0 +46 \u00b0F (8 \u00b0C) Temp\u00e9rature de la zone de refroidissement r\u00e9glable de +30 \u00b0F (-1 \u00b0C) \u00e0 +41 \u00b0F (5 \u00b0C) Mode sabbat, mode vacances, mode ECO, mode showroom \u00c9tag\u00e8res cantilever r\u00e9glables en hauteur \u00c9clairage LED R\u00e9glage 3D de la porte, pour un alignement facile du panneau de porte Ultra silencieux 43 dB(A) Mise \u00e0 niveau de l'appareil \u00e0 l'avant et \u00e0 l'arri\u00e8re Distributeur d'eau filtr\u00e9e \u00e0 l'int\u00e9rieur des appareils T\u00e9l\u00e9charger le PDF\",\"breadcrumb\":{\"@id\":\"https:\/\/www.leadingflagind.com\/fr\/product\/refrigerateur-a-colonne-tl26binfaaa-fg-power\/#breadcrumb\"},\"inLanguage\":\"fr-FR\",\"potentialAction\":[{\"@type\":\"ReadAction\",\"target\":[\"https:\/\/www.leadingflagind.com\/fr\/product\/refrigerateur-a-colonne-tl26binfaaa-fg-power\/\"]}]},{\"@type\":\"ImageObject\",\"inLanguage\":\"fr-FR\",\"@id\":\"https:\/\/www.leadingflagind.com\/fr\/product\/refrigerateur-a-colonne-tl26binfaaa-fg-power\/#primaryimage\",\"url\":\"https:\/\/www.leadingflagind.com\/wp-content\/uploads\/2025\/11\/152-1.jpg\",\"contentUrl\":\"https:\/\/www.leadingflagind.com\/wp-content\/uploads\/2025\/11\/152-1.jpg\",\"width\":800,\"height\":800},{\"@type\":\"BreadcrumbList\",\"@id\":\"https:\/\/www.leadingflagind.com\/fr\/product\/refrigerateur-a-colonne-tl26binfaaa-fg-power\/#breadcrumb\",\"itemListElement\":[{\"@type\":\"ListItem\",\"position\":1,\"name\":\"Home\",\"item\":\"https:\/\/www.leadingflagind.com\/fr\/\"},{\"@type\":\"ListItem\",\"position\":2,\"name\":\"Products\",\"item\":\"https:\/\/www.leadingflagind.com\/shop\/\"},{\"@type\":\"ListItem\",\"position\":3,\"name\":\"R\u00e9frig\u00e9rateur \u00e0 colonne TL26BINFAAA FG POWER\"}]},{\"@type\":\"WebSite\",\"@id\":\"https:\/\/www.leadingflagind.com\/#website\",\"url\":\"https:\/\/www.leadingflagind.com\/\",\"name\":\"LEADING FLAG - Home Appliance Manufacturing\",\"description\":\"Home Appliance Manufacturing\",\"publisher\":{\"@id\":\"https:\/\/www.leadingflagind.com\/#organization\"},\"potentialAction\":[{\"@type\":\"SearchAction\",\"target\":{\"@type\":\"EntryPoint\",\"urlTemplate\":\"https:\/\/www.leadingflagind.com\/?s={search_term_string}\"},\"query-input\":{\"@type\":\"PropertyValueSpecification\",\"valueRequired\":true,\"valueName\":\"search_term_string\"}}],\"inLanguage\":\"fr-FR\"},{\"@type\":\"Organization\",\"@id\":\"https:\/\/www.leadingflagind.com\/#organization\",\"name\":\"LEADING FLAG INDUSTRIAL & TRADING LIMITED\",\"url\":\"https:\/\/www.leadingflagind.com\/\",\"logo\":{\"@type\":\"ImageObject\",\"inLanguage\":\"fr-FR\",\"@id\":\"https:\/\/www.leadingflagind.com\/#\/schema\/logo\/image\/\",\"url\":\"https:\/\/www.leadingflagind.com\/wp-content\/uploads\/2025\/11\/LOGO-leading-Flag.svg\",\"contentUrl\":\"https:\/\/www.leadingflagind.com\/wp-content\/uploads\/2025\/11\/LOGO-leading-Flag.svg\",\"width\":436,\"height\":76,\"caption\":\"LEADING FLAG INDUSTRIAL & TRADING LIMITED\"},\"image\":{\"@id\":\"https:\/\/www.leadingflagind.com\/#\/schema\/logo\/image\/\"}}]}<\/script>\n<!-- \/ Yoast SEO plugin. -->","yoast_head_json":{"title":"R\u00e9frig\u00e9rateur \u00e0 colonne TL26BINFAAA FG POWER - LEADING FLAG","description":"Marque : FG POWER, volume net total : 354 L, syst\u00e8me de refroidissement : Total No Frost, syst\u00e8me de contr\u00f4le : \u00e9lectronique.  Dimensions : 603 x 592 x 2123 mm.  Dimensions emball\u00e9 : 667 x 670 x 2300 mm.  Quantit\u00e9s charg\u00e9es (40 pieds HC) : 51 pi\u00e8ces.  Installation v\u00e9ritablement int\u00e9gr\u00e9e  Charni\u00e8re affleurante \u00e0 ouverture \u00e0 90  Grand \u00e9cran num\u00e9rique facile \u00e0 lire  Tiroirs \u00e0 fermeture douce pour un rangement facile et contr\u00f4l\u00e9  Temp\u00e9rature du r\u00e9frig\u00e9rateur r\u00e9glable de +35 \u00b0F (2 \u00b0C) \u00e0 +46 \u00b0F (8 \u00b0C)  Temp\u00e9rature de la zone de refroidissement r\u00e9glable de +30 \u00b0F (-1 \u00b0C) \u00e0 +41 \u00b0F (5 \u00b0C)  Mode sabbat, mode vacances, mode ECO, mode showroom  \u00c9tag\u00e8res cantilever r\u00e9glables en hauteur  \u00c9clairage LED  R\u00e9glage 3D de la porte, pour un alignement facile du panneau de porte  Ultra silencieux 43 dB(A)  Mise \u00e0 niveau de l'appareil \u00e0 l'avant et \u00e0 l'arri\u00e8re  Distributeur d'eau filtr\u00e9e \u00e0 l'int\u00e9rieur des appareils  T\u00e9l\u00e9charger le PDF","robots":{"index":"index","follow":"follow","max-snippet":"max-snippet:-1","max-image-preview":"max-image-preview:large","max-video-preview":"max-video-preview:-1"},"canonical":"https:\/\/www.leadingflagind.com\/fr\/product\/refrigerateur-a-colonne-tl26binfaaa-fg-power\/","og_locale":"fr_FR","og_type":"article","og_title":"R\u00e9frig\u00e9rateur \u00e0 colonne TL26BINFAAA FG POWER - LEADING FLAG","og_description":"Marque : FG POWER, volume net total : 354 L, syst\u00e8me de refroidissement : Total No Frost, syst\u00e8me de contr\u00f4le : \u00e9lectronique.  Dimensions : 603 x 592 x 2123 mm.  Dimensions emball\u00e9 : 667 x 670 x 2300 mm.  Quantit\u00e9s charg\u00e9es (40 pieds HC) : 51 pi\u00e8ces.  Installation v\u00e9ritablement int\u00e9gr\u00e9e  Charni\u00e8re affleurante \u00e0 ouverture \u00e0 90  Grand \u00e9cran num\u00e9rique facile \u00e0 lire  Tiroirs \u00e0 fermeture douce pour un rangement facile et contr\u00f4l\u00e9  Temp\u00e9rature du r\u00e9frig\u00e9rateur r\u00e9glable de +35 \u00b0F (2 \u00b0C) \u00e0 +46 \u00b0F (8 \u00b0C)  Temp\u00e9rature de la zone de refroidissement r\u00e9glable de +30 \u00b0F (-1 \u00b0C) \u00e0 +41 \u00b0F (5 \u00b0C)  Mode sabbat, mode vacances, mode ECO, mode showroom  \u00c9tag\u00e8res cantilever r\u00e9glables en hauteur  \u00c9clairage LED  R\u00e9glage 3D de la porte, pour un alignement facile du panneau de porte  Ultra silencieux 43 dB(A)  Mise \u00e0 niveau de l'appareil \u00e0 l'avant et \u00e0 l'arri\u00e8re  Distributeur d'eau filtr\u00e9e \u00e0 l'int\u00e9rieur des appareils  T\u00e9l\u00e9charger le PDF","og_url":"https:\/\/www.leadingflagind.com\/fr\/product\/refrigerateur-a-colonne-tl26binfaaa-fg-power\/","og_site_name":"LEADING FLAG","article_modified_time":"2025-11-12T08:35:24+00:00","og_image":[{"width":800,"height":800,"url":"https:\/\/www.leadingflagind.com\/wp-content\/uploads\/2025\/11\/152-1.jpg","type":"image\/jpeg"}],"twitter_card":"summary_large_image","schema":{"@context":"https:\/\/schema.org","@graph":[{"@type":"WebPage","@id":"https:\/\/www.leadingflagind.com\/fr\/product\/refrigerateur-a-colonne-tl26binfaaa-fg-power\/","url":"https:\/\/www.leadingflagind.com\/fr\/product\/refrigerateur-a-colonne-tl26binfaaa-fg-power\/","name":"R\u00e9frig\u00e9rateur \u00e0 colonne TL26BINFAAA FG POWER - LEADING FLAG","isPartOf":{"@id":"https:\/\/www.leadingflagind.com\/#website"},"primaryImageOfPage":{"@id":"https:\/\/www.leadingflagind.com\/fr\/product\/refrigerateur-a-colonne-tl26binfaaa-fg-power\/#primaryimage"},"image":{"@id":"https:\/\/www.leadingflagind.com\/fr\/product\/refrigerateur-a-colonne-tl26binfaaa-fg-power\/#primaryimage"},"thumbnailUrl":"https:\/\/www.leadingflagind.com\/wp-content\/uploads\/2025\/11\/152-1.jpg","datePublished":"2025-11-11T10:47:57+00:00","dateModified":"2025-11-12T08:35:24+00:00","description":"Marque : FG POWER, volume net total : 354 L, syst\u00e8me de refroidissement : Total No Frost, syst\u00e8me de contr\u00f4le : \u00e9lectronique. Dimensions : 603 x 592 x 2123 mm. Dimensions emball\u00e9 : 667 x 670 x 2300 mm. Quantit\u00e9s charg\u00e9es (40 pieds HC) : 51 pi\u00e8ces. Installation v\u00e9ritablement int\u00e9gr\u00e9e Charni\u00e8re affleurante \u00e0 ouverture \u00e0 90 Grand \u00e9cran num\u00e9rique facile \u00e0 lire Tiroirs \u00e0 fermeture douce pour un rangement facile et contr\u00f4l\u00e9 Temp\u00e9rature du r\u00e9frig\u00e9rateur r\u00e9glable de +35 \u00b0F (2 \u00b0C) \u00e0 +46 \u00b0F (8 \u00b0C) Temp\u00e9rature de la zone de refroidissement r\u00e9glable de +30 \u00b0F (-1 \u00b0C) \u00e0 +41 \u00b0F (5 \u00b0C) Mode sabbat, mode vacances, mode ECO, mode showroom \u00c9tag\u00e8res cantilever r\u00e9glables en hauteur \u00c9clairage LED R\u00e9glage 3D de la porte, pour un alignement facile du panneau de porte Ultra silencieux 43 dB(A) Mise \u00e0 niveau de l'appareil \u00e0 l'avant et \u00e0 l'arri\u00e8re Distributeur d'eau filtr\u00e9e \u00e0 l'int\u00e9rieur des appareils T\u00e9l\u00e9charger le PDF","breadcrumb":{"@id":"https:\/\/www.leadingflagind.com\/fr\/product\/refrigerateur-a-colonne-tl26binfaaa-fg-power\/#breadcrumb"},"inLanguage":"fr-FR","potentialAction":[{"@type":"ReadAction","target":["https:\/\/www.leadingflagind.com\/fr\/product\/refrigerateur-a-colonne-tl26binfaaa-fg-power\/"]}]},{"@type":"ImageObject","inLanguage":"fr-FR","@id":"https:\/\/www.leadingflagind.com\/fr\/product\/refrigerateur-a-colonne-tl26binfaaa-fg-power\/#primaryimage","url":"https:\/\/www.leadingflagind.com\/wp-content\/uploads\/2025\/11\/152-1.jpg","contentUrl":"https:\/\/www.leadingflagind.com\/wp-content\/uploads\/2025\/11\/152-1.jpg","width":800,"height":800},{"@type":"BreadcrumbList","@id":"https:\/\/www.leadingflagind.com\/fr\/product\/refrigerateur-a-colonne-tl26binfaaa-fg-power\/#breadcrumb","itemListElement":[{"@type":"ListItem","position":1,"name":"Home","item":"https:\/\/www.leadingflagind.com\/fr\/"},{"@type":"ListItem","position":2,"name":"Products","item":"https:\/\/www.leadingflagind.com\/shop\/"},{"@type":"ListItem","position":3,"name":"R\u00e9frig\u00e9rateur \u00e0 colonne TL26BINFAAA FG POWER"}]},{"@type":"WebSite","@id":"https:\/\/www.leadingflagind.com\/#website","url":"https:\/\/www.leadingflagind.com\/","name":"LEADING FLAG - Home Appliance Manufacturing","description":"Home Appliance Manufacturing","publisher":{"@id":"https:\/\/www.leadingflagind.com\/#organization"},"potentialAction":[{"@type":"SearchAction","target":{"@type":"EntryPoint","urlTemplate":"https:\/\/www.leadingflagind.com\/?s={search_term_string}"},"query-input":{"@type":"PropertyValueSpecification","valueRequired":true,"valueName":"search_term_string"}}],"inLanguage":"fr-FR"},{"@type":"Organization","@id":"https:\/\/www.leadingflagind.com\/#organization","name":"LEADING FLAG INDUSTRIAL & TRADING LIMITED","url":"https:\/\/www.leadingflagind.com\/","logo":{"@type":"ImageObject","inLanguage":"fr-FR","@id":"https:\/\/www.leadingflagind.com\/#\/schema\/logo\/image\/","url":"https:\/\/www.leadingflagind.com\/wp-content\/uploads\/2025\/11\/LOGO-leading-Flag.svg","contentUrl":"https:\/\/www.leadingflagind.com\/wp-content\/uploads\/2025\/11\/LOGO-leading-Flag.svg","width":436,"height":76,"caption":"LEADING FLAG INDUSTRIAL & TRADING LIMITED"},"image":{"@id":"https:\/\/www.leadingflagind.com\/#\/schema\/logo\/image\/"}}]}},"_links":{"self":[{"href":"https:\/\/www.leadingflagind.com\/fr\/wp-json\/wp\/v2\/product\/8756","targetHints":{"allow":["GET"]}}],"collection":[{"href":"https:\/\/www.leadingflagind.com\/fr\/wp-json\/wp\/v2\/product"}],"about":[{"href":"https:\/\/www.leadingflagind.com\/fr\/wp-json\/wp\/v2\/types\/product"}],"wp:featuredmedia":[{"embeddable":true,"href":"https:\/\/www.leadingflagind.com\/fr\/wp-json\/wp\/v2\/media\/8714"}],"wp:attachment":[{"href":"https:\/\/www.leadingflagind.com\/fr\/wp-json\/wp\/v2\/media?parent=8756"}],"wp:term":[{"taxonomy":"product_brand","embeddable":true,"href":"https:\/\/www.leadingflagind.com\/fr\/wp-json\/wp\/v2\/product_brand?post=8756"},{"taxonomy":"product_cat","embeddable":true,"href":"https:\/\/www.leadingflagind.com\/fr\/wp-json\/wp\/v2\/product_cat?post=8756"},{"taxonomy":"product_tag","embeddable":true,"href":"https:\/\/www.leadingflagind.com\/fr\/wp-json\/wp\/v2\/product_tag?post=8756"}],"curies":[{"name":"wp","href":"https:\/\/api.w.org\/{rel}","templated":true}]}}