{"id":8255,"date":"2025-11-11T10:47:58","date_gmt":"2025-11-11T10:47:58","guid":{"rendered":"https:\/\/www.leadingflagind.com\/product\/fg-power-130w-cordless-hand-vacuum-cleaner\/"},"modified":"2025-11-12T08:29:03","modified_gmt":"2025-11-12T08:29:03","slug":"aspirateur-a-main-sans-fil-fg-power-130-w","status":"publish","type":"product","link":"https:\/\/www.leadingflagind.com\/fr\/product\/aspirateur-a-main-sans-fil-fg-power-130-w\/","title":{"rendered":"Aspirateur \u00e0 main sans fil FG Power 130 W"},"content":{"rendered":"","protected":false},"excerpt":{"rendered":"<ul>\n<li style=\"text-align: left;\">Tension : 11,1 V<\/li>\n<li style=\"text-align: left;\">Capacit\u00e9 de la batterie : 2000 mAh<\/li>\n<li style=\"text-align: left;\">Type de batterie : lithium, amovible (SUNPOWER)<\/li>\n<li style=\"text-align: left;\">Puissance : 100 watts<\/li>\n<li style=\"text-align: left;\">Temps de charge : 2,5 heures<\/li>\n<li style=\"text-align: left;\">Autonomie : 28 minutes (\u00b13 minutes)<\/li>\n<li style=\"text-align: left;\">Degr\u00e9 d&rsquo;aspiration : 14 kPa<\/li>\n<li style=\"text-align: left;\">Puissance d&rsquo;aspiration : 45 air watts (AW)<\/li>\n<li style=\"text-align: left;\">D\u00e9bit d&rsquo;air : 6,5 L\/s<\/li>\n<li style=\"text-align: left;\">Indicateur d&rsquo;\u00e9lectricit\u00e9 : sur le ch\u00e2ssis<\/li>\n<li style=\"text-align: left;\">\u00c9clairage de la t\u00eate de sol : oui<\/li>\n<li style=\"text-align: left;\">Niveau sonore : &lt;78 dB(A)<\/li>\n<li style=\"text-align: left;\">Capacit\u00e9 du r\u00e9servoir : 500 ml<\/li>\n<li style=\"text-align: left;\">Filtration : \u00e9ponge\/HEPA<\/li>\n<\/ul>\n","protected":false},"featured_media":8260,"template":"","meta":[],"product_brand":[],"product_cat":[172],"product_tag":[],"class_list":{"0":"post-8255","1":"product","2":"type-product","3":"status-publish","4":"has-post-thumbnail","6":"product_cat-aspirateurs","8":"first","9":"instock","10":"shipping-taxable","11":"product-type-simple"},"yoast_head":"<!-- This site is optimized with the Yoast SEO plugin v26.6 - https:\/\/yoast.com\/wordpress\/plugins\/seo\/ -->\n<title>Aspirateur \u00e0 main sans fil FG Power 130 W - LEADING FLAG<\/title>\n<meta name=\"description\" content=\"Tension : 11,1 V  Capacit\u00e9 de la batterie : 2000 mAh  Type de batterie : lithium, amovible (SUNPOWER)  Puissance : 100 watts  Temps de charge : 2,5 heures  Autonomie : 28 minutes (\u00b13 minutes)  Degr\u00e9 d&#039;aspiration : 14 kPa  Puissance d&#039;aspiration : 45 air watts (AW)  D\u00e9bit d&#039;air : 6,5 L\/s  Indicateur d&#039;\u00e9lectricit\u00e9 : sur le ch\u00e2ssis  \u00c9clairage de la t\u00eate de sol : oui  Niveau sonore : &lt;78 dB(A)  Capacit\u00e9 du r\u00e9servoir : 500 ml  Filtration : \u00e9ponge\/HEPA\" \/>\n<meta name=\"robots\" content=\"index, follow, max-snippet:-1, max-image-preview:large, max-video-preview:-1\" \/>\n<link rel=\"canonical\" href=\"https:\/\/www.leadingflagind.com\/fr\/product\/aspirateur-a-main-sans-fil-fg-power-130-w\/\" \/>\n<meta property=\"og:locale\" content=\"fr_FR\" \/>\n<meta property=\"og:type\" content=\"article\" \/>\n<meta property=\"og:title\" content=\"Aspirateur \u00e0 main sans fil FG Power 130 W - LEADING FLAG\" \/>\n<meta property=\"og:description\" content=\"Tension : 11,1 V  Capacit\u00e9 de la batterie : 2000 mAh  Type de batterie : lithium, amovible (SUNPOWER)  Puissance : 100 watts  Temps de charge : 2,5 heures  Autonomie : 28 minutes (\u00b13 minutes)  Degr\u00e9 d&#039;aspiration : 14 kPa  Puissance d&#039;aspiration : 45 air watts (AW)  D\u00e9bit d&#039;air : 6,5 L\/s  Indicateur d&#039;\u00e9lectricit\u00e9 : sur le ch\u00e2ssis  \u00c9clairage de la t\u00eate de sol : oui  Niveau sonore : &lt;78 dB(A)  Capacit\u00e9 du r\u00e9servoir : 500 ml  Filtration : \u00e9ponge\/HEPA\" \/>\n<meta property=\"og:url\" content=\"https:\/\/www.leadingflagind.com\/fr\/product\/aspirateur-a-main-sans-fil-fg-power-130-w\/\" \/>\n<meta property=\"og:site_name\" content=\"LEADING FLAG\" \/>\n<meta property=\"article:modified_time\" content=\"2025-11-12T08:29:03+00:00\" \/>\n<meta property=\"og:image\" content=\"https:\/\/www.leadingflagind.com\/wp-content\/uploads\/2025\/11\/161.jpg\" \/>\n\t<meta property=\"og:image:width\" content=\"800\" \/>\n\t<meta property=\"og:image:height\" content=\"800\" \/>\n\t<meta property=\"og:image:type\" content=\"image\/jpeg\" \/>\n<meta name=\"twitter:card\" content=\"summary_large_image\" \/>\n<script type=\"application\/ld+json\" class=\"yoast-schema-graph\">{\"@context\":\"https:\/\/schema.org\",\"@graph\":[{\"@type\":\"WebPage\",\"@id\":\"https:\/\/www.leadingflagind.com\/fr\/product\/aspirateur-a-main-sans-fil-fg-power-130-w\/\",\"url\":\"https:\/\/www.leadingflagind.com\/fr\/product\/aspirateur-a-main-sans-fil-fg-power-130-w\/\",\"name\":\"Aspirateur \u00e0 main sans fil FG Power 130 W - LEADING FLAG\",\"isPartOf\":{\"@id\":\"https:\/\/www.leadingflagind.com\/#website\"},\"primaryImageOfPage\":{\"@id\":\"https:\/\/www.leadingflagind.com\/fr\/product\/aspirateur-a-main-sans-fil-fg-power-130-w\/#primaryimage\"},\"image\":{\"@id\":\"https:\/\/www.leadingflagind.com\/fr\/product\/aspirateur-a-main-sans-fil-fg-power-130-w\/#primaryimage\"},\"thumbnailUrl\":\"https:\/\/www.leadingflagind.com\/wp-content\/uploads\/2025\/11\/161.jpg\",\"datePublished\":\"2025-11-11T10:47:58+00:00\",\"dateModified\":\"2025-11-12T08:29:03+00:00\",\"description\":\"Tension : 11,1 V Capacit\u00e9 de la batterie : 2000 mAh Type de batterie : lithium, amovible (SUNPOWER) Puissance : 100 watts Temps de charge : 2,5 heures Autonomie : 28 minutes (\u00b13 minutes) Degr\u00e9 d'aspiration : 14 kPa Puissance d'aspiration : 45 air watts (AW) D\u00e9bit d'air : 6,5 L\/s Indicateur d'\u00e9lectricit\u00e9 : sur le ch\u00e2ssis \u00c9clairage de la t\u00eate de sol : oui Niveau sonore : &lt;78 dB(A) Capacit\u00e9 du r\u00e9servoir : 500 ml Filtration : \u00e9ponge\/HEPA\",\"breadcrumb\":{\"@id\":\"https:\/\/www.leadingflagind.com\/fr\/product\/aspirateur-a-main-sans-fil-fg-power-130-w\/#breadcrumb\"},\"inLanguage\":\"fr-FR\",\"potentialAction\":[{\"@type\":\"ReadAction\",\"target\":[\"https:\/\/www.leadingflagind.com\/fr\/product\/aspirateur-a-main-sans-fil-fg-power-130-w\/\"]}]},{\"@type\":\"ImageObject\",\"inLanguage\":\"fr-FR\",\"@id\":\"https:\/\/www.leadingflagind.com\/fr\/product\/aspirateur-a-main-sans-fil-fg-power-130-w\/#primaryimage\",\"url\":\"https:\/\/www.leadingflagind.com\/wp-content\/uploads\/2025\/11\/161.jpg\",\"contentUrl\":\"https:\/\/www.leadingflagind.com\/wp-content\/uploads\/2025\/11\/161.jpg\",\"width\":800,\"height\":800},{\"@type\":\"BreadcrumbList\",\"@id\":\"https:\/\/www.leadingflagind.com\/fr\/product\/aspirateur-a-main-sans-fil-fg-power-130-w\/#breadcrumb\",\"itemListElement\":[{\"@type\":\"ListItem\",\"position\":1,\"name\":\"Home\",\"item\":\"https:\/\/www.leadingflagind.com\/fr\/\"},{\"@type\":\"ListItem\",\"position\":2,\"name\":\"Products\",\"item\":\"https:\/\/www.leadingflagind.com\/shop\/\"},{\"@type\":\"ListItem\",\"position\":3,\"name\":\"Aspirateur \u00e0 main sans fil FG Power 130 W\"}]},{\"@type\":\"WebSite\",\"@id\":\"https:\/\/www.leadingflagind.com\/#website\",\"url\":\"https:\/\/www.leadingflagind.com\/\",\"name\":\"LEADING FLAG - Home Appliance Manufacturing\",\"description\":\"Home Appliance Manufacturing\",\"publisher\":{\"@id\":\"https:\/\/www.leadingflagind.com\/#organization\"},\"potentialAction\":[{\"@type\":\"SearchAction\",\"target\":{\"@type\":\"EntryPoint\",\"urlTemplate\":\"https:\/\/www.leadingflagind.com\/?s={search_term_string}\"},\"query-input\":{\"@type\":\"PropertyValueSpecification\",\"valueRequired\":true,\"valueName\":\"search_term_string\"}}],\"inLanguage\":\"fr-FR\"},{\"@type\":\"Organization\",\"@id\":\"https:\/\/www.leadingflagind.com\/#organization\",\"name\":\"LEADING FLAG INDUSTRIAL & TRADING LIMITED\",\"url\":\"https:\/\/www.leadingflagind.com\/\",\"logo\":{\"@type\":\"ImageObject\",\"inLanguage\":\"fr-FR\",\"@id\":\"https:\/\/www.leadingflagind.com\/#\/schema\/logo\/image\/\",\"url\":\"https:\/\/www.leadingflagind.com\/wp-content\/uploads\/2025\/11\/LOGO-leading-Flag.svg\",\"contentUrl\":\"https:\/\/www.leadingflagind.com\/wp-content\/uploads\/2025\/11\/LOGO-leading-Flag.svg\",\"width\":436,\"height\":76,\"caption\":\"LEADING FLAG INDUSTRIAL & TRADING LIMITED\"},\"image\":{\"@id\":\"https:\/\/www.leadingflagind.com\/#\/schema\/logo\/image\/\"}}]}<\/script>\n<!-- \/ Yoast SEO plugin. -->","yoast_head_json":{"title":"Aspirateur \u00e0 main sans fil FG Power 130 W - LEADING FLAG","description":"Tension : 11,1 V  Capacit\u00e9 de la batterie : 2000 mAh  Type de batterie : lithium, amovible (SUNPOWER)  Puissance : 100 watts  Temps de charge : 2,5 heures  Autonomie : 28 minutes (\u00b13 minutes)  Degr\u00e9 d'aspiration : 14 kPa  Puissance d'aspiration : 45 air watts (AW)  D\u00e9bit d'air : 6,5 L\/s  Indicateur d'\u00e9lectricit\u00e9 : sur le ch\u00e2ssis  \u00c9clairage de la t\u00eate de sol : oui  Niveau sonore : &lt;78 dB(A)  Capacit\u00e9 du r\u00e9servoir : 500 ml  Filtration : \u00e9ponge\/HEPA","robots":{"index":"index","follow":"follow","max-snippet":"max-snippet:-1","max-image-preview":"max-image-preview:large","max-video-preview":"max-video-preview:-1"},"canonical":"https:\/\/www.leadingflagind.com\/fr\/product\/aspirateur-a-main-sans-fil-fg-power-130-w\/","og_locale":"fr_FR","og_type":"article","og_title":"Aspirateur \u00e0 main sans fil FG Power 130 W - LEADING FLAG","og_description":"Tension : 11,1 V  Capacit\u00e9 de la batterie : 2000 mAh  Type de batterie : lithium, amovible (SUNPOWER)  Puissance : 100 watts  Temps de charge : 2,5 heures  Autonomie : 28 minutes (\u00b13 minutes)  Degr\u00e9 d'aspiration : 14 kPa  Puissance d'aspiration : 45 air watts (AW)  D\u00e9bit d'air : 6,5 L\/s  Indicateur d'\u00e9lectricit\u00e9 : sur le ch\u00e2ssis  \u00c9clairage de la t\u00eate de sol : oui  Niveau sonore : &lt;78 dB(A)  Capacit\u00e9 du r\u00e9servoir : 500 ml  Filtration : \u00e9ponge\/HEPA","og_url":"https:\/\/www.leadingflagind.com\/fr\/product\/aspirateur-a-main-sans-fil-fg-power-130-w\/","og_site_name":"LEADING FLAG","article_modified_time":"2025-11-12T08:29:03+00:00","og_image":[{"width":800,"height":800,"url":"https:\/\/www.leadingflagind.com\/wp-content\/uploads\/2025\/11\/161.jpg","type":"image\/jpeg"}],"twitter_card":"summary_large_image","schema":{"@context":"https:\/\/schema.org","@graph":[{"@type":"WebPage","@id":"https:\/\/www.leadingflagind.com\/fr\/product\/aspirateur-a-main-sans-fil-fg-power-130-w\/","url":"https:\/\/www.leadingflagind.com\/fr\/product\/aspirateur-a-main-sans-fil-fg-power-130-w\/","name":"Aspirateur \u00e0 main sans fil FG Power 130 W - LEADING FLAG","isPartOf":{"@id":"https:\/\/www.leadingflagind.com\/#website"},"primaryImageOfPage":{"@id":"https:\/\/www.leadingflagind.com\/fr\/product\/aspirateur-a-main-sans-fil-fg-power-130-w\/#primaryimage"},"image":{"@id":"https:\/\/www.leadingflagind.com\/fr\/product\/aspirateur-a-main-sans-fil-fg-power-130-w\/#primaryimage"},"thumbnailUrl":"https:\/\/www.leadingflagind.com\/wp-content\/uploads\/2025\/11\/161.jpg","datePublished":"2025-11-11T10:47:58+00:00","dateModified":"2025-11-12T08:29:03+00:00","description":"Tension : 11,1 V Capacit\u00e9 de la batterie : 2000 mAh Type de batterie : lithium, amovible (SUNPOWER) Puissance : 100 watts Temps de charge : 2,5 heures Autonomie : 28 minutes (\u00b13 minutes) Degr\u00e9 d'aspiration : 14 kPa Puissance d'aspiration : 45 air watts (AW) D\u00e9bit d'air : 6,5 L\/s Indicateur d'\u00e9lectricit\u00e9 : sur le ch\u00e2ssis \u00c9clairage de la t\u00eate de sol : oui Niveau sonore : &lt;78 dB(A) Capacit\u00e9 du r\u00e9servoir : 500 ml Filtration : \u00e9ponge\/HEPA","breadcrumb":{"@id":"https:\/\/www.leadingflagind.com\/fr\/product\/aspirateur-a-main-sans-fil-fg-power-130-w\/#breadcrumb"},"inLanguage":"fr-FR","potentialAction":[{"@type":"ReadAction","target":["https:\/\/www.leadingflagind.com\/fr\/product\/aspirateur-a-main-sans-fil-fg-power-130-w\/"]}]},{"@type":"ImageObject","inLanguage":"fr-FR","@id":"https:\/\/www.leadingflagind.com\/fr\/product\/aspirateur-a-main-sans-fil-fg-power-130-w\/#primaryimage","url":"https:\/\/www.leadingflagind.com\/wp-content\/uploads\/2025\/11\/161.jpg","contentUrl":"https:\/\/www.leadingflagind.com\/wp-content\/uploads\/2025\/11\/161.jpg","width":800,"height":800},{"@type":"BreadcrumbList","@id":"https:\/\/www.leadingflagind.com\/fr\/product\/aspirateur-a-main-sans-fil-fg-power-130-w\/#breadcrumb","itemListElement":[{"@type":"ListItem","position":1,"name":"Home","item":"https:\/\/www.leadingflagind.com\/fr\/"},{"@type":"ListItem","position":2,"name":"Products","item":"https:\/\/www.leadingflagind.com\/shop\/"},{"@type":"ListItem","position":3,"name":"Aspirateur \u00e0 main sans fil FG Power 130 W"}]},{"@type":"WebSite","@id":"https:\/\/www.leadingflagind.com\/#website","url":"https:\/\/www.leadingflagind.com\/","name":"LEADING FLAG - Home Appliance Manufacturing","description":"Home Appliance Manufacturing","publisher":{"@id":"https:\/\/www.leadingflagind.com\/#organization"},"potentialAction":[{"@type":"SearchAction","target":{"@type":"EntryPoint","urlTemplate":"https:\/\/www.leadingflagind.com\/?s={search_term_string}"},"query-input":{"@type":"PropertyValueSpecification","valueRequired":true,"valueName":"search_term_string"}}],"inLanguage":"fr-FR"},{"@type":"Organization","@id":"https:\/\/www.leadingflagind.com\/#organization","name":"LEADING FLAG INDUSTRIAL & TRADING LIMITED","url":"https:\/\/www.leadingflagind.com\/","logo":{"@type":"ImageObject","inLanguage":"fr-FR","@id":"https:\/\/www.leadingflagind.com\/#\/schema\/logo\/image\/","url":"https:\/\/www.leadingflagind.com\/wp-content\/uploads\/2025\/11\/LOGO-leading-Flag.svg","contentUrl":"https:\/\/www.leadingflagind.com\/wp-content\/uploads\/2025\/11\/LOGO-leading-Flag.svg","width":436,"height":76,"caption":"LEADING FLAG INDUSTRIAL & TRADING LIMITED"},"image":{"@id":"https:\/\/www.leadingflagind.com\/#\/schema\/logo\/image\/"}}]}},"_links":{"self":[{"href":"https:\/\/www.leadingflagind.com\/fr\/wp-json\/wp\/v2\/product\/8255","targetHints":{"allow":["GET"]}}],"collection":[{"href":"https:\/\/www.leadingflagind.com\/fr\/wp-json\/wp\/v2\/product"}],"about":[{"href":"https:\/\/www.leadingflagind.com\/fr\/wp-json\/wp\/v2\/types\/product"}],"wp:featuredmedia":[{"embeddable":true,"href":"https:\/\/www.leadingflagind.com\/fr\/wp-json\/wp\/v2\/media\/8260"}],"wp:attachment":[{"href":"https:\/\/www.leadingflagind.com\/fr\/wp-json\/wp\/v2\/media?parent=8255"}],"wp:term":[{"taxonomy":"product_brand","embeddable":true,"href":"https:\/\/www.leadingflagind.com\/fr\/wp-json\/wp\/v2\/product_brand?post=8255"},{"taxonomy":"product_cat","embeddable":true,"href":"https:\/\/www.leadingflagind.com\/fr\/wp-json\/wp\/v2\/product_cat?post=8255"},{"taxonomy":"product_tag","embeddable":true,"href":"https:\/\/www.leadingflagind.com\/fr\/wp-json\/wp\/v2\/product_tag?post=8255"}],"curies":[{"name":"wp","href":"https:\/\/api.w.org\/{rel}","templated":true}]}}