{"id":8239,"date":"2025-11-11T10:48:00","date_gmt":"2025-11-11T10:48:00","guid":{"rendered":"https:\/\/www.leadingflagind.com\/product\/tl24binfaaa-fg-power-vertical-door-freezer\/"},"modified":"2025-11-12T08:26:53","modified_gmt":"2025-11-12T08:26:53","slug":"tl24binfaaa-fg-power-congelateur-a-porte-verticale","status":"publish","type":"product","link":"https:\/\/www.leadingflagind.com\/fr\/product\/tl24binfaaa-fg-power-congelateur-a-porte-verticale\/","title":{"rendered":"TL24BINFAAA FG POWER Cong\u00e9lateur \u00e0 porte verticale"},"content":{"rendered":"","protected":false},"excerpt":{"rendered":"<ul>\n<li>Marque : FG POWER<\/li>\n<li>Volume net total : 352 L<\/li>\n<li>Syst\u00e8me de refroidissement : Total No Frost<\/li>\n<li>Syst\u00e8me de contr\u00f4le : \u00e9lectronique<\/li>\n<li>Dimensions : 603*592*2123 mm<\/li>\n<li>Dimensions emball\u00e9 : 667*670*2300 mm<\/li>\n<li>Quantit\u00e9s de chargement (40 pieds HC) : 51 pi\u00e8ces<\/li>\n<li>Installation v\u00e9ritablement int\u00e9gr\u00e9e<\/li>\n<li>Charni\u00e8re affleurante \u00e0 ouverture \u00e0 90<\/li>\n<li>Grand \u00e9cran num\u00e9rique facile \u00e0 lire<\/li>\n<li>Tiroirs \u00e0 fermeture douce pour un rangement facile et contr\u00f4l\u00e9<\/li>\n<li>Tiroirs \u00e0 extension totale<\/li>\n<li>Temp\u00e9rature r\u00e9glable de +5 \u00b0F (-15 \u00b0C) \u00e0 -11 \u00b0F (-24 \u00b0C).<\/li>\n<li>Mode sabbat, mode vacances, mode ECO, mode showroom<\/li>\n<li>\u00c9tag\u00e8res cantilever r\u00e9glables en hauteur<\/li>\n<li>\u00c9clairage LED<\/li>\n<li>R\u00e9glage 3D de la porte, pour un alignement facile du panneau de porte<\/li>\n<li>Ultra silencieux 43 dB(A)<\/li>\n<li>Mise \u00e0 niveau de l&rsquo;appareil \u00e0 l&rsquo;avant et \u00e0 l&rsquo;arri\u00e8re<\/li>\n<li>Machine \u00e0 gla\u00e7ons automatique en option<\/li>\n<\/ul>\n","protected":false},"featured_media":8240,"template":"","meta":[],"product_brand":[],"product_cat":[171,170],"product_tag":[],"class_list":{"0":"post-8239","1":"product","2":"type-product","3":"status-publish","4":"has-post-thumbnail","6":"product_cat-refrigerateurs","7":"product_cat-refrigerateurs-encastrables","9":"first","10":"instock","11":"shipping-taxable","12":"product-type-simple"},"yoast_head":"<!-- This site is optimized with the Yoast SEO plugin v26.6 - https:\/\/yoast.com\/wordpress\/plugins\/seo\/ -->\n<title>TL24BINFAAA FG POWER Cong\u00e9lateur \u00e0 porte verticale - LEADING FLAG<\/title>\n<meta name=\"description\" content=\"Marque : FG POWER  Volume net total : 352 L  Syst\u00e8me de refroidissement : Total No Frost  Syst\u00e8me de contr\u00f4le : \u00e9lectronique  Dimensions : 603*592*2123 mm  Dimensions emball\u00e9 : 667*670*2300 mm  Quantit\u00e9s de chargement (40 pieds HC) : 51 pi\u00e8ces  Installation v\u00e9ritablement int\u00e9gr\u00e9e  Charni\u00e8re affleurante \u00e0 ouverture \u00e0 90  Grand \u00e9cran num\u00e9rique facile \u00e0 lire  Tiroirs \u00e0 fermeture douce pour un rangement facile et contr\u00f4l\u00e9  Tiroirs \u00e0 extension totale  Temp\u00e9rature r\u00e9glable de +5 \u00b0F (-15 \u00b0C) \u00e0 -11 \u00b0F (-24 \u00b0C).  Mode sabbat, mode vacances, mode ECO, mode showroom  \u00c9tag\u00e8res cantilever r\u00e9glables en hauteur  \u00c9clairage LED  R\u00e9glage 3D de la porte, pour un alignement facile du panneau de porte  Ultra silencieux 43 dB(A)  Mise \u00e0 niveau de l&#039;appareil \u00e0 l&#039;avant et \u00e0 l&#039;arri\u00e8re  Machine \u00e0 gla\u00e7ons automatique en option\" \/>\n<meta name=\"robots\" content=\"index, follow, max-snippet:-1, max-image-preview:large, max-video-preview:-1\" \/>\n<link rel=\"canonical\" href=\"https:\/\/www.leadingflagind.com\/fr\/product\/tl24binfaaa-fg-power-congelateur-a-porte-verticale\/\" \/>\n<meta property=\"og:locale\" content=\"fr_FR\" \/>\n<meta property=\"og:type\" content=\"article\" \/>\n<meta property=\"og:title\" content=\"TL24BINFAAA FG POWER Cong\u00e9lateur \u00e0 porte verticale - LEADING FLAG\" \/>\n<meta property=\"og:description\" content=\"Marque : FG POWER  Volume net total : 352 L  Syst\u00e8me de refroidissement : Total No Frost  Syst\u00e8me de contr\u00f4le : \u00e9lectronique  Dimensions : 603*592*2123 mm  Dimensions emball\u00e9 : 667*670*2300 mm  Quantit\u00e9s de chargement (40 pieds HC) : 51 pi\u00e8ces  Installation v\u00e9ritablement int\u00e9gr\u00e9e  Charni\u00e8re affleurante \u00e0 ouverture \u00e0 90  Grand \u00e9cran num\u00e9rique facile \u00e0 lire  Tiroirs \u00e0 fermeture douce pour un rangement facile et contr\u00f4l\u00e9  Tiroirs \u00e0 extension totale  Temp\u00e9rature r\u00e9glable de +5 \u00b0F (-15 \u00b0C) \u00e0 -11 \u00b0F (-24 \u00b0C).  Mode sabbat, mode vacances, mode ECO, mode showroom  \u00c9tag\u00e8res cantilever r\u00e9glables en hauteur  \u00c9clairage LED  R\u00e9glage 3D de la porte, pour un alignement facile du panneau de porte  Ultra silencieux 43 dB(A)  Mise \u00e0 niveau de l&#039;appareil \u00e0 l&#039;avant et \u00e0 l&#039;arri\u00e8re  Machine \u00e0 gla\u00e7ons automatique en option\" \/>\n<meta property=\"og:url\" content=\"https:\/\/www.leadingflagind.com\/fr\/product\/tl24binfaaa-fg-power-congelateur-a-porte-verticale\/\" \/>\n<meta property=\"og:site_name\" content=\"LEADING FLAG\" \/>\n<meta property=\"article:modified_time\" content=\"2025-11-12T08:26:53+00:00\" \/>\n<meta property=\"og:image\" content=\"https:\/\/www.leadingflagind.com\/wp-content\/uploads\/2025\/11\/53.jpg\" \/>\n\t<meta property=\"og:image:width\" content=\"800\" \/>\n\t<meta property=\"og:image:height\" content=\"800\" \/>\n\t<meta property=\"og:image:type\" content=\"image\/jpeg\" \/>\n<meta name=\"twitter:card\" content=\"summary_large_image\" \/>\n<script type=\"application\/ld+json\" class=\"yoast-schema-graph\">{\"@context\":\"https:\/\/schema.org\",\"@graph\":[{\"@type\":\"WebPage\",\"@id\":\"https:\/\/www.leadingflagind.com\/fr\/product\/tl24binfaaa-fg-power-congelateur-a-porte-verticale\/\",\"url\":\"https:\/\/www.leadingflagind.com\/fr\/product\/tl24binfaaa-fg-power-congelateur-a-porte-verticale\/\",\"name\":\"TL24BINFAAA FG POWER Cong\u00e9lateur \u00e0 porte verticale - LEADING FLAG\",\"isPartOf\":{\"@id\":\"https:\/\/www.leadingflagind.com\/#website\"},\"primaryImageOfPage\":{\"@id\":\"https:\/\/www.leadingflagind.com\/fr\/product\/tl24binfaaa-fg-power-congelateur-a-porte-verticale\/#primaryimage\"},\"image\":{\"@id\":\"https:\/\/www.leadingflagind.com\/fr\/product\/tl24binfaaa-fg-power-congelateur-a-porte-verticale\/#primaryimage\"},\"thumbnailUrl\":\"https:\/\/www.leadingflagind.com\/wp-content\/uploads\/2025\/11\/53.jpg\",\"datePublished\":\"2025-11-11T10:48:00+00:00\",\"dateModified\":\"2025-11-12T08:26:53+00:00\",\"description\":\"Marque : FG POWER Volume net total : 352 L Syst\u00e8me de refroidissement : Total No Frost Syst\u00e8me de contr\u00f4le : \u00e9lectronique Dimensions : 603*592*2123 mm Dimensions emball\u00e9 : 667*670*2300 mm Quantit\u00e9s de chargement (40 pieds HC) : 51 pi\u00e8ces Installation v\u00e9ritablement int\u00e9gr\u00e9e Charni\u00e8re affleurante \u00e0 ouverture \u00e0 90 Grand \u00e9cran num\u00e9rique facile \u00e0 lire Tiroirs \u00e0 fermeture douce pour un rangement facile et contr\u00f4l\u00e9 Tiroirs \u00e0 extension totale Temp\u00e9rature r\u00e9glable de +5 \u00b0F (-15 \u00b0C) \u00e0 -11 \u00b0F (-24 \u00b0C). Mode sabbat, mode vacances, mode ECO, mode showroom \u00c9tag\u00e8res cantilever r\u00e9glables en hauteur \u00c9clairage LED R\u00e9glage 3D de la porte, pour un alignement facile du panneau de porte Ultra silencieux 43 dB(A) Mise \u00e0 niveau de l'appareil \u00e0 l'avant et \u00e0 l'arri\u00e8re Machine \u00e0 gla\u00e7ons automatique en option\",\"breadcrumb\":{\"@id\":\"https:\/\/www.leadingflagind.com\/fr\/product\/tl24binfaaa-fg-power-congelateur-a-porte-verticale\/#breadcrumb\"},\"inLanguage\":\"fr-FR\",\"potentialAction\":[{\"@type\":\"ReadAction\",\"target\":[\"https:\/\/www.leadingflagind.com\/fr\/product\/tl24binfaaa-fg-power-congelateur-a-porte-verticale\/\"]}]},{\"@type\":\"ImageObject\",\"inLanguage\":\"fr-FR\",\"@id\":\"https:\/\/www.leadingflagind.com\/fr\/product\/tl24binfaaa-fg-power-congelateur-a-porte-verticale\/#primaryimage\",\"url\":\"https:\/\/www.leadingflagind.com\/wp-content\/uploads\/2025\/11\/53.jpg\",\"contentUrl\":\"https:\/\/www.leadingflagind.com\/wp-content\/uploads\/2025\/11\/53.jpg\",\"width\":800,\"height\":800},{\"@type\":\"BreadcrumbList\",\"@id\":\"https:\/\/www.leadingflagind.com\/fr\/product\/tl24binfaaa-fg-power-congelateur-a-porte-verticale\/#breadcrumb\",\"itemListElement\":[{\"@type\":\"ListItem\",\"position\":1,\"name\":\"Home\",\"item\":\"https:\/\/www.leadingflagind.com\/fr\/\"},{\"@type\":\"ListItem\",\"position\":2,\"name\":\"Products\",\"item\":\"https:\/\/www.leadingflagind.com\/shop\/\"},{\"@type\":\"ListItem\",\"position\":3,\"name\":\"TL24BINFAAA FG POWER Cong\u00e9lateur \u00e0 porte verticale\"}]},{\"@type\":\"WebSite\",\"@id\":\"https:\/\/www.leadingflagind.com\/#website\",\"url\":\"https:\/\/www.leadingflagind.com\/\",\"name\":\"LEADING FLAG - Home Appliance Manufacturing\",\"description\":\"Home Appliance Manufacturing\",\"publisher\":{\"@id\":\"https:\/\/www.leadingflagind.com\/#organization\"},\"potentialAction\":[{\"@type\":\"SearchAction\",\"target\":{\"@type\":\"EntryPoint\",\"urlTemplate\":\"https:\/\/www.leadingflagind.com\/?s={search_term_string}\"},\"query-input\":{\"@type\":\"PropertyValueSpecification\",\"valueRequired\":true,\"valueName\":\"search_term_string\"}}],\"inLanguage\":\"fr-FR\"},{\"@type\":\"Organization\",\"@id\":\"https:\/\/www.leadingflagind.com\/#organization\",\"name\":\"LEADING FLAG INDUSTRIAL & TRADING LIMITED\",\"url\":\"https:\/\/www.leadingflagind.com\/\",\"logo\":{\"@type\":\"ImageObject\",\"inLanguage\":\"fr-FR\",\"@id\":\"https:\/\/www.leadingflagind.com\/#\/schema\/logo\/image\/\",\"url\":\"https:\/\/www.leadingflagind.com\/wp-content\/uploads\/2025\/11\/LOGO-leading-Flag.svg\",\"contentUrl\":\"https:\/\/www.leadingflagind.com\/wp-content\/uploads\/2025\/11\/LOGO-leading-Flag.svg\",\"width\":436,\"height\":76,\"caption\":\"LEADING FLAG INDUSTRIAL & TRADING LIMITED\"},\"image\":{\"@id\":\"https:\/\/www.leadingflagind.com\/#\/schema\/logo\/image\/\"}}]}<\/script>\n<!-- \/ Yoast SEO plugin. -->","yoast_head_json":{"title":"TL24BINFAAA FG POWER Cong\u00e9lateur \u00e0 porte verticale - LEADING FLAG","description":"Marque : FG POWER  Volume net total : 352 L  Syst\u00e8me de refroidissement : Total No Frost  Syst\u00e8me de contr\u00f4le : \u00e9lectronique  Dimensions : 603*592*2123 mm  Dimensions emball\u00e9 : 667*670*2300 mm  Quantit\u00e9s de chargement (40 pieds HC) : 51 pi\u00e8ces  Installation v\u00e9ritablement int\u00e9gr\u00e9e  Charni\u00e8re affleurante \u00e0 ouverture \u00e0 90  Grand \u00e9cran num\u00e9rique facile \u00e0 lire  Tiroirs \u00e0 fermeture douce pour un rangement facile et contr\u00f4l\u00e9  Tiroirs \u00e0 extension totale  Temp\u00e9rature r\u00e9glable de +5 \u00b0F (-15 \u00b0C) \u00e0 -11 \u00b0F (-24 \u00b0C).  Mode sabbat, mode vacances, mode ECO, mode showroom  \u00c9tag\u00e8res cantilever r\u00e9glables en hauteur  \u00c9clairage LED  R\u00e9glage 3D de la porte, pour un alignement facile du panneau de porte  Ultra silencieux 43 dB(A)  Mise \u00e0 niveau de l'appareil \u00e0 l'avant et \u00e0 l'arri\u00e8re  Machine \u00e0 gla\u00e7ons automatique en option","robots":{"index":"index","follow":"follow","max-snippet":"max-snippet:-1","max-image-preview":"max-image-preview:large","max-video-preview":"max-video-preview:-1"},"canonical":"https:\/\/www.leadingflagind.com\/fr\/product\/tl24binfaaa-fg-power-congelateur-a-porte-verticale\/","og_locale":"fr_FR","og_type":"article","og_title":"TL24BINFAAA FG POWER Cong\u00e9lateur \u00e0 porte verticale - LEADING FLAG","og_description":"Marque : FG POWER  Volume net total : 352 L  Syst\u00e8me de refroidissement : Total No Frost  Syst\u00e8me de contr\u00f4le : \u00e9lectronique  Dimensions : 603*592*2123 mm  Dimensions emball\u00e9 : 667*670*2300 mm  Quantit\u00e9s de chargement (40 pieds HC) : 51 pi\u00e8ces  Installation v\u00e9ritablement int\u00e9gr\u00e9e  Charni\u00e8re affleurante \u00e0 ouverture \u00e0 90  Grand \u00e9cran num\u00e9rique facile \u00e0 lire  Tiroirs \u00e0 fermeture douce pour un rangement facile et contr\u00f4l\u00e9  Tiroirs \u00e0 extension totale  Temp\u00e9rature r\u00e9glable de +5 \u00b0F (-15 \u00b0C) \u00e0 -11 \u00b0F (-24 \u00b0C).  Mode sabbat, mode vacances, mode ECO, mode showroom  \u00c9tag\u00e8res cantilever r\u00e9glables en hauteur  \u00c9clairage LED  R\u00e9glage 3D de la porte, pour un alignement facile du panneau de porte  Ultra silencieux 43 dB(A)  Mise \u00e0 niveau de l'appareil \u00e0 l'avant et \u00e0 l'arri\u00e8re  Machine \u00e0 gla\u00e7ons automatique en option","og_url":"https:\/\/www.leadingflagind.com\/fr\/product\/tl24binfaaa-fg-power-congelateur-a-porte-verticale\/","og_site_name":"LEADING FLAG","article_modified_time":"2025-11-12T08:26:53+00:00","og_image":[{"width":800,"height":800,"url":"https:\/\/www.leadingflagind.com\/wp-content\/uploads\/2025\/11\/53.jpg","type":"image\/jpeg"}],"twitter_card":"summary_large_image","schema":{"@context":"https:\/\/schema.org","@graph":[{"@type":"WebPage","@id":"https:\/\/www.leadingflagind.com\/fr\/product\/tl24binfaaa-fg-power-congelateur-a-porte-verticale\/","url":"https:\/\/www.leadingflagind.com\/fr\/product\/tl24binfaaa-fg-power-congelateur-a-porte-verticale\/","name":"TL24BINFAAA FG POWER Cong\u00e9lateur \u00e0 porte verticale - LEADING FLAG","isPartOf":{"@id":"https:\/\/www.leadingflagind.com\/#website"},"primaryImageOfPage":{"@id":"https:\/\/www.leadingflagind.com\/fr\/product\/tl24binfaaa-fg-power-congelateur-a-porte-verticale\/#primaryimage"},"image":{"@id":"https:\/\/www.leadingflagind.com\/fr\/product\/tl24binfaaa-fg-power-congelateur-a-porte-verticale\/#primaryimage"},"thumbnailUrl":"https:\/\/www.leadingflagind.com\/wp-content\/uploads\/2025\/11\/53.jpg","datePublished":"2025-11-11T10:48:00+00:00","dateModified":"2025-11-12T08:26:53+00:00","description":"Marque : FG POWER Volume net total : 352 L Syst\u00e8me de refroidissement : Total No Frost Syst\u00e8me de contr\u00f4le : \u00e9lectronique Dimensions : 603*592*2123 mm Dimensions emball\u00e9 : 667*670*2300 mm Quantit\u00e9s de chargement (40 pieds HC) : 51 pi\u00e8ces Installation v\u00e9ritablement int\u00e9gr\u00e9e Charni\u00e8re affleurante \u00e0 ouverture \u00e0 90 Grand \u00e9cran num\u00e9rique facile \u00e0 lire Tiroirs \u00e0 fermeture douce pour un rangement facile et contr\u00f4l\u00e9 Tiroirs \u00e0 extension totale Temp\u00e9rature r\u00e9glable de +5 \u00b0F (-15 \u00b0C) \u00e0 -11 \u00b0F (-24 \u00b0C). Mode sabbat, mode vacances, mode ECO, mode showroom \u00c9tag\u00e8res cantilever r\u00e9glables en hauteur \u00c9clairage LED R\u00e9glage 3D de la porte, pour un alignement facile du panneau de porte Ultra silencieux 43 dB(A) Mise \u00e0 niveau de l'appareil \u00e0 l'avant et \u00e0 l'arri\u00e8re Machine \u00e0 gla\u00e7ons automatique en option","breadcrumb":{"@id":"https:\/\/www.leadingflagind.com\/fr\/product\/tl24binfaaa-fg-power-congelateur-a-porte-verticale\/#breadcrumb"},"inLanguage":"fr-FR","potentialAction":[{"@type":"ReadAction","target":["https:\/\/www.leadingflagind.com\/fr\/product\/tl24binfaaa-fg-power-congelateur-a-porte-verticale\/"]}]},{"@type":"ImageObject","inLanguage":"fr-FR","@id":"https:\/\/www.leadingflagind.com\/fr\/product\/tl24binfaaa-fg-power-congelateur-a-porte-verticale\/#primaryimage","url":"https:\/\/www.leadingflagind.com\/wp-content\/uploads\/2025\/11\/53.jpg","contentUrl":"https:\/\/www.leadingflagind.com\/wp-content\/uploads\/2025\/11\/53.jpg","width":800,"height":800},{"@type":"BreadcrumbList","@id":"https:\/\/www.leadingflagind.com\/fr\/product\/tl24binfaaa-fg-power-congelateur-a-porte-verticale\/#breadcrumb","itemListElement":[{"@type":"ListItem","position":1,"name":"Home","item":"https:\/\/www.leadingflagind.com\/fr\/"},{"@type":"ListItem","position":2,"name":"Products","item":"https:\/\/www.leadingflagind.com\/shop\/"},{"@type":"ListItem","position":3,"name":"TL24BINFAAA FG POWER Cong\u00e9lateur \u00e0 porte verticale"}]},{"@type":"WebSite","@id":"https:\/\/www.leadingflagind.com\/#website","url":"https:\/\/www.leadingflagind.com\/","name":"LEADING FLAG - Home Appliance Manufacturing","description":"Home Appliance Manufacturing","publisher":{"@id":"https:\/\/www.leadingflagind.com\/#organization"},"potentialAction":[{"@type":"SearchAction","target":{"@type":"EntryPoint","urlTemplate":"https:\/\/www.leadingflagind.com\/?s={search_term_string}"},"query-input":{"@type":"PropertyValueSpecification","valueRequired":true,"valueName":"search_term_string"}}],"inLanguage":"fr-FR"},{"@type":"Organization","@id":"https:\/\/www.leadingflagind.com\/#organization","name":"LEADING FLAG INDUSTRIAL & TRADING LIMITED","url":"https:\/\/www.leadingflagind.com\/","logo":{"@type":"ImageObject","inLanguage":"fr-FR","@id":"https:\/\/www.leadingflagind.com\/#\/schema\/logo\/image\/","url":"https:\/\/www.leadingflagind.com\/wp-content\/uploads\/2025\/11\/LOGO-leading-Flag.svg","contentUrl":"https:\/\/www.leadingflagind.com\/wp-content\/uploads\/2025\/11\/LOGO-leading-Flag.svg","width":436,"height":76,"caption":"LEADING FLAG INDUSTRIAL & TRADING LIMITED"},"image":{"@id":"https:\/\/www.leadingflagind.com\/#\/schema\/logo\/image\/"}}]}},"_links":{"self":[{"href":"https:\/\/www.leadingflagind.com\/fr\/wp-json\/wp\/v2\/product\/8239","targetHints":{"allow":["GET"]}}],"collection":[{"href":"https:\/\/www.leadingflagind.com\/fr\/wp-json\/wp\/v2\/product"}],"about":[{"href":"https:\/\/www.leadingflagind.com\/fr\/wp-json\/wp\/v2\/types\/product"}],"wp:featuredmedia":[{"embeddable":true,"href":"https:\/\/www.leadingflagind.com\/fr\/wp-json\/wp\/v2\/media\/8240"}],"wp:attachment":[{"href":"https:\/\/www.leadingflagind.com\/fr\/wp-json\/wp\/v2\/media?parent=8239"}],"wp:term":[{"taxonomy":"product_brand","embeddable":true,"href":"https:\/\/www.leadingflagind.com\/fr\/wp-json\/wp\/v2\/product_brand?post=8239"},{"taxonomy":"product_cat","embeddable":true,"href":"https:\/\/www.leadingflagind.com\/fr\/wp-json\/wp\/v2\/product_cat?post=8239"},{"taxonomy":"product_tag","embeddable":true,"href":"https:\/\/www.leadingflagind.com\/fr\/wp-json\/wp\/v2\/product_tag?post=8239"}],"curies":[{"name":"wp","href":"https:\/\/api.w.org\/{rel}","templated":true}]}}